{"id":2185,"date":"2025-02-23T00:33:00","date_gmt":"2025-02-23T00:33:00","guid":{"rendered":"https:\/\/lacrosscanada.wpenginepowered.com\/structure-organisationnelle\/"},"modified":"2025-03-20T21:03:46","modified_gmt":"2025-03-20T21:03:46","slug":"structure-organisationnelle","status":"publish","type":"page","link":"https:\/\/lacrosse.ca\/fr\/structure-organisationnelle\/","title":{"rendered":"Structure organisationnelle"},"content":{"rendered":"\n<p>La structure organisationnelle de Lacrosse Canada d\u00e9crit le cadre de gouvernance et de leadership qui guide le sport \u00e0 travers le pays. Cela comprend le conseil d&rsquo;administration, les comit\u00e9s et le personnel cl\u00e9 responsable de la planification strat\u00e9gique, de l&rsquo;\u00e9laboration des politiques et des activit\u00e9s quotidiennes. Notre structure assure une prise de d\u00e9cision efficace, une collaboration avec les associations provinciales et la croissance continue de lacrosse au Canada.   <strong>Veuillez consulter la structure organisationnelle de Lacrosse Canada ci-dessous.<\/strong><\/p>\n\n<div data-wp-interactive=\"core\/file\" class=\"wp-block-file\"><object data-wp-bind--hidden=\"!state.hasPdfPreview\" hidden class=\"wp-block-file__embed\" data=\"https:\/\/lacrosse.ca\/wp-content\/uploads\/2025\/03\/LC-ORGANIZATIONAL-STRUCTURE-2024.pdf\" type=\"application\/pdf\" style=\"width:100%;height:600px\" aria-label=\"Contenu embarqu\u00e9 LC-ORGANIZATIONAL-STRUCTURE-2024.\"><\/object><a id=\"wp-block-file--media-78f9ce4a-0aeb-4dcb-af7f-597af7c4e607\" href=\"https:\/\/lacrosse.ca\/wp-content\/uploads\/2025\/03\/LC-ORGANIZATIONAL-STRUCTURE-2024.pdf\">LC-ORGANIZATIONAL-STRUCTURE-2024<\/a><a href=\"https:\/\/lacrosse.ca\/wp-content\/uploads\/2025\/03\/LC-ORGANIZATIONAL-STRUCTURE-2024.pdf\" class=\"wp-block-file__button wp-element-button\" download=\"\" aria-describedby=\"wp-block-file--media-78f9ce4a-0aeb-4dcb-af7f-597af7c4e607\">Download<\/a><\/div>\n","protected":false},"excerpt":{"rendered":"<p>La structure organisationnelle de Lacrosse Canada d\u00e9crit le cadre de gouvernance et de leadership qui guide le sport \u00e0 travers le pays. Cela comprend le conseil d&rsquo;administration, les comit\u00e9s et le personnel cl\u00e9 responsable de la planification strat\u00e9gique, de l&rsquo;\u00e9laboration des politiques et des activit\u00e9s quotidiennes. Notre structure assure une prise de d\u00e9cision efficace, une [&hellip;]<\/p>\n","protected":false},"author":3,"featured_media":0,"parent":0,"menu_order":0,"comment_status":"closed","ping_status":"closed","template":"","meta":{"_acf_changed":false,"_bbp_topic_count":0,"_bbp_reply_count":0,"_bbp_total_topic_count":0,"_bbp_total_reply_count":0,"_bbp_voice_count":0,"_bbp_anonymous_reply_count":0,"_bbp_topic_count_hidden":0,"_bbp_reply_count_hidden":0,"_bbp_forum_subforum_count":0,"footnotes":""},"class_list":["post-2185","page","type-page","status-publish","hentry"],"acf":[],"yoast_head":"<!-- This site is optimized with the Yoast SEO plugin v27.2 - https:\/\/yoast.com\/product\/yoast-seo-wordpress\/ -->\n<title>Structure organisationnelle - Lacrosse Canada<\/title>\n<meta name=\"description\" content=\"Explorez la structure organisationnelle de Lacrosse Canada, y compris la gouvernance, les r\u00f4les de leadership, les comit\u00e9s et les processus d\u00e9cisionnels cl\u00e9s qui fa\u00e7onnent le sport \u00e0 l&#039;\u00e9chelle nationale.\" \/>\n<meta name=\"robots\" content=\"index, follow, max-snippet:-1, max-image-preview:large, max-video-preview:-1\" \/>\n<link rel=\"canonical\" href=\"https:\/\/lacrosse.ca\/fr\/structure-organisationnelle\/\" \/>\n<meta property=\"og:locale\" content=\"fr_FR\" \/>\n<meta property=\"og:type\" content=\"article\" \/>\n<meta property=\"og:title\" content=\"Structure organisationnelle - Lacrosse Canada\" \/>\n<meta property=\"og:description\" content=\"Explorez la structure organisationnelle de Lacrosse Canada, y compris la gouvernance, les r\u00f4les de leadership, les comit\u00e9s et les processus d\u00e9cisionnels cl\u00e9s qui fa\u00e7onnent le sport \u00e0 l&#039;\u00e9chelle nationale.\" \/>\n<meta property=\"og:url\" content=\"https:\/\/lacrosse.ca\/fr\/structure-organisationnelle\/\" \/>\n<meta property=\"og:site_name\" content=\"Lacrosse Canada\" \/>\n<meta property=\"article:modified_time\" content=\"2025-03-20T21:03:46+00:00\" \/>\n<meta name=\"twitter:card\" content=\"summary_large_image\" \/>\n<script type=\"application\/ld+json\" class=\"yoast-schema-graph\">{\"@context\":\"https:\/\/schema.org\",\"@graph\":[{\"@type\":\"WebPage\",\"@id\":\"https:\/\/lacrosse.ca\/fr\/structure-organisationnelle\/\",\"url\":\"https:\/\/lacrosse.ca\/fr\/structure-organisationnelle\/\",\"name\":\"Structure organisationnelle - Lacrosse Canada\",\"isPartOf\":{\"@id\":\"https:\/\/lacrosse.ca\/fr\/#website\"},\"datePublished\":\"2025-02-23T00:33:00+00:00\",\"dateModified\":\"2025-03-20T21:03:46+00:00\",\"description\":\"Explorez la structure organisationnelle de Lacrosse Canada, y compris la gouvernance, les r\u00f4les de leadership, les comit\u00e9s et les processus d\u00e9cisionnels cl\u00e9s qui fa\u00e7onnent le sport \u00e0 l'\u00e9chelle nationale.\",\"breadcrumb\":{\"@id\":\"https:\/\/lacrosse.ca\/fr\/structure-organisationnelle\/#breadcrumb\"},\"inLanguage\":\"fr-FR\",\"potentialAction\":[{\"@type\":\"ReadAction\",\"target\":[\"https:\/\/lacrosse.ca\/fr\/structure-organisationnelle\/\"]}]},{\"@type\":\"BreadcrumbList\",\"@id\":\"https:\/\/lacrosse.ca\/fr\/structure-organisationnelle\/#breadcrumb\",\"itemListElement\":[{\"@type\":\"ListItem\",\"position\":1,\"name\":\"Home\",\"item\":\"https:\/\/lacrosse.ca\/fr\/maison-2\/\"},{\"@type\":\"ListItem\",\"position\":2,\"name\":\"Structure organisationnelle\"}]},{\"@type\":\"WebSite\",\"@id\":\"https:\/\/lacrosse.ca\/fr\/#website\",\"url\":\"https:\/\/lacrosse.ca\/fr\/\",\"name\":\"Lacrosse Canada\",\"description\":\"The World&#039;s Leading Lacrosse Program\",\"publisher\":{\"@id\":\"https:\/\/lacrosse.ca\/fr\/#organization\"},\"potentialAction\":[{\"@type\":\"SearchAction\",\"target\":{\"@type\":\"EntryPoint\",\"urlTemplate\":\"https:\/\/lacrosse.ca\/fr\/?s={search_term_string}\"},\"query-input\":{\"@type\":\"PropertyValueSpecification\",\"valueRequired\":true,\"valueName\":\"search_term_string\"}}],\"inLanguage\":\"fr-FR\"},{\"@type\":\"Organization\",\"@id\":\"https:\/\/lacrosse.ca\/fr\/#organization\",\"name\":\"Lacrosse Canada\",\"url\":\"https:\/\/lacrosse.ca\/fr\/\",\"logo\":{\"@type\":\"ImageObject\",\"inLanguage\":\"fr-FR\",\"@id\":\"https:\/\/lacrosse.ca\/fr\/#\/schema\/logo\/image\/\",\"url\":\"https:\/\/lacrosse.ca\/wp-content\/uploads\/2025\/01\/Lacrosse-Canada-Seal-Favicon.gif\",\"contentUrl\":\"https:\/\/lacrosse.ca\/wp-content\/uploads\/2025\/01\/Lacrosse-Canada-Seal-Favicon.gif\",\"width\":512,\"height\":512,\"caption\":\"Lacrosse Canada\"},\"image\":{\"@id\":\"https:\/\/lacrosse.ca\/fr\/#\/schema\/logo\/image\/\"}}]}<\/script>\n<!-- \/ Yoast SEO plugin. -->","yoast_head_json":{"title":"Structure organisationnelle - Lacrosse Canada","description":"Explorez la structure organisationnelle de Lacrosse Canada, y compris la gouvernance, les r\u00f4les de leadership, les comit\u00e9s et les processus d\u00e9cisionnels cl\u00e9s qui fa\u00e7onnent le sport \u00e0 l'\u00e9chelle nationale.","robots":{"index":"index","follow":"follow","max-snippet":"max-snippet:-1","max-image-preview":"max-image-preview:large","max-video-preview":"max-video-preview:-1"},"canonical":"https:\/\/lacrosse.ca\/fr\/structure-organisationnelle\/","og_locale":"fr_FR","og_type":"article","og_title":"Structure organisationnelle - Lacrosse Canada","og_description":"Explorez la structure organisationnelle de Lacrosse Canada, y compris la gouvernance, les r\u00f4les de leadership, les comit\u00e9s et les processus d\u00e9cisionnels cl\u00e9s qui fa\u00e7onnent le sport \u00e0 l'\u00e9chelle nationale.","og_url":"https:\/\/lacrosse.ca\/fr\/structure-organisationnelle\/","og_site_name":"Lacrosse Canada","article_modified_time":"2025-03-20T21:03:46+00:00","twitter_card":"summary_large_image","schema":{"@context":"https:\/\/schema.org","@graph":[{"@type":"WebPage","@id":"https:\/\/lacrosse.ca\/fr\/structure-organisationnelle\/","url":"https:\/\/lacrosse.ca\/fr\/structure-organisationnelle\/","name":"Structure organisationnelle - Lacrosse Canada","isPartOf":{"@id":"https:\/\/lacrosse.ca\/fr\/#website"},"datePublished":"2025-02-23T00:33:00+00:00","dateModified":"2025-03-20T21:03:46+00:00","description":"Explorez la structure organisationnelle de Lacrosse Canada, y compris la gouvernance, les r\u00f4les de leadership, les comit\u00e9s et les processus d\u00e9cisionnels cl\u00e9s qui fa\u00e7onnent le sport \u00e0 l'\u00e9chelle nationale.","breadcrumb":{"@id":"https:\/\/lacrosse.ca\/fr\/structure-organisationnelle\/#breadcrumb"},"inLanguage":"fr-FR","potentialAction":[{"@type":"ReadAction","target":["https:\/\/lacrosse.ca\/fr\/structure-organisationnelle\/"]}]},{"@type":"BreadcrumbList","@id":"https:\/\/lacrosse.ca\/fr\/structure-organisationnelle\/#breadcrumb","itemListElement":[{"@type":"ListItem","position":1,"name":"Home","item":"https:\/\/lacrosse.ca\/fr\/maison-2\/"},{"@type":"ListItem","position":2,"name":"Structure organisationnelle"}]},{"@type":"WebSite","@id":"https:\/\/lacrosse.ca\/fr\/#website","url":"https:\/\/lacrosse.ca\/fr\/","name":"Lacrosse Canada","description":"The World&#039;s Leading Lacrosse Program","publisher":{"@id":"https:\/\/lacrosse.ca\/fr\/#organization"},"potentialAction":[{"@type":"SearchAction","target":{"@type":"EntryPoint","urlTemplate":"https:\/\/lacrosse.ca\/fr\/?s={search_term_string}"},"query-input":{"@type":"PropertyValueSpecification","valueRequired":true,"valueName":"search_term_string"}}],"inLanguage":"fr-FR"},{"@type":"Organization","@id":"https:\/\/lacrosse.ca\/fr\/#organization","name":"Lacrosse Canada","url":"https:\/\/lacrosse.ca\/fr\/","logo":{"@type":"ImageObject","inLanguage":"fr-FR","@id":"https:\/\/lacrosse.ca\/fr\/#\/schema\/logo\/image\/","url":"https:\/\/lacrosse.ca\/wp-content\/uploads\/2025\/01\/Lacrosse-Canada-Seal-Favicon.gif","contentUrl":"https:\/\/lacrosse.ca\/wp-content\/uploads\/2025\/01\/Lacrosse-Canada-Seal-Favicon.gif","width":512,"height":512,"caption":"Lacrosse Canada"},"image":{"@id":"https:\/\/lacrosse.ca\/fr\/#\/schema\/logo\/image\/"}}]}},"_links":{"self":[{"href":"https:\/\/lacrosse.ca\/fr\/wp-json\/wp\/v2\/pages\/2185","targetHints":{"allow":["GET"]}}],"collection":[{"href":"https:\/\/lacrosse.ca\/fr\/wp-json\/wp\/v2\/pages"}],"about":[{"href":"https:\/\/lacrosse.ca\/fr\/wp-json\/wp\/v2\/types\/page"}],"author":[{"embeddable":true,"href":"https:\/\/lacrosse.ca\/fr\/wp-json\/wp\/v2\/users\/3"}],"replies":[{"embeddable":true,"href":"https:\/\/lacrosse.ca\/fr\/wp-json\/wp\/v2\/comments?post=2185"}],"version-history":[{"count":0,"href":"https:\/\/lacrosse.ca\/fr\/wp-json\/wp\/v2\/pages\/2185\/revisions"}],"wp:attachment":[{"href":"https:\/\/lacrosse.ca\/fr\/wp-json\/wp\/v2\/media?parent=2185"}],"curies":[{"name":"wp","href":"https:\/\/api.w.org\/{rel}","templated":true}]}}