{"id":2231,"date":"2025-02-23T00:36:39","date_gmt":"2025-02-23T00:36:39","guid":{"rendered":"https:\/\/lacrosscanada.wpenginepowered.com\/mission-vision-et-valeurs\/"},"modified":"2026-04-20T21:22:56","modified_gmt":"2026-04-20T21:22:56","slug":"mission-vision-et-valeurs","status":"publish","type":"page","link":"https:\/\/lacrosse.ca\/fr\/mission-vision-et-valeurs\/","title":{"rendered":"Vision, Mission &amp; Valuers"},"content":{"rendered":"<h1>Lacrosse Canada<\/h1>\n<h2>VISION<\/h2>\n<p><span class=\"a_GcMg font-feature-liga-off font-feature-clig-off font-feature-calt-off text-decoration-none text-strikethrough-none\">Un syst\u00e8me de crosse unifi\u00e9 \u2014 o\u00f9 chaque participant s\u2019\u00e9panouit, o\u00f9 les communaut\u00e9s sont renforc\u00e9es, o\u00f9 l\u2019h\u00e9ritage est honor\u00e9 et o\u00f9 la crosse canadienne est valoris\u00e9e.<\/span><\/p>\n<h2>MISSION<\/h2>\n<p><span class=\"a_GcMg font-feature-liga-off font-feature-clig-off font-feature-calt-off text-decoration-none text-strikethrough-none\">Diriger la crosse au Canada gr\u00e2ce \u00e0 une gouvernance solide, des parcours harmonis\u00e9s, le respect des origines autochtones et une collaboration au service de nos membres.To lead lacrosse in Canada through strong governance, aligned pathways, respect for its Indigenous origins, and collaboration in service of our members.<\/span><\/p>\n<h2>VALUERS<\/h2>\n<p>INT\u00c9GRIT\u00c9<br \/>Nous honorons les origines autochtones et favorisons l\u2019appartenance, l\u2019inclusion et la connexion au sein de toutes les communaut\u00e9s. <\/p>\n<p>RESPECT<br \/>Nous gagnons la confiance par la transparence, l\u2019honn\u00eatet\u00e9, la clart\u00e9 et une communication constante.<\/p>\n<p>UNIT\u00c9<br \/>Nous collaborons avec l\u2019ensemble de nos partenaires afin de faire progresser le sport collectivement.<\/p>\n<p>D\u00c9VELOPPEMENT<br \/>Nous favorisons des parcours s\u00e9curitaires, accessibles et progressifs, du niveau de base \u00e0 la haute performance.<\/p>\n<p>BIEN-\u00caTRE<br \/>Nous prot\u00e9geons tous les participants et cr\u00e9ons des environnements respectueux, inclusifs et centr\u00e9s sur l\u2019athl\u00e8te.<\/p>\n<p><img fetchpriority=\"high\" decoding=\"async\" src=\"https:\/\/lacrosse.ca\/wp-content\/uploads\/2025\/03\/womens-sixes-link1.webp\" sizes=\"(max-width: 800px) 100vw, 800px\" srcset=\"https:\/\/lacrosse.ca\/wp-content\/uploads\/2025\/03\/womens-sixes-link1.webp 800w, https:\/\/lacrosse.ca\/wp-content\/uploads\/2025\/03\/womens-sixes-link1-300x300.webp 300w, https:\/\/lacrosse.ca\/wp-content\/uploads\/2025\/03\/womens-sixes-link1-150x150.webp 150w, https:\/\/lacrosse.ca\/wp-content\/uploads\/2025\/03\/womens-sixes-link1-768x764.webp 768w\" alt=\"Two Canadian women's sixes players pose for the camera\" width=\"800\" height=\"796\"><\/p>\n<p><style type=\"text\/css\">\n\t.st03{fill:#CE0E2D;}<br \/>\n<\/style><\/p>\n\n<p><\/p>\n","protected":false},"excerpt":{"rendered":"<p>Lacrosse Canada VISION Un syst\u00e8me de crosse unifi\u00e9 \u2014 o\u00f9 chaque participant s\u2019\u00e9panouit, o\u00f9 les communaut\u00e9s sont renforc\u00e9es, o\u00f9 l\u2019h\u00e9ritage est honor\u00e9 et o\u00f9 la crosse canadienne est valoris\u00e9e. MISSION Diriger la crosse au Canada gr\u00e2ce \u00e0 une gouvernance solide, des parcours harmonis\u00e9s, le respect des origines autochtones et une collaboration au service de nos [&hellip;]<\/p>\n","protected":false},"author":3,"featured_media":0,"parent":0,"menu_order":0,"comment_status":"closed","ping_status":"closed","template":"","meta":{"_acf_changed":false,"_bbp_topic_count":0,"_bbp_reply_count":0,"_bbp_total_topic_count":0,"_bbp_total_reply_count":0,"_bbp_voice_count":0,"_bbp_anonymous_reply_count":0,"_bbp_topic_count_hidden":0,"_bbp_reply_count_hidden":0,"_bbp_forum_subforum_count":0,"footnotes":""},"class_list":["post-2231","page","type-page","status-publish","hentry"],"acf":[],"yoast_head":"<!-- This site is optimized with the Yoast SEO plugin v27.2 - https:\/\/yoast.com\/product\/yoast-seo-wordpress\/ -->\n<title>Vision, Mission &amp; Valuers - Lacrosse Canada<\/title>\n<meta name=\"description\" content=\"La mission, la vision et les valeurs de Lacrosse Canada sont ax\u00e9es sur la croissance du sport, la promotion de l&#039;excellence et l&#039;inclusion, dans le but de faire du Canada un chef de file mondial dans le domaine de la crosse.\" \/>\n<meta name=\"robots\" content=\"index, follow, max-snippet:-1, max-image-preview:large, max-video-preview:-1\" \/>\n<link rel=\"canonical\" href=\"https:\/\/lacrosse.ca\/fr\/mission-vision-et-valeurs\/\" \/>\n<meta property=\"og:locale\" content=\"fr_FR\" \/>\n<meta property=\"og:type\" content=\"article\" \/>\n<meta property=\"og:title\" content=\"Vision, Mission &amp; Valuers - Lacrosse Canada\" \/>\n<meta property=\"og:description\" content=\"La mission, la vision et les valeurs de Lacrosse Canada sont ax\u00e9es sur la croissance du sport, la promotion de l&#039;excellence et l&#039;inclusion, dans le but de faire du Canada un chef de file mondial dans le domaine de la crosse.\" \/>\n<meta property=\"og:url\" content=\"https:\/\/lacrosse.ca\/fr\/mission-vision-et-valeurs\/\" \/>\n<meta property=\"og:site_name\" content=\"Lacrosse Canada\" \/>\n<meta property=\"article:modified_time\" content=\"2026-04-20T21:22:56+00:00\" \/>\n<meta property=\"og:image\" content=\"https:\/\/lacrosse.ca\/wp-content\/uploads\/2025\/03\/womens-sixes-link1.webp\" \/>\n<meta name=\"twitter:card\" content=\"summary_large_image\" \/>\n<meta name=\"twitter:label1\" content=\"Est. reading time\" \/>\n\t<meta name=\"twitter:data1\" content=\"1 minute\" \/>\n<script type=\"application\/ld+json\" class=\"yoast-schema-graph\">{\"@context\":\"https:\/\/schema.org\",\"@graph\":[{\"@type\":\"WebPage\",\"@id\":\"https:\/\/lacrosse.ca\/fr\/mission-vision-et-valeurs\/\",\"url\":\"https:\/\/lacrosse.ca\/fr\/mission-vision-et-valeurs\/\",\"name\":\"Vision, Mission &amp; Valuers - Lacrosse Canada\",\"isPartOf\":{\"@id\":\"https:\/\/lacrosse.ca\/fr\/#website\"},\"primaryImageOfPage\":{\"@id\":\"https:\/\/lacrosse.ca\/fr\/mission-vision-et-valeurs\/#primaryimage\"},\"image\":{\"@id\":\"https:\/\/lacrosse.ca\/fr\/mission-vision-et-valeurs\/#primaryimage\"},\"thumbnailUrl\":\"https:\/\/lacrosse.ca\/wp-content\/uploads\/2025\/03\/womens-sixes-link1.webp\",\"datePublished\":\"2025-02-23T00:36:39+00:00\",\"dateModified\":\"2026-04-20T21:22:56+00:00\",\"description\":\"La mission, la vision et les valeurs de Lacrosse Canada sont ax\u00e9es sur la croissance du sport, la promotion de l'excellence et l'inclusion, dans le but de faire du Canada un chef de file mondial dans le domaine de la crosse.\",\"breadcrumb\":{\"@id\":\"https:\/\/lacrosse.ca\/fr\/mission-vision-et-valeurs\/#breadcrumb\"},\"inLanguage\":\"fr-FR\",\"potentialAction\":[{\"@type\":\"ReadAction\",\"target\":[\"https:\/\/lacrosse.ca\/fr\/mission-vision-et-valeurs\/\"]}]},{\"@type\":\"ImageObject\",\"inLanguage\":\"fr-FR\",\"@id\":\"https:\/\/lacrosse.ca\/fr\/mission-vision-et-valeurs\/#primaryimage\",\"url\":\"https:\/\/lacrosse.ca\/wp-content\/uploads\/2025\/03\/womens-sixes-link1.webp\",\"contentUrl\":\"https:\/\/lacrosse.ca\/wp-content\/uploads\/2025\/03\/womens-sixes-link1.webp\"},{\"@type\":\"BreadcrumbList\",\"@id\":\"https:\/\/lacrosse.ca\/fr\/mission-vision-et-valeurs\/#breadcrumb\",\"itemListElement\":[{\"@type\":\"ListItem\",\"position\":1,\"name\":\"Home\",\"item\":\"https:\/\/lacrosse.ca\/fr\/maison-2\/\"},{\"@type\":\"ListItem\",\"position\":2,\"name\":\"Vision, Mission &amp; Valuers\"}]},{\"@type\":\"WebSite\",\"@id\":\"https:\/\/lacrosse.ca\/fr\/#website\",\"url\":\"https:\/\/lacrosse.ca\/fr\/\",\"name\":\"Lacrosse Canada\",\"description\":\"The World&#039;s Leading Lacrosse Program\",\"publisher\":{\"@id\":\"https:\/\/lacrosse.ca\/fr\/#organization\"},\"potentialAction\":[{\"@type\":\"SearchAction\",\"target\":{\"@type\":\"EntryPoint\",\"urlTemplate\":\"https:\/\/lacrosse.ca\/fr\/?s={search_term_string}\"},\"query-input\":{\"@type\":\"PropertyValueSpecification\",\"valueRequired\":true,\"valueName\":\"search_term_string\"}}],\"inLanguage\":\"fr-FR\"},{\"@type\":\"Organization\",\"@id\":\"https:\/\/lacrosse.ca\/fr\/#organization\",\"name\":\"Lacrosse Canada\",\"url\":\"https:\/\/lacrosse.ca\/fr\/\",\"logo\":{\"@type\":\"ImageObject\",\"inLanguage\":\"fr-FR\",\"@id\":\"https:\/\/lacrosse.ca\/fr\/#\/schema\/logo\/image\/\",\"url\":\"https:\/\/lacrosse.ca\/wp-content\/uploads\/2025\/01\/Lacrosse-Canada-Seal-Favicon.gif\",\"contentUrl\":\"https:\/\/lacrosse.ca\/wp-content\/uploads\/2025\/01\/Lacrosse-Canada-Seal-Favicon.gif\",\"width\":512,\"height\":512,\"caption\":\"Lacrosse Canada\"},\"image\":{\"@id\":\"https:\/\/lacrosse.ca\/fr\/#\/schema\/logo\/image\/\"}}]}<\/script>\n<!-- \/ Yoast SEO plugin. -->","yoast_head_json":{"title":"Vision, Mission &amp; Valuers - Lacrosse Canada","description":"La mission, la vision et les valeurs de Lacrosse Canada sont ax\u00e9es sur la croissance du sport, la promotion de l'excellence et l'inclusion, dans le but de faire du Canada un chef de file mondial dans le domaine de la crosse.","robots":{"index":"index","follow":"follow","max-snippet":"max-snippet:-1","max-image-preview":"max-image-preview:large","max-video-preview":"max-video-preview:-1"},"canonical":"https:\/\/lacrosse.ca\/fr\/mission-vision-et-valeurs\/","og_locale":"fr_FR","og_type":"article","og_title":"Vision, Mission &amp; Valuers - Lacrosse Canada","og_description":"La mission, la vision et les valeurs de Lacrosse Canada sont ax\u00e9es sur la croissance du sport, la promotion de l'excellence et l'inclusion, dans le but de faire du Canada un chef de file mondial dans le domaine de la crosse.","og_url":"https:\/\/lacrosse.ca\/fr\/mission-vision-et-valeurs\/","og_site_name":"Lacrosse Canada","article_modified_time":"2026-04-20T21:22:56+00:00","og_image":[{"url":"https:\/\/lacrosse.ca\/wp-content\/uploads\/2025\/03\/womens-sixes-link1.webp","type":"","width":"","height":""}],"twitter_card":"summary_large_image","twitter_misc":{"Est. reading time":"1 minute"},"schema":{"@context":"https:\/\/schema.org","@graph":[{"@type":"WebPage","@id":"https:\/\/lacrosse.ca\/fr\/mission-vision-et-valeurs\/","url":"https:\/\/lacrosse.ca\/fr\/mission-vision-et-valeurs\/","name":"Vision, Mission &amp; Valuers - Lacrosse Canada","isPartOf":{"@id":"https:\/\/lacrosse.ca\/fr\/#website"},"primaryImageOfPage":{"@id":"https:\/\/lacrosse.ca\/fr\/mission-vision-et-valeurs\/#primaryimage"},"image":{"@id":"https:\/\/lacrosse.ca\/fr\/mission-vision-et-valeurs\/#primaryimage"},"thumbnailUrl":"https:\/\/lacrosse.ca\/wp-content\/uploads\/2025\/03\/womens-sixes-link1.webp","datePublished":"2025-02-23T00:36:39+00:00","dateModified":"2026-04-20T21:22:56+00:00","description":"La mission, la vision et les valeurs de Lacrosse Canada sont ax\u00e9es sur la croissance du sport, la promotion de l'excellence et l'inclusion, dans le but de faire du Canada un chef de file mondial dans le domaine de la crosse.","breadcrumb":{"@id":"https:\/\/lacrosse.ca\/fr\/mission-vision-et-valeurs\/#breadcrumb"},"inLanguage":"fr-FR","potentialAction":[{"@type":"ReadAction","target":["https:\/\/lacrosse.ca\/fr\/mission-vision-et-valeurs\/"]}]},{"@type":"ImageObject","inLanguage":"fr-FR","@id":"https:\/\/lacrosse.ca\/fr\/mission-vision-et-valeurs\/#primaryimage","url":"https:\/\/lacrosse.ca\/wp-content\/uploads\/2025\/03\/womens-sixes-link1.webp","contentUrl":"https:\/\/lacrosse.ca\/wp-content\/uploads\/2025\/03\/womens-sixes-link1.webp"},{"@type":"BreadcrumbList","@id":"https:\/\/lacrosse.ca\/fr\/mission-vision-et-valeurs\/#breadcrumb","itemListElement":[{"@type":"ListItem","position":1,"name":"Home","item":"https:\/\/lacrosse.ca\/fr\/maison-2\/"},{"@type":"ListItem","position":2,"name":"Vision, Mission &amp; Valuers"}]},{"@type":"WebSite","@id":"https:\/\/lacrosse.ca\/fr\/#website","url":"https:\/\/lacrosse.ca\/fr\/","name":"Lacrosse Canada","description":"The World&#039;s Leading Lacrosse Program","publisher":{"@id":"https:\/\/lacrosse.ca\/fr\/#organization"},"potentialAction":[{"@type":"SearchAction","target":{"@type":"EntryPoint","urlTemplate":"https:\/\/lacrosse.ca\/fr\/?s={search_term_string}"},"query-input":{"@type":"PropertyValueSpecification","valueRequired":true,"valueName":"search_term_string"}}],"inLanguage":"fr-FR"},{"@type":"Organization","@id":"https:\/\/lacrosse.ca\/fr\/#organization","name":"Lacrosse Canada","url":"https:\/\/lacrosse.ca\/fr\/","logo":{"@type":"ImageObject","inLanguage":"fr-FR","@id":"https:\/\/lacrosse.ca\/fr\/#\/schema\/logo\/image\/","url":"https:\/\/lacrosse.ca\/wp-content\/uploads\/2025\/01\/Lacrosse-Canada-Seal-Favicon.gif","contentUrl":"https:\/\/lacrosse.ca\/wp-content\/uploads\/2025\/01\/Lacrosse-Canada-Seal-Favicon.gif","width":512,"height":512,"caption":"Lacrosse Canada"},"image":{"@id":"https:\/\/lacrosse.ca\/fr\/#\/schema\/logo\/image\/"}}]}},"_links":{"self":[{"href":"https:\/\/lacrosse.ca\/fr\/wp-json\/wp\/v2\/pages\/2231","targetHints":{"allow":["GET"]}}],"collection":[{"href":"https:\/\/lacrosse.ca\/fr\/wp-json\/wp\/v2\/pages"}],"about":[{"href":"https:\/\/lacrosse.ca\/fr\/wp-json\/wp\/v2\/types\/page"}],"author":[{"embeddable":true,"href":"https:\/\/lacrosse.ca\/fr\/wp-json\/wp\/v2\/users\/3"}],"replies":[{"embeddable":true,"href":"https:\/\/lacrosse.ca\/fr\/wp-json\/wp\/v2\/comments?post=2231"}],"version-history":[{"count":0,"href":"https:\/\/lacrosse.ca\/fr\/wp-json\/wp\/v2\/pages\/2231\/revisions"}],"wp:attachment":[{"href":"https:\/\/lacrosse.ca\/fr\/wp-json\/wp\/v2\/media?parent=2231"}],"curies":[{"name":"wp","href":"https:\/\/api.w.org\/{rel}","templated":true}]}}