{"id":2397,"date":"2025-02-23T00:37:03","date_gmt":"2025-02-23T00:37:03","guid":{"rendered":"https:\/\/lacrosscanada.wpenginepowered.com\/fondation-canadienne-de-crosse\/"},"modified":"2025-03-20T14:59:37","modified_gmt":"2025-03-20T14:59:37","slug":"fondation-canadienne-de-crosse","status":"publish","type":"page","link":"https:\/\/lacrosse.ca\/fr\/fondation-canadienne-de-crosse\/","title":{"rendered":"Fondation Canadienne De Crosse"},"content":{"rendered":"\n<p>La Fondation canadienne de la crosse (FCL) est un organisme de bienfaisance cr\u00e9\u00e9 pour administrer et faire fructifier un fonds de dotation utilis\u00e9 pour d\u00e9velopper et ex\u00e9cuter des activit\u00e9s de bienfaisance au sein de la communaut\u00e9 de la crosse. Le mandat de la Fondation comprend \u00e9galement l&rsquo;aide \u00e0 la c\u00e9l\u00e9bration et \u00e0 la pr\u00e9servation de l&rsquo;histoire de la crosse, principalement par le biais de subventions aux Temple de la renomm\u00e9e de la crosse au Canada. <\/p>\n\n<p>L&rsquo;objectif premier de la Fondation peut \u00eatre r\u00e9sum\u00e9 comme suit :<\/p>\n\n<p>(a) Faire mieux comprendre au public le r\u00f4le de la crosse dans l&rsquo;histoire et le d\u00e9veloppement culturel du Canada ;<\/p>\n\n<p>(b) Former et instruire les entra\u00eeneurs et les officiels de crosse sur les r\u00e8gles du jeu et le d\u00e9veloppement des joueurs ;<\/p>\n\n<p>(c) Fournir des programmes de crosse afin de favoriser le bien-\u00eatre physique, mental et \u00e9motionnel des autochtones, des personnes handicap\u00e9es et des jeunes en difficult\u00e9 ; et<\/p>\n\n<p>(b) Former et instruire les entra\u00eeneurs et les officiels de crosse sur les r\u00e8gles du jeu et le d\u00e9veloppement des joueurs ;<\/p>\n\n<p>Au fil des ans, la Fondation a financ\u00e9 chaque ann\u00e9e des initiatives qui r\u00e9pondent aux objectifs d\u00e9crits ci-dessus. Parmi les projets pass\u00e9s, citons la distribution de livres sur l&rsquo;histoire de la crosse dans les biblioth\u00e8ques du Canada et le financement de programmes visant \u00e0 c\u00e9l\u00e9brer et \u00e0 d\u00e9velopper les traditions indig\u00e8nes et la participation \u00e0 ce sport. En travaillant avec la communaut\u00e9 de la crosse, la FCL atteint ses objectifs par le biais d&rsquo;activit\u00e9s de bienfaisance.  <\/p>\n\n<p>La Fondation y parvient gr\u00e2ce \u00e0 la gestion d&rsquo;un fonds de legs ; le capital de ce fonds est prot\u00e9g\u00e9 et le produit de cet investissement est utilis\u00e9 pour soutenir les programmes et les initiatives. La Fondation collecte des fonds par le biais de demandes de subventions, de dons et de legs, de ventes de produits et de programmes novateurs.  <\/p>\n\n<h3 class=\"wp-block-heading\">C\u00e9l\u00e9bration du 150e anniversaire de la crosse<\/h3>\n\n<p>La NSI a organis\u00e9 la c\u00e9l\u00e9bration du 150e anniversaire de la crosse en juin 2017. Il s&rsquo;agissait d&rsquo;un \u00e9v\u00e9nement unique qui a c\u00e9l\u00e9br\u00e9 l&rsquo;histoire et l&rsquo;importance culturelle du sport d&rsquo;\u00e9t\u00e9 national du Canada par le biais d&rsquo;un \u00e9v\u00e9nement officiel \u00e0 Montr\u00e9al, au Qu\u00e9bec. Un historique vid\u00e9o de l&rsquo;\u00e9v\u00e9nement a \u00e9t\u00e9 captur\u00e9 et un lien vers l&rsquo;\u00e9v\u00e9nement peut \u00eatre trouv\u00e9 <a href=\"https:\/\/www.lacrosse.ca\/content\/150th-Anniversary\">ici.<\/a>  <\/p>\n\n<h3 class=\"wp-block-heading\">Entretiens avec les l\u00e9gendes de la crosse et entretiens avec Lacrosse Talks <\/h3>\n\n<p>La NSI a cr\u00e9\u00e9 une s\u00e9rie d&rsquo;interviews avec des l\u00e9gendes du sport de la crosse. Cliquez<a href=\"https:\/\/www.youtube.com\/@lacrosselegends6678\" target=\"_blank\" rel=\"noreferrer noopener\"> ICI<\/a> pour acc\u00e9der \u00e0 la page Youtube Lacrosse Legends o\u00f9 vous trouverez toutes les interviews. <\/p>\n\n<h3 class=\"wp-block-heading\">Fonds fiduciaire et prix Jim Bishop<\/h3>\n\n<p>La NSI a cr\u00e9\u00e9 le Jim Bishop Trust Fund, qui est comm\u00e9mor\u00e9 par le Jim Bishop Award, d\u00e9cern\u00e9 chaque ann\u00e9e lors de la Minto Cup \u00e0 une personne qui fait preuve de leadership, d&rsquo;esprit sportif et d&rsquo;un <strong>jeu <\/strong>exceptionnel. <\/p>\n\n<h3 class=\"wp-block-heading\">\u00c9tats financiers de la NSI<\/h3>\n\n<p>2<a href=\"https:\/\/lacrosse.ca\/wp-content\/uploads\/2025\/03\/2021-CLF-Audited-Financial-Statements.pdf\">021 CLF Financials<br\/><\/a><a href=\"https:\/\/lacrosse.ca\/wp-content\/uploads\/2025\/03\/2022-CLF-Audited-Financial-Statements.pdf\">2022 CLF Financials<br\/><\/a><a href=\"https:\/\/lacrosse.ca\/wp-content\/uploads\/2025\/03\/2023-CLF-Audited-Financial-Statements.pdf\">2023 CLF Financials<br\/><\/a>2024 CLF Financials <\/p>\n\n<h3 class=\"wp-block-heading\">DIRECTEURS ACTUELS DU CLF<\/h3>\n\n<figure class=\"wp-block-table\"><table class=\"has-fixed-layout\"><tbody><tr><td>Nom<\/td><td>\u00a0<\/td><td>Dur\u00e9e<\/td><\/tr><tr><td>Jim Burke<\/td><td>\u00a0<\/td><td>1995 to Present<\/td><\/tr><tr><td>Jim Calder<\/td><td>\u00a0<\/td><td>1995 to Present<\/td><\/tr><tr><td>Tom Engel<\/td><td>\u00a0<\/td><td>2012 to present<\/td><\/tr><tr><td>Joey Harris<\/td><td>\u00a0<\/td><td>2006 to Present<\/td><\/tr><tr><td>Bill Hutton<\/td><td>\u00a0<\/td><td>1995 to Present<\/td><\/tr><tr><td>Paul Magnan<\/td><td>\u00a0<\/td><td>2021 to Present<\/td><\/tr><tr><td>Craig Moore<\/td><td>\u00a0<\/td><td>2007 to Present<\/td><\/tr><tr><td>Leanne Uhrig<\/td><td>\u00a0<\/td><td>2022 to Present<\/td><\/tr><tr><td>Naomi Walser<\/td><td>\u00a0<\/td><td>2022 to Present<\/td><\/tr><tr><td>Shawn Williams<\/td><td>\u00a0<\/td><td>2020 to Present<\/td><\/tr><tr><td>Lesley Hawke<\/td><td>\u00a0<\/td><td>June 2024- Present<\/td><\/tr><\/tbody><\/table><\/figure>\n","protected":false},"excerpt":{"rendered":"<p>La Fondation canadienne de la crosse (FCL) est un organisme de bienfaisance cr\u00e9\u00e9 pour administrer et faire fructifier un fonds de dotation utilis\u00e9 pour d\u00e9velopper et ex\u00e9cuter des activit\u00e9s de bienfaisance au sein de la communaut\u00e9 de la crosse. Le mandat de la Fondation comprend \u00e9galement l&rsquo;aide \u00e0 la c\u00e9l\u00e9bration et \u00e0 la pr\u00e9servation de [&hellip;]<\/p>\n","protected":false},"author":3,"featured_media":1413,"parent":0,"menu_order":0,"comment_status":"closed","ping_status":"closed","template":"","meta":{"_acf_changed":false,"_bbp_topic_count":0,"_bbp_reply_count":0,"_bbp_total_topic_count":0,"_bbp_total_reply_count":0,"_bbp_voice_count":0,"_bbp_anonymous_reply_count":0,"_bbp_topic_count_hidden":0,"_bbp_reply_count_hidden":0,"_bbp_forum_subforum_count":0,"footnotes":""},"class_list":["post-2397","page","type-page","status-publish","has-post-thumbnail","hentry"],"acf":[],"yoast_head":"<!-- This site is optimized with the Yoast SEO plugin v27.2 - https:\/\/yoast.com\/product\/yoast-seo-wordpress\/ -->\n<title>Fondation Canadienne De Crosse - Lacrosse Canada<\/title>\n<meta name=\"description\" content=\"La Canadian Lacrosse Foundation soutient la croissance et le d\u00e9veloppement de la crosse au Canada en pr\u00e9servant son histoire, en soutenant les athl\u00e8tes et en faisant progresser le sport \u00e0 tous les niveaux.\" \/>\n<meta name=\"robots\" content=\"index, follow, max-snippet:-1, max-image-preview:large, max-video-preview:-1\" \/>\n<link rel=\"canonical\" href=\"https:\/\/lacrosse.ca\/fr\/fondation-canadienne-de-crosse\/\" \/>\n<meta property=\"og:locale\" content=\"fr_FR\" \/>\n<meta property=\"og:type\" content=\"article\" \/>\n<meta property=\"og:title\" content=\"Fondation Canadienne De Crosse - Lacrosse Canada\" \/>\n<meta property=\"og:description\" content=\"La Canadian Lacrosse Foundation soutient la croissance et le d\u00e9veloppement de la crosse au Canada en pr\u00e9servant son histoire, en soutenant les athl\u00e8tes et en faisant progresser le sport \u00e0 tous les niveaux.\" \/>\n<meta property=\"og:url\" content=\"https:\/\/lacrosse.ca\/fr\/fondation-canadienne-de-crosse\/\" \/>\n<meta property=\"og:site_name\" content=\"Lacrosse Canada\" \/>\n<meta property=\"article:modified_time\" content=\"2025-03-20T14:59:37+00:00\" \/>\n<meta property=\"og:image\" content=\"https:\/\/lacrosse.ca\/wp-content\/uploads\/2025\/03\/CLF.png\" \/>\n\t<meta property=\"og:image:width\" content=\"500\" \/>\n\t<meta property=\"og:image:height\" content=\"500\" \/>\n\t<meta property=\"og:image:type\" content=\"image\/png\" \/>\n<meta name=\"twitter:card\" content=\"summary_large_image\" \/>\n<meta name=\"twitter:label1\" content=\"Est. reading time\" \/>\n\t<meta name=\"twitter:data1\" content=\"3 minutes\" \/>\n<script type=\"application\/ld+json\" class=\"yoast-schema-graph\">{\"@context\":\"https:\/\/schema.org\",\"@graph\":[{\"@type\":\"WebPage\",\"@id\":\"https:\/\/lacrosse.ca\/fr\/fondation-canadienne-de-crosse\/\",\"url\":\"https:\/\/lacrosse.ca\/fr\/fondation-canadienne-de-crosse\/\",\"name\":\"Fondation Canadienne De Crosse - Lacrosse Canada\",\"isPartOf\":{\"@id\":\"https:\/\/lacrosse.ca\/fr\/#website\"},\"primaryImageOfPage\":{\"@id\":\"https:\/\/lacrosse.ca\/fr\/fondation-canadienne-de-crosse\/#primaryimage\"},\"image\":{\"@id\":\"https:\/\/lacrosse.ca\/fr\/fondation-canadienne-de-crosse\/#primaryimage\"},\"thumbnailUrl\":\"https:\/\/lacrosse.ca\/wp-content\/uploads\/2025\/03\/CLF.png\",\"datePublished\":\"2025-02-23T00:37:03+00:00\",\"dateModified\":\"2025-03-20T14:59:37+00:00\",\"description\":\"La Canadian Lacrosse Foundation soutient la croissance et le d\u00e9veloppement de la crosse au Canada en pr\u00e9servant son histoire, en soutenant les athl\u00e8tes et en faisant progresser le sport \u00e0 tous les niveaux.\",\"breadcrumb\":{\"@id\":\"https:\/\/lacrosse.ca\/fr\/fondation-canadienne-de-crosse\/#breadcrumb\"},\"inLanguage\":\"fr-FR\",\"potentialAction\":[{\"@type\":\"ReadAction\",\"target\":[\"https:\/\/lacrosse.ca\/fr\/fondation-canadienne-de-crosse\/\"]}]},{\"@type\":\"ImageObject\",\"inLanguage\":\"fr-FR\",\"@id\":\"https:\/\/lacrosse.ca\/fr\/fondation-canadienne-de-crosse\/#primaryimage\",\"url\":\"https:\/\/lacrosse.ca\/wp-content\/uploads\/2025\/03\/CLF.png\",\"contentUrl\":\"https:\/\/lacrosse.ca\/wp-content\/uploads\/2025\/03\/CLF.png\",\"width\":500,\"height\":500,\"caption\":\"CLF Logo\"},{\"@type\":\"BreadcrumbList\",\"@id\":\"https:\/\/lacrosse.ca\/fr\/fondation-canadienne-de-crosse\/#breadcrumb\",\"itemListElement\":[{\"@type\":\"ListItem\",\"position\":1,\"name\":\"Home\",\"item\":\"https:\/\/lacrosse.ca\/fr\/maison-2\/\"},{\"@type\":\"ListItem\",\"position\":2,\"name\":\"Fondation Canadienne De Crosse\"}]},{\"@type\":\"WebSite\",\"@id\":\"https:\/\/lacrosse.ca\/fr\/#website\",\"url\":\"https:\/\/lacrosse.ca\/fr\/\",\"name\":\"Lacrosse Canada\",\"description\":\"The World&#039;s Leading Lacrosse Program\",\"publisher\":{\"@id\":\"https:\/\/lacrosse.ca\/fr\/#organization\"},\"potentialAction\":[{\"@type\":\"SearchAction\",\"target\":{\"@type\":\"EntryPoint\",\"urlTemplate\":\"https:\/\/lacrosse.ca\/fr\/?s={search_term_string}\"},\"query-input\":{\"@type\":\"PropertyValueSpecification\",\"valueRequired\":true,\"valueName\":\"search_term_string\"}}],\"inLanguage\":\"fr-FR\"},{\"@type\":\"Organization\",\"@id\":\"https:\/\/lacrosse.ca\/fr\/#organization\",\"name\":\"Lacrosse Canada\",\"url\":\"https:\/\/lacrosse.ca\/fr\/\",\"logo\":{\"@type\":\"ImageObject\",\"inLanguage\":\"fr-FR\",\"@id\":\"https:\/\/lacrosse.ca\/fr\/#\/schema\/logo\/image\/\",\"url\":\"https:\/\/lacrosse.ca\/wp-content\/uploads\/2025\/01\/Lacrosse-Canada-Seal-Favicon.gif\",\"contentUrl\":\"https:\/\/lacrosse.ca\/wp-content\/uploads\/2025\/01\/Lacrosse-Canada-Seal-Favicon.gif\",\"width\":512,\"height\":512,\"caption\":\"Lacrosse Canada\"},\"image\":{\"@id\":\"https:\/\/lacrosse.ca\/fr\/#\/schema\/logo\/image\/\"}}]}<\/script>\n<!-- \/ Yoast SEO plugin. -->","yoast_head_json":{"title":"Fondation Canadienne De Crosse - Lacrosse Canada","description":"La Canadian Lacrosse Foundation soutient la croissance et le d\u00e9veloppement de la crosse au Canada en pr\u00e9servant son histoire, en soutenant les athl\u00e8tes et en faisant progresser le sport \u00e0 tous les niveaux.","robots":{"index":"index","follow":"follow","max-snippet":"max-snippet:-1","max-image-preview":"max-image-preview:large","max-video-preview":"max-video-preview:-1"},"canonical":"https:\/\/lacrosse.ca\/fr\/fondation-canadienne-de-crosse\/","og_locale":"fr_FR","og_type":"article","og_title":"Fondation Canadienne De Crosse - Lacrosse Canada","og_description":"La Canadian Lacrosse Foundation soutient la croissance et le d\u00e9veloppement de la crosse au Canada en pr\u00e9servant son histoire, en soutenant les athl\u00e8tes et en faisant progresser le sport \u00e0 tous les niveaux.","og_url":"https:\/\/lacrosse.ca\/fr\/fondation-canadienne-de-crosse\/","og_site_name":"Lacrosse Canada","article_modified_time":"2025-03-20T14:59:37+00:00","og_image":[{"width":500,"height":500,"url":"https:\/\/lacrosse.ca\/wp-content\/uploads\/2025\/03\/CLF.png","type":"image\/png"}],"twitter_card":"summary_large_image","twitter_misc":{"Est. reading time":"3 minutes"},"schema":{"@context":"https:\/\/schema.org","@graph":[{"@type":"WebPage","@id":"https:\/\/lacrosse.ca\/fr\/fondation-canadienne-de-crosse\/","url":"https:\/\/lacrosse.ca\/fr\/fondation-canadienne-de-crosse\/","name":"Fondation Canadienne De Crosse - Lacrosse Canada","isPartOf":{"@id":"https:\/\/lacrosse.ca\/fr\/#website"},"primaryImageOfPage":{"@id":"https:\/\/lacrosse.ca\/fr\/fondation-canadienne-de-crosse\/#primaryimage"},"image":{"@id":"https:\/\/lacrosse.ca\/fr\/fondation-canadienne-de-crosse\/#primaryimage"},"thumbnailUrl":"https:\/\/lacrosse.ca\/wp-content\/uploads\/2025\/03\/CLF.png","datePublished":"2025-02-23T00:37:03+00:00","dateModified":"2025-03-20T14:59:37+00:00","description":"La Canadian Lacrosse Foundation soutient la croissance et le d\u00e9veloppement de la crosse au Canada en pr\u00e9servant son histoire, en soutenant les athl\u00e8tes et en faisant progresser le sport \u00e0 tous les niveaux.","breadcrumb":{"@id":"https:\/\/lacrosse.ca\/fr\/fondation-canadienne-de-crosse\/#breadcrumb"},"inLanguage":"fr-FR","potentialAction":[{"@type":"ReadAction","target":["https:\/\/lacrosse.ca\/fr\/fondation-canadienne-de-crosse\/"]}]},{"@type":"ImageObject","inLanguage":"fr-FR","@id":"https:\/\/lacrosse.ca\/fr\/fondation-canadienne-de-crosse\/#primaryimage","url":"https:\/\/lacrosse.ca\/wp-content\/uploads\/2025\/03\/CLF.png","contentUrl":"https:\/\/lacrosse.ca\/wp-content\/uploads\/2025\/03\/CLF.png","width":500,"height":500,"caption":"CLF Logo"},{"@type":"BreadcrumbList","@id":"https:\/\/lacrosse.ca\/fr\/fondation-canadienne-de-crosse\/#breadcrumb","itemListElement":[{"@type":"ListItem","position":1,"name":"Home","item":"https:\/\/lacrosse.ca\/fr\/maison-2\/"},{"@type":"ListItem","position":2,"name":"Fondation Canadienne De Crosse"}]},{"@type":"WebSite","@id":"https:\/\/lacrosse.ca\/fr\/#website","url":"https:\/\/lacrosse.ca\/fr\/","name":"Lacrosse Canada","description":"The World&#039;s Leading Lacrosse Program","publisher":{"@id":"https:\/\/lacrosse.ca\/fr\/#organization"},"potentialAction":[{"@type":"SearchAction","target":{"@type":"EntryPoint","urlTemplate":"https:\/\/lacrosse.ca\/fr\/?s={search_term_string}"},"query-input":{"@type":"PropertyValueSpecification","valueRequired":true,"valueName":"search_term_string"}}],"inLanguage":"fr-FR"},{"@type":"Organization","@id":"https:\/\/lacrosse.ca\/fr\/#organization","name":"Lacrosse Canada","url":"https:\/\/lacrosse.ca\/fr\/","logo":{"@type":"ImageObject","inLanguage":"fr-FR","@id":"https:\/\/lacrosse.ca\/fr\/#\/schema\/logo\/image\/","url":"https:\/\/lacrosse.ca\/wp-content\/uploads\/2025\/01\/Lacrosse-Canada-Seal-Favicon.gif","contentUrl":"https:\/\/lacrosse.ca\/wp-content\/uploads\/2025\/01\/Lacrosse-Canada-Seal-Favicon.gif","width":512,"height":512,"caption":"Lacrosse Canada"},"image":{"@id":"https:\/\/lacrosse.ca\/fr\/#\/schema\/logo\/image\/"}}]}},"_links":{"self":[{"href":"https:\/\/lacrosse.ca\/fr\/wp-json\/wp\/v2\/pages\/2397","targetHints":{"allow":["GET"]}}],"collection":[{"href":"https:\/\/lacrosse.ca\/fr\/wp-json\/wp\/v2\/pages"}],"about":[{"href":"https:\/\/lacrosse.ca\/fr\/wp-json\/wp\/v2\/types\/page"}],"author":[{"embeddable":true,"href":"https:\/\/lacrosse.ca\/fr\/wp-json\/wp\/v2\/users\/3"}],"replies":[{"embeddable":true,"href":"https:\/\/lacrosse.ca\/fr\/wp-json\/wp\/v2\/comments?post=2397"}],"version-history":[{"count":0,"href":"https:\/\/lacrosse.ca\/fr\/wp-json\/wp\/v2\/pages\/2397\/revisions"}],"wp:featuredmedia":[{"embeddable":true,"href":"https:\/\/lacrosse.ca\/fr\/wp-json\/wp\/v2\/media\/1413"}],"wp:attachment":[{"href":"https:\/\/lacrosse.ca\/fr\/wp-json\/wp\/v2\/media?parent=2397"}],"curies":[{"name":"wp","href":"https:\/\/api.w.org\/{rel}","templated":true}]}}