{"id":2400,"date":"2025-02-26T00:10:31","date_gmt":"2025-02-26T00:10:31","guid":{"rendered":"https:\/\/lacrosscanada.wpenginepowered.com\/lhistoire\/"},"modified":"2025-03-20T19:58:26","modified_gmt":"2025-03-20T19:58:26","slug":"lhistoire","status":"publish","type":"page","link":"https:\/\/lacrosse.ca\/fr\/championnats-nationaux-2\/lhistoire\/","title":{"rendered":"L&rsquo;histoire"},"content":{"rendered":"\n<h2 class=\"wp-block-heading\">Champions des championnats nationaux mineurs<\/h2>\n\n<figure class=\"wp-block-table\"><table class=\"has-fixed-layout\"><tbody><tr><td><strong>U17 Boys Box Lacrosse<\/strong><\/td><td>\u00a0<\/td><td>\u00a0<\/td><\/tr><tr><td>Troph\u00e9e Tackaberry<\/td><td>\u00a0<\/td><td>\u00a0<\/td><\/tr><tr><td>Ann\u00e9e<\/td><td>Gagnant<\/td><td>\u00a0<\/td><\/tr><tr><td>2024<\/td><td>British Columbia<\/td><td>\u00a0<\/td><\/tr><tr><td>2023<\/td><td>Ontario<\/td><td>\u00a0<\/td><\/tr><tr><td>2022<\/td><td>\u00a0<\/td><td>\u00a0<\/td><\/tr><tr><td>2019<\/td><td>Ontario<\/td><td>\u00a0<\/td><\/tr><tr><td>2018<\/td><td>Alberta<\/td><td>\u00a0<\/td><\/tr><tr><td>2017<\/td><td>Alberta<\/td><td>\u00a0<\/td><\/tr><tr><td>2016<\/td><td>Ontario<\/td><td>\u00a0<\/td><\/tr><tr><td>2015<\/td><td>Ontario<\/td><td>\u00a0<\/td><\/tr><tr><td>2014<\/td><td>British Columbia<\/td><td>\u00a0<\/td><\/tr><tr><td>2013<\/td><td>Ontario<\/td><td>\u00a0<\/td><\/tr><tr><td>2012<\/td><td>Ontario<\/td><td>\u00a0<\/td><\/tr><tr><td>2011<\/td><td>Ontario<\/td><td>\u00a0<\/td><\/tr><tr><td>2010<\/td><td>Haudenosaunee<\/td><td>\u00a0<\/td><\/tr><tr><td>2009<\/td><td>Haudenosaunee<\/td><td>\u00a0<\/td><\/tr><tr><td>2008<\/td><td>Ontario<\/td><td>\u00a0<\/td><\/tr><tr><td>2007<\/td><td>Iroquois<\/td><\/tr><\/tbody><\/table><\/figure>\n\n<figure class=\"wp-block-table\"><table class=\"has-fixed-layout\"><tbody><tr><td><strong> U15 Boys Box Lacrosse<\/strong><\/td><td>\u00a0<\/td><\/tr><tr><td>Troph\u00e9e du Commissaire<\/td><td>\u00a0<\/td><\/tr><tr><td>Ann\u00e9e<\/td><td>Gagnant<\/td><\/tr><tr><td>2024<\/td><td>Ontario<\/td><\/tr><tr><td>2023<\/td><td>Ontario<\/td><\/tr><tr><td>2022<\/td><td>\u00a0<\/td><\/tr><tr><td>2019<\/td><td>Ontario<\/td><\/tr><tr><td>2018<\/td><td>Ontario<\/td><\/tr><tr><td>2017<\/td><td>Ontario<\/td><\/tr><tr><td>2016<\/td><td>Ontario<\/td><\/tr><tr><td>2015<\/td><td>Ontario<\/td><\/tr><tr><td>2014<\/td><td>Ontario<\/td><\/tr><tr><td>2013<\/td><td>Ontario<\/td><\/tr><tr><td>2012<\/td><td>Ontario<\/td><\/tr><tr><td>2011<\/td><td>Ontario<\/td><\/tr><tr><td>2010<\/td><td>Ontario<\/td><\/tr><tr><td>2009<\/td><td>Ontario<\/td><\/tr><tr><td>2008<\/td><td>Ontario<\/td><\/tr><tr><td>2007<\/td><td>Haudenosaunee<\/td><\/tr><\/tbody><\/table><\/figure>\n\n<figure class=\"wp-block-table\"><table class=\"has-fixed-layout\"><tbody><tr><td><strong>U13 A Boys Box Lacrosse<\/strong><\/td><td>\u00a0<\/td><\/tr><tr><td>Troph\u00e9e E.G. Dopp<\/td><td>\u00a0<\/td><\/tr><tr><td>Ann\u00e9e<\/td><td>Gagnant<\/td><\/tr><tr><td>2024<\/td><td>Ontario<\/td><\/tr><tr><td>2023<\/td><td>Ontario<\/td><\/tr><tr><td>2022<\/td><td>Ontario<\/td><\/tr><tr><td>2019<\/td><td>Ontario<\/td><\/tr><tr><td>2018<\/td><td>Ontario<\/td><\/tr><tr><td>2017<\/td><td>Ontario<\/td><\/tr><tr><td>2016<\/td><td>Ontario<\/td><\/tr><tr><td>2015<\/td><td>Ontario<\/td><\/tr><tr><td>2014<\/td><td>Ontario<\/td><\/tr><tr><td>2013<\/td><td>Ontario<\/td><\/tr><tr><td>2012<\/td><td>Ontario<\/td><\/tr><tr><td>2011<\/td><td>Ontario<\/td><\/tr><tr><td>2010<\/td><td>Ontario<\/td><\/tr><tr><td>2009<\/td><td>Ontario<\/td><\/tr><tr><td>2008<\/td><td>British Columbia<\/td><\/tr><tr><td>2007<\/td><td>Ontario<\/td><\/tr><\/tbody><\/table><\/figure>\n\n<figure class=\"wp-block-table\"><table class=\"has-fixed-layout\"><tbody><tr><td><strong>U13 Girls Festival<\/strong><\/td><td>\u00a0<\/td><td>\u00a0<\/td><td>\u00a0<\/td><\/tr><tr><td>Ann\u00e9e<\/td><td>Gagnant<\/td><td>2<\/td><td>3<\/td><\/tr><tr><td>2024<\/td><td>BC<\/td><td>AB<\/td><td>ON<\/td><\/tr><tr><td>2023<\/td><td>BC<\/td><td>ON<\/td><td>NS<\/td><\/tr><\/tbody><\/table><\/figure>\n\n<figure class=\"wp-block-table\"><table class=\"has-fixed-layout\"><tbody><tr><td><strong>U15 Female Box Lacrosse<\/strong><\/td><td>\u00a0<\/td><\/tr><tr><td>Rose Engemann<\/td><td>\u00a0<\/td><\/tr><tr><td>Ann\u00e9e<\/td><td>Gagnant<\/td><\/tr><tr><td>2023<\/td><td>Ontario<\/td><\/tr><tr><td>2022<\/td><td>Ontario<\/td><\/tr><tr><td>2019<\/td><td>\u00a0<\/td><\/tr><tr><td>2018<\/td><td>Alberta<\/td><\/tr><tr><td>2017<\/td><td>Ontario<\/td><\/tr><tr><td>2016<\/td><td>Ontario<\/td><\/tr><tr><td>2015<\/td><td>Ontario<\/td><\/tr><tr><td>2014<\/td><td>British Columbia<\/td><\/tr><tr><td>2013<\/td><td>Ontario<\/td><\/tr><tr><td>2012<\/td><td>British Columbia<\/td><\/tr><tr><td>2011<\/td><td>Ontario<\/td><\/tr><tr><td>2010<\/td><td>Ontario<\/td><\/tr><tr><td>2009<\/td><td>Ontario<\/td><\/tr><\/tbody><\/table><\/figure>\n\n<figure class=\"wp-block-table\"><table class=\"has-fixed-layout\"><tbody><tr><td><strong>U17 Female Box Lacrosse<\/strong><\/td><td>\u00a0<\/td><\/tr><tr><td>Dorothy Robertson<\/td><td>\u00a0<\/td><\/tr><tr><td>Ann\u00e9e<\/td><td>Gagnant<\/td><\/tr><tr><td>2024<\/td><td>British Columbia<\/td><\/tr><tr><td>2023<\/td><td>Ontario<\/td><\/tr><tr><td>2022<\/td><td>Pas de concurrence<\/td><\/tr><tr><td>2019<\/td><td>\u00a0<\/td><\/tr><tr><td>2018<\/td><td>Ontario<\/td><\/tr><tr><td>2017<\/td><td>British Columbia<\/td><\/tr><tr><td>2016<\/td><td>Ontario<\/td><\/tr><tr><td>2015<\/td><td>British Columbia<\/td><\/tr><tr><td>2014<\/td><td>British Columbia<\/td><\/tr><tr><td>2013<\/td><td>British Columbia<\/td><\/tr><tr><td>2012<\/td><td>British Columbia<\/td><\/tr><tr><td>2011<\/td><td>Ontario<\/td><\/tr><\/tbody><\/table><\/figure>\n\n<figure class=\"wp-block-table\"><table class=\"has-fixed-layout\"><tbody><tr><td><strong>U22 Female Box Lacrosse<\/strong><\/td><td>\u00a0<\/td><\/tr><tr><td>Carol Patteron<\/td><td>\u00a0<\/td><\/tr><tr><td>Ann\u00e9e<\/td><td>Gagnant<\/td><\/tr><tr><td>2024<\/td><td>Alberta<\/td><\/tr><tr><td>2023<\/td><td>Alberta<\/td><\/tr><tr><td>2022<\/td><td>Pas de concurrence<\/td><\/tr><tr><td>2019<\/td><td>Pas de concurrence<\/td><\/tr><tr><td>2018<\/td><td>Pas de concurrence<\/td><\/tr><tr><td>2017<\/td><td>Pas de concurrence<\/td><\/tr><tr><td>2016<\/td><td>Pas de concurrence<\/td><\/tr><tr><td>2015<\/td><td>British Columbia<\/td><\/tr><tr><td>2014<\/td><td>Ontario<\/td><\/tr><tr><td>2013<\/td><td>British Columbia<\/td><\/tr><\/tbody><\/table><\/figure>\n\n<h2 class=\"wp-block-heading\">Crosse sur gazon<\/h2>\n\n<figure class=\"wp-block-table\"><table class=\"has-fixed-layout\"><tbody><tr><td>Coupe des anciens<\/td><td>\u00a0<\/td><\/tr><tr><td><strong>U17 Men&rsquo;s Field Lacrosse<\/strong><\/td><td>\u00a0<\/td><\/tr><tr><td>Ann\u00e9e<\/td><td>Gagnant<\/td><\/tr><tr><td>2024<\/td><td>British Columbia<\/td><\/tr><tr><td>2023<\/td><td>Ontario<\/td><\/tr><tr><td>2022<\/td><td>British Columbia<\/td><\/tr><tr><td>2019<\/td><td>Ontario<\/td><\/tr><tr><td>2018<\/td><td>Ontario<\/td><\/tr><tr><td>2017<\/td><td>British Columbia<\/td><\/tr><tr><td>2016<\/td><td>Ontario<\/td><\/tr><tr><td>2015<\/td><td>Ontario<\/td><\/tr><tr><td>2014<\/td><td>Ontario<\/td><\/tr><tr><td>2013<\/td><td>British Columbia<\/td><\/tr><tr><td>2012<\/td><td>British Columbia<\/td><\/tr><tr><td>2011<\/td><td>British Columbia<\/td><\/tr><tr><td>2010<\/td><td>Ontario<\/td><\/tr><tr><td>2009<\/td><td>Ontario<\/td><\/tr><tr><td>2008<\/td><td>Halton Hills Bulldogs (ON)<\/td><\/tr><tr><td>2007<\/td><td>Oshawa Blue Knights (ON)<\/td><\/tr><tr><td>2006<\/td><td>Halton Hills Bulldogs (ON)<\/td><\/tr><tr><td>2005<\/td><td>Hamilton Bengals (ON)<\/td><\/tr><\/tbody><\/table><\/figure>\n\n<figure class=\"wp-block-table\"><table class=\"has-fixed-layout\"><tbody><tr><td>Troph\u00e9e des Premi\u00e8res Nations<\/td><td>\u00a0<\/td><\/tr><tr><td><strong>U19 Men&rsquo;s Field Lacrosse<\/strong><\/td><td>\u00a0<\/td><\/tr><tr><td>Ann\u00e9e<\/td><td>Gagnant<\/td><\/tr><tr><td>2024<\/td><td>British Columbia<\/td><\/tr><tr><td>2023<\/td><td>Ontario<\/td><\/tr><tr><td>2022<\/td><td>British Columbia<\/td><\/tr><tr><td>2019<\/td><td>Ontario<\/td><\/tr><tr><td>2018<\/td><td>Ontario<\/td><\/tr><tr><td>2017<\/td><td>Ontario<\/td><\/tr><tr><td>2016<\/td><td>Ontario<\/td><\/tr><tr><td>2015<\/td><td>Ontario<\/td><\/tr><tr><td>2014<\/td><td>British Columbia<\/td><\/tr><tr><td>2013<\/td><td>Ontario<\/td><\/tr><tr><td>2012<\/td><td>Ontario<\/td><\/tr><tr><td>2011<\/td><td>Ontario<\/td><\/tr><tr><td>2010<\/td><td>Ontario<\/td><\/tr><tr><td>2009<\/td><td>Ontario<\/td><\/tr><tr><td>2008<\/td><td>Selects (British Columbia)<\/td><\/tr><tr><td>2007<\/td><td>Oshawa Blue Knights (Ontario)<\/td><\/tr><tr><td>2006<\/td><td>Selects (British Columbia)<\/td><\/tr><tr><td>2005<\/td><td>Selects (British Columbia)<\/td><\/tr><tr><td>2004<\/td><td>Selects (British Columbia)<\/td><\/tr><tr><td>2003<\/td><td>Orangeville (Ontario)<\/td><\/tr><tr><td>2002<\/td><td>Saskatchewan<\/td><\/tr><tr><td>2001<\/td><td>Selects (British Columbia)<\/td><\/tr><tr><td>2000<\/td><td>Selects (British Columbia)<\/td><\/tr><tr><td>1999<\/td><td>Selects (British Columbia)<\/td><\/tr><tr><td>1998<\/td><td>Edmonton (Alberta)<\/td><\/tr><tr><td>1997<\/td><td>Selects (British Columbia)<\/td><\/tr><tr><td>1996<\/td><td>Oshawa (Ontario)<\/td><\/tr><tr><td>1995<\/td><td>Oshawa (Ontario)<\/td><\/tr><tr><td>1994<\/td><td>Oshawa (Ontario)<\/td><\/tr><tr><td>1993<\/td><td>Oshawa (Ontario)<\/td><\/tr><tr><td>1992<\/td><td>Orangeville (Ontario)<\/td><\/tr><tr><td>1991<\/td><td>Oshawa (Ontario)<\/td><\/tr><tr><td>1990<\/td><td>Winnipeg (Manitoba)<\/td><\/tr><tr><td>1989<\/td><td>Calgary (Alberta)<\/td><\/tr><tr><td>1988<\/td><td>Oshawa (Ontario)<\/td><\/tr><tr><td>1987<\/td><td>Coquitlam (British Columbia)<\/td><\/tr><tr><td>1986<\/td><td>St. Catharines (Ontario)<\/td><\/tr><tr><td>1985<\/td><td>Victoria (British Columbia)<\/td><\/tr><\/tbody><\/table><\/figure>\n\n<figure class=\"wp-block-table\"><table class=\"has-fixed-layout\"><tbody><tr><td>Coupe Jenny Kyle<\/td><td>\u00a0<\/td><\/tr><tr><td><strong>U19 Women&rsquo;s Field Lacrosse<\/strong><\/td><td>\u00a0<\/td><\/tr><tr><td>Ann\u00e9e<\/td><td>Gagnant<\/td><\/tr><tr><td>2024<\/td><td>British Columbia<\/td><\/tr><tr><td>2023<\/td><td>British Columbia<\/td><\/tr><tr><td>2022<\/td><td>Ontario<\/td><\/tr><tr><td>2019<\/td><td>\u00a0<\/td><\/tr><tr><td>1997<\/td><td>Ontario<\/td><\/tr><tr><td>1996<\/td><td>Ontario<\/td><\/tr><tr><td>1995<\/td><td>Ontario<\/td><\/tr><tr><td>1994<\/td><td>Ontario<\/td><\/tr><tr><td>1993<\/td><td>Ontario<\/td><\/tr><tr><td>1992<\/td><td>Ontario<\/td><\/tr><\/tbody><\/table><\/figure>\n","protected":false},"excerpt":{"rendered":"<p>Champions des championnats nationaux mineurs U17 Boys Box Lacrosse \u00a0 \u00a0 Troph\u00e9e Tackaberry \u00a0 \u00a0 Ann\u00e9e Gagnant \u00a0 2024 British Columbia \u00a0 2023 Ontario \u00a0 2022 \u00a0 \u00a0 2019 Ontario \u00a0 2018 Alberta \u00a0 2017 Alberta \u00a0 2016 Ontario \u00a0 2015 Ontario \u00a0 2014 British Columbia \u00a0 2013 Ontario \u00a0 2012 Ontario \u00a0 2011 Ontario [&hellip;]<\/p>\n","protected":false},"author":3,"featured_media":1814,"parent":2473,"menu_order":0,"comment_status":"closed","ping_status":"closed","template":"","meta":{"_acf_changed":false,"_bbp_topic_count":0,"_bbp_reply_count":0,"_bbp_total_topic_count":0,"_bbp_total_reply_count":0,"_bbp_voice_count":0,"_bbp_anonymous_reply_count":0,"_bbp_topic_count_hidden":0,"_bbp_reply_count_hidden":0,"_bbp_forum_subforum_count":0,"footnotes":""},"class_list":["post-2400","page","type-page","status-publish","has-post-thumbnail","hentry"],"acf":[],"yoast_head":"<!-- This site is optimized with the Yoast SEO plugin v27.2 - https:\/\/yoast.com\/product\/yoast-seo-wordpress\/ -->\n<title>L&#039;histoire - Lacrosse Canada<\/title>\n<meta name=\"description\" content=\"Explorez l&#039;histoire compl\u00e8te des Championnats nationaux mineurs de Lacrosse Canada sur cette page, qui comprend une liste de tous les anciens gagnants. Des premiers championnats aux plus r\u00e9centes victoires, cette section pr\u00e9sente les \u00e9quipes et les athl\u00e8tes qui ont marqu\u00e9 la crosse canadienne. Que vous soyez un partisan, un joueur ou un entra\u00eeneur, vous y trouverez de pr\u00e9cieuses informations sur l&#039;h\u00e9ritage du tournoi et son impact sur le sport. C\u00e9l\u00e9brez les r\u00e9alisations des anciens champions et explorez l&#039;\u00e9volution de la crosse au Canada gr\u00e2ce \u00e0 ce dossier complet de l&#039;histoire des Championnats nationaux mineurs.\" \/>\n<meta name=\"robots\" content=\"index, follow, max-snippet:-1, max-image-preview:large, max-video-preview:-1\" \/>\n<link rel=\"canonical\" href=\"https:\/\/lacrosse.ca\/fr\/championnats-nationaux-2\/lhistoire\/\" \/>\n<meta property=\"og:locale\" content=\"fr_FR\" \/>\n<meta property=\"og:type\" content=\"article\" \/>\n<meta property=\"og:title\" content=\"L&#039;histoire - Lacrosse Canada\" \/>\n<meta property=\"og:description\" content=\"Explorez l&#039;histoire compl\u00e8te des Championnats nationaux mineurs de Lacrosse Canada sur cette page, qui comprend une liste de tous les anciens gagnants. Des premiers championnats aux plus r\u00e9centes victoires, cette section pr\u00e9sente les \u00e9quipes et les athl\u00e8tes qui ont marqu\u00e9 la crosse canadienne. Que vous soyez un partisan, un joueur ou un entra\u00eeneur, vous y trouverez de pr\u00e9cieuses informations sur l&#039;h\u00e9ritage du tournoi et son impact sur le sport. C\u00e9l\u00e9brez les r\u00e9alisations des anciens champions et explorez l&#039;\u00e9volution de la crosse au Canada gr\u00e2ce \u00e0 ce dossier complet de l&#039;histoire des Championnats nationaux mineurs.\" \/>\n<meta property=\"og:url\" content=\"https:\/\/lacrosse.ca\/fr\/championnats-nationaux-2\/lhistoire\/\" \/>\n<meta property=\"og:site_name\" content=\"Lacrosse Canada\" \/>\n<meta property=\"article:modified_time\" content=\"2025-03-20T19:58:26+00:00\" \/>\n<meta property=\"og:image\" content=\"https:\/\/lacrosse.ca\/wp-content\/uploads\/2025\/03\/648086d68a8138f0d60a11ce_080822_VirginiaStranaghan002-2-scaled-e1741906141237.jpg\" \/>\n\t<meta property=\"og:image:width\" content=\"2560\" \/>\n\t<meta property=\"og:image:height\" content=\"1707\" \/>\n\t<meta property=\"og:image:type\" content=\"image\/jpeg\" \/>\n<meta name=\"twitter:card\" content=\"summary_large_image\" \/>\n<meta name=\"twitter:label1\" content=\"Est. reading time\" \/>\n\t<meta name=\"twitter:data1\" content=\"2 minutes\" \/>\n<script type=\"application\/ld+json\" class=\"yoast-schema-graph\">{\"@context\":\"https:\/\/schema.org\",\"@graph\":[{\"@type\":\"WebPage\",\"@id\":\"https:\/\/lacrosse.ca\/fr\/championnats-nationaux-2\/lhistoire\/\",\"url\":\"https:\/\/lacrosse.ca\/fr\/championnats-nationaux-2\/lhistoire\/\",\"name\":\"L'histoire - Lacrosse Canada\",\"isPartOf\":{\"@id\":\"https:\/\/lacrosse.ca\/fr\/#website\"},\"primaryImageOfPage\":{\"@id\":\"https:\/\/lacrosse.ca\/fr\/championnats-nationaux-2\/lhistoire\/#primaryimage\"},\"image\":{\"@id\":\"https:\/\/lacrosse.ca\/fr\/championnats-nationaux-2\/lhistoire\/#primaryimage\"},\"thumbnailUrl\":\"https:\/\/lacrosse.ca\/wp-content\/uploads\/2025\/03\/648086d68a8138f0d60a11ce_080822_VirginiaStranaghan002-2-scaled-e1741906141237.jpg\",\"datePublished\":\"2025-02-26T00:10:31+00:00\",\"dateModified\":\"2025-03-20T19:58:26+00:00\",\"description\":\"Explorez l'histoire compl\u00e8te des Championnats nationaux mineurs de Lacrosse Canada sur cette page, qui comprend une liste de tous les anciens gagnants. Des premiers championnats aux plus r\u00e9centes victoires, cette section pr\u00e9sente les \u00e9quipes et les athl\u00e8tes qui ont marqu\u00e9 la crosse canadienne. Que vous soyez un partisan, un joueur ou un entra\u00eeneur, vous y trouverez de pr\u00e9cieuses informations sur l'h\u00e9ritage du tournoi et son impact sur le sport. C\u00e9l\u00e9brez les r\u00e9alisations des anciens champions et explorez l'\u00e9volution de la crosse au Canada gr\u00e2ce \u00e0 ce dossier complet de l'histoire des Championnats nationaux mineurs.\",\"breadcrumb\":{\"@id\":\"https:\/\/lacrosse.ca\/fr\/championnats-nationaux-2\/lhistoire\/#breadcrumb\"},\"inLanguage\":\"fr-FR\",\"potentialAction\":[{\"@type\":\"ReadAction\",\"target\":[\"https:\/\/lacrosse.ca\/fr\/championnats-nationaux-2\/lhistoire\/\"]}]},{\"@type\":\"ImageObject\",\"inLanguage\":\"fr-FR\",\"@id\":\"https:\/\/lacrosse.ca\/fr\/championnats-nationaux-2\/lhistoire\/#primaryimage\",\"url\":\"https:\/\/lacrosse.ca\/wp-content\/uploads\/2025\/03\/648086d68a8138f0d60a11ce_080822_VirginiaStranaghan002-2-scaled-e1741906141237.jpg\",\"contentUrl\":\"https:\/\/lacrosse.ca\/wp-content\/uploads\/2025\/03\/648086d68a8138f0d60a11ce_080822_VirginiaStranaghan002-2-scaled-e1741906141237.jpg\",\"width\":2560,\"height\":1707},{\"@type\":\"BreadcrumbList\",\"@id\":\"https:\/\/lacrosse.ca\/fr\/championnats-nationaux-2\/lhistoire\/#breadcrumb\",\"itemListElement\":[{\"@type\":\"ListItem\",\"position\":1,\"name\":\"Home\",\"item\":\"https:\/\/lacrosse.ca\/fr\/maison-2\/\"},{\"@type\":\"ListItem\",\"position\":2,\"name\":\"Championnats nationaux\",\"item\":\"https:\/\/lacrosse.ca\/fr\/championnats-nationaux-2\/\"},{\"@type\":\"ListItem\",\"position\":3,\"name\":\"L&rsquo;histoire\"}]},{\"@type\":\"WebSite\",\"@id\":\"https:\/\/lacrosse.ca\/fr\/#website\",\"url\":\"https:\/\/lacrosse.ca\/fr\/\",\"name\":\"Lacrosse Canada\",\"description\":\"The World&#039;s Leading Lacrosse Program\",\"publisher\":{\"@id\":\"https:\/\/lacrosse.ca\/fr\/#organization\"},\"potentialAction\":[{\"@type\":\"SearchAction\",\"target\":{\"@type\":\"EntryPoint\",\"urlTemplate\":\"https:\/\/lacrosse.ca\/fr\/?s={search_term_string}\"},\"query-input\":{\"@type\":\"PropertyValueSpecification\",\"valueRequired\":true,\"valueName\":\"search_term_string\"}}],\"inLanguage\":\"fr-FR\"},{\"@type\":\"Organization\",\"@id\":\"https:\/\/lacrosse.ca\/fr\/#organization\",\"name\":\"Lacrosse Canada\",\"url\":\"https:\/\/lacrosse.ca\/fr\/\",\"logo\":{\"@type\":\"ImageObject\",\"inLanguage\":\"fr-FR\",\"@id\":\"https:\/\/lacrosse.ca\/fr\/#\/schema\/logo\/image\/\",\"url\":\"https:\/\/lacrosse.ca\/wp-content\/uploads\/2025\/01\/Lacrosse-Canada-Seal-Favicon.gif\",\"contentUrl\":\"https:\/\/lacrosse.ca\/wp-content\/uploads\/2025\/01\/Lacrosse-Canada-Seal-Favicon.gif\",\"width\":512,\"height\":512,\"caption\":\"Lacrosse Canada\"},\"image\":{\"@id\":\"https:\/\/lacrosse.ca\/fr\/#\/schema\/logo\/image\/\"}}]}<\/script>\n<!-- \/ Yoast SEO plugin. -->","yoast_head_json":{"title":"L'histoire - Lacrosse Canada","description":"Explorez l'histoire compl\u00e8te des Championnats nationaux mineurs de Lacrosse Canada sur cette page, qui comprend une liste de tous les anciens gagnants. Des premiers championnats aux plus r\u00e9centes victoires, cette section pr\u00e9sente les \u00e9quipes et les athl\u00e8tes qui ont marqu\u00e9 la crosse canadienne. Que vous soyez un partisan, un joueur ou un entra\u00eeneur, vous y trouverez de pr\u00e9cieuses informations sur l'h\u00e9ritage du tournoi et son impact sur le sport. C\u00e9l\u00e9brez les r\u00e9alisations des anciens champions et explorez l'\u00e9volution de la crosse au Canada gr\u00e2ce \u00e0 ce dossier complet de l'histoire des Championnats nationaux mineurs.","robots":{"index":"index","follow":"follow","max-snippet":"max-snippet:-1","max-image-preview":"max-image-preview:large","max-video-preview":"max-video-preview:-1"},"canonical":"https:\/\/lacrosse.ca\/fr\/championnats-nationaux-2\/lhistoire\/","og_locale":"fr_FR","og_type":"article","og_title":"L'histoire - Lacrosse Canada","og_description":"Explorez l'histoire compl\u00e8te des Championnats nationaux mineurs de Lacrosse Canada sur cette page, qui comprend une liste de tous les anciens gagnants. Des premiers championnats aux plus r\u00e9centes victoires, cette section pr\u00e9sente les \u00e9quipes et les athl\u00e8tes qui ont marqu\u00e9 la crosse canadienne. Que vous soyez un partisan, un joueur ou un entra\u00eeneur, vous y trouverez de pr\u00e9cieuses informations sur l'h\u00e9ritage du tournoi et son impact sur le sport. C\u00e9l\u00e9brez les r\u00e9alisations des anciens champions et explorez l'\u00e9volution de la crosse au Canada gr\u00e2ce \u00e0 ce dossier complet de l'histoire des Championnats nationaux mineurs.","og_url":"https:\/\/lacrosse.ca\/fr\/championnats-nationaux-2\/lhistoire\/","og_site_name":"Lacrosse Canada","article_modified_time":"2025-03-20T19:58:26+00:00","og_image":[{"width":2560,"height":1707,"url":"https:\/\/lacrosse.ca\/wp-content\/uploads\/2025\/03\/648086d68a8138f0d60a11ce_080822_VirginiaStranaghan002-2-scaled-e1741906141237.jpg","type":"image\/jpeg"}],"twitter_card":"summary_large_image","twitter_misc":{"Est. reading time":"2 minutes"},"schema":{"@context":"https:\/\/schema.org","@graph":[{"@type":"WebPage","@id":"https:\/\/lacrosse.ca\/fr\/championnats-nationaux-2\/lhistoire\/","url":"https:\/\/lacrosse.ca\/fr\/championnats-nationaux-2\/lhistoire\/","name":"L'histoire - Lacrosse Canada","isPartOf":{"@id":"https:\/\/lacrosse.ca\/fr\/#website"},"primaryImageOfPage":{"@id":"https:\/\/lacrosse.ca\/fr\/championnats-nationaux-2\/lhistoire\/#primaryimage"},"image":{"@id":"https:\/\/lacrosse.ca\/fr\/championnats-nationaux-2\/lhistoire\/#primaryimage"},"thumbnailUrl":"https:\/\/lacrosse.ca\/wp-content\/uploads\/2025\/03\/648086d68a8138f0d60a11ce_080822_VirginiaStranaghan002-2-scaled-e1741906141237.jpg","datePublished":"2025-02-26T00:10:31+00:00","dateModified":"2025-03-20T19:58:26+00:00","description":"Explorez l'histoire compl\u00e8te des Championnats nationaux mineurs de Lacrosse Canada sur cette page, qui comprend une liste de tous les anciens gagnants. Des premiers championnats aux plus r\u00e9centes victoires, cette section pr\u00e9sente les \u00e9quipes et les athl\u00e8tes qui ont marqu\u00e9 la crosse canadienne. Que vous soyez un partisan, un joueur ou un entra\u00eeneur, vous y trouverez de pr\u00e9cieuses informations sur l'h\u00e9ritage du tournoi et son impact sur le sport. C\u00e9l\u00e9brez les r\u00e9alisations des anciens champions et explorez l'\u00e9volution de la crosse au Canada gr\u00e2ce \u00e0 ce dossier complet de l'histoire des Championnats nationaux mineurs.","breadcrumb":{"@id":"https:\/\/lacrosse.ca\/fr\/championnats-nationaux-2\/lhistoire\/#breadcrumb"},"inLanguage":"fr-FR","potentialAction":[{"@type":"ReadAction","target":["https:\/\/lacrosse.ca\/fr\/championnats-nationaux-2\/lhistoire\/"]}]},{"@type":"ImageObject","inLanguage":"fr-FR","@id":"https:\/\/lacrosse.ca\/fr\/championnats-nationaux-2\/lhistoire\/#primaryimage","url":"https:\/\/lacrosse.ca\/wp-content\/uploads\/2025\/03\/648086d68a8138f0d60a11ce_080822_VirginiaStranaghan002-2-scaled-e1741906141237.jpg","contentUrl":"https:\/\/lacrosse.ca\/wp-content\/uploads\/2025\/03\/648086d68a8138f0d60a11ce_080822_VirginiaStranaghan002-2-scaled-e1741906141237.jpg","width":2560,"height":1707},{"@type":"BreadcrumbList","@id":"https:\/\/lacrosse.ca\/fr\/championnats-nationaux-2\/lhistoire\/#breadcrumb","itemListElement":[{"@type":"ListItem","position":1,"name":"Home","item":"https:\/\/lacrosse.ca\/fr\/maison-2\/"},{"@type":"ListItem","position":2,"name":"Championnats nationaux","item":"https:\/\/lacrosse.ca\/fr\/championnats-nationaux-2\/"},{"@type":"ListItem","position":3,"name":"L&rsquo;histoire"}]},{"@type":"WebSite","@id":"https:\/\/lacrosse.ca\/fr\/#website","url":"https:\/\/lacrosse.ca\/fr\/","name":"Lacrosse Canada","description":"The World&#039;s Leading Lacrosse Program","publisher":{"@id":"https:\/\/lacrosse.ca\/fr\/#organization"},"potentialAction":[{"@type":"SearchAction","target":{"@type":"EntryPoint","urlTemplate":"https:\/\/lacrosse.ca\/fr\/?s={search_term_string}"},"query-input":{"@type":"PropertyValueSpecification","valueRequired":true,"valueName":"search_term_string"}}],"inLanguage":"fr-FR"},{"@type":"Organization","@id":"https:\/\/lacrosse.ca\/fr\/#organization","name":"Lacrosse Canada","url":"https:\/\/lacrosse.ca\/fr\/","logo":{"@type":"ImageObject","inLanguage":"fr-FR","@id":"https:\/\/lacrosse.ca\/fr\/#\/schema\/logo\/image\/","url":"https:\/\/lacrosse.ca\/wp-content\/uploads\/2025\/01\/Lacrosse-Canada-Seal-Favicon.gif","contentUrl":"https:\/\/lacrosse.ca\/wp-content\/uploads\/2025\/01\/Lacrosse-Canada-Seal-Favicon.gif","width":512,"height":512,"caption":"Lacrosse Canada"},"image":{"@id":"https:\/\/lacrosse.ca\/fr\/#\/schema\/logo\/image\/"}}]}},"_links":{"self":[{"href":"https:\/\/lacrosse.ca\/fr\/wp-json\/wp\/v2\/pages\/2400","targetHints":{"allow":["GET"]}}],"collection":[{"href":"https:\/\/lacrosse.ca\/fr\/wp-json\/wp\/v2\/pages"}],"about":[{"href":"https:\/\/lacrosse.ca\/fr\/wp-json\/wp\/v2\/types\/page"}],"author":[{"embeddable":true,"href":"https:\/\/lacrosse.ca\/fr\/wp-json\/wp\/v2\/users\/3"}],"replies":[{"embeddable":true,"href":"https:\/\/lacrosse.ca\/fr\/wp-json\/wp\/v2\/comments?post=2400"}],"version-history":[{"count":0,"href":"https:\/\/lacrosse.ca\/fr\/wp-json\/wp\/v2\/pages\/2400\/revisions"}],"up":[{"embeddable":true,"href":"https:\/\/lacrosse.ca\/fr\/wp-json\/wp\/v2\/pages\/2473"}],"wp:featuredmedia":[{"embeddable":true,"href":"https:\/\/lacrosse.ca\/fr\/wp-json\/wp\/v2\/media\/1814"}],"wp:attachment":[{"href":"https:\/\/lacrosse.ca\/fr\/wp-json\/wp\/v2\/media?parent=2400"}],"curies":[{"name":"wp","href":"https:\/\/api.w.org\/{rel}","templated":true}]}}