{"id":2404,"date":"2025-02-23T00:34:18","date_gmt":"2025-02-23T00:34:18","guid":{"rendered":"https:\/\/lacrosscanada.wpenginepowered.com\/manuel-des-operations\/"},"modified":"2025-10-27T14:36:47","modified_gmt":"2025-10-27T14:36:47","slug":"manuel-des-operations","status":"publish","type":"page","link":"https:\/\/lacrosse.ca\/fr\/manuel-des-operations\/","title":{"rendered":"R\u00e8glements administratifs"},"content":{"rendered":"\n<p>Les <a href=\"https:\/\/lacrosse.ca\/wp-content\/uploads\/2025\/09\/Lacrosse-Canada-Bylaws-Approved-May-9-2025.pdf\" target=\"_blank\" rel=\"noreferrer noopener\"><strong>r\u00e8glements administratifs <\/strong><\/a>de Lacrosse Canada \u00e9tablissent la base de la gouvernance de l\u2019organisation, d\u00e9finissant la structure, les pouvoirs et les responsabilit\u00e9s qui orientent la prise de d\u00e9cision \u00e0 tous les niveaux. Ces r\u00e8glements pr\u00e9cisent le cadre r\u00e9gissant l\u2019adh\u00e9sion, le vote et les r\u00f4les de leadership, assurant ainsi la transparence, la responsabilit\u00e9 et la conformit\u00e9 aux normes nationales et internationales. En clarifiant les processus organisationnels et les pratiques de gouvernance, les r\u00e8glements administratifs prot\u00e8gent l\u2019int\u00e9grit\u00e9 du sport et soutiennent une approche unifi\u00e9e pour le d\u00e9veloppement de la crosse au Canada. Que vous cherchiez des renseignements sur la composition du conseil, les droits des membres ou les proc\u00e9dures organisationnelles, ces r\u00e8glements constituent la pierre angulaire des op\u00e9rations de Lacrosse Canada.   <\/p>\n\n<div data-wp-interactive=\"core\/file\" class=\"wp-block-file\"><object data-wp-bind--hidden=\"!state.hasPdfPreview\" hidden class=\"wp-block-file__embed\" data=\"https:\/\/lacrosse.ca\/wp-content\/uploads\/2025\/09\/Lacrosse-Canada-Bylaws-Approved-May-9-2025.pdf\" type=\"application\/pdf\" style=\"width:100%;height:600px\" aria-label=\"Contenu embarqu\u00e9 Lacrosse Canada - Bylaws - Approved May 9, 2025.\"><\/object><a id=\"wp-block-file--media-abcfe021-fd62-4e9e-8cba-6bf09d26a48b\" href=\"https:\/\/lacrosse.ca\/wp-content\/uploads\/2025\/09\/Lacrosse-Canada-Bylaws-Approved-May-9-2025.pdf\">Lacrosse Canada &#8211; R\u00e8glements administratifs &#8211; Approuv\u00e9s le 9 mai 2025<\/a><a href=\"https:\/\/lacrosse.ca\/wp-content\/uploads\/2025\/09\/Lacrosse-Canada-Bylaws-Approved-May-9-2025.pdf\" class=\"wp-block-file__button wp-element-button\" download=\"\" aria-describedby=\"wp-block-file--media-abcfe021-fd62-4e9e-8cba-6bf09d26a48b\">T\u00e9l\u00e9charger<\/a><\/div>\n","protected":false},"excerpt":{"rendered":"<p>Les r\u00e8glements administratifs de Lacrosse Canada \u00e9tablissent la base de la gouvernance de l\u2019organisation, d\u00e9finissant la structure, les pouvoirs et les responsabilit\u00e9s qui orientent la prise de d\u00e9cision \u00e0 tous les niveaux. Ces r\u00e8glements pr\u00e9cisent le cadre r\u00e9gissant l\u2019adh\u00e9sion, le vote et les r\u00f4les de leadership, assurant ainsi la transparence, la responsabilit\u00e9 et la conformit\u00e9 [&hellip;]<\/p>\n","protected":false},"author":3,"featured_media":0,"parent":0,"menu_order":0,"comment_status":"closed","ping_status":"closed","template":"","meta":{"_acf_changed":false,"_bbp_topic_count":0,"_bbp_reply_count":0,"_bbp_total_topic_count":0,"_bbp_total_reply_count":0,"_bbp_voice_count":0,"_bbp_anonymous_reply_count":0,"_bbp_topic_count_hidden":0,"_bbp_reply_count_hidden":0,"_bbp_forum_subforum_count":0,"footnotes":""},"class_list":["post-2404","page","type-page","status-publish","hentry"],"acf":[],"yoast_head":"<!-- This site is optimized with the Yoast SEO plugin v27.2 - https:\/\/yoast.com\/product\/yoast-seo-wordpress\/ -->\n<title>R\u00e8glements administratifs - Lacrosse Canada<\/title>\n<meta name=\"description\" content=\"Les r\u00e8glements administratifs de Lacrosse Canada d\u00e9finissent le cadre de gouvernance de l\u2019organisation, pr\u00e9cisant les responsabilit\u00e9s li\u00e9es \u00e0 l\u2019adh\u00e9sion, au vote et au leadership. Servant de fondement \u00e0 la transparence et \u00e0 la responsabilisation, ces r\u00e8glements assurent l\u2019harmonisation avec les normes nationales et internationales. Restez inform\u00e9 en consultant le r\u00e9sum\u00e9 des r\u00e9visions pour conna\u00eetre les plus r\u00e9cents changements et mises \u00e0 jour organisationnelles.\" \/>\n<meta name=\"robots\" content=\"index, follow, max-snippet:-1, max-image-preview:large, max-video-preview:-1\" \/>\n<link rel=\"canonical\" href=\"https:\/\/lacrosse.ca\/fr\/manuel-des-operations\/\" \/>\n<meta property=\"og:locale\" content=\"fr_FR\" \/>\n<meta property=\"og:type\" content=\"article\" \/>\n<meta property=\"og:title\" content=\"R\u00e8glements administratifs - Lacrosse Canada\" \/>\n<meta property=\"og:description\" content=\"Les r\u00e8glements administratifs de Lacrosse Canada d\u00e9finissent le cadre de gouvernance de l\u2019organisation, pr\u00e9cisant les responsabilit\u00e9s li\u00e9es \u00e0 l\u2019adh\u00e9sion, au vote et au leadership. Servant de fondement \u00e0 la transparence et \u00e0 la responsabilisation, ces r\u00e8glements assurent l\u2019harmonisation avec les normes nationales et internationales. Restez inform\u00e9 en consultant le r\u00e9sum\u00e9 des r\u00e9visions pour conna\u00eetre les plus r\u00e9cents changements et mises \u00e0 jour organisationnelles.\" \/>\n<meta property=\"og:url\" content=\"https:\/\/lacrosse.ca\/fr\/manuel-des-operations\/\" \/>\n<meta property=\"og:site_name\" content=\"Lacrosse Canada\" \/>\n<meta property=\"article:modified_time\" content=\"2025-10-27T14:36:47+00:00\" \/>\n<meta name=\"twitter:card\" content=\"summary_large_image\" \/>\n<meta name=\"twitter:label1\" content=\"Est. reading time\" \/>\n\t<meta name=\"twitter:data1\" content=\"1 minute\" \/>\n<script type=\"application\/ld+json\" class=\"yoast-schema-graph\">{\"@context\":\"https:\/\/schema.org\",\"@graph\":[{\"@type\":\"WebPage\",\"@id\":\"https:\/\/lacrosse.ca\/fr\/manuel-des-operations\/\",\"url\":\"https:\/\/lacrosse.ca\/fr\/manuel-des-operations\/\",\"name\":\"R\u00e8glements administratifs - Lacrosse Canada\",\"isPartOf\":{\"@id\":\"https:\/\/lacrosse.ca\/fr\/#website\"},\"datePublished\":\"2025-02-23T00:34:18+00:00\",\"dateModified\":\"2025-10-27T14:36:47+00:00\",\"description\":\"Les r\u00e8glements administratifs de Lacrosse Canada d\u00e9finissent le cadre de gouvernance de l\u2019organisation, pr\u00e9cisant les responsabilit\u00e9s li\u00e9es \u00e0 l\u2019adh\u00e9sion, au vote et au leadership. Servant de fondement \u00e0 la transparence et \u00e0 la responsabilisation, ces r\u00e8glements assurent l\u2019harmonisation avec les normes nationales et internationales. Restez inform\u00e9 en consultant le r\u00e9sum\u00e9 des r\u00e9visions pour conna\u00eetre les plus r\u00e9cents changements et mises \u00e0 jour organisationnelles.\",\"breadcrumb\":{\"@id\":\"https:\/\/lacrosse.ca\/fr\/manuel-des-operations\/#breadcrumb\"},\"inLanguage\":\"fr-FR\",\"potentialAction\":[{\"@type\":\"ReadAction\",\"target\":[\"https:\/\/lacrosse.ca\/fr\/manuel-des-operations\/\"]}]},{\"@type\":\"BreadcrumbList\",\"@id\":\"https:\/\/lacrosse.ca\/fr\/manuel-des-operations\/#breadcrumb\",\"itemListElement\":[{\"@type\":\"ListItem\",\"position\":1,\"name\":\"Home\",\"item\":\"https:\/\/lacrosse.ca\/fr\/maison-2\/\"},{\"@type\":\"ListItem\",\"position\":2,\"name\":\"R\u00e8glements administratifs\"}]},{\"@type\":\"WebSite\",\"@id\":\"https:\/\/lacrosse.ca\/fr\/#website\",\"url\":\"https:\/\/lacrosse.ca\/fr\/\",\"name\":\"Lacrosse Canada\",\"description\":\"The World&#039;s Leading Lacrosse Program\",\"publisher\":{\"@id\":\"https:\/\/lacrosse.ca\/fr\/#organization\"},\"potentialAction\":[{\"@type\":\"SearchAction\",\"target\":{\"@type\":\"EntryPoint\",\"urlTemplate\":\"https:\/\/lacrosse.ca\/fr\/?s={search_term_string}\"},\"query-input\":{\"@type\":\"PropertyValueSpecification\",\"valueRequired\":true,\"valueName\":\"search_term_string\"}}],\"inLanguage\":\"fr-FR\"},{\"@type\":\"Organization\",\"@id\":\"https:\/\/lacrosse.ca\/fr\/#organization\",\"name\":\"Lacrosse Canada\",\"url\":\"https:\/\/lacrosse.ca\/fr\/\",\"logo\":{\"@type\":\"ImageObject\",\"inLanguage\":\"fr-FR\",\"@id\":\"https:\/\/lacrosse.ca\/fr\/#\/schema\/logo\/image\/\",\"url\":\"https:\/\/lacrosse.ca\/wp-content\/uploads\/2025\/01\/Lacrosse-Canada-Seal-Favicon.gif\",\"contentUrl\":\"https:\/\/lacrosse.ca\/wp-content\/uploads\/2025\/01\/Lacrosse-Canada-Seal-Favicon.gif\",\"width\":512,\"height\":512,\"caption\":\"Lacrosse Canada\"},\"image\":{\"@id\":\"https:\/\/lacrosse.ca\/fr\/#\/schema\/logo\/image\/\"}}]}<\/script>\n<!-- \/ Yoast SEO plugin. -->","yoast_head_json":{"title":"R\u00e8glements administratifs - Lacrosse Canada","description":"Les r\u00e8glements administratifs de Lacrosse Canada d\u00e9finissent le cadre de gouvernance de l\u2019organisation, pr\u00e9cisant les responsabilit\u00e9s li\u00e9es \u00e0 l\u2019adh\u00e9sion, au vote et au leadership. Servant de fondement \u00e0 la transparence et \u00e0 la responsabilisation, ces r\u00e8glements assurent l\u2019harmonisation avec les normes nationales et internationales. Restez inform\u00e9 en consultant le r\u00e9sum\u00e9 des r\u00e9visions pour conna\u00eetre les plus r\u00e9cents changements et mises \u00e0 jour organisationnelles.","robots":{"index":"index","follow":"follow","max-snippet":"max-snippet:-1","max-image-preview":"max-image-preview:large","max-video-preview":"max-video-preview:-1"},"canonical":"https:\/\/lacrosse.ca\/fr\/manuel-des-operations\/","og_locale":"fr_FR","og_type":"article","og_title":"R\u00e8glements administratifs - Lacrosse Canada","og_description":"Les r\u00e8glements administratifs de Lacrosse Canada d\u00e9finissent le cadre de gouvernance de l\u2019organisation, pr\u00e9cisant les responsabilit\u00e9s li\u00e9es \u00e0 l\u2019adh\u00e9sion, au vote et au leadership. Servant de fondement \u00e0 la transparence et \u00e0 la responsabilisation, ces r\u00e8glements assurent l\u2019harmonisation avec les normes nationales et internationales. Restez inform\u00e9 en consultant le r\u00e9sum\u00e9 des r\u00e9visions pour conna\u00eetre les plus r\u00e9cents changements et mises \u00e0 jour organisationnelles.","og_url":"https:\/\/lacrosse.ca\/fr\/manuel-des-operations\/","og_site_name":"Lacrosse Canada","article_modified_time":"2025-10-27T14:36:47+00:00","twitter_card":"summary_large_image","twitter_misc":{"Est. reading time":"1 minute"},"schema":{"@context":"https:\/\/schema.org","@graph":[{"@type":"WebPage","@id":"https:\/\/lacrosse.ca\/fr\/manuel-des-operations\/","url":"https:\/\/lacrosse.ca\/fr\/manuel-des-operations\/","name":"R\u00e8glements administratifs - Lacrosse Canada","isPartOf":{"@id":"https:\/\/lacrosse.ca\/fr\/#website"},"datePublished":"2025-02-23T00:34:18+00:00","dateModified":"2025-10-27T14:36:47+00:00","description":"Les r\u00e8glements administratifs de Lacrosse Canada d\u00e9finissent le cadre de gouvernance de l\u2019organisation, pr\u00e9cisant les responsabilit\u00e9s li\u00e9es \u00e0 l\u2019adh\u00e9sion, au vote et au leadership. Servant de fondement \u00e0 la transparence et \u00e0 la responsabilisation, ces r\u00e8glements assurent l\u2019harmonisation avec les normes nationales et internationales. Restez inform\u00e9 en consultant le r\u00e9sum\u00e9 des r\u00e9visions pour conna\u00eetre les plus r\u00e9cents changements et mises \u00e0 jour organisationnelles.","breadcrumb":{"@id":"https:\/\/lacrosse.ca\/fr\/manuel-des-operations\/#breadcrumb"},"inLanguage":"fr-FR","potentialAction":[{"@type":"ReadAction","target":["https:\/\/lacrosse.ca\/fr\/manuel-des-operations\/"]}]},{"@type":"BreadcrumbList","@id":"https:\/\/lacrosse.ca\/fr\/manuel-des-operations\/#breadcrumb","itemListElement":[{"@type":"ListItem","position":1,"name":"Home","item":"https:\/\/lacrosse.ca\/fr\/maison-2\/"},{"@type":"ListItem","position":2,"name":"R\u00e8glements administratifs"}]},{"@type":"WebSite","@id":"https:\/\/lacrosse.ca\/fr\/#website","url":"https:\/\/lacrosse.ca\/fr\/","name":"Lacrosse Canada","description":"The World&#039;s Leading Lacrosse Program","publisher":{"@id":"https:\/\/lacrosse.ca\/fr\/#organization"},"potentialAction":[{"@type":"SearchAction","target":{"@type":"EntryPoint","urlTemplate":"https:\/\/lacrosse.ca\/fr\/?s={search_term_string}"},"query-input":{"@type":"PropertyValueSpecification","valueRequired":true,"valueName":"search_term_string"}}],"inLanguage":"fr-FR"},{"@type":"Organization","@id":"https:\/\/lacrosse.ca\/fr\/#organization","name":"Lacrosse Canada","url":"https:\/\/lacrosse.ca\/fr\/","logo":{"@type":"ImageObject","inLanguage":"fr-FR","@id":"https:\/\/lacrosse.ca\/fr\/#\/schema\/logo\/image\/","url":"https:\/\/lacrosse.ca\/wp-content\/uploads\/2025\/01\/Lacrosse-Canada-Seal-Favicon.gif","contentUrl":"https:\/\/lacrosse.ca\/wp-content\/uploads\/2025\/01\/Lacrosse-Canada-Seal-Favicon.gif","width":512,"height":512,"caption":"Lacrosse Canada"},"image":{"@id":"https:\/\/lacrosse.ca\/fr\/#\/schema\/logo\/image\/"}}]}},"_links":{"self":[{"href":"https:\/\/lacrosse.ca\/fr\/wp-json\/wp\/v2\/pages\/2404","targetHints":{"allow":["GET"]}}],"collection":[{"href":"https:\/\/lacrosse.ca\/fr\/wp-json\/wp\/v2\/pages"}],"about":[{"href":"https:\/\/lacrosse.ca\/fr\/wp-json\/wp\/v2\/types\/page"}],"author":[{"embeddable":true,"href":"https:\/\/lacrosse.ca\/fr\/wp-json\/wp\/v2\/users\/3"}],"replies":[{"embeddable":true,"href":"https:\/\/lacrosse.ca\/fr\/wp-json\/wp\/v2\/comments?post=2404"}],"version-history":[{"count":0,"href":"https:\/\/lacrosse.ca\/fr\/wp-json\/wp\/v2\/pages\/2404\/revisions"}],"wp:attachment":[{"href":"https:\/\/lacrosse.ca\/fr\/wp-json\/wp\/v2\/media?parent=2404"}],"curies":[{"name":"wp","href":"https:\/\/api.w.org\/{rel}","templated":true}]}}