{"id":2408,"date":"2025-03-17T20:12:02","date_gmt":"2025-03-17T20:12:02","guid":{"rendered":"https:\/\/lacrosscanada.wpenginepowered.com\/jeux-dete-du-canada\/"},"modified":"2025-03-20T16:31:18","modified_gmt":"2025-03-20T16:31:18","slug":"jeux-dete-du-canada","status":"publish","type":"page","link":"https:\/\/lacrosse.ca\/fr\/jeux-dete-du-canada\/","title":{"rendered":"Jeux d&rsquo;\u00e9t\u00e9 du Canada"},"content":{"rendered":"\n<p>\u00catre entra\u00eeneur aux Jeux d&rsquo;\u00e9t\u00e9 du Canada, c&rsquo;est l&rsquo;occasion de guider des athl\u00e8tes de haut niveau sur la sc\u00e8ne nationale. Pour participer, tous les entra\u00eeneurs doivent suivre le Parcours de d\u00e9veloppement des entra\u00eeneurs de comp\u00e9tition et le Module d&rsquo;entra\u00eenement autochtone avant les Jeux. <\/p>\n\n<hr class=\"wp-block-separator has-alpha-channel-opacity\"\/>\n\n<h2 class=\"wp-block-heading\"><strong>Dossier technique<\/strong><\/h2>\n\n<p>Le dossier technique des Jeux d&rsquo;\u00e9t\u00e9 du Canada d\u00e9crit l&rsquo;admissibilit\u00e9 des entra\u00eeneurs, les exigences en mati\u00e8re de certification et la composition des \u00e9quipes. Tous les entra\u00eeneurs en chef doivent \u00eatre certifi\u00e9s en d\u00e9veloppement de la comp\u00e9tition, tandis que les entra\u00eeneurs adjoints doivent au moins avoir re\u00e7u une formation en d\u00e9veloppement de la comp\u00e9tition. Le module d&rsquo;entra\u00eenement autochtone est obligatoire pour tous les entra\u00eeneurs.  <br\/><br\/>T\u00e9l\u00e9charger le dossier technique complet <a href=\"https:\/\/lacrosse.ca\/wp-content\/uploads\/2025\/03\/36-2025-Technical-Package-Box-Lacrosse-PUBLISHED.pdf\" target=\"_blank\" rel=\"noreferrer noopener\">ici<\/a><\/p>\n\n<hr class=\"wp-block-separator has-alpha-channel-opacity\"\/>\n\n<h2 class=\"wp-block-heading\"><strong>Parcours d&rsquo;entra\u00eeneur pour le d\u00e9veloppement de la comp\u00e9tition<\/strong><\/h2>\n\n<p>Le <a href=\"https:\/\/lacrosse.ca\/wp-content\/uploads\/2025\/03\/Competition-Development-Coaching-Pathway.pdf\" target=\"_blank\" rel=\"noreferrer noopener\">parcours de d\u00e9veloppement de la comp\u00e9tition<\/a> pr\u00e9pare les entra\u00eeneurs \u00e0 diriger au niveau de la haute performance. Les entra\u00eeneurs doivent <\/p>\n\n<ul class=\"wp-block-list\">\n<li>Compl\u00e9ter les modules multisports et sp\u00e9cifiques \u00e0 la crosse du PNCE<\/li>\n\n\n\n<li>Soumettre un portefeuille de coaching d\u00e9crivant les plans et strat\u00e9gies de formation.<\/li>\n\n\n\n<li>se soumettre \u00e0 une \u00e9valuation en cours de jeu par un \u00e9valuateur certifi\u00e9<\/li>\n<\/ul>\n\n<p>La certification doit \u00eatre effectu\u00e9e avant les Jeux pour \u00eatre \u00e9ligible.<\/p>\n\n<hr class=\"wp-block-separator has-alpha-channel-opacity\"\/>\n\n<h2 class=\"wp-block-heading\"><strong>Calendrier de l&rsquo;atelier sur le d\u00e9veloppement de la comp\u00e9tition<\/strong><\/h2>\n\n<p>Les entra\u00eeneurs doivent participer \u00e0 des ateliers de formation obligatoires, qui seront programm\u00e9s avant les Jeux. Ces ateliers portent sur les principes essentiels de l&rsquo;entra\u00eenement, le d\u00e9veloppement des athl\u00e8tes et les strat\u00e9gies de performance. Les modalit\u00e9s d&rsquo;inscription seront communiqu\u00e9es d\u00e8s que les dates seront confirm\u00e9es.  <\/p>\n\n<hr class=\"wp-block-separator has-alpha-channel-opacity\"\/>\n\n<h2 class=\"wp-block-heading\"><strong>Module de coaching autochtone<\/strong><\/h2>\n\n<p>Tous les entra\u00eeneurs des Jeux du Canada doivent suivre le <a href=\"https:\/\/www.aboriginalsportcircle.ca\/aboriginal-coaching-modules\">Module d&rsquo;entra\u00eenement autochtone (MEA)<\/a>, qui offre une sensibilisation culturelle et des pratiques exemplaires pour soutenir les athl\u00e8tes autochtones. Ce module couvre les traditions sportives autochtones, les principes holistiques de l&rsquo;entra\u00eenement et le r\u00f4le de la r\u00e9conciliation dans le sport. <\/p>\n\n<p><\/p>\n","protected":false},"excerpt":{"rendered":"<p>\u00catre entra\u00eeneur aux Jeux d&rsquo;\u00e9t\u00e9 du Canada, c&rsquo;est l&rsquo;occasion de guider des athl\u00e8tes de haut niveau sur la sc\u00e8ne nationale. Pour participer, tous les entra\u00eeneurs doivent suivre le Parcours de d\u00e9veloppement des entra\u00eeneurs de comp\u00e9tition et le Module d&rsquo;entra\u00eenement autochtone avant les Jeux. Dossier technique Le dossier technique des Jeux d&rsquo;\u00e9t\u00e9 du Canada d\u00e9crit l&rsquo;admissibilit\u00e9 [&hellip;]<\/p>\n","protected":false},"author":4,"featured_media":0,"parent":0,"menu_order":0,"comment_status":"closed","ping_status":"closed","template":"","meta":{"_acf_changed":false,"_bbp_topic_count":0,"_bbp_reply_count":0,"_bbp_total_topic_count":0,"_bbp_total_reply_count":0,"_bbp_voice_count":0,"_bbp_anonymous_reply_count":0,"_bbp_topic_count_hidden":0,"_bbp_reply_count_hidden":0,"_bbp_forum_subforum_count":0,"footnotes":""},"class_list":["post-2408","page","type-page","status-publish","hentry"],"acf":[],"yoast_head":"<!-- This site is optimized with the Yoast SEO plugin v27.2 - https:\/\/yoast.com\/product\/yoast-seo-wordpress\/ -->\n<title>Jeux d&#039;\u00e9t\u00e9 du Canada - Lacrosse Canada<\/title>\n<meta name=\"robots\" content=\"index, follow, max-snippet:-1, max-image-preview:large, max-video-preview:-1\" \/>\n<link rel=\"canonical\" href=\"https:\/\/lacrosse.ca\/fr\/jeux-dete-du-canada\/\" \/>\n<meta property=\"og:locale\" content=\"fr_FR\" \/>\n<meta property=\"og:type\" content=\"article\" \/>\n<meta property=\"og:title\" content=\"Jeux d&#039;\u00e9t\u00e9 du Canada - Lacrosse Canada\" \/>\n<meta property=\"og:description\" content=\"\u00catre entra\u00eeneur aux Jeux d&rsquo;\u00e9t\u00e9 du Canada, c&rsquo;est l&rsquo;occasion de guider des athl\u00e8tes de haut niveau sur la sc\u00e8ne nationale. Pour participer, tous les entra\u00eeneurs doivent suivre le Parcours de d\u00e9veloppement des entra\u00eeneurs de comp\u00e9tition et le Module d&rsquo;entra\u00eenement autochtone avant les Jeux. Dossier technique Le dossier technique des Jeux d&rsquo;\u00e9t\u00e9 du Canada d\u00e9crit l&rsquo;admissibilit\u00e9 [&hellip;]\" \/>\n<meta property=\"og:url\" content=\"https:\/\/lacrosse.ca\/fr\/jeux-dete-du-canada\/\" \/>\n<meta property=\"og:site_name\" content=\"Lacrosse Canada\" \/>\n<meta property=\"article:modified_time\" content=\"2025-03-20T16:31:18+00:00\" \/>\n<meta name=\"twitter:card\" content=\"summary_large_image\" \/>\n<meta name=\"twitter:label1\" content=\"Est. reading time\" \/>\n\t<meta name=\"twitter:data1\" content=\"2 minutes\" \/>\n<script type=\"application\/ld+json\" class=\"yoast-schema-graph\">{\"@context\":\"https:\/\/schema.org\",\"@graph\":[{\"@type\":\"WebPage\",\"@id\":\"https:\/\/lacrosse.ca\/fr\/jeux-dete-du-canada\/\",\"url\":\"https:\/\/lacrosse.ca\/fr\/jeux-dete-du-canada\/\",\"name\":\"Jeux d'\u00e9t\u00e9 du Canada - Lacrosse Canada\",\"isPartOf\":{\"@id\":\"https:\/\/lacrosse.ca\/fr\/#website\"},\"datePublished\":\"2025-03-17T20:12:02+00:00\",\"dateModified\":\"2025-03-20T16:31:18+00:00\",\"breadcrumb\":{\"@id\":\"https:\/\/lacrosse.ca\/fr\/jeux-dete-du-canada\/#breadcrumb\"},\"inLanguage\":\"fr-FR\",\"potentialAction\":[{\"@type\":\"ReadAction\",\"target\":[\"https:\/\/lacrosse.ca\/fr\/jeux-dete-du-canada\/\"]}]},{\"@type\":\"BreadcrumbList\",\"@id\":\"https:\/\/lacrosse.ca\/fr\/jeux-dete-du-canada\/#breadcrumb\",\"itemListElement\":[{\"@type\":\"ListItem\",\"position\":1,\"name\":\"Home\",\"item\":\"https:\/\/lacrosse.ca\/fr\/maison-2\/\"},{\"@type\":\"ListItem\",\"position\":2,\"name\":\"Jeux d&rsquo;\u00e9t\u00e9 du Canada\"}]},{\"@type\":\"WebSite\",\"@id\":\"https:\/\/lacrosse.ca\/fr\/#website\",\"url\":\"https:\/\/lacrosse.ca\/fr\/\",\"name\":\"Lacrosse Canada\",\"description\":\"The World&#039;s Leading Lacrosse Program\",\"publisher\":{\"@id\":\"https:\/\/lacrosse.ca\/fr\/#organization\"},\"potentialAction\":[{\"@type\":\"SearchAction\",\"target\":{\"@type\":\"EntryPoint\",\"urlTemplate\":\"https:\/\/lacrosse.ca\/fr\/?s={search_term_string}\"},\"query-input\":{\"@type\":\"PropertyValueSpecification\",\"valueRequired\":true,\"valueName\":\"search_term_string\"}}],\"inLanguage\":\"fr-FR\"},{\"@type\":\"Organization\",\"@id\":\"https:\/\/lacrosse.ca\/fr\/#organization\",\"name\":\"Lacrosse Canada\",\"url\":\"https:\/\/lacrosse.ca\/fr\/\",\"logo\":{\"@type\":\"ImageObject\",\"inLanguage\":\"fr-FR\",\"@id\":\"https:\/\/lacrosse.ca\/fr\/#\/schema\/logo\/image\/\",\"url\":\"https:\/\/lacrosse.ca\/wp-content\/uploads\/2025\/01\/Lacrosse-Canada-Seal-Favicon.gif\",\"contentUrl\":\"https:\/\/lacrosse.ca\/wp-content\/uploads\/2025\/01\/Lacrosse-Canada-Seal-Favicon.gif\",\"width\":512,\"height\":512,\"caption\":\"Lacrosse Canada\"},\"image\":{\"@id\":\"https:\/\/lacrosse.ca\/fr\/#\/schema\/logo\/image\/\"}}]}<\/script>\n<!-- \/ Yoast SEO plugin. -->","yoast_head_json":{"title":"Jeux d'\u00e9t\u00e9 du Canada - Lacrosse Canada","robots":{"index":"index","follow":"follow","max-snippet":"max-snippet:-1","max-image-preview":"max-image-preview:large","max-video-preview":"max-video-preview:-1"},"canonical":"https:\/\/lacrosse.ca\/fr\/jeux-dete-du-canada\/","og_locale":"fr_FR","og_type":"article","og_title":"Jeux d'\u00e9t\u00e9 du Canada - Lacrosse Canada","og_description":"\u00catre entra\u00eeneur aux Jeux d&rsquo;\u00e9t\u00e9 du Canada, c&rsquo;est l&rsquo;occasion de guider des athl\u00e8tes de haut niveau sur la sc\u00e8ne nationale. Pour participer, tous les entra\u00eeneurs doivent suivre le Parcours de d\u00e9veloppement des entra\u00eeneurs de comp\u00e9tition et le Module d&rsquo;entra\u00eenement autochtone avant les Jeux. Dossier technique Le dossier technique des Jeux d&rsquo;\u00e9t\u00e9 du Canada d\u00e9crit l&rsquo;admissibilit\u00e9 [&hellip;]","og_url":"https:\/\/lacrosse.ca\/fr\/jeux-dete-du-canada\/","og_site_name":"Lacrosse Canada","article_modified_time":"2025-03-20T16:31:18+00:00","twitter_card":"summary_large_image","twitter_misc":{"Est. reading time":"2 minutes"},"schema":{"@context":"https:\/\/schema.org","@graph":[{"@type":"WebPage","@id":"https:\/\/lacrosse.ca\/fr\/jeux-dete-du-canada\/","url":"https:\/\/lacrosse.ca\/fr\/jeux-dete-du-canada\/","name":"Jeux d'\u00e9t\u00e9 du Canada - Lacrosse Canada","isPartOf":{"@id":"https:\/\/lacrosse.ca\/fr\/#website"},"datePublished":"2025-03-17T20:12:02+00:00","dateModified":"2025-03-20T16:31:18+00:00","breadcrumb":{"@id":"https:\/\/lacrosse.ca\/fr\/jeux-dete-du-canada\/#breadcrumb"},"inLanguage":"fr-FR","potentialAction":[{"@type":"ReadAction","target":["https:\/\/lacrosse.ca\/fr\/jeux-dete-du-canada\/"]}]},{"@type":"BreadcrumbList","@id":"https:\/\/lacrosse.ca\/fr\/jeux-dete-du-canada\/#breadcrumb","itemListElement":[{"@type":"ListItem","position":1,"name":"Home","item":"https:\/\/lacrosse.ca\/fr\/maison-2\/"},{"@type":"ListItem","position":2,"name":"Jeux d&rsquo;\u00e9t\u00e9 du Canada"}]},{"@type":"WebSite","@id":"https:\/\/lacrosse.ca\/fr\/#website","url":"https:\/\/lacrosse.ca\/fr\/","name":"Lacrosse Canada","description":"The World&#039;s Leading Lacrosse Program","publisher":{"@id":"https:\/\/lacrosse.ca\/fr\/#organization"},"potentialAction":[{"@type":"SearchAction","target":{"@type":"EntryPoint","urlTemplate":"https:\/\/lacrosse.ca\/fr\/?s={search_term_string}"},"query-input":{"@type":"PropertyValueSpecification","valueRequired":true,"valueName":"search_term_string"}}],"inLanguage":"fr-FR"},{"@type":"Organization","@id":"https:\/\/lacrosse.ca\/fr\/#organization","name":"Lacrosse Canada","url":"https:\/\/lacrosse.ca\/fr\/","logo":{"@type":"ImageObject","inLanguage":"fr-FR","@id":"https:\/\/lacrosse.ca\/fr\/#\/schema\/logo\/image\/","url":"https:\/\/lacrosse.ca\/wp-content\/uploads\/2025\/01\/Lacrosse-Canada-Seal-Favicon.gif","contentUrl":"https:\/\/lacrosse.ca\/wp-content\/uploads\/2025\/01\/Lacrosse-Canada-Seal-Favicon.gif","width":512,"height":512,"caption":"Lacrosse Canada"},"image":{"@id":"https:\/\/lacrosse.ca\/fr\/#\/schema\/logo\/image\/"}}]}},"_links":{"self":[{"href":"https:\/\/lacrosse.ca\/fr\/wp-json\/wp\/v2\/pages\/2408","targetHints":{"allow":["GET"]}}],"collection":[{"href":"https:\/\/lacrosse.ca\/fr\/wp-json\/wp\/v2\/pages"}],"about":[{"href":"https:\/\/lacrosse.ca\/fr\/wp-json\/wp\/v2\/types\/page"}],"author":[{"embeddable":true,"href":"https:\/\/lacrosse.ca\/fr\/wp-json\/wp\/v2\/users\/4"}],"replies":[{"embeddable":true,"href":"https:\/\/lacrosse.ca\/fr\/wp-json\/wp\/v2\/comments?post=2408"}],"version-history":[{"count":0,"href":"https:\/\/lacrosse.ca\/fr\/wp-json\/wp\/v2\/pages\/2408\/revisions"}],"wp:attachment":[{"href":"https:\/\/lacrosse.ca\/fr\/wp-json\/wp\/v2\/media?parent=2408"}],"curies":[{"name":"wp","href":"https:\/\/api.w.org\/{rel}","templated":true}]}}