{"id":2410,"date":"2025-03-17T18:37:49","date_gmt":"2025-03-17T18:37:49","guid":{"rendered":"https:\/\/lacrosscanada.wpenginepowered.com\/adhesion\/"},"modified":"2025-10-21T14:00:29","modified_gmt":"2025-10-21T14:00:29","slug":"adhesion","status":"publish","type":"page","link":"https:\/\/lacrosse.ca\/fr\/adhesion\/","title":{"rendered":"Adh\u00e9sion"},"content":{"rendered":"\t\t<div data-elementor-type=\"wp-page\" data-elementor-id=\"2410\" class=\"elementor elementor-2410 elementor-2102\" data-elementor-post-type=\"page\">\n\t\t\t\t<div class=\"elementor-element elementor-element-2daae00 e-flex e-con-boxed e-con e-parent\" data-id=\"2daae00\" data-element_type=\"container\" data-e-type=\"container\" data-settings=\"{&quot;jet_parallax_layout_list&quot;:[]}\">\n\t\t\t\t\t<div class=\"e-con-inner\">\n\t\t\t\t<div class=\"elementor-element elementor-element-a8bbd45 elementor-widget elementor-widget-text-editor\" data-id=\"a8bbd45\" data-element_type=\"widget\" data-e-type=\"widget\" data-widget_type=\"text-editor.default\">\n\t\t\t\t<div class=\"elementor-widget-container\">\n\t\t\t\t\t\t\t\t\t<h3 class=\"wp-block-heading\">Avantages essentiels pour les membres<\/h3>\n<ul class=\"wp-block-list\">\n<li><strong>Couverture d\u2019assurance<\/strong> \u2013 Les participants inscrits b\u00e9n\u00e9ficient d\u2019une assurance responsabilit\u00e9 civile pour les \u00e9v\u00e9nements sanctionn\u00e9s par Lacrosse Canada et pour les \u00e9quipes nationales.<\/li>\n<li><strong>Acc\u00e8s aux comp\u00e9titions nationales<\/strong> &#8211; Admissible \u00e0 participer aux 13 championnats nationaux de Lacrosse Canada et \u00e0 d&rsquo;autres \u00e9v\u00e9nements sanctionn\u00e9s.<\/li>\n<li><strong>Certification des entra\u00eeneurs et des officiels <\/strong>&#8211; Acc\u00e8s au Programme national de certification des entra\u00eeneurs (PNCE) et au Programme national de certification des officiels (PNCO) avec du mat\u00e9riel de formation exclusif.&nbsp;<\/li>\n<li><strong>Ressources pour le d\u00e9veloppement des athl\u00e8tes<\/strong> &#8211; Acc\u00e9dez aux programmes de d\u00e9veloppement des joueurs, aux ressources d&rsquo;entra\u00eenement et aux parcours de haute performance.<\/li>\n<li><strong>Soutien direct de Lacrosse Canada<\/strong> &#8211; Acc\u00e9dez \u00e0 notre personnel administratif pour obtenir des renseignements, des ressources et de l&rsquo;aide.<\/li>\n<\/ul>\n<h3 class=\"wp-block-heading\">Les avantages<\/h3>\n<ul class=\"wp-block-list\">\n<li><strong>Perspectives \u00c9quipe Canada <\/strong>&#8211; Tenez-vous au courant des programmes de l&rsquo;\u00e9quipe nationale, des processus de s\u00e9lection et des \u00e9v\u00e9nements internationaux.<\/li>\n<li><strong>Cheminement et parcours olympique<\/strong> &#8211; Suivez le chemin du Canada vers les Jeux olympiques, y compris les histoires des athl\u00e8tes, les mises \u00e0 jour sur les \u00e9v\u00e9nements et le contenu en coulisses, alors que la crosse revient aux Jeux.<\/li>\n<li><strong>Nouvelles et communications<\/strong> &#8211; Recevez les bulletins d&rsquo;information de Lacrosse Canada, les mises \u00e0 jour des m\u00e9dias sociaux et du contenu exclusif.<\/li>\n<li><strong>Offres des partenaires<\/strong> &#8211; Acc\u00e9dez \u00e0 des occasions sp\u00e9ciales, des promotions et des collaborations par l&rsquo;entremise des partenaires de Lacrosse Canada.<\/li>\n<li><strong>Incitatifs et concours<\/strong> &#8211; Acc\u00e9dez \u00e0 des cadeaux, des promotions et des occasions sp\u00e9ciales r\u00e9serv\u00e9s aux membres de Lacrosse Canada et de ses partenaires.<\/li>\n<\/ul>\n<hr class=\"wp-block-separator has-alpha-channel-opacity\">\n<h3 class=\"wp-block-heading\">Comment votre adh\u00e9sion soutient la crosse au Canada<\/h3>\n<p>Votre adh\u00e9sion joue un r\u00f4le crucial dans le soutien de la crosse \u00e0 tous les niveaux. Voici comment votre adh\u00e9sion a un impact : <\/p>\n<ul class=\"wp-block-list\">\n<li><strong>D\u00e9veloppement du jeu <\/strong>&#8211; Votre adh\u00e9sion permet de financer des programmes de base, des actions de sensibilisation dans les \u00e9coles, des stages d&rsquo;entra\u00eenement et des initiatives de d\u00e9veloppement des joueurs, afin de rendre la crosse plus accessible \u00e0 tous les athl\u00e8tes.<\/li>\n<li><strong>Alimenter la comp\u00e9tition<\/strong> &#8211; Aide \u00e0 organiser et \u00e0 financer les championnats nationaux et internationaux, en couvrant les op\u00e9rations des \u00e9quipes, les officiels, les sites et la logistique afin de garantir une comp\u00e9tition de haut niveau.<\/li>\n<li><strong>Renforcement de l&rsquo;entra\u00eenement et de l&rsquo;arbitrage<\/strong> &#8211; Soutien \u00e0 la formation et \u00e0 la certification des entra\u00eeneurs et des officiels, afin de garantir des normes \u00e9lev\u00e9es au Canada et \u00e0 l&rsquo;\u00e9tranger.<\/li>\n<li><strong>D\u00e9fense des int\u00e9r\u00eats de la crosse<\/strong> &#8211; Lacrosse Canada s&rsquo;efforce d&rsquo;accro\u00eetre le financement, d&rsquo;\u00e9largir les possibilit\u00e9s et de rehausser la pr\u00e9sence du sport \u00e0 tous les niveaux.<\/li>\n<li><strong>Construire une communaut\u00e9 forte <\/strong>&#8211; Vous met en contact avec un r\u00e9seau national de joueurs, d&rsquo;entra\u00eeneurs, d&rsquo;officiels et de supporters, unis pour d\u00e9velopper le jeu.<\/li>\n<li><strong>Succ\u00e8s international et parcours olympique<\/strong> &#8211; soutient le leadership mondial du Canada dans le domaine de la crosse, qui se classe constamment parmi les deux premi\u00e8res nations dans les comp\u00e9titions masculines et f\u00e9minines dans les cat\u00e9gories Box, Field et Six, y compris le parcours vers les Jeux olympiques de 2028.<\/li>\n<\/ul>\t\t\t\t\t\t\t\t<\/div>\n\t\t\t\t<\/div>\n\t\t\t\t\t<\/div>\n\t\t\t\t<\/div>\n\t\t<div class=\"elementor-element elementor-element-663e0a9 e-flex e-con-boxed e-con e-parent\" data-id=\"663e0a9\" data-element_type=\"container\" data-e-type=\"container\" data-settings=\"{&quot;jet_parallax_layout_list&quot;:[]}\">\n\t\t\t\t\t<div class=\"e-con-inner\">\n\t\t\t\t\t<\/div>\n\t\t\t\t<\/div>\n\t\t\t\t<\/div>\n\t\t","protected":false},"excerpt":{"rendered":"<p>Avantages essentiels pour les membres Couverture d\u2019assurance \u2013 Les participants inscrits b\u00e9n\u00e9ficient d\u2019une assurance responsabilit\u00e9 civile pour les \u00e9v\u00e9nements sanctionn\u00e9s par Lacrosse Canada et pour les \u00e9quipes nationales. Acc\u00e8s aux comp\u00e9titions nationales &#8211; Admissible \u00e0 participer aux 13 championnats nationaux de Lacrosse Canada et \u00e0 d&rsquo;autres \u00e9v\u00e9nements sanctionn\u00e9s. Certification des entra\u00eeneurs et des officiels &#8211; [&hellip;]<\/p>\n","protected":false},"author":4,"featured_media":1250,"parent":0,"menu_order":0,"comment_status":"closed","ping_status":"closed","template":"elementor_theme","meta":{"_acf_changed":false,"_bbp_topic_count":0,"_bbp_reply_count":0,"_bbp_total_topic_count":0,"_bbp_total_reply_count":0,"_bbp_voice_count":0,"_bbp_anonymous_reply_count":0,"_bbp_topic_count_hidden":0,"_bbp_reply_count_hidden":0,"_bbp_forum_subforum_count":0,"footnotes":""},"class_list":["post-2410","page","type-page","status-publish","has-post-thumbnail","hentry"],"acf":[],"yoast_head":"<!-- This site is optimized with the Yoast SEO plugin v27.2 - https:\/\/yoast.com\/product\/yoast-seo-wordpress\/ -->\n<title>Adh\u00e9sion - Lacrosse Canada<\/title>\n<meta name=\"robots\" content=\"index, follow, max-snippet:-1, max-image-preview:large, max-video-preview:-1\" \/>\n<link rel=\"canonical\" href=\"https:\/\/lacrosse.ca\/fr\/adhesion\/\" \/>\n<meta property=\"og:locale\" content=\"fr_FR\" \/>\n<meta property=\"og:type\" content=\"article\" \/>\n<meta property=\"og:title\" content=\"Adh\u00e9sion - Lacrosse Canada\" \/>\n<meta property=\"og:description\" content=\"Avantages essentiels pour les membres Couverture d\u2019assurance \u2013 Les participants inscrits b\u00e9n\u00e9ficient d\u2019une assurance responsabilit\u00e9 civile pour les \u00e9v\u00e9nements sanctionn\u00e9s par Lacrosse Canada et pour les \u00e9quipes nationales. Acc\u00e8s aux comp\u00e9titions nationales &#8211; Admissible \u00e0 participer aux 13 championnats nationaux de Lacrosse Canada et \u00e0 d&rsquo;autres \u00e9v\u00e9nements sanctionn\u00e9s. Certification des entra\u00eeneurs et des officiels &#8211; [&hellip;]\" \/>\n<meta property=\"og:url\" content=\"https:\/\/lacrosse.ca\/fr\/adhesion\/\" \/>\n<meta property=\"og:site_name\" content=\"Lacrosse Canada\" \/>\n<meta property=\"article:modified_time\" content=\"2025-10-21T14:00:29+00:00\" \/>\n<meta property=\"og:image\" content=\"https:\/\/lacrosse.ca\/wp-content\/uploads\/2025\/03\/womens-u20-link1.webp\" \/>\n\t<meta property=\"og:image:width\" content=\"800\" \/>\n\t<meta property=\"og:image:height\" content=\"796\" \/>\n\t<meta property=\"og:image:type\" content=\"image\/webp\" \/>\n<meta name=\"twitter:card\" content=\"summary_large_image\" \/>\n<meta name=\"twitter:label1\" content=\"Est. reading time\" \/>\n\t<meta name=\"twitter:data1\" content=\"3 minutes\" \/>\n<script type=\"application\/ld+json\" class=\"yoast-schema-graph\">{\"@context\":\"https:\/\/schema.org\",\"@graph\":[{\"@type\":\"WebPage\",\"@id\":\"https:\/\/lacrosse.ca\/fr\/adhesion\/\",\"url\":\"https:\/\/lacrosse.ca\/fr\/adhesion\/\",\"name\":\"Adh\u00e9sion - Lacrosse Canada\",\"isPartOf\":{\"@id\":\"https:\/\/lacrosse.ca\/fr\/#website\"},\"primaryImageOfPage\":{\"@id\":\"https:\/\/lacrosse.ca\/fr\/adhesion\/#primaryimage\"},\"image\":{\"@id\":\"https:\/\/lacrosse.ca\/fr\/adhesion\/#primaryimage\"},\"thumbnailUrl\":\"https:\/\/lacrosse.ca\/wp-content\/uploads\/2025\/03\/womens-u20-link1.webp\",\"datePublished\":\"2025-03-17T18:37:49+00:00\",\"dateModified\":\"2025-10-21T14:00:29+00:00\",\"breadcrumb\":{\"@id\":\"https:\/\/lacrosse.ca\/fr\/adhesion\/#breadcrumb\"},\"inLanguage\":\"fr-FR\",\"potentialAction\":[{\"@type\":\"ReadAction\",\"target\":[\"https:\/\/lacrosse.ca\/fr\/adhesion\/\"]}]},{\"@type\":\"ImageObject\",\"inLanguage\":\"fr-FR\",\"@id\":\"https:\/\/lacrosse.ca\/fr\/adhesion\/#primaryimage\",\"url\":\"https:\/\/lacrosse.ca\/wp-content\/uploads\/2025\/03\/womens-u20-link1.webp\",\"contentUrl\":\"https:\/\/lacrosse.ca\/wp-content\/uploads\/2025\/03\/womens-u20-link1.webp\",\"width\":800,\"height\":796},{\"@type\":\"BreadcrumbList\",\"@id\":\"https:\/\/lacrosse.ca\/fr\/adhesion\/#breadcrumb\",\"itemListElement\":[{\"@type\":\"ListItem\",\"position\":1,\"name\":\"Home\",\"item\":\"https:\/\/lacrosse.ca\/fr\/maison-2\/\"},{\"@type\":\"ListItem\",\"position\":2,\"name\":\"Adh\u00e9sion\"}]},{\"@type\":\"WebSite\",\"@id\":\"https:\/\/lacrosse.ca\/fr\/#website\",\"url\":\"https:\/\/lacrosse.ca\/fr\/\",\"name\":\"Lacrosse Canada\",\"description\":\"The World&#039;s Leading Lacrosse Program\",\"publisher\":{\"@id\":\"https:\/\/lacrosse.ca\/fr\/#organization\"},\"potentialAction\":[{\"@type\":\"SearchAction\",\"target\":{\"@type\":\"EntryPoint\",\"urlTemplate\":\"https:\/\/lacrosse.ca\/fr\/?s={search_term_string}\"},\"query-input\":{\"@type\":\"PropertyValueSpecification\",\"valueRequired\":true,\"valueName\":\"search_term_string\"}}],\"inLanguage\":\"fr-FR\"},{\"@type\":\"Organization\",\"@id\":\"https:\/\/lacrosse.ca\/fr\/#organization\",\"name\":\"Lacrosse Canada\",\"url\":\"https:\/\/lacrosse.ca\/fr\/\",\"logo\":{\"@type\":\"ImageObject\",\"inLanguage\":\"fr-FR\",\"@id\":\"https:\/\/lacrosse.ca\/fr\/#\/schema\/logo\/image\/\",\"url\":\"https:\/\/lacrosse.ca\/wp-content\/uploads\/2025\/01\/Lacrosse-Canada-Seal-Favicon.gif\",\"contentUrl\":\"https:\/\/lacrosse.ca\/wp-content\/uploads\/2025\/01\/Lacrosse-Canada-Seal-Favicon.gif\",\"width\":512,\"height\":512,\"caption\":\"Lacrosse Canada\"},\"image\":{\"@id\":\"https:\/\/lacrosse.ca\/fr\/#\/schema\/logo\/image\/\"}}]}<\/script>\n<!-- \/ Yoast SEO plugin. -->","yoast_head_json":{"title":"Adh\u00e9sion - Lacrosse Canada","robots":{"index":"index","follow":"follow","max-snippet":"max-snippet:-1","max-image-preview":"max-image-preview:large","max-video-preview":"max-video-preview:-1"},"canonical":"https:\/\/lacrosse.ca\/fr\/adhesion\/","og_locale":"fr_FR","og_type":"article","og_title":"Adh\u00e9sion - Lacrosse Canada","og_description":"Avantages essentiels pour les membres Couverture d\u2019assurance \u2013 Les participants inscrits b\u00e9n\u00e9ficient d\u2019une assurance responsabilit\u00e9 civile pour les \u00e9v\u00e9nements sanctionn\u00e9s par Lacrosse Canada et pour les \u00e9quipes nationales. Acc\u00e8s aux comp\u00e9titions nationales &#8211; Admissible \u00e0 participer aux 13 championnats nationaux de Lacrosse Canada et \u00e0 d&rsquo;autres \u00e9v\u00e9nements sanctionn\u00e9s. Certification des entra\u00eeneurs et des officiels &#8211; [&hellip;]","og_url":"https:\/\/lacrosse.ca\/fr\/adhesion\/","og_site_name":"Lacrosse Canada","article_modified_time":"2025-10-21T14:00:29+00:00","og_image":[{"width":800,"height":796,"url":"https:\/\/lacrosse.ca\/wp-content\/uploads\/2025\/03\/womens-u20-link1.webp","type":"image\/webp"}],"twitter_card":"summary_large_image","twitter_misc":{"Est. reading time":"3 minutes"},"schema":{"@context":"https:\/\/schema.org","@graph":[{"@type":"WebPage","@id":"https:\/\/lacrosse.ca\/fr\/adhesion\/","url":"https:\/\/lacrosse.ca\/fr\/adhesion\/","name":"Adh\u00e9sion - Lacrosse Canada","isPartOf":{"@id":"https:\/\/lacrosse.ca\/fr\/#website"},"primaryImageOfPage":{"@id":"https:\/\/lacrosse.ca\/fr\/adhesion\/#primaryimage"},"image":{"@id":"https:\/\/lacrosse.ca\/fr\/adhesion\/#primaryimage"},"thumbnailUrl":"https:\/\/lacrosse.ca\/wp-content\/uploads\/2025\/03\/womens-u20-link1.webp","datePublished":"2025-03-17T18:37:49+00:00","dateModified":"2025-10-21T14:00:29+00:00","breadcrumb":{"@id":"https:\/\/lacrosse.ca\/fr\/adhesion\/#breadcrumb"},"inLanguage":"fr-FR","potentialAction":[{"@type":"ReadAction","target":["https:\/\/lacrosse.ca\/fr\/adhesion\/"]}]},{"@type":"ImageObject","inLanguage":"fr-FR","@id":"https:\/\/lacrosse.ca\/fr\/adhesion\/#primaryimage","url":"https:\/\/lacrosse.ca\/wp-content\/uploads\/2025\/03\/womens-u20-link1.webp","contentUrl":"https:\/\/lacrosse.ca\/wp-content\/uploads\/2025\/03\/womens-u20-link1.webp","width":800,"height":796},{"@type":"BreadcrumbList","@id":"https:\/\/lacrosse.ca\/fr\/adhesion\/#breadcrumb","itemListElement":[{"@type":"ListItem","position":1,"name":"Home","item":"https:\/\/lacrosse.ca\/fr\/maison-2\/"},{"@type":"ListItem","position":2,"name":"Adh\u00e9sion"}]},{"@type":"WebSite","@id":"https:\/\/lacrosse.ca\/fr\/#website","url":"https:\/\/lacrosse.ca\/fr\/","name":"Lacrosse Canada","description":"The World&#039;s Leading Lacrosse Program","publisher":{"@id":"https:\/\/lacrosse.ca\/fr\/#organization"},"potentialAction":[{"@type":"SearchAction","target":{"@type":"EntryPoint","urlTemplate":"https:\/\/lacrosse.ca\/fr\/?s={search_term_string}"},"query-input":{"@type":"PropertyValueSpecification","valueRequired":true,"valueName":"search_term_string"}}],"inLanguage":"fr-FR"},{"@type":"Organization","@id":"https:\/\/lacrosse.ca\/fr\/#organization","name":"Lacrosse Canada","url":"https:\/\/lacrosse.ca\/fr\/","logo":{"@type":"ImageObject","inLanguage":"fr-FR","@id":"https:\/\/lacrosse.ca\/fr\/#\/schema\/logo\/image\/","url":"https:\/\/lacrosse.ca\/wp-content\/uploads\/2025\/01\/Lacrosse-Canada-Seal-Favicon.gif","contentUrl":"https:\/\/lacrosse.ca\/wp-content\/uploads\/2025\/01\/Lacrosse-Canada-Seal-Favicon.gif","width":512,"height":512,"caption":"Lacrosse Canada"},"image":{"@id":"https:\/\/lacrosse.ca\/fr\/#\/schema\/logo\/image\/"}}]}},"_links":{"self":[{"href":"https:\/\/lacrosse.ca\/fr\/wp-json\/wp\/v2\/pages\/2410","targetHints":{"allow":["GET"]}}],"collection":[{"href":"https:\/\/lacrosse.ca\/fr\/wp-json\/wp\/v2\/pages"}],"about":[{"href":"https:\/\/lacrosse.ca\/fr\/wp-json\/wp\/v2\/types\/page"}],"author":[{"embeddable":true,"href":"https:\/\/lacrosse.ca\/fr\/wp-json\/wp\/v2\/users\/4"}],"replies":[{"embeddable":true,"href":"https:\/\/lacrosse.ca\/fr\/wp-json\/wp\/v2\/comments?post=2410"}],"version-history":[{"count":0,"href":"https:\/\/lacrosse.ca\/fr\/wp-json\/wp\/v2\/pages\/2410\/revisions"}],"wp:featuredmedia":[{"embeddable":true,"href":"https:\/\/lacrosse.ca\/fr\/wp-json\/wp\/v2\/media\/1250"}],"wp:attachment":[{"href":"https:\/\/lacrosse.ca\/fr\/wp-json\/wp\/v2\/media?parent=2410"}],"curies":[{"name":"wp","href":"https:\/\/api.w.org\/{rel}","templated":true}]}}