{"id":2421,"date":"2025-02-20T16:50:44","date_gmt":"2025-02-20T16:50:44","guid":{"rendered":"https:\/\/lacrosscanada.wpenginepowered.com\/devenir-coach\/"},"modified":"2025-03-20T19:14:39","modified_gmt":"2025-03-20T19:14:39","slug":"devenir-coach","status":"publish","type":"page","link":"https:\/\/lacrosse.ca\/fr\/developpement\/entraineurs\/devenir-coach\/","title":{"rendered":"Devenir coach"},"content":{"rendered":"\n<p><strong>Par o\u00f9 commencer?<\/strong><\/p>\n\n<h2 class=\"wp-block-heading\"><strong>Comment devenir entra\u00eeneur<\/strong><\/h2>\n\n<p>Entra\u00eener une \u00e9quipe de crosse est un excellent moyen de redonner au jeu, de d\u00e9velopper des comp\u00e9tences en leadership et d&rsquo;aider les athl\u00e8tes \u00e0 grandir. Que vous soyez novice en coaching ou que vous cherchiez \u00e0 progresser, voici comment commencer : <br\/><\/p>\n\n<hr class=\"wp-block-separator has-alpha-channel-opacity\"\/>\n\n<h3 class=\"wp-block-heading\"><br\/><strong>1. Obtenez votre num\u00e9ro PNCE <\/strong>(obligatoire)<\/h3>\n\n<p>Avant de devenir entra\u00eeneur, vous devrez vous inscrire pour obtenir un num\u00e9ro du Programme national de certification des entra\u00eeneurs (PNCE). Ce num\u00e9ro vous permet de suivre votre formation et vos certifications de coaching. <\/p>\n\n<p><a href=\"https:\/\/thelocker.coach.ca\/\" target=\"_blank\" rel=\"noreferrer noopener\">Inscrivez-vous pour obtenir un num\u00e9ro PNCE ici<\/a> (<em>c&rsquo;est rapide et gratuit !<\/em>)<br\/><br\/><\/p>\n\n<hr class=\"wp-block-separator has-alpha-channel-opacity\"\/>\n\n<h3 class=\"wp-block-heading\"><br\/><strong>2. Impliquez-vous dans votre association locale de crosse<\/strong><\/h3>\n\n<p>La plupart des entra\u00eeneurs commencent au niveau communautaire ! Communiquez avec votre <a href=\"https:\/\/lacrosse.ca\/fr\/associations-membres\/\">association provinciale\/territoriale de crosse<\/a> pour :<br\/>&#8211; Trouver des occasions de coaching<br\/>&#8211; Informez-vous sur les programmes de formation et de d\u00e9veloppement offerts<br\/>&#8211; Participez \u00e0 des cliniques de coaching ou \u00e0 des occasions de mentorat <br\/><br\/><\/p>\n\n<hr class=\"wp-block-separator has-alpha-channel-opacity\"\/>\n\n<h3 class=\"wp-block-heading\"><br\/><strong>3. D\u00e9veloppez vos connaissances en coaching<\/strong><\/h3>\n\n<p>De nombreux coachs trouvent utile d&rsquo;explorer la formation au coaching. Voici quelques excellentes ressources \u00e0 consulter : <\/p>\n\n<p>&#8211; <a href=\"https:\/\/coach.ca\/making-head-way-concussion-elearning-series\">Making Head Way (Formation sur les commotions c\u00e9r\u00e9brales)<br\/><\/a>&#8211; <a href=\"https:\/\/coach.ca\/module\/nccp-make-ethical-decisions\" target=\"_blank\" rel=\"noreferrer noopener\">Prendre des d\u00e9cisions \u00e9thiques<br\/><\/a>&#8211; <a href=\"https:\/\/coach.ca\/training-modules\" target=\"_blank\" rel=\"noreferrer noopener\">Formation multisports du PNCE<br\/><\/a>&#8211; Modules de perfectionnement professionnel &#8211; \u00c0 venir !<\/p>\n\n<p>Plusieurs cours sont GRATUITS ou subventionn\u00e9s : apprenez \u00e0 votre rythme !<br\/><br\/><\/p>\n\n<hr class=\"wp-block-separator has-alpha-channel-opacity\"\/>\n\n<h3 class=\"wp-block-heading\"><br\/><strong>4. Gagnez de l&rsquo;exp\u00e9rience et continuez d&rsquo;apprendre<\/strong><\/h3>\n\n<p>Les grands entra\u00eeneurs continuent d&rsquo;apprendre ! Une fois que vous \u00eates impliqu\u00e9 dans le coaching, il existe de nombreuses fa\u00e7ons de continuer \u00e0 d\u00e9velopper vos comp\u00e9tences : <\/p>\n\n<p>\u00c9valuations des entra\u00eeneurs \u2013 Possibilit\u00e9s de recevoir de la r\u00e9troaction et de s&rsquo;am\u00e9liorer<br\/>Ateliers et cliniques \u2013 Apprenez aupr\u00e8s de coachs exp\u00e9riment\u00e9s et de conf\u00e9renciers invit\u00e9s<br\/>S\u00e9ances de formation en personne \u2013 \u00e0 d\u00e9terminer <br\/><br\/><br\/><br\/><br\/>Conseil! Utilisez <a href=\"https:\/\/coachthem.com\/sports\/lacrosse\">CoachThem<\/a> pour dessiner des exercices personnalis\u00e9s et cr\u00e9er des plans d&rsquo;entra\u00eenement adapt\u00e9s aux besoins de votre \u00e9quipe. De plus, consultez notre<a href=\"https:\/\/www.instagram.com\/lacrossecanada\/?hl=en\" target=\"_blank\" rel=\"noreferrer noopener\"> Instagram <\/a>pour d\u00e9couvrir les exercices CoachThem et l&rsquo;inspiration de coaching !  <br\/><\/p>\n\n<p><\/p>\n","protected":false},"excerpt":{"rendered":"<p>Par o\u00f9 commencer? Comment devenir entra\u00eeneur Entra\u00eener une \u00e9quipe de crosse est un excellent moyen de redonner au jeu, de d\u00e9velopper des comp\u00e9tences en leadership et d&rsquo;aider les athl\u00e8tes \u00e0 grandir. Que vous soyez novice en coaching ou que vous cherchiez \u00e0 progresser, voici comment commencer : 1. Obtenez votre num\u00e9ro PNCE (obligatoire) Avant de [&hellip;]<\/p>\n","protected":false},"author":3,"featured_media":1288,"parent":2423,"menu_order":0,"comment_status":"closed","ping_status":"closed","template":"","meta":{"_acf_changed":false,"_bbp_topic_count":0,"_bbp_reply_count":0,"_bbp_total_topic_count":0,"_bbp_total_reply_count":0,"_bbp_voice_count":0,"_bbp_anonymous_reply_count":0,"_bbp_topic_count_hidden":0,"_bbp_reply_count_hidden":0,"_bbp_forum_subforum_count":0,"footnotes":""},"class_list":["post-2421","page","type-page","status-publish","has-post-thumbnail","hentry"],"acf":[],"yoast_head":"<!-- This site is optimized with the Yoast SEO plugin v27.2 - https:\/\/yoast.com\/product\/yoast-seo-wordpress\/ -->\n<title>Devenir coach - Lacrosse Canada<\/title>\n<meta name=\"description\" content=\"Devenez entra\u00eeneur de crosse et ayez un impact durable sur les athl\u00e8tes tout en d\u00e9veloppant le jeu ! Apprenez comment d\u00e9marrer en vous inscrivant pour obtenir un num\u00e9ro du Programme national de certification des entra\u00eeneurs (PNCE), en vous connectant \u00e0 votre association provinciale\/territoriale de crosse et en acc\u00e9dant \u00e0 de pr\u00e9cieuses ressources d\u2019entra\u00eenement. D\u00e9couvrez des cours gratuits et subventionn\u00e9s sur la sensibilisation aux commotions c\u00e9r\u00e9brales, l&#039;\u00e9thique et le d\u00e9veloppement multisports. Continuez \u00e0 d\u00e9velopper vos comp\u00e9tences gr\u00e2ce \u00e0 des \u00e9valuations de coachs, des ateliers et des s\u00e9ances de formation en personne. Le coaching ne se limite pas \u00e0 enseigner le jeu : il s&#039;agit de leadership, de mentorat et de promotion de la croissance. Commencez votre parcours d&#039;entra\u00eeneur d\u00e8s aujourd&#039;hui et aidez \u00e0 fa\u00e7onner l&#039;avenir de la crosse !\" \/>\n<meta name=\"robots\" content=\"index, follow, max-snippet:-1, max-image-preview:large, max-video-preview:-1\" \/>\n<link rel=\"canonical\" href=\"https:\/\/lacrosse.ca\/fr\/developpement\/entraineurs\/devenir-coach\/\" \/>\n<meta property=\"og:locale\" content=\"fr_FR\" \/>\n<meta property=\"og:type\" content=\"article\" \/>\n<meta property=\"og:title\" content=\"Devenir coach - Lacrosse Canada\" \/>\n<meta property=\"og:description\" content=\"Devenez entra\u00eeneur de crosse et ayez un impact durable sur les athl\u00e8tes tout en d\u00e9veloppant le jeu ! Apprenez comment d\u00e9marrer en vous inscrivant pour obtenir un num\u00e9ro du Programme national de certification des entra\u00eeneurs (PNCE), en vous connectant \u00e0 votre association provinciale\/territoriale de crosse et en acc\u00e9dant \u00e0 de pr\u00e9cieuses ressources d\u2019entra\u00eenement. D\u00e9couvrez des cours gratuits et subventionn\u00e9s sur la sensibilisation aux commotions c\u00e9r\u00e9brales, l&#039;\u00e9thique et le d\u00e9veloppement multisports. Continuez \u00e0 d\u00e9velopper vos comp\u00e9tences gr\u00e2ce \u00e0 des \u00e9valuations de coachs, des ateliers et des s\u00e9ances de formation en personne. Le coaching ne se limite pas \u00e0 enseigner le jeu : il s&#039;agit de leadership, de mentorat et de promotion de la croissance. Commencez votre parcours d&#039;entra\u00eeneur d\u00e8s aujourd&#039;hui et aidez \u00e0 fa\u00e7onner l&#039;avenir de la crosse !\" \/>\n<meta property=\"og:url\" content=\"https:\/\/lacrosse.ca\/fr\/developpement\/entraineurs\/devenir-coach\/\" \/>\n<meta property=\"og:site_name\" content=\"Lacrosse Canada\" \/>\n<meta property=\"article:modified_time\" content=\"2025-03-20T19:14:39+00:00\" \/>\n<meta property=\"og:image\" content=\"https:\/\/lacrosse.ca\/wp-content\/uploads\/2025\/03\/canadian-lacrosse-coach.webp\" \/>\n\t<meta property=\"og:image:width\" content=\"1400\" \/>\n\t<meta property=\"og:image:height\" content=\"817\" \/>\n\t<meta property=\"og:image:type\" content=\"image\/webp\" \/>\n<meta name=\"twitter:card\" content=\"summary_large_image\" \/>\n<meta name=\"twitter:label1\" content=\"Est. reading time\" \/>\n\t<meta name=\"twitter:data1\" content=\"2 minutes\" \/>\n<script type=\"application\/ld+json\" class=\"yoast-schema-graph\">{\"@context\":\"https:\/\/schema.org\",\"@graph\":[{\"@type\":\"WebPage\",\"@id\":\"https:\/\/lacrosse.ca\/fr\/developpement\/entraineurs\/devenir-coach\/\",\"url\":\"https:\/\/lacrosse.ca\/fr\/developpement\/entraineurs\/devenir-coach\/\",\"name\":\"Devenir coach - Lacrosse Canada\",\"isPartOf\":{\"@id\":\"https:\/\/lacrosse.ca\/fr\/#website\"},\"primaryImageOfPage\":{\"@id\":\"https:\/\/lacrosse.ca\/fr\/developpement\/entraineurs\/devenir-coach\/#primaryimage\"},\"image\":{\"@id\":\"https:\/\/lacrosse.ca\/fr\/developpement\/entraineurs\/devenir-coach\/#primaryimage\"},\"thumbnailUrl\":\"https:\/\/lacrosse.ca\/wp-content\/uploads\/2025\/03\/canadian-lacrosse-coach.webp\",\"datePublished\":\"2025-02-20T16:50:44+00:00\",\"dateModified\":\"2025-03-20T19:14:39+00:00\",\"description\":\"Devenez entra\u00eeneur de crosse et ayez un impact durable sur les athl\u00e8tes tout en d\u00e9veloppant le jeu ! Apprenez comment d\u00e9marrer en vous inscrivant pour obtenir un num\u00e9ro du Programme national de certification des entra\u00eeneurs (PNCE), en vous connectant \u00e0 votre association provinciale\/territoriale de crosse et en acc\u00e9dant \u00e0 de pr\u00e9cieuses ressources d\u2019entra\u00eenement. D\u00e9couvrez des cours gratuits et subventionn\u00e9s sur la sensibilisation aux commotions c\u00e9r\u00e9brales, l'\u00e9thique et le d\u00e9veloppement multisports. Continuez \u00e0 d\u00e9velopper vos comp\u00e9tences gr\u00e2ce \u00e0 des \u00e9valuations de coachs, des ateliers et des s\u00e9ances de formation en personne. Le coaching ne se limite pas \u00e0 enseigner le jeu : il s'agit de leadership, de mentorat et de promotion de la croissance. Commencez votre parcours d'entra\u00eeneur d\u00e8s aujourd'hui et aidez \u00e0 fa\u00e7onner l'avenir de la crosse !\",\"breadcrumb\":{\"@id\":\"https:\/\/lacrosse.ca\/fr\/developpement\/entraineurs\/devenir-coach\/#breadcrumb\"},\"inLanguage\":\"fr-FR\",\"potentialAction\":[{\"@type\":\"ReadAction\",\"target\":[\"https:\/\/lacrosse.ca\/fr\/developpement\/entraineurs\/devenir-coach\/\"]}]},{\"@type\":\"ImageObject\",\"inLanguage\":\"fr-FR\",\"@id\":\"https:\/\/lacrosse.ca\/fr\/developpement\/entraineurs\/devenir-coach\/#primaryimage\",\"url\":\"https:\/\/lacrosse.ca\/wp-content\/uploads\/2025\/03\/canadian-lacrosse-coach.webp\",\"contentUrl\":\"https:\/\/lacrosse.ca\/wp-content\/uploads\/2025\/03\/canadian-lacrosse-coach.webp\",\"width\":1400,\"height\":817},{\"@type\":\"BreadcrumbList\",\"@id\":\"https:\/\/lacrosse.ca\/fr\/developpement\/entraineurs\/devenir-coach\/#breadcrumb\",\"itemListElement\":[{\"@type\":\"ListItem\",\"position\":1,\"name\":\"Home\",\"item\":\"https:\/\/lacrosse.ca\/fr\/maison-2\/\"},{\"@type\":\"ListItem\",\"position\":2,\"name\":\"D\u00e9veloppement\",\"item\":\"https:\/\/lacrosse.ca\/fr\/developpement\/\"},{\"@type\":\"ListItem\",\"position\":3,\"name\":\"entra\u00eeneurs\",\"item\":\"https:\/\/lacrosse.ca\/fr\/developpement\/entraineurs\/\"},{\"@type\":\"ListItem\",\"position\":4,\"name\":\"Devenir coach\"}]},{\"@type\":\"WebSite\",\"@id\":\"https:\/\/lacrosse.ca\/fr\/#website\",\"url\":\"https:\/\/lacrosse.ca\/fr\/\",\"name\":\"Lacrosse Canada\",\"description\":\"The World&#039;s Leading Lacrosse Program\",\"publisher\":{\"@id\":\"https:\/\/lacrosse.ca\/fr\/#organization\"},\"potentialAction\":[{\"@type\":\"SearchAction\",\"target\":{\"@type\":\"EntryPoint\",\"urlTemplate\":\"https:\/\/lacrosse.ca\/fr\/?s={search_term_string}\"},\"query-input\":{\"@type\":\"PropertyValueSpecification\",\"valueRequired\":true,\"valueName\":\"search_term_string\"}}],\"inLanguage\":\"fr-FR\"},{\"@type\":\"Organization\",\"@id\":\"https:\/\/lacrosse.ca\/fr\/#organization\",\"name\":\"Lacrosse Canada\",\"url\":\"https:\/\/lacrosse.ca\/fr\/\",\"logo\":{\"@type\":\"ImageObject\",\"inLanguage\":\"fr-FR\",\"@id\":\"https:\/\/lacrosse.ca\/fr\/#\/schema\/logo\/image\/\",\"url\":\"https:\/\/lacrosse.ca\/wp-content\/uploads\/2025\/01\/Lacrosse-Canada-Seal-Favicon.gif\",\"contentUrl\":\"https:\/\/lacrosse.ca\/wp-content\/uploads\/2025\/01\/Lacrosse-Canada-Seal-Favicon.gif\",\"width\":512,\"height\":512,\"caption\":\"Lacrosse Canada\"},\"image\":{\"@id\":\"https:\/\/lacrosse.ca\/fr\/#\/schema\/logo\/image\/\"}}]}<\/script>\n<!-- \/ Yoast SEO plugin. -->","yoast_head_json":{"title":"Devenir coach - Lacrosse Canada","description":"Devenez entra\u00eeneur de crosse et ayez un impact durable sur les athl\u00e8tes tout en d\u00e9veloppant le jeu ! Apprenez comment d\u00e9marrer en vous inscrivant pour obtenir un num\u00e9ro du Programme national de certification des entra\u00eeneurs (PNCE), en vous connectant \u00e0 votre association provinciale\/territoriale de crosse et en acc\u00e9dant \u00e0 de pr\u00e9cieuses ressources d\u2019entra\u00eenement. D\u00e9couvrez des cours gratuits et subventionn\u00e9s sur la sensibilisation aux commotions c\u00e9r\u00e9brales, l'\u00e9thique et le d\u00e9veloppement multisports. Continuez \u00e0 d\u00e9velopper vos comp\u00e9tences gr\u00e2ce \u00e0 des \u00e9valuations de coachs, des ateliers et des s\u00e9ances de formation en personne. Le coaching ne se limite pas \u00e0 enseigner le jeu : il s'agit de leadership, de mentorat et de promotion de la croissance. Commencez votre parcours d'entra\u00eeneur d\u00e8s aujourd'hui et aidez \u00e0 fa\u00e7onner l'avenir de la crosse !","robots":{"index":"index","follow":"follow","max-snippet":"max-snippet:-1","max-image-preview":"max-image-preview:large","max-video-preview":"max-video-preview:-1"},"canonical":"https:\/\/lacrosse.ca\/fr\/developpement\/entraineurs\/devenir-coach\/","og_locale":"fr_FR","og_type":"article","og_title":"Devenir coach - Lacrosse Canada","og_description":"Devenez entra\u00eeneur de crosse et ayez un impact durable sur les athl\u00e8tes tout en d\u00e9veloppant le jeu ! Apprenez comment d\u00e9marrer en vous inscrivant pour obtenir un num\u00e9ro du Programme national de certification des entra\u00eeneurs (PNCE), en vous connectant \u00e0 votre association provinciale\/territoriale de crosse et en acc\u00e9dant \u00e0 de pr\u00e9cieuses ressources d\u2019entra\u00eenement. D\u00e9couvrez des cours gratuits et subventionn\u00e9s sur la sensibilisation aux commotions c\u00e9r\u00e9brales, l'\u00e9thique et le d\u00e9veloppement multisports. Continuez \u00e0 d\u00e9velopper vos comp\u00e9tences gr\u00e2ce \u00e0 des \u00e9valuations de coachs, des ateliers et des s\u00e9ances de formation en personne. Le coaching ne se limite pas \u00e0 enseigner le jeu : il s'agit de leadership, de mentorat et de promotion de la croissance. Commencez votre parcours d'entra\u00eeneur d\u00e8s aujourd'hui et aidez \u00e0 fa\u00e7onner l'avenir de la crosse !","og_url":"https:\/\/lacrosse.ca\/fr\/developpement\/entraineurs\/devenir-coach\/","og_site_name":"Lacrosse Canada","article_modified_time":"2025-03-20T19:14:39+00:00","og_image":[{"width":1400,"height":817,"url":"https:\/\/lacrosse.ca\/wp-content\/uploads\/2025\/03\/canadian-lacrosse-coach.webp","type":"image\/webp"}],"twitter_card":"summary_large_image","twitter_misc":{"Est. reading time":"2 minutes"},"schema":{"@context":"https:\/\/schema.org","@graph":[{"@type":"WebPage","@id":"https:\/\/lacrosse.ca\/fr\/developpement\/entraineurs\/devenir-coach\/","url":"https:\/\/lacrosse.ca\/fr\/developpement\/entraineurs\/devenir-coach\/","name":"Devenir coach - Lacrosse Canada","isPartOf":{"@id":"https:\/\/lacrosse.ca\/fr\/#website"},"primaryImageOfPage":{"@id":"https:\/\/lacrosse.ca\/fr\/developpement\/entraineurs\/devenir-coach\/#primaryimage"},"image":{"@id":"https:\/\/lacrosse.ca\/fr\/developpement\/entraineurs\/devenir-coach\/#primaryimage"},"thumbnailUrl":"https:\/\/lacrosse.ca\/wp-content\/uploads\/2025\/03\/canadian-lacrosse-coach.webp","datePublished":"2025-02-20T16:50:44+00:00","dateModified":"2025-03-20T19:14:39+00:00","description":"Devenez entra\u00eeneur de crosse et ayez un impact durable sur les athl\u00e8tes tout en d\u00e9veloppant le jeu ! Apprenez comment d\u00e9marrer en vous inscrivant pour obtenir un num\u00e9ro du Programme national de certification des entra\u00eeneurs (PNCE), en vous connectant \u00e0 votre association provinciale\/territoriale de crosse et en acc\u00e9dant \u00e0 de pr\u00e9cieuses ressources d\u2019entra\u00eenement. D\u00e9couvrez des cours gratuits et subventionn\u00e9s sur la sensibilisation aux commotions c\u00e9r\u00e9brales, l'\u00e9thique et le d\u00e9veloppement multisports. Continuez \u00e0 d\u00e9velopper vos comp\u00e9tences gr\u00e2ce \u00e0 des \u00e9valuations de coachs, des ateliers et des s\u00e9ances de formation en personne. Le coaching ne se limite pas \u00e0 enseigner le jeu : il s'agit de leadership, de mentorat et de promotion de la croissance. Commencez votre parcours d'entra\u00eeneur d\u00e8s aujourd'hui et aidez \u00e0 fa\u00e7onner l'avenir de la crosse !","breadcrumb":{"@id":"https:\/\/lacrosse.ca\/fr\/developpement\/entraineurs\/devenir-coach\/#breadcrumb"},"inLanguage":"fr-FR","potentialAction":[{"@type":"ReadAction","target":["https:\/\/lacrosse.ca\/fr\/developpement\/entraineurs\/devenir-coach\/"]}]},{"@type":"ImageObject","inLanguage":"fr-FR","@id":"https:\/\/lacrosse.ca\/fr\/developpement\/entraineurs\/devenir-coach\/#primaryimage","url":"https:\/\/lacrosse.ca\/wp-content\/uploads\/2025\/03\/canadian-lacrosse-coach.webp","contentUrl":"https:\/\/lacrosse.ca\/wp-content\/uploads\/2025\/03\/canadian-lacrosse-coach.webp","width":1400,"height":817},{"@type":"BreadcrumbList","@id":"https:\/\/lacrosse.ca\/fr\/developpement\/entraineurs\/devenir-coach\/#breadcrumb","itemListElement":[{"@type":"ListItem","position":1,"name":"Home","item":"https:\/\/lacrosse.ca\/fr\/maison-2\/"},{"@type":"ListItem","position":2,"name":"D\u00e9veloppement","item":"https:\/\/lacrosse.ca\/fr\/developpement\/"},{"@type":"ListItem","position":3,"name":"entra\u00eeneurs","item":"https:\/\/lacrosse.ca\/fr\/developpement\/entraineurs\/"},{"@type":"ListItem","position":4,"name":"Devenir coach"}]},{"@type":"WebSite","@id":"https:\/\/lacrosse.ca\/fr\/#website","url":"https:\/\/lacrosse.ca\/fr\/","name":"Lacrosse Canada","description":"The World&#039;s Leading Lacrosse Program","publisher":{"@id":"https:\/\/lacrosse.ca\/fr\/#organization"},"potentialAction":[{"@type":"SearchAction","target":{"@type":"EntryPoint","urlTemplate":"https:\/\/lacrosse.ca\/fr\/?s={search_term_string}"},"query-input":{"@type":"PropertyValueSpecification","valueRequired":true,"valueName":"search_term_string"}}],"inLanguage":"fr-FR"},{"@type":"Organization","@id":"https:\/\/lacrosse.ca\/fr\/#organization","name":"Lacrosse Canada","url":"https:\/\/lacrosse.ca\/fr\/","logo":{"@type":"ImageObject","inLanguage":"fr-FR","@id":"https:\/\/lacrosse.ca\/fr\/#\/schema\/logo\/image\/","url":"https:\/\/lacrosse.ca\/wp-content\/uploads\/2025\/01\/Lacrosse-Canada-Seal-Favicon.gif","contentUrl":"https:\/\/lacrosse.ca\/wp-content\/uploads\/2025\/01\/Lacrosse-Canada-Seal-Favicon.gif","width":512,"height":512,"caption":"Lacrosse Canada"},"image":{"@id":"https:\/\/lacrosse.ca\/fr\/#\/schema\/logo\/image\/"}}]}},"_links":{"self":[{"href":"https:\/\/lacrosse.ca\/fr\/wp-json\/wp\/v2\/pages\/2421","targetHints":{"allow":["GET"]}}],"collection":[{"href":"https:\/\/lacrosse.ca\/fr\/wp-json\/wp\/v2\/pages"}],"about":[{"href":"https:\/\/lacrosse.ca\/fr\/wp-json\/wp\/v2\/types\/page"}],"author":[{"embeddable":true,"href":"https:\/\/lacrosse.ca\/fr\/wp-json\/wp\/v2\/users\/3"}],"replies":[{"embeddable":true,"href":"https:\/\/lacrosse.ca\/fr\/wp-json\/wp\/v2\/comments?post=2421"}],"version-history":[{"count":0,"href":"https:\/\/lacrosse.ca\/fr\/wp-json\/wp\/v2\/pages\/2421\/revisions"}],"up":[{"embeddable":true,"href":"https:\/\/lacrosse.ca\/fr\/wp-json\/wp\/v2\/pages\/2423"}],"wp:featuredmedia":[{"embeddable":true,"href":"https:\/\/lacrosse.ca\/fr\/wp-json\/wp\/v2\/media\/1288"}],"wp:attachment":[{"href":"https:\/\/lacrosse.ca\/fr\/wp-json\/wp\/v2\/media?parent=2421"}],"curies":[{"name":"wp","href":"https:\/\/api.w.org\/{rel}","templated":true}]}}