{"id":2451,"date":"2025-02-14T01:59:45","date_gmt":"2025-02-14T01:59:45","guid":{"rendered":"https:\/\/lacrosscanada.wpenginepowered.com\/conditions-dutilisation\/"},"modified":"2025-03-20T18:44:23","modified_gmt":"2025-03-20T18:44:23","slug":"conditions-dutilisation","status":"publish","type":"page","link":"https:\/\/lacrosse.ca\/fr\/conditions-dutilisation\/","title":{"rendered":"Conditions d&rsquo;utilisation"},"content":{"rendered":"\t\t<div data-elementor-type=\"wp-page\" data-elementor-id=\"2451\" class=\"elementor elementor-2451 elementor-26\" data-elementor-post-type=\"page\">\n\t\t\t\t<div class=\"elementor-element elementor-element-6be1a437 e-flex e-con-boxed e-con e-parent\" data-id=\"6be1a437\" data-element_type=\"container\" data-e-type=\"container\" data-settings=\"{&quot;jet_parallax_layout_list&quot;:[]}\">\n\t\t\t\t\t<div class=\"e-con-inner\">\n\t\t<div class=\"elementor-element elementor-element-5ded11f e-con-full e-flex e-con e-child\" data-id=\"5ded11f\" data-element_type=\"container\" data-e-type=\"container\" data-settings=\"{&quot;jet_parallax_layout_list&quot;:[]}\">\n\t\t\t\t<div class=\"elementor-element elementor-element-1ded1d9 elementor-widget-divider--view-line elementor-widget elementor-widget-divider\" data-id=\"1ded1d9\" data-element_type=\"widget\" data-e-type=\"widget\" data-widget_type=\"divider.default\">\n\t\t\t\t<div class=\"elementor-widget-container\">\n\t\t\t\t\t\t\t<div class=\"elementor-divider\">\n\t\t\t<span class=\"elementor-divider-separator\">\n\t\t\t\t\t\t<\/span>\n\t\t<\/div>\n\t\t\t\t\t\t<\/div>\n\t\t\t\t<\/div>\n\t\t\t\t<div class=\"elementor-element elementor-element-77fa8604 elementor-widget elementor-widget-text-editor\" data-id=\"77fa8604\" data-element_type=\"widget\" data-e-type=\"widget\" data-widget_type=\"text-editor.default\">\n\t\t\t\t<div class=\"elementor-widget-container\">\n\t\t\t\t\t\t\t\t\t<p><strong>Acceptation des modalit\u00e9s du pr\u00e9sent accord par l&rsquo;utilisation <\/strong><\/p>\n<ol>\n<li>Lacrosse Canada maintient un site Web actuellement situ\u00e9 \u00e0 l\u2019adresse https:\/\/lacrosse.ca\/ (le \u00ab site Web \u00bb) qui fournit des articles, des publications, des renseignements, des donn\u00e9es et d\u2019autres documents (le \u00ab contenu \u00bb). Le site Web vous est fourni sous r\u00e9serve de votre respect des conditions g\u00e9n\u00e9rales d&rsquo;utilisation \u00e9nonc\u00e9es dans le pr\u00e9sent Contrat. En acc\u00e9dant ou en utilisant le site Web, vous acceptez d&rsquo;\u00eatre li\u00e9 par le pr\u00e9sent accord. Si vous n\u2019acceptez pas d\u2019\u00eatre li\u00e9 par le pr\u00e9sent contrat, veuillez ne pas acc\u00e9der au site Web ni l\u2019utiliser.   <\/li>\n<\/ol>\n<p><strong><br>Modifications \u00e0 la pr\u00e9sente entente<\/strong><\/p>\n<ol start=\"2\">\n<li>Lacrosse Canada se r\u00e9serve le droit de modifier le pr\u00e9sent accord en tout temps et votre acc\u00e8s continu au site Web ou votre utilisation de celui-ci apr\u00e8s de telles modifications indique votre acceptation du pr\u00e9sent accord tel que modifi\u00e9. Il est de votre responsabilit\u00e9 de consulter r\u00e9guli\u00e8rement cet accord. <\/li>\n<\/ol>\n<p><strong> <\/strong><\/p>\n<p><strong>Enfants<\/strong><\/p>\n<ol start=\"3\">\n<li>Le site Web n&rsquo;est pas destin\u00e9 \u00e0 \u00eatre utilis\u00e9 par des enfants, en particulier ceux de moins de 13 ans. Pour acc\u00e9der au site Web, vous devez avoir 13 ans ou plus et, par votre utilisation de celui-ci, vous d\u00e9clarez et garantissez que vous avez plus de 13 ans.  <\/li>\n<\/ol>\n<p><strong> <\/strong><\/p>\n<p><strong>Sites Web tiers \/ Liens<\/strong><\/p>\n<ol start=\"4\">\n<li>L&rsquo;acc\u00e8s par le biais de liens vers d&rsquo;autres sites Web est fourni par le site Web pour plus de commodit\u00e9. Lacrosse Canada ne contr\u00f4le pas le contenu de ces sites Web et votre utilisation de tout site Web li\u00e9 est \u00e0 vos propres risques. <\/li>\n<\/ol>\n<p><strong> <\/strong><\/p>\n<p><strong>Mener<\/strong><\/p>\n<ol start=\"5\">\n<li>Vous ne pouvez pas utiliser le site Web \u00e0 des fins de fraude ou pour toute activit\u00e9 qui contrevient aux lois du Canada ou de toute autre juridiction applicable.<\/li>\n<\/ol>\n<p><strong> <\/strong><\/p>\n<p><strong>Exclusion des garanties<\/strong><\/p>\n<ol start=\"6\">\n<li>Vous comprenez et acceptez express\u00e9ment que :\n<ol>\n<li>Votre utilisation du site Web est \u00e0 vos propres risques.<\/li>\n<li>Le site Web et les \u00e9l\u00e9ments fournis sur le site Web sont fournis \u00ab tels quels \u00bb et \u00ab tels que disponibles \u00bb sans repr\u00e9sentation, garantie ou condition d\u2019aucune sorte, expresse ou implicite.<\/li>\n<li>Tout mat\u00e9riel t\u00e9l\u00e9charg\u00e9, imprim\u00e9 ou autrement obtenu par l&rsquo;utilisation du site Web est fait \u00e0 votre seule discr\u00e9tion et \u00e0 vos risques et p\u00e9rils et vous serez seul responsable de tout dommage \u00e0 votre syst\u00e8me informatique ou de toute perte de donn\u00e9es r\u00e9sultant du t\u00e9l\u00e9chargement, de l&rsquo;impression ou de l&rsquo;utilisation de tout mat\u00e9riel de ce type.<\/li>\n<li>Aucun conseil ni aucune information, qu&rsquo;ils soient oraux ou \u00e9crits, obtenus par vous \u00e0 partir du site Web ne cr\u00e9era une garantie, un droit ou un droit qui vous est d\u00fb.<\/li>\n<li>Vous n&rsquo;utiliserez aucun appareil ou processus automatis\u00e9, comme un \u00ab bot \u00bb ou une \u00ab araign\u00e9e \u00bb, pour copier ou extraire des informations ou du contenu du site Web.<\/li>\n<\/ol>\n<\/li>\n<\/ol>\n<p> <\/p>\n<ol start=\"7\">\n<li>Lacrosse Canada a fait des efforts raisonnables pour s&rsquo;assurer que les \u00e9l\u00e9ments contenus sur le site Web sont exacts, mais elle ne garantit pas :\n<ol>\n<li>L&rsquo;exactitude, l&rsquo;actualit\u00e9 ou l&rsquo;exhaustivit\u00e9 des documents ;<\/li>\n<li>Que le site Web sera disponible sans interruption, erreur ou omission ;<\/li>\n<li>Que les d\u00e9fauts seront corrig\u00e9s ; ou<\/li>\n<li>Que le site Web et les serveurs qui le rendent disponible sont exempts de virus ou d\u2019autres composants nuisibles.<\/li>\n<\/ol>\n<\/li>\n<\/ol>\n<p> <\/p>\n<ol start=\"8\">\n<li>En aucun cas, Lacrosse Canada, ses agents ou employ\u00e9s ne seront responsables de toute perte, co\u00fbt ou dommage quel qu&rsquo;il soit (y compris, sans limitation, les dommages pour pr\u00e9judice commercial, perte de profits, de programmes ou de donn\u00e9es, interruption d&rsquo;activit\u00e9s ou toute autre perte p\u00e9cuniaire ou \u00e9conomique) qu&rsquo;ils soient directs, indirects, accessoires, punitifs, sp\u00e9ciaux, exemplaires, cons\u00e9cutifs ou autrement d\u00e9coulant de toute utilisation ou mauvaise utilisation, ou de tout d\u00e9faut, inexactitude, erreur ou omission dans ou sur ce site Web, sans \u00e9gard \u00e0 la forme de l&rsquo;action.<\/li>\n<\/ol>\n<p> <\/p>\n<p><strong>Modification des services<\/strong><\/p>\n<ol start=\"9\">\n<li>Lacrosse Canada se r\u00e9serve le droit de modifier, suspendre ou interrompre le site Web, ou toute partie de celui-ci, avec ou sans pr\u00e9avis. Lacrosse Canada ne sera pas responsable envers vous ou un tiers si elle exerce son droit de modifier, suspendre ou interrompre les services. <\/li>\n<\/ol>\n<p> <\/p>\n<p><strong>Droits de propri\u00e9t\u00e9 intellectuelle <\/strong><\/p>\n<ol start=\"10\">\n<li>Les renseignements, le contenu, les graphiques, les textes, les sons, les images, les boutons, les marques de commerce, les marques de service, les noms commerciaux et les logos contenus sur le site Web sont prot\u00e9g\u00e9s par le droit d&rsquo;auteur, le droit des marques, le droit des bases de donn\u00e9es et d&rsquo;autres lois sur la propri\u00e9t\u00e9 intellectuelle.<\/li>\n<\/ol>\n<p><strong> <\/strong><\/p>\n<ol start=\"11\">\n<li>Une licence limit\u00e9e vous est accord\u00e9e uniquement pour votre usage personnel et non commercial pour vous r\u00e9f\u00e9rer, ajouter \u00e0 vos favoris ou pointer vers n&rsquo;importe quelle page du site Web, et pour t\u00e9l\u00e9charger les documents contenus sur le site Web sur un seul ordinateur personnel et imprimer une seule copie papier des documents contenus sur le site Web pour votre propre r\u00e9f\u00e9rence personnelle, \u00e0 condition toutefois que tous les droits d&rsquo;auteur, marques de commerce et autres avis de propri\u00e9t\u00e9 soient laiss\u00e9s intacts. L&rsquo;octroi de cette licence limit\u00e9e est conditionnel \u00e0 votre accord et \u00e0 votre respect de toutes les conditions du pr\u00e9sent Contrat. Toute autre utilisation des \u00e9l\u00e9ments du site Web, y compris toute forme de copie ou de reproduction (\u00e0 des fins autres que celles mentionn\u00e9es ci-dessus), modification, distribution, republication, extraction, r\u00e9utilisation, incorporation ou int\u00e9gration avec d&rsquo;autres \u00e9l\u00e9ments ou \u0153uvres ou re-livraison sans l&rsquo;autorisation \u00e9crite pr\u00e9alable de PT Watersports Inc, est strictement interdite et constitue une violation des droits de propri\u00e9t\u00e9 de PT Watersports Inc ou de ses soci\u00e9t\u00e9s affili\u00e9es.  <\/li>\n<\/ol>\n<p> <\/p>\n<p><strong>Juridiction<\/strong><\/p>\n<ol start=\"12\">\n<li>Le site Web est \u00e9tabli et exploit\u00e9 conform\u00e9ment aux lois du Canada et le pr\u00e9sent accord sera interpr\u00e9t\u00e9 conform\u00e9ment aux lois de la province de l\u2019Ontario. Vous consentez par les pr\u00e9sentes et vous soumettez \u00e0 la comp\u00e9tence exclusive des tribunaux de la province de l\u2019Ontario dans toute action ou proc\u00e9dure li\u00e9e \u00e0 ce site Web. <\/li>\n<\/ol>\n<p> <\/p>\n<p><strong>Utilisation internationale<\/strong><\/p>\n<ol start=\"13\">\n<li>En choisissant d\u2019acc\u00e9der au site Web \u00e0 partir de tout autre endroit que le Canada, vous acceptez l\u2019enti\u00e8re responsabilit\u00e9 du respect de toutes les lois locales applicables. PT Watersports Inc ne fait aucune d\u00e9claration selon laquelle les \u00e9l\u00e9ments du site Web sont appropri\u00e9s ou disponibles pour une utilisation dans des endroits \u00e0 l&rsquo;ext\u00e9rieur du Canada, et l&rsquo;acc\u00e8s \u00e0 ces \u00e9l\u00e9ments \u00e0 partir de territoires o\u00f9 leur contenu est ill\u00e9gal est interdit. Vous ne pouvez pas utiliser, exporter ou r\u00e9exporter tout mat\u00e9riel du site Web en violation des lois ou r\u00e9glementations applicables, y compris, mais sans s&rsquo;y limiter, les lois et r\u00e9glementations canadiennes en mati\u00e8re d&rsquo;exportation.  <\/li>\n<\/ol>\n<p><strong> <\/strong><\/p>\n<p><strong>Adresse IP<\/strong><\/p>\n<ol start=\"14\">\n<li>Lorsque votre navigateur Web demande une page Web \u00e0 un autre ordinateur sur Internet, il donne automatiquement \u00e0 cet ordinateur l&rsquo;adresse \u00e0 laquelle il doit envoyer les informations. Cette adresse est appel\u00e9e \u00ab adresse IP \u00bb de l\u2019ordinateur. <\/li>\n<\/ol>\n<p> <\/p>\n<ol start=\"15\">\n<li>Lacrosse Canada ne recueille, n\u2019utilise ni ne divulgue les adresses IP.<\/li>\n<\/ol>\n<p><strong> <\/strong><\/p>\n<p><strong>T\u00e9moins<\/strong><\/p>\n<ol start=\"16\">\n<li>Les t\u00e9moins sont de petits fichiers texte qu&rsquo;un navigateur Web transf\u00e8re vers et depuis votre disque dur \u00e0 des fins de conservation des enregistrements. Les t\u00e9moins vous facilitent la vie en enregistrant vos mots de passe, vos achats et vos pr\u00e9f\u00e9rences pendant que vous \u00eates sur notre site. L&rsquo;utilisation de t\u00e9moins est une norme Internet et vous trouverez des t\u00e9moins sur la plupart des principaux sites Web. L&rsquo;utilisation de t\u00e9moins est une norme de l&rsquo;industrie et de nombreux navigateurs majeurs sont initialement configur\u00e9s pour les accepter. Vous pouvez r\u00e9initialiser votre navigateur pour refuser d&rsquo;accepter tous les t\u00e9moins ou pour vous avertir lorsque vous avez re\u00e7u un cookie. Toutefois, si vous refusez d\u2019accepter les t\u00e9moins, vous risquez de ne pas pouvoir utiliser certaines des fonctionnalit\u00e9s disponibles sur les sites Web.     <\/li>\n<\/ol>\n<p><em> <\/em><\/p>\n<p><strong>G\u00e9n\u00e9ral<\/strong><\/p>\n<ol start=\"17\">\n<li>Cet accord constitue l\u2019int\u00e9gralit\u00e9 de l\u2019entente entre vous et Lacrosse Canada et r\u00e9git votre utilisation du site Web.<\/li>\n<\/ol>\n<p> <\/p>\n<ol start=\"18\">\n<li>Si une partie quelconque du pr\u00e9sent Contrat est jug\u00e9e ill\u00e9gale ou inapplicable par un tribunal comp\u00e9tent, les autres dispositions du pr\u00e9sent Contrat resteront pleinement en vigueur et de plein effet.<\/li>\n<\/ol>\n<p><\/p>\n<p><\/p>\n<p><\/p>\n<p><\/p>\n<p><\/p>\n<p><\/p>\n<p><\/p>\t\t\t\t\t\t\t\t<\/div>\n\t\t\t\t<\/div>\n\t\t\t\t<\/div>\n\t\t\t\t\t<\/div>\n\t\t\t\t<\/div>\n\t\t\t\t<\/div>\n\t\t","protected":false},"excerpt":{"rendered":"<p>Acceptation des modalit\u00e9s du pr\u00e9sent accord par l&rsquo;utilisation Lacrosse Canada maintient un site Web actuellement situ\u00e9 \u00e0 l\u2019adresse https:\/\/lacrosse.ca\/ (le \u00ab site Web \u00bb) qui fournit des articles, des publications, des renseignements, des donn\u00e9es et d\u2019autres documents (le \u00ab contenu \u00bb). Le site Web vous est fourni sous r\u00e9serve de votre respect des conditions g\u00e9n\u00e9rales [&hellip;]<\/p>\n","protected":false},"author":3,"featured_media":0,"parent":0,"menu_order":0,"comment_status":"closed","ping_status":"closed","template":"","meta":{"_acf_changed":false,"_bbp_topic_count":0,"_bbp_reply_count":0,"_bbp_total_topic_count":0,"_bbp_total_reply_count":0,"_bbp_voice_count":0,"_bbp_anonymous_reply_count":0,"_bbp_topic_count_hidden":0,"_bbp_reply_count_hidden":0,"_bbp_forum_subforum_count":0,"footnotes":""},"class_list":["post-2451","page","type-page","status-publish","hentry"],"acf":[],"yoast_head":"<!-- This site is optimized with the Yoast SEO plugin v27.2 - https:\/\/yoast.com\/product\/yoast-seo-wordpress\/ -->\n<title>Conditions d&#039;utilisation - Lacrosse Canada<\/title>\n<meta name=\"robots\" content=\"index, follow, max-snippet:-1, max-image-preview:large, max-video-preview:-1\" \/>\n<link rel=\"canonical\" href=\"https:\/\/lacrosse.ca\/fr\/conditions-dutilisation\/\" \/>\n<meta property=\"og:locale\" content=\"fr_FR\" \/>\n<meta property=\"og:type\" content=\"article\" \/>\n<meta property=\"og:title\" content=\"Conditions d&#039;utilisation - Lacrosse Canada\" \/>\n<meta property=\"og:description\" content=\"Acceptation des modalit\u00e9s du pr\u00e9sent accord par l&rsquo;utilisation Lacrosse Canada maintient un site Web actuellement situ\u00e9 \u00e0 l\u2019adresse https:\/\/lacrosse.ca\/ (le \u00ab site Web \u00bb) qui fournit des articles, des publications, des renseignements, des donn\u00e9es et d\u2019autres documents (le \u00ab contenu \u00bb). Le site Web vous est fourni sous r\u00e9serve de votre respect des conditions g\u00e9n\u00e9rales [&hellip;]\" \/>\n<meta property=\"og:url\" content=\"https:\/\/lacrosse.ca\/fr\/conditions-dutilisation\/\" \/>\n<meta property=\"og:site_name\" content=\"Lacrosse Canada\" \/>\n<meta property=\"article:modified_time\" content=\"2025-03-20T18:44:23+00:00\" \/>\n<meta name=\"twitter:card\" content=\"summary_large_image\" \/>\n<meta name=\"twitter:label1\" content=\"Est. reading time\" \/>\n\t<meta name=\"twitter:data1\" content=\"7 minutes\" \/>\n<script type=\"application\/ld+json\" class=\"yoast-schema-graph\">{\"@context\":\"https:\/\/schema.org\",\"@graph\":[{\"@type\":\"WebPage\",\"@id\":\"https:\/\/lacrosse.ca\/fr\/conditions-dutilisation\/\",\"url\":\"https:\/\/lacrosse.ca\/fr\/conditions-dutilisation\/\",\"name\":\"Conditions d'utilisation - Lacrosse Canada\",\"isPartOf\":{\"@id\":\"https:\/\/lacrosse.ca\/fr\/#website\"},\"datePublished\":\"2025-02-14T01:59:45+00:00\",\"dateModified\":\"2025-03-20T18:44:23+00:00\",\"breadcrumb\":{\"@id\":\"https:\/\/lacrosse.ca\/fr\/conditions-dutilisation\/#breadcrumb\"},\"inLanguage\":\"fr-FR\",\"potentialAction\":[{\"@type\":\"ReadAction\",\"target\":[\"https:\/\/lacrosse.ca\/fr\/conditions-dutilisation\/\"]}]},{\"@type\":\"BreadcrumbList\",\"@id\":\"https:\/\/lacrosse.ca\/fr\/conditions-dutilisation\/#breadcrumb\",\"itemListElement\":[{\"@type\":\"ListItem\",\"position\":1,\"name\":\"Home\",\"item\":\"https:\/\/lacrosse.ca\/fr\/maison-2\/\"},{\"@type\":\"ListItem\",\"position\":2,\"name\":\"Conditions d&rsquo;utilisation\"}]},{\"@type\":\"WebSite\",\"@id\":\"https:\/\/lacrosse.ca\/fr\/#website\",\"url\":\"https:\/\/lacrosse.ca\/fr\/\",\"name\":\"Lacrosse Canada\",\"description\":\"The World&#039;s Leading Lacrosse Program\",\"publisher\":{\"@id\":\"https:\/\/lacrosse.ca\/fr\/#organization\"},\"potentialAction\":[{\"@type\":\"SearchAction\",\"target\":{\"@type\":\"EntryPoint\",\"urlTemplate\":\"https:\/\/lacrosse.ca\/fr\/?s={search_term_string}\"},\"query-input\":{\"@type\":\"PropertyValueSpecification\",\"valueRequired\":true,\"valueName\":\"search_term_string\"}}],\"inLanguage\":\"fr-FR\"},{\"@type\":\"Organization\",\"@id\":\"https:\/\/lacrosse.ca\/fr\/#organization\",\"name\":\"Lacrosse Canada\",\"url\":\"https:\/\/lacrosse.ca\/fr\/\",\"logo\":{\"@type\":\"ImageObject\",\"inLanguage\":\"fr-FR\",\"@id\":\"https:\/\/lacrosse.ca\/fr\/#\/schema\/logo\/image\/\",\"url\":\"https:\/\/lacrosse.ca\/wp-content\/uploads\/2025\/01\/Lacrosse-Canada-Seal-Favicon.gif\",\"contentUrl\":\"https:\/\/lacrosse.ca\/wp-content\/uploads\/2025\/01\/Lacrosse-Canada-Seal-Favicon.gif\",\"width\":512,\"height\":512,\"caption\":\"Lacrosse Canada\"},\"image\":{\"@id\":\"https:\/\/lacrosse.ca\/fr\/#\/schema\/logo\/image\/\"}}]}<\/script>\n<!-- \/ Yoast SEO plugin. -->","yoast_head_json":{"title":"Conditions d'utilisation - Lacrosse Canada","robots":{"index":"index","follow":"follow","max-snippet":"max-snippet:-1","max-image-preview":"max-image-preview:large","max-video-preview":"max-video-preview:-1"},"canonical":"https:\/\/lacrosse.ca\/fr\/conditions-dutilisation\/","og_locale":"fr_FR","og_type":"article","og_title":"Conditions d'utilisation - Lacrosse Canada","og_description":"Acceptation des modalit\u00e9s du pr\u00e9sent accord par l&rsquo;utilisation Lacrosse Canada maintient un site Web actuellement situ\u00e9 \u00e0 l\u2019adresse https:\/\/lacrosse.ca\/ (le \u00ab site Web \u00bb) qui fournit des articles, des publications, des renseignements, des donn\u00e9es et d\u2019autres documents (le \u00ab contenu \u00bb). Le site Web vous est fourni sous r\u00e9serve de votre respect des conditions g\u00e9n\u00e9rales [&hellip;]","og_url":"https:\/\/lacrosse.ca\/fr\/conditions-dutilisation\/","og_site_name":"Lacrosse Canada","article_modified_time":"2025-03-20T18:44:23+00:00","twitter_card":"summary_large_image","twitter_misc":{"Est. reading time":"7 minutes"},"schema":{"@context":"https:\/\/schema.org","@graph":[{"@type":"WebPage","@id":"https:\/\/lacrosse.ca\/fr\/conditions-dutilisation\/","url":"https:\/\/lacrosse.ca\/fr\/conditions-dutilisation\/","name":"Conditions d'utilisation - Lacrosse Canada","isPartOf":{"@id":"https:\/\/lacrosse.ca\/fr\/#website"},"datePublished":"2025-02-14T01:59:45+00:00","dateModified":"2025-03-20T18:44:23+00:00","breadcrumb":{"@id":"https:\/\/lacrosse.ca\/fr\/conditions-dutilisation\/#breadcrumb"},"inLanguage":"fr-FR","potentialAction":[{"@type":"ReadAction","target":["https:\/\/lacrosse.ca\/fr\/conditions-dutilisation\/"]}]},{"@type":"BreadcrumbList","@id":"https:\/\/lacrosse.ca\/fr\/conditions-dutilisation\/#breadcrumb","itemListElement":[{"@type":"ListItem","position":1,"name":"Home","item":"https:\/\/lacrosse.ca\/fr\/maison-2\/"},{"@type":"ListItem","position":2,"name":"Conditions d&rsquo;utilisation"}]},{"@type":"WebSite","@id":"https:\/\/lacrosse.ca\/fr\/#website","url":"https:\/\/lacrosse.ca\/fr\/","name":"Lacrosse Canada","description":"The World&#039;s Leading Lacrosse Program","publisher":{"@id":"https:\/\/lacrosse.ca\/fr\/#organization"},"potentialAction":[{"@type":"SearchAction","target":{"@type":"EntryPoint","urlTemplate":"https:\/\/lacrosse.ca\/fr\/?s={search_term_string}"},"query-input":{"@type":"PropertyValueSpecification","valueRequired":true,"valueName":"search_term_string"}}],"inLanguage":"fr-FR"},{"@type":"Organization","@id":"https:\/\/lacrosse.ca\/fr\/#organization","name":"Lacrosse Canada","url":"https:\/\/lacrosse.ca\/fr\/","logo":{"@type":"ImageObject","inLanguage":"fr-FR","@id":"https:\/\/lacrosse.ca\/fr\/#\/schema\/logo\/image\/","url":"https:\/\/lacrosse.ca\/wp-content\/uploads\/2025\/01\/Lacrosse-Canada-Seal-Favicon.gif","contentUrl":"https:\/\/lacrosse.ca\/wp-content\/uploads\/2025\/01\/Lacrosse-Canada-Seal-Favicon.gif","width":512,"height":512,"caption":"Lacrosse Canada"},"image":{"@id":"https:\/\/lacrosse.ca\/fr\/#\/schema\/logo\/image\/"}}]}},"_links":{"self":[{"href":"https:\/\/lacrosse.ca\/fr\/wp-json\/wp\/v2\/pages\/2451","targetHints":{"allow":["GET"]}}],"collection":[{"href":"https:\/\/lacrosse.ca\/fr\/wp-json\/wp\/v2\/pages"}],"about":[{"href":"https:\/\/lacrosse.ca\/fr\/wp-json\/wp\/v2\/types\/page"}],"author":[{"embeddable":true,"href":"https:\/\/lacrosse.ca\/fr\/wp-json\/wp\/v2\/users\/3"}],"replies":[{"embeddable":true,"href":"https:\/\/lacrosse.ca\/fr\/wp-json\/wp\/v2\/comments?post=2451"}],"version-history":[{"count":0,"href":"https:\/\/lacrosse.ca\/fr\/wp-json\/wp\/v2\/pages\/2451\/revisions"}],"wp:attachment":[{"href":"https:\/\/lacrosse.ca\/fr\/wp-json\/wp\/v2\/media?parent=2451"}],"curies":[{"name":"wp","href":"https:\/\/api.w.org\/{rel}","templated":true}]}}