{"id":2459,"date":"2025-02-23T00:32:09","date_gmt":"2025-02-23T00:32:09","guid":{"rendered":"https:\/\/lacrosscanada.wpenginepowered.com\/documents-et-formulaires\/"},"modified":"2025-03-20T19:07:40","modified_gmt":"2025-03-20T19:07:40","slug":"documents-et-formulaires","status":"publish","type":"page","link":"https:\/\/lacrosse.ca\/fr\/documents-et-formulaires\/","title":{"rendered":"Documents et formulaires"},"content":{"rendered":"\n<h2 class=\"wp-block-heading\">Administration<\/h2>\n\n<p><a href=\"https:\/\/lacrosse.ca\/wp-content\/uploads\/2025\/03\/2025-Lacrosse-Canada-EFT-enrollment-form.pdf\" target=\"_blank\" rel=\"noreferrer noopener\">Lacrosse Canada EFT Enrollment Form<\/a><\/p>\n\n<p><a href=\"https:\/\/lacrosse.ca\/wp-content\/uploads\/2025\/03\/2025-Lacrosse-Canada-Expense-Form.pdf\" target=\"_blank\" rel=\"noreferrer noopener\">Expense Claim Form<\/a><\/p>\n\n<p><a href=\"https:\/\/lacrosse.ca\/wp-content\/uploads\/2025\/03\/LC_Conflict_of_Interest_Declaration.pdf\">Conflict of Interest Declaration<\/a><\/p>\n\n<p><a href=\"https:\/\/lacrosse.ca\/wp-content\/uploads\/2025\/03\/LC-Travel-Form.pdf\" target=\"_blank\" rel=\"noreferrer noopener\">International Travel Form<\/a><\/p>\n\n<p><a href=\"https:\/\/lacrosse.ca\/wp-content\/uploads\/2025\/03\/Nomination-Form-for-LC-Position-EN-revised-September-2023.docx\" target=\"_blank\" rel=\"noreferrer noopener\">Nomination &#8211; Lacrosse Canada Board of Directors and Sector Chair<\/a><\/p>\n\n<p><a href=\"https:\/\/lacrosse.ca\/wp-content\/uploads\/2025\/03\/Lester_B_Pearson_Award_Nomination_Form.pdf\" target=\"_blank\" rel=\"noreferrer noopener\">Nomination &#8211; Lester B. Pearson Award<\/a><\/p>\n\n<p><a href=\"https:\/\/cloud.rampinteractive.com\/canadianlacrosse\/files\/Operations%20Manual\/National%20Team%20Guide%20-%20Jan%202023%20ENG.pdf\">National Team Policy Guide  <\/a><\/p>\n\n<h2 class=\"wp-block-heading\">Discipline and Appeals<\/h2>\n\n<p><a href=\"https:\/\/lacrosse.ca\/wp-content\/uploads\/2025\/03\/Administrative_Tribunals-How_To_Draft_Reasons_27May2015.pdf\" target=\"_blank\" rel=\"noreferrer noopener\">Discipline and Appeals &#8211; Administrative Tribunals and How To Draft Reasons<\/a><\/p>\n\n<p><a href=\"https:\/\/lacrosse.ca\/wp-content\/uploads\/2025\/03\/Guidelines_for_Conducting_Discipline_and_Appeal_Hearings.pdf\" target=\"_blank\" rel=\"noreferrer noopener\">Discipline and Appeals &#8211; Guidelines for Conducting Discipline and Appeal Hearings<\/a><\/p>\n\n<h2 class=\"wp-block-heading\">Championnats nationaux<\/h2>\n\n<p><a href=\"https:\/\/lacrosse.ca\/wp-content\/uploads\/2025\/03\/NOA-National-Championships.pdf\" target=\"_blank\" rel=\"noreferrer noopener\">Notice of Attendance<\/a><\/p>\n\n<p><a href=\"https:\/\/lacrosse.ca\/wp-content\/uploads\/2025\/03\/National-Championships-Team-Registration.pdf\" target=\"_blank\" rel=\"noreferrer noopener\">Team Registration Form<\/a><\/p>\n\n<p><a href=\"https:\/\/lacrosse.ca\/wp-content\/uploads\/2025\/03\/NC-Liability-Waiver-UAM.pdf\" target=\"_blank\" rel=\"noreferrer noopener\">Liability Waiver (Under the Age of Majority)<\/a><\/p>\n\n<p><a href=\"https:\/\/lacrosse.ca\/wp-content\/uploads\/2025\/03\/NC-Liability-Waiver-OAM.pdf\" target=\"_blank\" rel=\"noreferrer noopener\">Liability Waiver (Over the Age of Majority)<\/a><\/p>\n\n<p><\/p>\n","protected":false},"excerpt":{"rendered":"<p>Administration Lacrosse Canada EFT Enrollment Form Expense Claim Form Conflict of Interest Declaration International Travel Form Nomination &#8211; Lacrosse Canada Board of Directors and Sector Chair Nomination &#8211; Lester B. Pearson Award National Team Policy Guide Discipline and Appeals Discipline and Appeals &#8211; Administrative Tribunals and How To Draft Reasons Discipline and Appeals &#8211; Guidelines [&hellip;]<\/p>\n","protected":false},"author":3,"featured_media":1550,"parent":0,"menu_order":0,"comment_status":"closed","ping_status":"closed","template":"","meta":{"_acf_changed":false,"_bbp_topic_count":0,"_bbp_reply_count":0,"_bbp_total_topic_count":0,"_bbp_total_reply_count":0,"_bbp_voice_count":0,"_bbp_anonymous_reply_count":0,"_bbp_topic_count_hidden":0,"_bbp_reply_count_hidden":0,"_bbp_forum_subforum_count":0,"footnotes":""},"class_list":["post-2459","page","type-page","status-publish","has-post-thumbnail","hentry"],"acf":[],"yoast_head":"<!-- This site is optimized with the Yoast SEO plugin v27.2 - https:\/\/yoast.com\/product\/yoast-seo-wordpress\/ -->\n<title>Documents et formulaires - Lacrosse Canada<\/title>\n<meta name=\"description\" content=\"Trouvez les documents et formulaires essentiels de Lacrosse Canada, y compris les politiques, les formulaires d&#039;inscription, les nominations et les directives relatives aux \u00e9v\u00e9nements. Restez inform\u00e9 et acc\u00e9dez facilement aux ressources importantes.\" \/>\n<meta name=\"robots\" content=\"index, follow, max-snippet:-1, max-image-preview:large, max-video-preview:-1\" \/>\n<link rel=\"canonical\" href=\"https:\/\/lacrosse.ca\/fr\/documents-et-formulaires\/\" \/>\n<meta property=\"og:locale\" content=\"fr_FR\" \/>\n<meta property=\"og:type\" content=\"article\" \/>\n<meta property=\"og:title\" content=\"Documents et formulaires - Lacrosse Canada\" \/>\n<meta property=\"og:description\" content=\"Trouvez les documents et formulaires essentiels de Lacrosse Canada, y compris les politiques, les formulaires d&#039;inscription, les nominations et les directives relatives aux \u00e9v\u00e9nements. Restez inform\u00e9 et acc\u00e9dez facilement aux ressources importantes.\" \/>\n<meta property=\"og:url\" content=\"https:\/\/lacrosse.ca\/fr\/documents-et-formulaires\/\" \/>\n<meta property=\"og:site_name\" content=\"Lacrosse Canada\" \/>\n<meta property=\"article:modified_time\" content=\"2025-03-20T19:07:40+00:00\" \/>\n<meta property=\"og:image\" content=\"https:\/\/lacrosse.ca\/wp-content\/uploads\/2025\/03\/Photo-2024-12-27-12-19-34-PM-2-e1741788181285.jpg\" \/>\n\t<meta property=\"og:image:width\" content=\"1365\" \/>\n\t<meta property=\"og:image:height\" content=\"2048\" \/>\n\t<meta property=\"og:image:type\" content=\"image\/jpeg\" \/>\n<meta name=\"twitter:card\" content=\"summary_large_image\" \/>\n<script type=\"application\/ld+json\" class=\"yoast-schema-graph\">{\"@context\":\"https:\/\/schema.org\",\"@graph\":[{\"@type\":\"WebPage\",\"@id\":\"https:\/\/lacrosse.ca\/fr\/documents-et-formulaires\/\",\"url\":\"https:\/\/lacrosse.ca\/fr\/documents-et-formulaires\/\",\"name\":\"Documents et formulaires - Lacrosse Canada\",\"isPartOf\":{\"@id\":\"https:\/\/lacrosse.ca\/fr\/#website\"},\"primaryImageOfPage\":{\"@id\":\"https:\/\/lacrosse.ca\/fr\/documents-et-formulaires\/#primaryimage\"},\"image\":{\"@id\":\"https:\/\/lacrosse.ca\/fr\/documents-et-formulaires\/#primaryimage\"},\"thumbnailUrl\":\"https:\/\/lacrosse.ca\/wp-content\/uploads\/2025\/03\/Photo-2024-12-27-12-19-34-PM-2-e1741788181285.jpg\",\"datePublished\":\"2025-02-23T00:32:09+00:00\",\"dateModified\":\"2025-03-20T19:07:40+00:00\",\"description\":\"Trouvez les documents et formulaires essentiels de Lacrosse Canada, y compris les politiques, les formulaires d'inscription, les nominations et les directives relatives aux \u00e9v\u00e9nements. Restez inform\u00e9 et acc\u00e9dez facilement aux ressources importantes.\",\"breadcrumb\":{\"@id\":\"https:\/\/lacrosse.ca\/fr\/documents-et-formulaires\/#breadcrumb\"},\"inLanguage\":\"fr-FR\",\"potentialAction\":[{\"@type\":\"ReadAction\",\"target\":[\"https:\/\/lacrosse.ca\/fr\/documents-et-formulaires\/\"]}]},{\"@type\":\"ImageObject\",\"inLanguage\":\"fr-FR\",\"@id\":\"https:\/\/lacrosse.ca\/fr\/documents-et-formulaires\/#primaryimage\",\"url\":\"https:\/\/lacrosse.ca\/wp-content\/uploads\/2025\/03\/Photo-2024-12-27-12-19-34-PM-2-e1741788181285.jpg\",\"contentUrl\":\"https:\/\/lacrosse.ca\/wp-content\/uploads\/2025\/03\/Photo-2024-12-27-12-19-34-PM-2-e1741788181285.jpg\",\"width\":1365,\"height\":2048,\"caption\":\"Lacrosse Canada Coach Dan Coates\"},{\"@type\":\"BreadcrumbList\",\"@id\":\"https:\/\/lacrosse.ca\/fr\/documents-et-formulaires\/#breadcrumb\",\"itemListElement\":[{\"@type\":\"ListItem\",\"position\":1,\"name\":\"Home\",\"item\":\"https:\/\/lacrosse.ca\/fr\/maison-2\/\"},{\"@type\":\"ListItem\",\"position\":2,\"name\":\"Documents et formulaires\"}]},{\"@type\":\"WebSite\",\"@id\":\"https:\/\/lacrosse.ca\/fr\/#website\",\"url\":\"https:\/\/lacrosse.ca\/fr\/\",\"name\":\"Lacrosse Canada\",\"description\":\"The World&#039;s Leading Lacrosse Program\",\"publisher\":{\"@id\":\"https:\/\/lacrosse.ca\/fr\/#organization\"},\"potentialAction\":[{\"@type\":\"SearchAction\",\"target\":{\"@type\":\"EntryPoint\",\"urlTemplate\":\"https:\/\/lacrosse.ca\/fr\/?s={search_term_string}\"},\"query-input\":{\"@type\":\"PropertyValueSpecification\",\"valueRequired\":true,\"valueName\":\"search_term_string\"}}],\"inLanguage\":\"fr-FR\"},{\"@type\":\"Organization\",\"@id\":\"https:\/\/lacrosse.ca\/fr\/#organization\",\"name\":\"Lacrosse Canada\",\"url\":\"https:\/\/lacrosse.ca\/fr\/\",\"logo\":{\"@type\":\"ImageObject\",\"inLanguage\":\"fr-FR\",\"@id\":\"https:\/\/lacrosse.ca\/fr\/#\/schema\/logo\/image\/\",\"url\":\"https:\/\/lacrosse.ca\/wp-content\/uploads\/2025\/01\/Lacrosse-Canada-Seal-Favicon.gif\",\"contentUrl\":\"https:\/\/lacrosse.ca\/wp-content\/uploads\/2025\/01\/Lacrosse-Canada-Seal-Favicon.gif\",\"width\":512,\"height\":512,\"caption\":\"Lacrosse Canada\"},\"image\":{\"@id\":\"https:\/\/lacrosse.ca\/fr\/#\/schema\/logo\/image\/\"}}]}<\/script>\n<!-- \/ Yoast SEO plugin. -->","yoast_head_json":{"title":"Documents et formulaires - Lacrosse Canada","description":"Trouvez les documents et formulaires essentiels de Lacrosse Canada, y compris les politiques, les formulaires d'inscription, les nominations et les directives relatives aux \u00e9v\u00e9nements. Restez inform\u00e9 et acc\u00e9dez facilement aux ressources importantes.","robots":{"index":"index","follow":"follow","max-snippet":"max-snippet:-1","max-image-preview":"max-image-preview:large","max-video-preview":"max-video-preview:-1"},"canonical":"https:\/\/lacrosse.ca\/fr\/documents-et-formulaires\/","og_locale":"fr_FR","og_type":"article","og_title":"Documents et formulaires - Lacrosse Canada","og_description":"Trouvez les documents et formulaires essentiels de Lacrosse Canada, y compris les politiques, les formulaires d'inscription, les nominations et les directives relatives aux \u00e9v\u00e9nements. Restez inform\u00e9 et acc\u00e9dez facilement aux ressources importantes.","og_url":"https:\/\/lacrosse.ca\/fr\/documents-et-formulaires\/","og_site_name":"Lacrosse Canada","article_modified_time":"2025-03-20T19:07:40+00:00","og_image":[{"width":1365,"height":2048,"url":"https:\/\/lacrosse.ca\/wp-content\/uploads\/2025\/03\/Photo-2024-12-27-12-19-34-PM-2-e1741788181285.jpg","type":"image\/jpeg"}],"twitter_card":"summary_large_image","schema":{"@context":"https:\/\/schema.org","@graph":[{"@type":"WebPage","@id":"https:\/\/lacrosse.ca\/fr\/documents-et-formulaires\/","url":"https:\/\/lacrosse.ca\/fr\/documents-et-formulaires\/","name":"Documents et formulaires - Lacrosse Canada","isPartOf":{"@id":"https:\/\/lacrosse.ca\/fr\/#website"},"primaryImageOfPage":{"@id":"https:\/\/lacrosse.ca\/fr\/documents-et-formulaires\/#primaryimage"},"image":{"@id":"https:\/\/lacrosse.ca\/fr\/documents-et-formulaires\/#primaryimage"},"thumbnailUrl":"https:\/\/lacrosse.ca\/wp-content\/uploads\/2025\/03\/Photo-2024-12-27-12-19-34-PM-2-e1741788181285.jpg","datePublished":"2025-02-23T00:32:09+00:00","dateModified":"2025-03-20T19:07:40+00:00","description":"Trouvez les documents et formulaires essentiels de Lacrosse Canada, y compris les politiques, les formulaires d'inscription, les nominations et les directives relatives aux \u00e9v\u00e9nements. Restez inform\u00e9 et acc\u00e9dez facilement aux ressources importantes.","breadcrumb":{"@id":"https:\/\/lacrosse.ca\/fr\/documents-et-formulaires\/#breadcrumb"},"inLanguage":"fr-FR","potentialAction":[{"@type":"ReadAction","target":["https:\/\/lacrosse.ca\/fr\/documents-et-formulaires\/"]}]},{"@type":"ImageObject","inLanguage":"fr-FR","@id":"https:\/\/lacrosse.ca\/fr\/documents-et-formulaires\/#primaryimage","url":"https:\/\/lacrosse.ca\/wp-content\/uploads\/2025\/03\/Photo-2024-12-27-12-19-34-PM-2-e1741788181285.jpg","contentUrl":"https:\/\/lacrosse.ca\/wp-content\/uploads\/2025\/03\/Photo-2024-12-27-12-19-34-PM-2-e1741788181285.jpg","width":1365,"height":2048,"caption":"Lacrosse Canada Coach Dan Coates"},{"@type":"BreadcrumbList","@id":"https:\/\/lacrosse.ca\/fr\/documents-et-formulaires\/#breadcrumb","itemListElement":[{"@type":"ListItem","position":1,"name":"Home","item":"https:\/\/lacrosse.ca\/fr\/maison-2\/"},{"@type":"ListItem","position":2,"name":"Documents et formulaires"}]},{"@type":"WebSite","@id":"https:\/\/lacrosse.ca\/fr\/#website","url":"https:\/\/lacrosse.ca\/fr\/","name":"Lacrosse Canada","description":"The World&#039;s Leading Lacrosse Program","publisher":{"@id":"https:\/\/lacrosse.ca\/fr\/#organization"},"potentialAction":[{"@type":"SearchAction","target":{"@type":"EntryPoint","urlTemplate":"https:\/\/lacrosse.ca\/fr\/?s={search_term_string}"},"query-input":{"@type":"PropertyValueSpecification","valueRequired":true,"valueName":"search_term_string"}}],"inLanguage":"fr-FR"},{"@type":"Organization","@id":"https:\/\/lacrosse.ca\/fr\/#organization","name":"Lacrosse Canada","url":"https:\/\/lacrosse.ca\/fr\/","logo":{"@type":"ImageObject","inLanguage":"fr-FR","@id":"https:\/\/lacrosse.ca\/fr\/#\/schema\/logo\/image\/","url":"https:\/\/lacrosse.ca\/wp-content\/uploads\/2025\/01\/Lacrosse-Canada-Seal-Favicon.gif","contentUrl":"https:\/\/lacrosse.ca\/wp-content\/uploads\/2025\/01\/Lacrosse-Canada-Seal-Favicon.gif","width":512,"height":512,"caption":"Lacrosse Canada"},"image":{"@id":"https:\/\/lacrosse.ca\/fr\/#\/schema\/logo\/image\/"}}]}},"_links":{"self":[{"href":"https:\/\/lacrosse.ca\/fr\/wp-json\/wp\/v2\/pages\/2459","targetHints":{"allow":["GET"]}}],"collection":[{"href":"https:\/\/lacrosse.ca\/fr\/wp-json\/wp\/v2\/pages"}],"about":[{"href":"https:\/\/lacrosse.ca\/fr\/wp-json\/wp\/v2\/types\/page"}],"author":[{"embeddable":true,"href":"https:\/\/lacrosse.ca\/fr\/wp-json\/wp\/v2\/users\/3"}],"replies":[{"embeddable":true,"href":"https:\/\/lacrosse.ca\/fr\/wp-json\/wp\/v2\/comments?post=2459"}],"version-history":[{"count":0,"href":"https:\/\/lacrosse.ca\/fr\/wp-json\/wp\/v2\/pages\/2459\/revisions"}],"wp:featuredmedia":[{"embeddable":true,"href":"https:\/\/lacrosse.ca\/fr\/wp-json\/wp\/v2\/media\/1550"}],"wp:attachment":[{"href":"https:\/\/lacrosse.ca\/fr\/wp-json\/wp\/v2\/media?parent=2459"}],"curies":[{"name":"wp","href":"https:\/\/api.w.org\/{rel}","templated":true}]}}