{"id":2473,"date":"2025-02-20T17:27:45","date_gmt":"2025-02-20T17:27:45","guid":{"rendered":"https:\/\/lacrosscanada.wpenginepowered.com\/championnats-nationaux-2\/"},"modified":"2025-03-23T17:44:47","modified_gmt":"2025-03-23T17:44:47","slug":"championnats-nationaux-2","status":"publish","type":"page","link":"https:\/\/lacrosse.ca\/fr\/championnats-nationaux-2\/","title":{"rendered":"Championnats nationaux"},"content":{"rendered":"<h1>Crosse Canada<\/h1>\n<p>Haut<\/p>\n<p>\t\t\t\t\t<svg xmlns=\"http:\/\/www.w3.org\/2000\/svg\" xmlns:xlink=\"http:\/\/www.w3.org\/1999\/xlink\" version=\"1.1\" id=\"a\" x=\"0px\" y=\"0px\" viewbox=\"0 0 10 10\" style=\"enable-background:new 0 0 10 10;\" xml:space=\"preserve\"><\/p>\n<style type=\"text\/css\">\n .st32{fill:#CE0E2D;}\n<\/style>\n<polygon points=\"0,0 0,2 6.6,2 0,8.6 1.4,10 8,3.5 8,10 10,10 10,0  \"><\/polygon>\n<\/svg><br \/>\n\t\t\t\t\t<svg xmlns=\"http:\/\/www.w3.org\/2000\/svg\" id=\"a\" data-name=\"Layer 1\" viewbox=\"0 0 30 30\">\n  <line x1=\"31.52\" y1=\"-1.52\" x2=\"-1.52\" y2=\"31.52\"><\/line>\n<\/svg>\t\t\t\t<\/p>\n<p>Liens<\/p>\n<p>\t\t\t\t\t<svg xmlns=\"http:\/\/www.w3.org\/2000\/svg\" xmlns:xlink=\"http:\/\/www.w3.org\/1999\/xlink\" version=\"1.1\" id=\"a\" x=\"0px\" y=\"0px\" viewbox=\"0 0 10 10\" style=\"enable-background:new 0 0 10 10;\" xml:space=\"preserve\"><\/p>\n<style type=\"text\/css\">\n<\/style>\n<polygon points=\"10,0 8,0 8,6.6 1.4,0 0,1.4 6.5,8 0,8 0,10 10,10  \"><\/polygon>\n<\/svg><br \/>\n\t\t\t\t\t<svg xmlns=\"http:\/\/www.w3.org\/2000\/svg\" id=\"a\" data-name=\"Layer 1\" viewbox=\"0 0 30 30\">\n  <line x1=\"31.52\" y1=\"-1.52\" x2=\"-1.52\" y2=\"31.52\"><\/line>\n<\/svg>\t\t\t\t<\/p>\n<p>Nouvelles<\/p>\n<p>\t\t\t\t\t<svg xmlns=\"http:\/\/www.w3.org\/2000\/svg\" xmlns:xlink=\"http:\/\/www.w3.org\/1999\/xlink\" version=\"1.1\" id=\"a\" x=\"0px\" y=\"0px\" viewbox=\"0 0 10 10\" style=\"enable-background:new 0 0 10 10;\" xml:space=\"preserve\"><\/p>\n<style type=\"text\/css\">\n<\/style>\n<polygon points=\"10,0 8,0 8,6.6 1.4,0 0,1.4 6.5,8 0,8 0,10 10,10  \"><\/polygon>\n<\/svg><br \/>\n\t\t\t\t\t<svg xmlns=\"http:\/\/www.w3.org\/2000\/svg\" id=\"a\" data-name=\"Layer 1\" viewbox=\"0 0 30 30\">\n  <line x1=\"31.52\" y1=\"-1.52\" x2=\"-1.52\" y2=\"31.52\"><\/line>\n<\/svg>\t\t\t\t<\/p>\n<p>\u00c9v\u00e9nements<\/p>\n<p>\t\t\t\t\t<svg xmlns=\"http:\/\/www.w3.org\/2000\/svg\" xmlns:xlink=\"http:\/\/www.w3.org\/1999\/xlink\" version=\"1.1\" id=\"a\" x=\"0px\" y=\"0px\" viewbox=\"0 0 10 10\" style=\"enable-background:new 0 0 10 10;\" xml:space=\"preserve\"><\/p>\n<style type=\"text\/css\">\n<\/style>\n<polygon points=\"10,0 8,0 8,6.6 1.4,0 0,1.4 6.5,8 0,8 0,10 10,10  \"><\/polygon>\n<\/svg><br \/>\n\t\t\t\t\t<svg xmlns=\"http:\/\/www.w3.org\/2000\/svg\" id=\"a\" data-name=\"Layer 1\" viewbox=\"0 0 30 30\">\n  <line x1=\"31.52\" y1=\"-1.52\" x2=\"-1.52\" y2=\"31.52\"><\/line>\n<\/svg>\t\t\t\t<\/p>\n<p>Soutien<\/p>\n<p>\t\t\t\t\t<svg xmlns=\"http:\/\/www.w3.org\/2000\/svg\" xmlns:xlink=\"http:\/\/www.w3.org\/1999\/xlink\" version=\"1.1\" id=\"a\" x=\"0px\" y=\"0px\" viewbox=\"0 0 10 10\" style=\"enable-background:new 0 0 10 10;\" xml:space=\"preserve\"><\/p>\n<style type=\"text\/css\">\n<\/style>\n<polygon points=\"10,0 8,0 8,6.6 1.4,0 0,1.4 6.5,8 0,8 0,10 10,10  \"><\/polygon>\n<\/svg><br \/>\n\t\t\t\t\t<a href=\"#more\"><br \/>\n\t\t\t\t<svg xmlns=\"http:\/\/www.w3.org\/2000\/svg\" xmlns:xlink=\"http:\/\/www.w3.org\/1999\/xlink\" id=\"a\" x=\"0px\" y=\"0px\" viewBox=\"0 0 10 10\" style=\"enable-background:new 0 0 10 10;\" xml:space=\"preserve\"><\/p>\n<style type=\"text\/css\">\t.st0{fill:#FFFFFF;}<\/style>\n<polygon points=\"10,0 8,0 8,6.6 1.4,0 0,1.4 6.5,8 0,8 0,10 10,10 \"><\/polygon><\/svg><br \/>\n\t\t\t\t\t\t\t\t\tPlus<br \/>\n\t\t\t\t\t<\/a><\/p>\n<h2>Liens<\/h2>\n<h2>Nouvelles<\/h2>\n<p>Faites d\u00e9filer cette section vers la droite pour lire plus d&rsquo;actualit\u00e9s<\/p>\n<h2>\u00c9V\u00c9NEMENTS<\/h2>\n<p>\t\t\t\t\t\t\t\t\t\t\t\t\t\t\t<img fetchpriority=\"high\" decoding=\"async\" width=\"800\" height=\"648\" src=\"https:\/\/lacrosse.ca\/wp-content\/uploads\/2025\/02\/player-pointing-1024x830.webp\" alt=\"A National Team Lacrosse Canada player pointing to the sideline\" srcset=\"https:\/\/lacrosse.ca\/wp-content\/uploads\/2025\/02\/player-pointing-1024x830.webp 1024w, https:\/\/lacrosse.ca\/wp-content\/uploads\/2025\/02\/player-pointing-300x243.webp 300w, https:\/\/lacrosse.ca\/wp-content\/uploads\/2025\/02\/player-pointing-768x623.webp 768w, https:\/\/lacrosse.ca\/wp-content\/uploads\/2025\/02\/player-pointing.webp 1074w\" sizes=\"(max-width: 800px) 100vw, 800px\" \/>\t\t\t\t\t\t\t\t\t\t\t\t\t\t\t<\/p>\n<h2>Crosse Canada<\/h2>\n<h2>Soutenez-nous<\/h2>\n<p data-start=\"31\" data-end=\"282\">Aidez-nous \u00e0 d\u00e9velopper le jeu ! Votre soutien garantit que les athl\u00e8tes de partout au Canada ont acc\u00e8s \u00e0 des programmes de d\u00e9veloppement, \u00e0 des opportunit\u00e9s de haute performance et aux ressources n\u00e9cessaires pour r\u00e9ussir. Chaque contribution fait une diff\u00e9rence dans l\u2019avancement de la crosse \u00e0 tous les niveaux.  <\/p>\n<p data-start=\"284\" data-end=\"348\" data-is-last-node=\"\" data-is-only-node=\"\"><strong data-start=\"284\" data-end=\"348\" data-is-last-node=\"\">Faites un don aujourd&rsquo;hui et faites partie de l&rsquo;avenir de la crosse canadienne !<\/strong><\/p>\n<p>\t\t\t\t\t<a href=\"https:\/\/www.paypal.com\/paypalme\/lacrossecanada\" target=\"_blank\"><br \/>\n\t\t\t\t\t\t\t\t\tFaire un don<br \/>\n\t\t\t\t\t<\/a><br \/>\n\t\t\t\t\t<svg xmlns=\"http:\/\/www.w3.org\/2000\/svg\" xmlns:xlink=\"http:\/\/www.w3.org\/1999\/xlink\" version=\"1.1\" id=\"Layer_1\" x=\"0px\" y=\"0px\" viewbox=\"0 0 200 50\" style=\"enable-background:new 0 0 200 50;\" xml:space=\"preserve\"><\/p>\n<style type=\"text\/css\">\n .st03{fill:#CE0E2D;}\n<\/style>\n<polygon points=\"50,0 0,50 200,50 200,0  \"><\/polygon>\n<\/svg><\/p>\n","protected":false},"excerpt":{"rendered":"<p>Crosse Canada Haut Liens Nouvelles \u00c9v\u00e9nements Soutien Plus Liens Nouvelles Faites d\u00e9filer cette section vers la droite pour lire plus d&rsquo;actualit\u00e9s \u00c9V\u00c9NEMENTS Crosse Canada Soutenez-nous Aidez-nous \u00e0 d\u00e9velopper le jeu ! Votre soutien garantit que les athl\u00e8tes de partout au Canada ont acc\u00e8s \u00e0 des programmes de d\u00e9veloppement, \u00e0 des opportunit\u00e9s de haute performance et [&hellip;]<\/p>\n","protected":false},"author":3,"featured_media":1224,"parent":0,"menu_order":0,"comment_status":"closed","ping_status":"closed","template":"","meta":{"_acf_changed":false,"_bbp_topic_count":0,"_bbp_reply_count":0,"_bbp_total_topic_count":0,"_bbp_total_reply_count":0,"_bbp_voice_count":0,"_bbp_anonymous_reply_count":0,"_bbp_topic_count_hidden":0,"_bbp_reply_count_hidden":0,"_bbp_forum_subforum_count":0,"footnotes":""},"class_list":["post-2473","page","type-page","status-publish","has-post-thumbnail","hentry"],"acf":[],"yoast_head":"<!-- This site is optimized with the Yoast SEO plugin v27.2 - https:\/\/yoast.com\/product\/yoast-seo-wordpress\/ -->\n<title>Championnats nationaux - Lacrosse Canada<\/title>\n<meta name=\"robots\" content=\"index, follow, max-snippet:-1, max-image-preview:large, max-video-preview:-1\" \/>\n<link rel=\"canonical\" href=\"https:\/\/lacrosse.ca\/fr\/championnats-nationaux-2\/\" \/>\n<meta property=\"og:locale\" content=\"fr_FR\" \/>\n<meta property=\"og:type\" content=\"article\" \/>\n<meta property=\"og:title\" content=\"Championnats nationaux - Lacrosse Canada\" \/>\n<meta property=\"og:description\" content=\"Crosse Canada Haut Liens Nouvelles \u00c9v\u00e9nements Soutien Plus Liens Nouvelles Faites d\u00e9filer cette section vers la droite pour lire plus d&rsquo;actualit\u00e9s \u00c9V\u00c9NEMENTS Crosse Canada Soutenez-nous Aidez-nous \u00e0 d\u00e9velopper le jeu ! Votre soutien garantit que les athl\u00e8tes de partout au Canada ont acc\u00e8s \u00e0 des programmes de d\u00e9veloppement, \u00e0 des opportunit\u00e9s de haute performance et [&hellip;]\" \/>\n<meta property=\"og:url\" content=\"https:\/\/lacrosse.ca\/fr\/championnats-nationaux-2\/\" \/>\n<meta property=\"og:site_name\" content=\"Lacrosse Canada\" \/>\n<meta property=\"article:modified_time\" content=\"2025-03-23T17:44:47+00:00\" \/>\n<meta property=\"og:image\" content=\"https:\/\/lacrosse.ca\/wp-content\/uploads\/2025\/02\/national-championships-featured-image.webp\" \/>\n\t<meta property=\"og:image:width\" content=\"1000\" \/>\n\t<meta property=\"og:image:height\" content=\"944\" \/>\n\t<meta property=\"og:image:type\" content=\"image\/webp\" \/>\n<meta name=\"twitter:card\" content=\"summary_large_image\" \/>\n<meta name=\"twitter:label1\" content=\"Est. reading time\" \/>\n\t<meta name=\"twitter:data1\" content=\"2 minutes\" \/>\n<script type=\"application\/ld+json\" class=\"yoast-schema-graph\">{\"@context\":\"https:\/\/schema.org\",\"@graph\":[{\"@type\":\"WebPage\",\"@id\":\"https:\/\/lacrosse.ca\/fr\/championnats-nationaux-2\/\",\"url\":\"https:\/\/lacrosse.ca\/fr\/championnats-nationaux-2\/\",\"name\":\"Championnats nationaux - Lacrosse Canada\",\"isPartOf\":{\"@id\":\"https:\/\/lacrosse.ca\/fr\/#website\"},\"primaryImageOfPage\":{\"@id\":\"https:\/\/lacrosse.ca\/fr\/championnats-nationaux-2\/#primaryimage\"},\"image\":{\"@id\":\"https:\/\/lacrosse.ca\/fr\/championnats-nationaux-2\/#primaryimage\"},\"thumbnailUrl\":\"https:\/\/lacrosse.ca\/wp-content\/uploads\/2025\/02\/national-championships-featured-image.webp\",\"datePublished\":\"2025-02-20T17:27:45+00:00\",\"dateModified\":\"2025-03-23T17:44:47+00:00\",\"breadcrumb\":{\"@id\":\"https:\/\/lacrosse.ca\/fr\/championnats-nationaux-2\/#breadcrumb\"},\"inLanguage\":\"fr-FR\",\"potentialAction\":[{\"@type\":\"ReadAction\",\"target\":[\"https:\/\/lacrosse.ca\/fr\/championnats-nationaux-2\/\"]}]},{\"@type\":\"ImageObject\",\"inLanguage\":\"fr-FR\",\"@id\":\"https:\/\/lacrosse.ca\/fr\/championnats-nationaux-2\/#primaryimage\",\"url\":\"https:\/\/lacrosse.ca\/wp-content\/uploads\/2025\/02\/national-championships-featured-image.webp\",\"contentUrl\":\"https:\/\/lacrosse.ca\/wp-content\/uploads\/2025\/02\/national-championships-featured-image.webp\",\"width\":1000,\"height\":944},{\"@type\":\"BreadcrumbList\",\"@id\":\"https:\/\/lacrosse.ca\/fr\/championnats-nationaux-2\/#breadcrumb\",\"itemListElement\":[{\"@type\":\"ListItem\",\"position\":1,\"name\":\"Home\",\"item\":\"https:\/\/lacrosse.ca\/fr\/maison-2\/\"},{\"@type\":\"ListItem\",\"position\":2,\"name\":\"Championnats nationaux\"}]},{\"@type\":\"WebSite\",\"@id\":\"https:\/\/lacrosse.ca\/fr\/#website\",\"url\":\"https:\/\/lacrosse.ca\/fr\/\",\"name\":\"Lacrosse Canada\",\"description\":\"The World&#039;s Leading Lacrosse Program\",\"publisher\":{\"@id\":\"https:\/\/lacrosse.ca\/fr\/#organization\"},\"potentialAction\":[{\"@type\":\"SearchAction\",\"target\":{\"@type\":\"EntryPoint\",\"urlTemplate\":\"https:\/\/lacrosse.ca\/fr\/?s={search_term_string}\"},\"query-input\":{\"@type\":\"PropertyValueSpecification\",\"valueRequired\":true,\"valueName\":\"search_term_string\"}}],\"inLanguage\":\"fr-FR\"},{\"@type\":\"Organization\",\"@id\":\"https:\/\/lacrosse.ca\/fr\/#organization\",\"name\":\"Lacrosse Canada\",\"url\":\"https:\/\/lacrosse.ca\/fr\/\",\"logo\":{\"@type\":\"ImageObject\",\"inLanguage\":\"fr-FR\",\"@id\":\"https:\/\/lacrosse.ca\/fr\/#\/schema\/logo\/image\/\",\"url\":\"https:\/\/lacrosse.ca\/wp-content\/uploads\/2025\/01\/Lacrosse-Canada-Seal-Favicon.gif\",\"contentUrl\":\"https:\/\/lacrosse.ca\/wp-content\/uploads\/2025\/01\/Lacrosse-Canada-Seal-Favicon.gif\",\"width\":512,\"height\":512,\"caption\":\"Lacrosse Canada\"},\"image\":{\"@id\":\"https:\/\/lacrosse.ca\/fr\/#\/schema\/logo\/image\/\"}}]}<\/script>\n<!-- \/ Yoast SEO plugin. -->","yoast_head_json":{"title":"Championnats nationaux - Lacrosse Canada","robots":{"index":"index","follow":"follow","max-snippet":"max-snippet:-1","max-image-preview":"max-image-preview:large","max-video-preview":"max-video-preview:-1"},"canonical":"https:\/\/lacrosse.ca\/fr\/championnats-nationaux-2\/","og_locale":"fr_FR","og_type":"article","og_title":"Championnats nationaux - Lacrosse Canada","og_description":"Crosse Canada Haut Liens Nouvelles \u00c9v\u00e9nements Soutien Plus Liens Nouvelles Faites d\u00e9filer cette section vers la droite pour lire plus d&rsquo;actualit\u00e9s \u00c9V\u00c9NEMENTS Crosse Canada Soutenez-nous Aidez-nous \u00e0 d\u00e9velopper le jeu ! Votre soutien garantit que les athl\u00e8tes de partout au Canada ont acc\u00e8s \u00e0 des programmes de d\u00e9veloppement, \u00e0 des opportunit\u00e9s de haute performance et [&hellip;]","og_url":"https:\/\/lacrosse.ca\/fr\/championnats-nationaux-2\/","og_site_name":"Lacrosse Canada","article_modified_time":"2025-03-23T17:44:47+00:00","og_image":[{"width":1000,"height":944,"url":"https:\/\/lacrosse.ca\/wp-content\/uploads\/2025\/02\/national-championships-featured-image.webp","type":"image\/webp"}],"twitter_card":"summary_large_image","twitter_misc":{"Est. reading time":"2 minutes"},"schema":{"@context":"https:\/\/schema.org","@graph":[{"@type":"WebPage","@id":"https:\/\/lacrosse.ca\/fr\/championnats-nationaux-2\/","url":"https:\/\/lacrosse.ca\/fr\/championnats-nationaux-2\/","name":"Championnats nationaux - Lacrosse Canada","isPartOf":{"@id":"https:\/\/lacrosse.ca\/fr\/#website"},"primaryImageOfPage":{"@id":"https:\/\/lacrosse.ca\/fr\/championnats-nationaux-2\/#primaryimage"},"image":{"@id":"https:\/\/lacrosse.ca\/fr\/championnats-nationaux-2\/#primaryimage"},"thumbnailUrl":"https:\/\/lacrosse.ca\/wp-content\/uploads\/2025\/02\/national-championships-featured-image.webp","datePublished":"2025-02-20T17:27:45+00:00","dateModified":"2025-03-23T17:44:47+00:00","breadcrumb":{"@id":"https:\/\/lacrosse.ca\/fr\/championnats-nationaux-2\/#breadcrumb"},"inLanguage":"fr-FR","potentialAction":[{"@type":"ReadAction","target":["https:\/\/lacrosse.ca\/fr\/championnats-nationaux-2\/"]}]},{"@type":"ImageObject","inLanguage":"fr-FR","@id":"https:\/\/lacrosse.ca\/fr\/championnats-nationaux-2\/#primaryimage","url":"https:\/\/lacrosse.ca\/wp-content\/uploads\/2025\/02\/national-championships-featured-image.webp","contentUrl":"https:\/\/lacrosse.ca\/wp-content\/uploads\/2025\/02\/national-championships-featured-image.webp","width":1000,"height":944},{"@type":"BreadcrumbList","@id":"https:\/\/lacrosse.ca\/fr\/championnats-nationaux-2\/#breadcrumb","itemListElement":[{"@type":"ListItem","position":1,"name":"Home","item":"https:\/\/lacrosse.ca\/fr\/maison-2\/"},{"@type":"ListItem","position":2,"name":"Championnats nationaux"}]},{"@type":"WebSite","@id":"https:\/\/lacrosse.ca\/fr\/#website","url":"https:\/\/lacrosse.ca\/fr\/","name":"Lacrosse Canada","description":"The World&#039;s Leading Lacrosse Program","publisher":{"@id":"https:\/\/lacrosse.ca\/fr\/#organization"},"potentialAction":[{"@type":"SearchAction","target":{"@type":"EntryPoint","urlTemplate":"https:\/\/lacrosse.ca\/fr\/?s={search_term_string}"},"query-input":{"@type":"PropertyValueSpecification","valueRequired":true,"valueName":"search_term_string"}}],"inLanguage":"fr-FR"},{"@type":"Organization","@id":"https:\/\/lacrosse.ca\/fr\/#organization","name":"Lacrosse Canada","url":"https:\/\/lacrosse.ca\/fr\/","logo":{"@type":"ImageObject","inLanguage":"fr-FR","@id":"https:\/\/lacrosse.ca\/fr\/#\/schema\/logo\/image\/","url":"https:\/\/lacrosse.ca\/wp-content\/uploads\/2025\/01\/Lacrosse-Canada-Seal-Favicon.gif","contentUrl":"https:\/\/lacrosse.ca\/wp-content\/uploads\/2025\/01\/Lacrosse-Canada-Seal-Favicon.gif","width":512,"height":512,"caption":"Lacrosse Canada"},"image":{"@id":"https:\/\/lacrosse.ca\/fr\/#\/schema\/logo\/image\/"}}]}},"_links":{"self":[{"href":"https:\/\/lacrosse.ca\/fr\/wp-json\/wp\/v2\/pages\/2473","targetHints":{"allow":["GET"]}}],"collection":[{"href":"https:\/\/lacrosse.ca\/fr\/wp-json\/wp\/v2\/pages"}],"about":[{"href":"https:\/\/lacrosse.ca\/fr\/wp-json\/wp\/v2\/types\/page"}],"author":[{"embeddable":true,"href":"https:\/\/lacrosse.ca\/fr\/wp-json\/wp\/v2\/users\/3"}],"replies":[{"embeddable":true,"href":"https:\/\/lacrosse.ca\/fr\/wp-json\/wp\/v2\/comments?post=2473"}],"version-history":[{"count":0,"href":"https:\/\/lacrosse.ca\/fr\/wp-json\/wp\/v2\/pages\/2473\/revisions"}],"wp:featuredmedia":[{"embeddable":true,"href":"https:\/\/lacrosse.ca\/fr\/wp-json\/wp\/v2\/media\/1224"}],"wp:attachment":[{"href":"https:\/\/lacrosse.ca\/fr\/wp-json\/wp\/v2\/media?parent=2473"}],"curies":[{"name":"wp","href":"https:\/\/api.w.org\/{rel}","templated":true}]}}