{"id":2474,"date":"2025-02-20T17:22:53","date_gmt":"2025-02-20T17:22:53","guid":{"rendered":"https:\/\/lacrosscanada.wpenginepowered.com\/reglementation-de-lequipementequipment-regulations\/"},"modified":"2025-03-25T21:25:40","modified_gmt":"2025-03-25T21:25:40","slug":"reglementation-de-lequipementequipment-regulations","status":"publish","type":"page","link":"https:\/\/lacrosse.ca\/fr\/developpement\/athletes\/reglementation-de-lequipementequipment-regulations\/","title":{"rendered":"R\u00e9glementation de l&rsquo;\u00e9quipementEquipment Regulations"},"content":{"rendered":"\n<h2 class=\"wp-block-heading\"><strong>1. B\u00e2tons, balles et filets<\/strong><\/h2>\n\n<h3 class=\"wp-block-heading\"><strong>B\u00e2tons<\/strong><\/h3>\n\n<ul class=\"wp-block-list\">\n<li>Les crosses de crosse sur le terrain pour femmes doivent \u00eatre conformes aux r\u00e8glements de World Lacrosse.<\/li>\n\n\n\n<li>Les b\u00e2tons et les poches approuv\u00e9s doivent \u00eatre r\u00e9pertori\u00e9s dans <a href=\"https:\/\/lacrosse.ca\/wp-content\/uploads\/2025\/03\/WL-Stick-List-27March2024.pdf\" target=\"_blank\" rel=\"noreferrer noopener\">la liste des croix et des poches approuv\u00e9es par World Lacrosse Women&rsquo;s.<\/a><\/li>\n\n\n\n<li>Pour toute question relative \u00e0 la conformit\u00e9, contactez Lacrosse Canada ou votre association membre.<\/li>\n<\/ul>\n\n<h3 class=\"wp-block-heading\"><strong>Fabricants de balles approuv\u00e9s<\/strong><\/h3>\n\n<p>Seules les balles des fabricants suivants sont permises dans les jeux sanctionn\u00e9s :<br\/>\u2714 Warrior\/Brine<br\/>\u2714 Northern Amerex &#8211; STX\/Cardinal<br\/>\u2714 Harrow<br\/>\u2714 GAIT<br\/>\u2714 Signature Lacrosse<br\/>\u2714 Ball Boys (Velocity and Union)<\/p>\n\n<h3 class=\"wp-block-heading\"><strong>Exigences du r\u00e9seau<\/strong><\/h3>\n\n<ul class=\"wp-block-list\">\n<li>Tous les filets de crosse en enclos doivent respecter les sp\u00e9cifications officielles de Crosse Canada.<\/li>\n\n\n\n<li>Le terme \u00ab filets \u00bb comprend \u00e0 la fois le cadre du but et le treillis.<\/li>\n\n\n\n<li>Les tailles de filet approuv\u00e9es comprennent <a href=\"https:\/\/lacrosse.ca\/wp-content\/uploads\/2025\/03\/3-D_net_3x3_HR.pdf\">3&rsquo;x3<\/a>&lsquo;, <a href=\"https:\/\/lacrosse.ca\/wp-content\/uploads\/2025\/03\/3-D_net_4x4_r1a_HR.pdf\">4&rsquo;x4&prime;<\/a> et <a href=\"https:\/\/lacrosse.ca\/wp-content\/uploads\/2025\/03\/3-D_net_4x46_HR.pdf\">4&rsquo;x4&rsquo;6&Prime;<\/a>.<\/li>\n<\/ul>\n\n<p><\/p>\n\n<hr class=\"wp-block-separator has-alpha-channel-opacity\"\/>\n\n<h2 class=\"wp-block-heading\"><strong>2. \u00c9quipement de gardien de but<\/strong><\/h2>\n\n<h3 class=\"wp-block-heading\"><strong>Normes d&rsquo;\u00e9quipement<\/strong><\/h3>\n\n<ul class=\"wp-block-list\">\n<li>L&rsquo;\u00e9quipement du gardien de but doit \u00eatre dimensionn\u00e9 en fonction de la taille, et non de la cat\u00e9gorie d&rsquo;\u00e2ge, pour assurer une protection optimale.<\/li>\n\n\n\n<li>Des sangles ajustables doivent \u00eatre utilis\u00e9es pour assurer un ajustement s\u00e9curitaire et appropri\u00e9.<\/li>\n\n\n\n<li>Si l&rsquo;\u00e9quipement standard est trop grand, les gardiens de but peuvent r\u00e9duire la taille sans avoir besoin d&rsquo;approbation.<\/li>\n<\/ul>\n\n<h3 class=\"wp-block-heading\"><strong>Processus d&rsquo;exemption<\/strong><\/h3>\n\n<p>Dans les cas o\u00f9 l&rsquo;\u00e9quipement standard ne s&rsquo;adapte pas en toute s\u00e9curit\u00e9, les gardiens de but peuvent demander une exemption :<\/p>\n\n<ol class=\"wp-block-list\">\n<li>Soumettez un <a href=\"https:\/\/lacrosse.ca\/wp-content\/uploads\/2025\/03\/2025-Goalkeeper-Exemption-Form.pdf\">formulaire d&rsquo;exemption d&rsquo;\u00e9quipement de gardien de but <\/a>avec des mesures de hauteur et des photos.<\/li>\n\n\n\n<li>Le formulaire doit \u00eatre approuv\u00e9 par le Comit\u00e9 d\u2019examen de la s\u00e9curit\u00e9 et de l\u2019\u00e9quipement de Lacrosse Canada.<\/li>\n\n\n\n<li>Les exemptions approuv\u00e9es doivent \u00eatre apport\u00e9es par le gardien de but \u00e0 tous les matchs.<\/li>\n\n\n\n<li>La date limite annuelle pour les demandes d&rsquo;exemption est le 31 mai.<\/li>\n<\/ol>\n\n<blockquote class=\"wp-block-quote is-layout-flow wp-block-quote-is-layout-flow\">\n<p>Important : Il n\u2019existe aucun processus d\u2019appel pour les d\u00e9cisions d\u2019exemption.<\/p>\n<\/blockquote>\n\n<p><\/p>\n\n<hr class=\"wp-block-separator has-alpha-channel-opacity\"\/>\n\n<h2 class=\"wp-block-heading\"><strong>3. Casques et masques faciaux<\/strong><\/h2>\n\n<h3 class=\"wp-block-heading\"><strong>Options de casques pour les joueurs<\/strong><\/h3>\n\n<p>Les joueurs doivent porter l&rsquo;une des configurations de casque approuv\u00e9es suivantes :<br\/>\u2714 Casque de crosse sur le terrain a<strong>pprouv\u00e9 par la NOCSAE<br\/><\/strong>\u2714 Casque de hockey approuv\u00e9 CSA + masque facial de hockey <strong>approuv\u00e9 CSA<br\/><\/strong>\u2714 Casque de hockey approuv\u00e9 CSA + masque de crosse <strong>approuv\u00e9 CSA<\/strong><\/p>\n\n<h3 class=\"wp-block-heading\"><strong>Masques faciaux approuv\u00e9s pour la crosse<\/strong><\/h3>\n\n<p>Seuls les <strong>masques faciaux suivants approuv\u00e9s par la CSA<\/strong> sont autoris\u00e9s :<br\/>\u2714 Under Armour Model UA V96 (Jr. &amp; Sr.)<br\/>\u2714 Under Armour CLA Mask (Jr. &amp; Sr.)<br\/>\u2714 Marty O\u2019Neill MX-13 (Jr. &amp; Sr.)<br\/>\u2714 OTNY (Jr. &amp; Sr.)<br\/>\u2714 Gait G7 (Jr. &amp; Sr.)<br\/>\u2714 Warrior Fatboy (Jr. &amp; Sr.)<\/p>\n\n<p><\/p>\n\n<p><\/p>\n","protected":false},"excerpt":{"rendered":"<p>1. B\u00e2tons, balles et filets B\u00e2tons Fabricants de balles approuv\u00e9s Seules les balles des fabricants suivants sont permises dans les jeux sanctionn\u00e9s :\u2714 Warrior\/Brine\u2714 Northern Amerex &#8211; STX\/Cardinal\u2714 Harrow\u2714 GAIT\u2714 Signature Lacrosse\u2714 Ball Boys (Velocity and Union) Exigences du r\u00e9seau 2. \u00c9quipement de gardien de but Normes d&rsquo;\u00e9quipement Processus d&rsquo;exemption Dans les cas o\u00f9 l&rsquo;\u00e9quipement [&hellip;]<\/p>\n","protected":false},"author":3,"featured_media":2691,"parent":2480,"menu_order":0,"comment_status":"closed","ping_status":"closed","template":"","meta":{"_acf_changed":false,"_bbp_topic_count":0,"_bbp_reply_count":0,"_bbp_total_topic_count":0,"_bbp_total_reply_count":0,"_bbp_voice_count":0,"_bbp_anonymous_reply_count":0,"_bbp_topic_count_hidden":0,"_bbp_reply_count_hidden":0,"_bbp_forum_subforum_count":0,"footnotes":""},"class_list":["post-2474","page","type-page","status-publish","has-post-thumbnail","hentry"],"acf":[],"yoast_head":"<!-- This site is optimized with the Yoast SEO plugin v27.2 - https:\/\/yoast.com\/product\/yoast-seo-wordpress\/ -->\n<title>R\u00e9glementation de l&#039;\u00e9quipementEquipment Regulations - Lacrosse Canada<\/title>\n<meta name=\"robots\" content=\"index, follow, max-snippet:-1, max-image-preview:large, max-video-preview:-1\" \/>\n<link rel=\"canonical\" href=\"https:\/\/lacrosse.ca\/fr\/developpement\/athletes\/reglementation-de-lequipementequipment-regulations\/\" \/>\n<meta property=\"og:locale\" content=\"fr_FR\" \/>\n<meta property=\"og:type\" content=\"article\" \/>\n<meta property=\"og:title\" content=\"R\u00e9glementation de l&#039;\u00e9quipementEquipment Regulations - Lacrosse Canada\" \/>\n<meta property=\"og:description\" content=\"1. B\u00e2tons, balles et filets B\u00e2tons Fabricants de balles approuv\u00e9s Seules les balles des fabricants suivants sont permises dans les jeux sanctionn\u00e9s :\u2714 Warrior\/Brine\u2714 Northern Amerex &#8211; STX\/Cardinal\u2714 Harrow\u2714 GAIT\u2714 Signature Lacrosse\u2714 Ball Boys (Velocity and Union) Exigences du r\u00e9seau 2. \u00c9quipement de gardien de but Normes d&rsquo;\u00e9quipement Processus d&rsquo;exemption Dans les cas o\u00f9 l&rsquo;\u00e9quipement [&hellip;]\" \/>\n<meta property=\"og:url\" content=\"https:\/\/lacrosse.ca\/fr\/developpement\/athletes\/reglementation-de-lequipementequipment-regulations\/\" \/>\n<meta property=\"og:site_name\" content=\"Lacrosse Canada\" \/>\n<meta property=\"article:modified_time\" content=\"2025-03-25T21:25:40+00:00\" \/>\n<meta property=\"og:image\" content=\"https:\/\/lacrosse.ca\/wp-content\/uploads\/2025\/03\/GAITWHIP2WHITESTICK.webp\" \/>\n\t<meta property=\"og:image:width\" content=\"800\" \/>\n\t<meta property=\"og:image:height\" content=\"600\" \/>\n\t<meta property=\"og:image:type\" content=\"image\/webp\" \/>\n<meta name=\"twitter:card\" content=\"summary_large_image\" \/>\n<meta name=\"twitter:label1\" content=\"Est. reading time\" \/>\n\t<meta name=\"twitter:data1\" content=\"2 minutes\" \/>\n<script type=\"application\/ld+json\" class=\"yoast-schema-graph\">{\"@context\":\"https:\/\/schema.org\",\"@graph\":[{\"@type\":\"WebPage\",\"@id\":\"https:\/\/lacrosse.ca\/fr\/developpement\/athletes\/reglementation-de-lequipementequipment-regulations\/\",\"url\":\"https:\/\/lacrosse.ca\/fr\/developpement\/athletes\/reglementation-de-lequipementequipment-regulations\/\",\"name\":\"R\u00e9glementation de l'\u00e9quipementEquipment Regulations - Lacrosse Canada\",\"isPartOf\":{\"@id\":\"https:\/\/lacrosse.ca\/fr\/#website\"},\"primaryImageOfPage\":{\"@id\":\"https:\/\/lacrosse.ca\/fr\/developpement\/athletes\/reglementation-de-lequipementequipment-regulations\/#primaryimage\"},\"image\":{\"@id\":\"https:\/\/lacrosse.ca\/fr\/developpement\/athletes\/reglementation-de-lequipementequipment-regulations\/#primaryimage\"},\"thumbnailUrl\":\"https:\/\/lacrosse.ca\/wp-content\/uploads\/2025\/03\/GAITWHIP2WHITESTICK.webp\",\"datePublished\":\"2025-02-20T17:22:53+00:00\",\"dateModified\":\"2025-03-25T21:25:40+00:00\",\"breadcrumb\":{\"@id\":\"https:\/\/lacrosse.ca\/fr\/developpement\/athletes\/reglementation-de-lequipementequipment-regulations\/#breadcrumb\"},\"inLanguage\":\"fr-FR\",\"potentialAction\":[{\"@type\":\"ReadAction\",\"target\":[\"https:\/\/lacrosse.ca\/fr\/developpement\/athletes\/reglementation-de-lequipementequipment-regulations\/\"]}]},{\"@type\":\"ImageObject\",\"inLanguage\":\"fr-FR\",\"@id\":\"https:\/\/lacrosse.ca\/fr\/developpement\/athletes\/reglementation-de-lequipementequipment-regulations\/#primaryimage\",\"url\":\"https:\/\/lacrosse.ca\/wp-content\/uploads\/2025\/03\/GAITWHIP2WHITESTICK.webp\",\"contentUrl\":\"https:\/\/lacrosse.ca\/wp-content\/uploads\/2025\/03\/GAITWHIP2WHITESTICK.webp\",\"width\":800,\"height\":600},{\"@type\":\"BreadcrumbList\",\"@id\":\"https:\/\/lacrosse.ca\/fr\/developpement\/athletes\/reglementation-de-lequipementequipment-regulations\/#breadcrumb\",\"itemListElement\":[{\"@type\":\"ListItem\",\"position\":1,\"name\":\"Home\",\"item\":\"https:\/\/lacrosse.ca\/fr\/maison-2\/\"},{\"@type\":\"ListItem\",\"position\":2,\"name\":\"D\u00e9veloppement\",\"item\":\"https:\/\/lacrosse.ca\/fr\/developpement\/\"},{\"@type\":\"ListItem\",\"position\":3,\"name\":\"Athl\u00e8tes\",\"item\":\"https:\/\/lacrosse.ca\/fr\/developpement\/athletes\/\"},{\"@type\":\"ListItem\",\"position\":4,\"name\":\"R\u00e9glementation de l&rsquo;\u00e9quipementEquipment Regulations\"}]},{\"@type\":\"WebSite\",\"@id\":\"https:\/\/lacrosse.ca\/fr\/#website\",\"url\":\"https:\/\/lacrosse.ca\/fr\/\",\"name\":\"Lacrosse Canada\",\"description\":\"The World&#039;s Leading Lacrosse Program\",\"publisher\":{\"@id\":\"https:\/\/lacrosse.ca\/fr\/#organization\"},\"potentialAction\":[{\"@type\":\"SearchAction\",\"target\":{\"@type\":\"EntryPoint\",\"urlTemplate\":\"https:\/\/lacrosse.ca\/fr\/?s={search_term_string}\"},\"query-input\":{\"@type\":\"PropertyValueSpecification\",\"valueRequired\":true,\"valueName\":\"search_term_string\"}}],\"inLanguage\":\"fr-FR\"},{\"@type\":\"Organization\",\"@id\":\"https:\/\/lacrosse.ca\/fr\/#organization\",\"name\":\"Lacrosse Canada\",\"url\":\"https:\/\/lacrosse.ca\/fr\/\",\"logo\":{\"@type\":\"ImageObject\",\"inLanguage\":\"fr-FR\",\"@id\":\"https:\/\/lacrosse.ca\/fr\/#\/schema\/logo\/image\/\",\"url\":\"https:\/\/lacrosse.ca\/wp-content\/uploads\/2025\/01\/Lacrosse-Canada-Seal-Favicon.gif\",\"contentUrl\":\"https:\/\/lacrosse.ca\/wp-content\/uploads\/2025\/01\/Lacrosse-Canada-Seal-Favicon.gif\",\"width\":512,\"height\":512,\"caption\":\"Lacrosse Canada\"},\"image\":{\"@id\":\"https:\/\/lacrosse.ca\/fr\/#\/schema\/logo\/image\/\"}}]}<\/script>\n<!-- \/ Yoast SEO plugin. -->","yoast_head_json":{"title":"R\u00e9glementation de l'\u00e9quipementEquipment Regulations - Lacrosse Canada","robots":{"index":"index","follow":"follow","max-snippet":"max-snippet:-1","max-image-preview":"max-image-preview:large","max-video-preview":"max-video-preview:-1"},"canonical":"https:\/\/lacrosse.ca\/fr\/developpement\/athletes\/reglementation-de-lequipementequipment-regulations\/","og_locale":"fr_FR","og_type":"article","og_title":"R\u00e9glementation de l'\u00e9quipementEquipment Regulations - Lacrosse Canada","og_description":"1. B\u00e2tons, balles et filets B\u00e2tons Fabricants de balles approuv\u00e9s Seules les balles des fabricants suivants sont permises dans les jeux sanctionn\u00e9s :\u2714 Warrior\/Brine\u2714 Northern Amerex &#8211; STX\/Cardinal\u2714 Harrow\u2714 GAIT\u2714 Signature Lacrosse\u2714 Ball Boys (Velocity and Union) Exigences du r\u00e9seau 2. \u00c9quipement de gardien de but Normes d&rsquo;\u00e9quipement Processus d&rsquo;exemption Dans les cas o\u00f9 l&rsquo;\u00e9quipement [&hellip;]","og_url":"https:\/\/lacrosse.ca\/fr\/developpement\/athletes\/reglementation-de-lequipementequipment-regulations\/","og_site_name":"Lacrosse Canada","article_modified_time":"2025-03-25T21:25:40+00:00","og_image":[{"width":800,"height":600,"url":"https:\/\/lacrosse.ca\/wp-content\/uploads\/2025\/03\/GAITWHIP2WHITESTICK.webp","type":"image\/webp"}],"twitter_card":"summary_large_image","twitter_misc":{"Est. reading time":"2 minutes"},"schema":{"@context":"https:\/\/schema.org","@graph":[{"@type":"WebPage","@id":"https:\/\/lacrosse.ca\/fr\/developpement\/athletes\/reglementation-de-lequipementequipment-regulations\/","url":"https:\/\/lacrosse.ca\/fr\/developpement\/athletes\/reglementation-de-lequipementequipment-regulations\/","name":"R\u00e9glementation de l'\u00e9quipementEquipment Regulations - Lacrosse Canada","isPartOf":{"@id":"https:\/\/lacrosse.ca\/fr\/#website"},"primaryImageOfPage":{"@id":"https:\/\/lacrosse.ca\/fr\/developpement\/athletes\/reglementation-de-lequipementequipment-regulations\/#primaryimage"},"image":{"@id":"https:\/\/lacrosse.ca\/fr\/developpement\/athletes\/reglementation-de-lequipementequipment-regulations\/#primaryimage"},"thumbnailUrl":"https:\/\/lacrosse.ca\/wp-content\/uploads\/2025\/03\/GAITWHIP2WHITESTICK.webp","datePublished":"2025-02-20T17:22:53+00:00","dateModified":"2025-03-25T21:25:40+00:00","breadcrumb":{"@id":"https:\/\/lacrosse.ca\/fr\/developpement\/athletes\/reglementation-de-lequipementequipment-regulations\/#breadcrumb"},"inLanguage":"fr-FR","potentialAction":[{"@type":"ReadAction","target":["https:\/\/lacrosse.ca\/fr\/developpement\/athletes\/reglementation-de-lequipementequipment-regulations\/"]}]},{"@type":"ImageObject","inLanguage":"fr-FR","@id":"https:\/\/lacrosse.ca\/fr\/developpement\/athletes\/reglementation-de-lequipementequipment-regulations\/#primaryimage","url":"https:\/\/lacrosse.ca\/wp-content\/uploads\/2025\/03\/GAITWHIP2WHITESTICK.webp","contentUrl":"https:\/\/lacrosse.ca\/wp-content\/uploads\/2025\/03\/GAITWHIP2WHITESTICK.webp","width":800,"height":600},{"@type":"BreadcrumbList","@id":"https:\/\/lacrosse.ca\/fr\/developpement\/athletes\/reglementation-de-lequipementequipment-regulations\/#breadcrumb","itemListElement":[{"@type":"ListItem","position":1,"name":"Home","item":"https:\/\/lacrosse.ca\/fr\/maison-2\/"},{"@type":"ListItem","position":2,"name":"D\u00e9veloppement","item":"https:\/\/lacrosse.ca\/fr\/developpement\/"},{"@type":"ListItem","position":3,"name":"Athl\u00e8tes","item":"https:\/\/lacrosse.ca\/fr\/developpement\/athletes\/"},{"@type":"ListItem","position":4,"name":"R\u00e9glementation de l&rsquo;\u00e9quipementEquipment Regulations"}]},{"@type":"WebSite","@id":"https:\/\/lacrosse.ca\/fr\/#website","url":"https:\/\/lacrosse.ca\/fr\/","name":"Lacrosse Canada","description":"The World&#039;s Leading Lacrosse Program","publisher":{"@id":"https:\/\/lacrosse.ca\/fr\/#organization"},"potentialAction":[{"@type":"SearchAction","target":{"@type":"EntryPoint","urlTemplate":"https:\/\/lacrosse.ca\/fr\/?s={search_term_string}"},"query-input":{"@type":"PropertyValueSpecification","valueRequired":true,"valueName":"search_term_string"}}],"inLanguage":"fr-FR"},{"@type":"Organization","@id":"https:\/\/lacrosse.ca\/fr\/#organization","name":"Lacrosse Canada","url":"https:\/\/lacrosse.ca\/fr\/","logo":{"@type":"ImageObject","inLanguage":"fr-FR","@id":"https:\/\/lacrosse.ca\/fr\/#\/schema\/logo\/image\/","url":"https:\/\/lacrosse.ca\/wp-content\/uploads\/2025\/01\/Lacrosse-Canada-Seal-Favicon.gif","contentUrl":"https:\/\/lacrosse.ca\/wp-content\/uploads\/2025\/01\/Lacrosse-Canada-Seal-Favicon.gif","width":512,"height":512,"caption":"Lacrosse Canada"},"image":{"@id":"https:\/\/lacrosse.ca\/fr\/#\/schema\/logo\/image\/"}}]}},"_links":{"self":[{"href":"https:\/\/lacrosse.ca\/fr\/wp-json\/wp\/v2\/pages\/2474","targetHints":{"allow":["GET"]}}],"collection":[{"href":"https:\/\/lacrosse.ca\/fr\/wp-json\/wp\/v2\/pages"}],"about":[{"href":"https:\/\/lacrosse.ca\/fr\/wp-json\/wp\/v2\/types\/page"}],"author":[{"embeddable":true,"href":"https:\/\/lacrosse.ca\/fr\/wp-json\/wp\/v2\/users\/3"}],"replies":[{"embeddable":true,"href":"https:\/\/lacrosse.ca\/fr\/wp-json\/wp\/v2\/comments?post=2474"}],"version-history":[{"count":0,"href":"https:\/\/lacrosse.ca\/fr\/wp-json\/wp\/v2\/pages\/2474\/revisions"}],"up":[{"embeddable":true,"href":"https:\/\/lacrosse.ca\/fr\/wp-json\/wp\/v2\/pages\/2480"}],"wp:featuredmedia":[{"embeddable":true,"href":"https:\/\/lacrosse.ca\/fr\/wp-json\/wp\/v2\/media\/2691"}],"wp:attachment":[{"href":"https:\/\/lacrosse.ca\/fr\/wp-json\/wp\/v2\/media?parent=2474"}],"curies":[{"name":"wp","href":"https:\/\/api.w.org\/{rel}","templated":true}]}}