{"id":2476,"date":"2025-02-20T17:21:03","date_gmt":"2025-02-20T17:21:03","guid":{"rendered":"https:\/\/lacrosscanada.wpenginepowered.com\/commotions-cerebrales\/"},"modified":"2025-03-20T20:41:54","modified_gmt":"2025-03-20T20:41:54","slug":"commotions-cerebrales","status":"publish","type":"page","link":"https:\/\/lacrosse.ca\/fr\/developpement\/athletes\/commotions-cerebrales\/","title":{"rendered":"Commotions c\u00e9r\u00e9brales"},"content":{"rendered":"\n<p class=\"has-medium-font-size\"><strong>Ressources<\/strong><\/p>\n\n<p><a href=\"https:\/\/lacrosse.ca\/wp-content\/uploads\/2025\/03\/Lacrosse-Canada-Concussion-Management-Guidelines.pdf\" target=\"_blank\" rel=\"noreferrer noopener\">Lignes directrices de Lacrosse Canada sur les commotions c\u00e9r\u00e9brales<\/a><\/p>\n\n<p><a href=\"https:\/\/lacrosse.ca\/wp-content\/uploads\/2025\/03\/Child-Sport-Concussion-Assessment-Tool-6-Child-SCAT6.pdf\" target=\"_blank\" rel=\"noreferrer noopener\">\u00c9valuation des commotions c\u00e9r\u00e9brales sportives chez les enfants <\/a><\/p>\n\n<p><a href=\"https:\/\/lacrosse.ca\/wp-content\/uploads\/2025\/03\/Concussion-Recognition-Tool-6-CRT6.pdf\" target=\"_blank\" rel=\"noreferrer noopener\">Outil de reconnaissance des commotions c\u00e9r\u00e9brales<\/a><\/p>\n\n<p><a href=\"https:\/\/lacrosse.ca\/wp-content\/uploads\/2025\/03\/LC-Concussion-Mgt-Assessment-Letter-fillable.pdf\" target=\"_blank\" rel=\"noreferrer noopener\">Lettre d&rsquo;\u00e9valuation<\/a><\/p>\n\n<p><a href=\"https:\/\/lacrosse.ca\/wp-content\/uploads\/2025\/03\/LC-Concussion-Mgt-Clearance-Letter-fillable.pdf\" target=\"_blank\" rel=\"noreferrer noopener\">Lettre d&rsquo;autorisation<\/a><\/p>\n\n<p><a href=\"https:\/\/lacrosse.ca\/wp-content\/uploads\/2025\/03\/Sport-Concussion-Assessment-Tool-6-SCAT6.pdf\" target=\"_blank\" rel=\"noreferrer noopener\">Outil d&rsquo;\u00e9valuation des commotions c\u00e9r\u00e9brales sportives (13 ans et plus)Sport Concussion Assessment Tool (13+)<\/a><\/p>\n\n<p><a href=\"https:\/\/lacrosse.ca\/wp-content\/uploads\/2025\/03\/Backgrounder-Concussion-Recommendation-Updates-NSOs.pdf\" target=\"_blank\" rel=\"noreferrer noopener\">Mises \u00e0 jour des recommandations sur les commotions c\u00e9r\u00e9brales &#8211; ONS<\/a><\/p>\n\n<p><a href=\"https:\/\/lacrossecanada.formstack.com\/forms\/lacrosse_canada_head_injury_report\" target=\"_blank\" rel=\"noreferrer noopener\">Formulaire de rapport de blessure \u00e0 la t\u00eate<\/a><\/p>\n\n<p><a href=\"https:\/\/lacrosse.ca\/wp-content\/uploads\/2025\/03\/LC_Concussion_Policy.pdf\" target=\"_blank\" rel=\"noreferrer noopener\">Politique de Crosse Canada sur les commotions c\u00e9r\u00e9brales<\/a><\/p>\n","protected":false},"excerpt":{"rendered":"<p>Ressources Lignes directrices de Lacrosse Canada sur les commotions c\u00e9r\u00e9brales \u00c9valuation des commotions c\u00e9r\u00e9brales sportives chez les enfants Outil de reconnaissance des commotions c\u00e9r\u00e9brales Lettre d&rsquo;\u00e9valuation Lettre d&rsquo;autorisation Outil d&rsquo;\u00e9valuation des commotions c\u00e9r\u00e9brales sportives (13 ans et plus)Sport Concussion Assessment Tool (13+) Mises \u00e0 jour des recommandations sur les commotions c\u00e9r\u00e9brales &#8211; ONS Formulaire de [&hellip;]<\/p>\n","protected":false},"author":3,"featured_media":0,"parent":2480,"menu_order":0,"comment_status":"closed","ping_status":"closed","template":"","meta":{"_acf_changed":false,"_bbp_topic_count":0,"_bbp_reply_count":0,"_bbp_total_topic_count":0,"_bbp_total_reply_count":0,"_bbp_voice_count":0,"_bbp_anonymous_reply_count":0,"_bbp_topic_count_hidden":0,"_bbp_reply_count_hidden":0,"_bbp_forum_subforum_count":0,"footnotes":""},"class_list":["post-2476","page","type-page","status-publish","hentry"],"acf":[],"yoast_head":"<!-- This site is optimized with the Yoast SEO plugin v27.2 - https:\/\/yoast.com\/product\/yoast-seo-wordpress\/ -->\n<title>Commotions c\u00e9r\u00e9brales - Lacrosse Canada<\/title>\n<meta name=\"description\" content=\"Les commotions c\u00e9r\u00e9brales sont une pr\u00e9occupation s\u00e9rieuse en crosse, et Crosse Canada s&#039;engage \u00e0 assurer la s\u00e9curit\u00e9 et le bien-\u00eatre de tous les joueurs. Cette page fournit des ressources essentielles sur la sensibilisation, la pr\u00e9vention et la gestion des commotions c\u00e9r\u00e9brales, offrant des renseignements pr\u00e9cieux aux athl\u00e8tes, aux entra\u00eeneurs et aux parents. Vous trouverez ici des conseils pour reconna\u00eetre les sympt\u00f4mes d\u2019une commotion c\u00e9r\u00e9brale, les \u00e9tapes \u00e0 suivre pour retourner au jeu et comment cr\u00e9er un environnement de jeu s\u00e9curitaire. Lacrosse Canada s&#039;engage \u00e0 \u00e9duquer la communaut\u00e9 de la crosse sur les meilleures pratiques pour pr\u00e9venir les commotions c\u00e9r\u00e9brales et fournir du soutien aux personnes touch\u00e9es, garantissant ainsi une exp\u00e9rience plus s\u00fbre et plus \u00e9clair\u00e9e pour tous ceux qui participent au sport.\" \/>\n<meta name=\"robots\" content=\"index, follow, max-snippet:-1, max-image-preview:large, max-video-preview:-1\" \/>\n<link rel=\"canonical\" href=\"https:\/\/lacrosse.ca\/fr\/developpement\/athletes\/commotions-cerebrales\/\" \/>\n<meta property=\"og:locale\" content=\"fr_FR\" \/>\n<meta property=\"og:type\" content=\"article\" \/>\n<meta property=\"og:title\" content=\"Commotions c\u00e9r\u00e9brales - Lacrosse Canada\" \/>\n<meta property=\"og:description\" content=\"Les commotions c\u00e9r\u00e9brales sont une pr\u00e9occupation s\u00e9rieuse en crosse, et Crosse Canada s&#039;engage \u00e0 assurer la s\u00e9curit\u00e9 et le bien-\u00eatre de tous les joueurs. Cette page fournit des ressources essentielles sur la sensibilisation, la pr\u00e9vention et la gestion des commotions c\u00e9r\u00e9brales, offrant des renseignements pr\u00e9cieux aux athl\u00e8tes, aux entra\u00eeneurs et aux parents. Vous trouverez ici des conseils pour reconna\u00eetre les sympt\u00f4mes d\u2019une commotion c\u00e9r\u00e9brale, les \u00e9tapes \u00e0 suivre pour retourner au jeu et comment cr\u00e9er un environnement de jeu s\u00e9curitaire. Lacrosse Canada s&#039;engage \u00e0 \u00e9duquer la communaut\u00e9 de la crosse sur les meilleures pratiques pour pr\u00e9venir les commotions c\u00e9r\u00e9brales et fournir du soutien aux personnes touch\u00e9es, garantissant ainsi une exp\u00e9rience plus s\u00fbre et plus \u00e9clair\u00e9e pour tous ceux qui participent au sport.\" \/>\n<meta property=\"og:url\" content=\"https:\/\/lacrosse.ca\/fr\/developpement\/athletes\/commotions-cerebrales\/\" \/>\n<meta property=\"og:site_name\" content=\"Lacrosse Canada\" \/>\n<meta property=\"article:modified_time\" content=\"2025-03-20T20:41:54+00:00\" \/>\n<meta name=\"twitter:card\" content=\"summary_large_image\" \/>\n<script type=\"application\/ld+json\" class=\"yoast-schema-graph\">{\"@context\":\"https:\/\/schema.org\",\"@graph\":[{\"@type\":\"WebPage\",\"@id\":\"https:\/\/lacrosse.ca\/fr\/developpement\/athletes\/commotions-cerebrales\/\",\"url\":\"https:\/\/lacrosse.ca\/fr\/developpement\/athletes\/commotions-cerebrales\/\",\"name\":\"Commotions c\u00e9r\u00e9brales - Lacrosse Canada\",\"isPartOf\":{\"@id\":\"https:\/\/lacrosse.ca\/fr\/#website\"},\"datePublished\":\"2025-02-20T17:21:03+00:00\",\"dateModified\":\"2025-03-20T20:41:54+00:00\",\"description\":\"Les commotions c\u00e9r\u00e9brales sont une pr\u00e9occupation s\u00e9rieuse en crosse, et Crosse Canada s'engage \u00e0 assurer la s\u00e9curit\u00e9 et le bien-\u00eatre de tous les joueurs. Cette page fournit des ressources essentielles sur la sensibilisation, la pr\u00e9vention et la gestion des commotions c\u00e9r\u00e9brales, offrant des renseignements pr\u00e9cieux aux athl\u00e8tes, aux entra\u00eeneurs et aux parents. Vous trouverez ici des conseils pour reconna\u00eetre les sympt\u00f4mes d\u2019une commotion c\u00e9r\u00e9brale, les \u00e9tapes \u00e0 suivre pour retourner au jeu et comment cr\u00e9er un environnement de jeu s\u00e9curitaire. Lacrosse Canada s'engage \u00e0 \u00e9duquer la communaut\u00e9 de la crosse sur les meilleures pratiques pour pr\u00e9venir les commotions c\u00e9r\u00e9brales et fournir du soutien aux personnes touch\u00e9es, garantissant ainsi une exp\u00e9rience plus s\u00fbre et plus \u00e9clair\u00e9e pour tous ceux qui participent au sport.\",\"breadcrumb\":{\"@id\":\"https:\/\/lacrosse.ca\/fr\/developpement\/athletes\/commotions-cerebrales\/#breadcrumb\"},\"inLanguage\":\"fr-FR\",\"potentialAction\":[{\"@type\":\"ReadAction\",\"target\":[\"https:\/\/lacrosse.ca\/fr\/developpement\/athletes\/commotions-cerebrales\/\"]}]},{\"@type\":\"BreadcrumbList\",\"@id\":\"https:\/\/lacrosse.ca\/fr\/developpement\/athletes\/commotions-cerebrales\/#breadcrumb\",\"itemListElement\":[{\"@type\":\"ListItem\",\"position\":1,\"name\":\"Home\",\"item\":\"https:\/\/lacrosse.ca\/fr\/maison-2\/\"},{\"@type\":\"ListItem\",\"position\":2,\"name\":\"D\u00e9veloppement\",\"item\":\"https:\/\/lacrosse.ca\/fr\/developpement\/\"},{\"@type\":\"ListItem\",\"position\":3,\"name\":\"Athl\u00e8tes\",\"item\":\"https:\/\/lacrosse.ca\/fr\/developpement\/athletes\/\"},{\"@type\":\"ListItem\",\"position\":4,\"name\":\"Commotions c\u00e9r\u00e9brales\"}]},{\"@type\":\"WebSite\",\"@id\":\"https:\/\/lacrosse.ca\/fr\/#website\",\"url\":\"https:\/\/lacrosse.ca\/fr\/\",\"name\":\"Lacrosse Canada\",\"description\":\"The World&#039;s Leading Lacrosse Program\",\"publisher\":{\"@id\":\"https:\/\/lacrosse.ca\/fr\/#organization\"},\"potentialAction\":[{\"@type\":\"SearchAction\",\"target\":{\"@type\":\"EntryPoint\",\"urlTemplate\":\"https:\/\/lacrosse.ca\/fr\/?s={search_term_string}\"},\"query-input\":{\"@type\":\"PropertyValueSpecification\",\"valueRequired\":true,\"valueName\":\"search_term_string\"}}],\"inLanguage\":\"fr-FR\"},{\"@type\":\"Organization\",\"@id\":\"https:\/\/lacrosse.ca\/fr\/#organization\",\"name\":\"Lacrosse Canada\",\"url\":\"https:\/\/lacrosse.ca\/fr\/\",\"logo\":{\"@type\":\"ImageObject\",\"inLanguage\":\"fr-FR\",\"@id\":\"https:\/\/lacrosse.ca\/fr\/#\/schema\/logo\/image\/\",\"url\":\"https:\/\/lacrosse.ca\/wp-content\/uploads\/2025\/01\/Lacrosse-Canada-Seal-Favicon.gif\",\"contentUrl\":\"https:\/\/lacrosse.ca\/wp-content\/uploads\/2025\/01\/Lacrosse-Canada-Seal-Favicon.gif\",\"width\":512,\"height\":512,\"caption\":\"Lacrosse Canada\"},\"image\":{\"@id\":\"https:\/\/lacrosse.ca\/fr\/#\/schema\/logo\/image\/\"}}]}<\/script>\n<!-- \/ Yoast SEO plugin. -->","yoast_head_json":{"title":"Commotions c\u00e9r\u00e9brales - Lacrosse Canada","description":"Les commotions c\u00e9r\u00e9brales sont une pr\u00e9occupation s\u00e9rieuse en crosse, et Crosse Canada s'engage \u00e0 assurer la s\u00e9curit\u00e9 et le bien-\u00eatre de tous les joueurs. Cette page fournit des ressources essentielles sur la sensibilisation, la pr\u00e9vention et la gestion des commotions c\u00e9r\u00e9brales, offrant des renseignements pr\u00e9cieux aux athl\u00e8tes, aux entra\u00eeneurs et aux parents. Vous trouverez ici des conseils pour reconna\u00eetre les sympt\u00f4mes d\u2019une commotion c\u00e9r\u00e9brale, les \u00e9tapes \u00e0 suivre pour retourner au jeu et comment cr\u00e9er un environnement de jeu s\u00e9curitaire. Lacrosse Canada s'engage \u00e0 \u00e9duquer la communaut\u00e9 de la crosse sur les meilleures pratiques pour pr\u00e9venir les commotions c\u00e9r\u00e9brales et fournir du soutien aux personnes touch\u00e9es, garantissant ainsi une exp\u00e9rience plus s\u00fbre et plus \u00e9clair\u00e9e pour tous ceux qui participent au sport.","robots":{"index":"index","follow":"follow","max-snippet":"max-snippet:-1","max-image-preview":"max-image-preview:large","max-video-preview":"max-video-preview:-1"},"canonical":"https:\/\/lacrosse.ca\/fr\/developpement\/athletes\/commotions-cerebrales\/","og_locale":"fr_FR","og_type":"article","og_title":"Commotions c\u00e9r\u00e9brales - Lacrosse Canada","og_description":"Les commotions c\u00e9r\u00e9brales sont une pr\u00e9occupation s\u00e9rieuse en crosse, et Crosse Canada s'engage \u00e0 assurer la s\u00e9curit\u00e9 et le bien-\u00eatre de tous les joueurs. Cette page fournit des ressources essentielles sur la sensibilisation, la pr\u00e9vention et la gestion des commotions c\u00e9r\u00e9brales, offrant des renseignements pr\u00e9cieux aux athl\u00e8tes, aux entra\u00eeneurs et aux parents. Vous trouverez ici des conseils pour reconna\u00eetre les sympt\u00f4mes d\u2019une commotion c\u00e9r\u00e9brale, les \u00e9tapes \u00e0 suivre pour retourner au jeu et comment cr\u00e9er un environnement de jeu s\u00e9curitaire. Lacrosse Canada s'engage \u00e0 \u00e9duquer la communaut\u00e9 de la crosse sur les meilleures pratiques pour pr\u00e9venir les commotions c\u00e9r\u00e9brales et fournir du soutien aux personnes touch\u00e9es, garantissant ainsi une exp\u00e9rience plus s\u00fbre et plus \u00e9clair\u00e9e pour tous ceux qui participent au sport.","og_url":"https:\/\/lacrosse.ca\/fr\/developpement\/athletes\/commotions-cerebrales\/","og_site_name":"Lacrosse Canada","article_modified_time":"2025-03-20T20:41:54+00:00","twitter_card":"summary_large_image","schema":{"@context":"https:\/\/schema.org","@graph":[{"@type":"WebPage","@id":"https:\/\/lacrosse.ca\/fr\/developpement\/athletes\/commotions-cerebrales\/","url":"https:\/\/lacrosse.ca\/fr\/developpement\/athletes\/commotions-cerebrales\/","name":"Commotions c\u00e9r\u00e9brales - Lacrosse Canada","isPartOf":{"@id":"https:\/\/lacrosse.ca\/fr\/#website"},"datePublished":"2025-02-20T17:21:03+00:00","dateModified":"2025-03-20T20:41:54+00:00","description":"Les commotions c\u00e9r\u00e9brales sont une pr\u00e9occupation s\u00e9rieuse en crosse, et Crosse Canada s'engage \u00e0 assurer la s\u00e9curit\u00e9 et le bien-\u00eatre de tous les joueurs. Cette page fournit des ressources essentielles sur la sensibilisation, la pr\u00e9vention et la gestion des commotions c\u00e9r\u00e9brales, offrant des renseignements pr\u00e9cieux aux athl\u00e8tes, aux entra\u00eeneurs et aux parents. Vous trouverez ici des conseils pour reconna\u00eetre les sympt\u00f4mes d\u2019une commotion c\u00e9r\u00e9brale, les \u00e9tapes \u00e0 suivre pour retourner au jeu et comment cr\u00e9er un environnement de jeu s\u00e9curitaire. Lacrosse Canada s'engage \u00e0 \u00e9duquer la communaut\u00e9 de la crosse sur les meilleures pratiques pour pr\u00e9venir les commotions c\u00e9r\u00e9brales et fournir du soutien aux personnes touch\u00e9es, garantissant ainsi une exp\u00e9rience plus s\u00fbre et plus \u00e9clair\u00e9e pour tous ceux qui participent au sport.","breadcrumb":{"@id":"https:\/\/lacrosse.ca\/fr\/developpement\/athletes\/commotions-cerebrales\/#breadcrumb"},"inLanguage":"fr-FR","potentialAction":[{"@type":"ReadAction","target":["https:\/\/lacrosse.ca\/fr\/developpement\/athletes\/commotions-cerebrales\/"]}]},{"@type":"BreadcrumbList","@id":"https:\/\/lacrosse.ca\/fr\/developpement\/athletes\/commotions-cerebrales\/#breadcrumb","itemListElement":[{"@type":"ListItem","position":1,"name":"Home","item":"https:\/\/lacrosse.ca\/fr\/maison-2\/"},{"@type":"ListItem","position":2,"name":"D\u00e9veloppement","item":"https:\/\/lacrosse.ca\/fr\/developpement\/"},{"@type":"ListItem","position":3,"name":"Athl\u00e8tes","item":"https:\/\/lacrosse.ca\/fr\/developpement\/athletes\/"},{"@type":"ListItem","position":4,"name":"Commotions c\u00e9r\u00e9brales"}]},{"@type":"WebSite","@id":"https:\/\/lacrosse.ca\/fr\/#website","url":"https:\/\/lacrosse.ca\/fr\/","name":"Lacrosse Canada","description":"The World&#039;s Leading Lacrosse Program","publisher":{"@id":"https:\/\/lacrosse.ca\/fr\/#organization"},"potentialAction":[{"@type":"SearchAction","target":{"@type":"EntryPoint","urlTemplate":"https:\/\/lacrosse.ca\/fr\/?s={search_term_string}"},"query-input":{"@type":"PropertyValueSpecification","valueRequired":true,"valueName":"search_term_string"}}],"inLanguage":"fr-FR"},{"@type":"Organization","@id":"https:\/\/lacrosse.ca\/fr\/#organization","name":"Lacrosse Canada","url":"https:\/\/lacrosse.ca\/fr\/","logo":{"@type":"ImageObject","inLanguage":"fr-FR","@id":"https:\/\/lacrosse.ca\/fr\/#\/schema\/logo\/image\/","url":"https:\/\/lacrosse.ca\/wp-content\/uploads\/2025\/01\/Lacrosse-Canada-Seal-Favicon.gif","contentUrl":"https:\/\/lacrosse.ca\/wp-content\/uploads\/2025\/01\/Lacrosse-Canada-Seal-Favicon.gif","width":512,"height":512,"caption":"Lacrosse Canada"},"image":{"@id":"https:\/\/lacrosse.ca\/fr\/#\/schema\/logo\/image\/"}}]}},"_links":{"self":[{"href":"https:\/\/lacrosse.ca\/fr\/wp-json\/wp\/v2\/pages\/2476","targetHints":{"allow":["GET"]}}],"collection":[{"href":"https:\/\/lacrosse.ca\/fr\/wp-json\/wp\/v2\/pages"}],"about":[{"href":"https:\/\/lacrosse.ca\/fr\/wp-json\/wp\/v2\/types\/page"}],"author":[{"embeddable":true,"href":"https:\/\/lacrosse.ca\/fr\/wp-json\/wp\/v2\/users\/3"}],"replies":[{"embeddable":true,"href":"https:\/\/lacrosse.ca\/fr\/wp-json\/wp\/v2\/comments?post=2476"}],"version-history":[{"count":0,"href":"https:\/\/lacrosse.ca\/fr\/wp-json\/wp\/v2\/pages\/2476\/revisions"}],"up":[{"embeddable":true,"href":"https:\/\/lacrosse.ca\/fr\/wp-json\/wp\/v2\/pages\/2480"}],"wp:attachment":[{"href":"https:\/\/lacrosse.ca\/fr\/wp-json\/wp\/v2\/media?parent=2476"}],"curies":[{"name":"wp","href":"https:\/\/api.w.org\/{rel}","templated":true}]}}