{"id":2477,"date":"2025-02-20T17:18:32","date_gmt":"2025-02-20T17:18:32","guid":{"rendered":"https:\/\/lacrosscanada.wpenginepowered.com\/antidopage\/"},"modified":"2025-03-20T20:41:54","modified_gmt":"2025-03-20T20:41:54","slug":"antidopage","status":"publish","type":"page","link":"https:\/\/lacrosse.ca\/fr\/developpement\/athletes\/antidopage\/","title":{"rendered":"Antidopage"},"content":{"rendered":"\n<h1 class=\"wp-block-heading\">La crosse et l&rsquo;antidopage<\/h1>\n\n<p>Lacrosse Canada et toutes les associations membres (AM) s&rsquo;engagent \u00e0 b\u00e2tir un sport sans drogue et s&rsquo;opposent sans \u00e9quivoque, pour des raisons \u00e9thiques, m\u00e9dicales et juridiques, \u00e0 la pratique du dopage dans le sport. Lacrosse Canada et les AM appuient pleinement la position de S<a href=\"http:\/\/cces.ca\/\" target=\"_blank\" rel=\"noreferrer noopener\">port Canada et du Centre canadien pour l\u2019\u00e9thique dans le sport (CCES) <\/a>contre l\u2019utilisation de substances et de m\u00e9thodes interdites.  <\/p>\n\n<p>Le Centre canadien pour l\u2019\u00e9thique dans le sport (CCES) est le gardien du <a href=\"https:\/\/cces.ca\/canadian-anti-doping-program\" target=\"_blank\" rel=\"noreferrer noopener\">Programme canadien antidopage (PCA)<\/a>, l\u2019ensemble des r\u00e8gles qui r\u00e9gissent la lutte contre le dopage au Canada. Le PCA comprend plusieurs \u00e9l\u00e9ments tels que les tests en comp\u00e9tition et hors comp\u00e9tition, l\u2019\u00e9ducation, les exemptions m\u00e9dicales et les cons\u00e9quences des violations des r\u00e8gles antidopage. Le CADP est conforme au <a href=\"https:\/\/www.wada-ama.org\/en\/what-we-do\/the-code\" target=\"_blank\" rel=\"noreferrer noopener\">Code mondial antidopage <\/a>et \u00e0 toutes ses normes internationales associ\u00e9es. Le PCA 2021 est pr\u00e9sentement en vigueur.   <\/p>\n\n<p>Lacrosse Canada a adopt\u00e9 le PCA, ce qui signifie que vous faites partie d&rsquo;un programme antidopage de classe mondiale con\u00e7u pour prot\u00e9ger les droits des athl\u00e8tes et garantir des conditions de jeu \u00e9quitables. La politique antidopage de Crosse Canada (lien vers la politique antidopage de l\u2019ONS) et le code de conduite (lien vers le code de conduite de l\u2019ONS) refl\u00e8tent et soutiennent le PCA. <\/p>\n\n<p>En tant que membre de Crosse Canada, le PCA s&rsquo;applique \u00e0 vous, et les athl\u00e8tes participant aux activit\u00e9s sanctionn\u00e9es par Crosse Canada peuvent \u00eatre s\u00e9lectionn\u00e9s pour un contr\u00f4le antidopage. Le PCA s&rsquo;applique aussi au personnel de soutien des athl\u00e8tes. <\/p>\n\n<p>Bien que les athl\u00e8tes et le personnel d\u2019encadrement doivent \u00eatre familiaris\u00e9s avec les r\u00e8gles du PCA et du Code, ils doivent \u00e9galement savoir comment pratiquer un sport propre, ce qui peut \u00eatre r\u00e9alis\u00e9 en suivant ces lignes directrices :<\/p>\n\n<p><strong>V\u00e9rifiez vos m\u00e9dicaments<\/strong><\/p>\n\n<ul class=\"wp-block-list\">\n<li><a href=\"https:\/\/cces.ca\/checkmeds\" target=\"_blank\" rel=\"noreferrer noopener\">V\u00e9rifiez vos m\u00e9dicaments<\/a> et produits pour vous assurer qu\u2019ils ne contiennent pas de substances ou d\u2019ingr\u00e9dients interdits. <\/li>\n\n\n\n<li><a href=\"https:\/\/www.globaldro.com\/Home\" target=\"_blank\" rel=\"noreferrer noopener\">Global DRO<\/a> fournit aux athl\u00e8tes et au personnel de soutien des renseignements sur le statut interdit de substances sp\u00e9cifiques en fonction de la liste actuelle des interdictions de l&rsquo;Agence mondiale antidopage. Acc\u00e9dez aux donn\u00e9es sur les m\u00e9dicaments de sept pays.  <\/li>\n\n\n\n<li>Si vous avez besoin d\u2019aide pour v\u00e9rifier l\u2019\u00e9tat d\u2019un m\u00e9dicament, envoyez un courriel \u00e0 <a href=\"mailto:substances@cces.ca\" target=\"_blank\" rel=\"noreferrer noopener\">substances@cces.ca<\/a>.<\/li>\n<\/ul>\n\n<p><\/p>\n\n<p><strong>Connaissez vos exigences d\u2019exemption <\/strong><\/p>\n\n<ul class=\"wp-block-list\">\n<li>Si votre m\u00e9dicament est interdit dans le sport, v\u00e9rifiez vos exigences d\u2019exemption m\u00e9dicale \u00e0 l\u2019aide de <a href=\"https:\/\/cces.ca\/medical-exemptions\" target=\"_blank\" rel=\"noreferrer noopener\">l\u2019assistant d\u2019exemption m\u00e9dicale.<\/a> <\/li>\n\n\n\n<li>Si vous avez encore des questions sur vos exigences d\u2019exemption, envoyez un courriel \u00e0 <a href=\"mailto:tue-aut@cces.ca\" target=\"_blank\" rel=\"noreferrer noopener\">tue-aut@cces.ca<\/a>.<\/li>\n<\/ul>\n\n<p><\/p>\n\n<p><strong>Suppl\u00e9ments aux questions<\/strong><\/p>\n\n<p>Bien que certains suppl\u00e9ments puissent corriger les carences nutritionnelles, favoriser la r\u00e9cup\u00e9ration ou aider \u00e0 atteindre des performances optimales, ils pr\u00e9sentent un risque important de dopage par inadvertance. \u00c9vitez les suppl\u00e9ments si vous le pouvez. <\/p>\n\n<p>Si vous et votre personnel m\u00e9dical convenez que vous avez besoin d\u2019un suppl\u00e9ment :<\/p>\n\n<ul class=\"wp-block-list\">\n<li>Apprenez comment <a href=\"https:\/\/cces.ca\/supplements\" target=\"_blank\" rel=\"noreferrer noopener\">minimiser vos risques.<\/a> <\/li>\n\n\n\n<li>Assurez-vous que tous les suppl\u00e9ments que vous utilisez sont test\u00e9s par lots par un programme de test tiers fiable comme <a href=\"https:\/\/www.nsfsport.com\/\" target=\"_blank\" rel=\"noreferrer noopener\">NSF Certified for Sport.<\/a> <\/li>\n<\/ul>\n\n<p><\/p>\n\n<p><strong>Conna\u00eetre les r\u00e8gles<\/strong><\/p>\n\n<ul class=\"wp-block-list\">\n<li>Le Programme canadien antidopage 2021 est entr\u00e9 en vigueur le 1er janvier 2021. En savoir plus sur le PCA. (lien vers : <a href=\"http:\/\/cces.ca\/canadian-anti-doping-program\" target=\"_blank\" rel=\"noreferrer noopener\">http:\/\/cces.ca\/canadian-anti-doping-program<\/a>)  <\/li>\n\n\n\n<li>Connaissez vos droits et responsabilit\u00e9s en tant qu&rsquo;athl\u00e8te en mati\u00e8re de lutte contre le dopage. (lien vers : <a href=\"http:\/\/cces.ca\/athletes-rights-and-responsibilities\" target=\"_blank\" rel=\"noreferrer noopener\">http:\/\/cces.ca\/athletes-rights-and-responsibilities<\/a>) <\/li>\n\n\n\n<li>Le Programme canadien antidopage 2021 est entr\u00e9 en vigueur le 1er janvier 2021. En savoir plus sur le PCA. (lien vers : <a href=\"http:\/\/cces.ca\/sample-collection-procedures\" target=\"_blank\" rel=\"noreferrer noopener\">http:\/\/cces.ca\/sample-collection-procedures<\/a>) <\/li>\n\n\n\n<li>La vision de l<a href=\"http:\/\/wada-ama.org\/\" target=\"_blank\" rel=\"noreferrer noopener\">&lsquo;Agence mondiale antidopage (AMA)<\/a> : un monde o\u00f9 tous les athl\u00e8tes peuvent participer \u00e0 un environnement sportif sans dopage. <\/li>\n\n\n\n<li>Obtenez les derni\u00e8res nouvelles gr\u00e2ce aux communiqu\u00e9s de presse du CCES, aux notes consultatives et \u00e0 la Revue hebdomadaire du sport \u00e9thique. <a href=\"http:\/\/cces.ca\/subscribe\" target=\"_blank\" rel=\"noreferrer noopener\">Abonnez-vous maintenant.<\/a> <\/li>\n<\/ul>\n\n<p><\/p>\n\n<p><strong>Soyez fut\u00e9 en mati\u00e8re de cannabis<\/strong> Soyez conscient du statut interdit du cannabis dans le sport, y compris la possibilit\u00e9 de tests positifs r\u00e9sultant de l\u2019utilisation de m\u00e9dicaments \u00e0 base de CBD contenant du THC. Des protocoles sp\u00e9ciaux sont en place pour les athl\u00e8tes qui utilisent du cannabis m\u00e9dical &#8211; voir les renseignements sur l<a href=\"https:\/\/cces.ca\/medical-exemptions\" target=\"_blank\" rel=\"noreferrer noopener\">es exemptions m\u00e9dicales<\/a>. <a href=\"https:\/\/cces.ca\/cannabis\" target=\"_blank\" rel=\"noreferrer noopener\">Soyez fut\u00e9 avec le cannabis.<\/a>  <\/p>\n\n<p><strong>Vivez vos valeurs <\/strong><\/p>\n\n<p>Le sport pur est une initiative du CCES qui vise \u00e0 donner aux personnes, aux communaut\u00e9s et aux organisations les moyens de tirer parti des avantages du bon sport, \u00e0 partir d\u2019une plateforme de valeurs et de principes partag\u00e9s. En tant que leader du r\u00e9seau sportif fond\u00e9 sur des valeurs, le CCES croit que l&rsquo;activation des<a href=\"https:\/\/truesportpur.ca\/true-sport-principles\" target=\"_blank\" rel=\"noreferrer noopener\"> Principes Sport pur<\/a>, sur le terrain et en dehors, contribuera \u00e0 un changement positif dans la culture sportive canadienne. <a href=\"http:\/\/www.truesport.ca\/\" target=\"_blank\" rel=\"noreferrer noopener\">Apprenez-en plus sur truesport.ca.<\/a>  <\/p>\n\n<p><strong>Manipulation de la concurrence<\/strong><\/p>\n\n<p>La manipulation des comp\u00e9titions est reconnue comme une menace majeure pour l\u2019int\u00e9grit\u00e9 du sport \u00e0 l\u2019\u00e9chelle mondiale et sans mesures en place pour g\u00e9rer les paris sportifs et la corruption, elle continuera de cro\u00eetre. Le CCES travaille avec des partenaires de confiance pour prot\u00e9ger l&rsquo;int\u00e9grit\u00e9 du sport canadien et pour sensibiliser la communaut\u00e9 sportive aux risques associ\u00e9s \u00e0 de telles activit\u00e9s. Pour plus d&rsquo;informations, suivez <a href=\"https:\/\/cces.ca\/ucm-course\" target=\"_blank\" rel=\"noreferrer noopener\">Comprendre la manipulation de la concurrence<\/a>, un cours d&rsquo;introduction de 15 minutes.   <\/p>\n\n<p><strong>Terminez vos \u00e9tudes <\/strong><\/p>\n\n<p>Les athl\u00e8tes du bassin national d&rsquo;athl\u00e8tes (PAN) et le personnel de soutien d\u00e9sign\u00e9 aux athl\u00e8tes doivent suivre une formation en ligne chaque ann\u00e9e. Pour acc\u00e9der aux cours, connectez-vous au <a href=\"https:\/\/education.cces.ca\/\" target=\"_blank\" rel=\"noreferrer noopener\">portail de formation<\/a> en ligne du CCES. Si vous avez des questions sur vos exigences en mati\u00e8re de formation, consultez la section \u00ab Quel cours dois-je suivre ? \u00bb dans cette <a href=\"https:\/\/cces.ca\/online-learning\" target=\"_blank\" rel=\"noreferrer noopener\">FAQ <\/a>sur l&rsquo;apprentissage en ligne ou par courriel \u00e0 <a href=\"mailto:education@cces.ca\" target=\"_blank\" rel=\"noreferrer noopener\">education@cces.ca<\/a>.   <\/p>\n\n<p><strong>Signaler un cas de dopage<\/strong><\/p>\n\n<p>Le CCES a besoin de votre aide pour \u00e9liminer le dopage. Ensemble, on peut prot\u00e9ger le sport et cr\u00e9er une communaut\u00e9 sportive canadienne juste et \u00e9thique. Vous n&rsquo;\u00eates pas oblig\u00e9 d&rsquo;inclure votre nom ou vos coordonn\u00e9es. Vous pouvez fournir des renseignements de fa\u00e7on anonyme.   <\/p>\n\n<p>Visitez <a href=\"http:\/\/www.cces.ca\/reportdoping\" target=\"_blank\" rel=\"noreferrer noopener\">www.cces.ca\/reportdoping<\/a> ou appelez le 1-800-710-CCES.<\/p>\n\n<p><\/p>\n","protected":false},"excerpt":{"rendered":"<p>La crosse et l&rsquo;antidopage Lacrosse Canada et toutes les associations membres (AM) s&rsquo;engagent \u00e0 b\u00e2tir un sport sans drogue et s&rsquo;opposent sans \u00e9quivoque, pour des raisons \u00e9thiques, m\u00e9dicales et juridiques, \u00e0 la pratique du dopage dans le sport. Lacrosse Canada et les AM appuient pleinement la position de Sport Canada et du Centre canadien pour [&hellip;]<\/p>\n","protected":false},"author":3,"featured_media":0,"parent":2480,"menu_order":0,"comment_status":"closed","ping_status":"closed","template":"","meta":{"_acf_changed":false,"_bbp_topic_count":0,"_bbp_reply_count":0,"_bbp_total_topic_count":0,"_bbp_total_reply_count":0,"_bbp_voice_count":0,"_bbp_anonymous_reply_count":0,"_bbp_topic_count_hidden":0,"_bbp_reply_count_hidden":0,"_bbp_forum_subforum_count":0,"footnotes":""},"class_list":["post-2477","page","type-page","status-publish","hentry"],"acf":[],"yoast_head":"<!-- This site is optimized with the Yoast SEO plugin v27.2 - https:\/\/yoast.com\/product\/yoast-seo-wordpress\/ -->\n<title>Antidopage - Lacrosse Canada<\/title>\n<meta name=\"description\" content=\"Lacrosse Canada s&#039;engage \u00e0 promouvoir un sport sans drogue en appuyant pleinement le Programme canadien antidopage (PCA) et le Code mondial antidopage. Le PCA garantit que les athl\u00e8tes ont acc\u00e8s \u00e0 une \u00e9ducation, \u00e0 des tests et \u00e0 des ressources appropri\u00e9s pour maintenir un environnement comp\u00e9titif propre et \u00e9quitable. Ce programme, qui s\u2019applique \u00e0 tous les athl\u00e8tes et au personnel de soutien impliqu\u00e9s dans des activit\u00e9s sanctionn\u00e9es par Lacrosse Canada, comprend des lignes directrices sur la v\u00e9rification des m\u00e9dicaments, la compr\u00e9hension des exemptions m\u00e9dicales et l\u2019\u00e9vitement des risques de dopage li\u00e9s aux suppl\u00e9ments. Lacrosse Canada encourage les athl\u00e8tes \u00e0 vivre selon les principes du sport propre et \u00e0 rester inform\u00e9s de leurs droits et responsabilit\u00e9s en mati\u00e8re de pr\u00e9vention des violations des r\u00e8gles antidopage.\" \/>\n<meta name=\"robots\" content=\"index, follow, max-snippet:-1, max-image-preview:large, max-video-preview:-1\" \/>\n<link rel=\"canonical\" href=\"https:\/\/lacrosse.ca\/fr\/developpement\/athletes\/antidopage\/\" \/>\n<meta property=\"og:locale\" content=\"fr_FR\" \/>\n<meta property=\"og:type\" content=\"article\" \/>\n<meta property=\"og:title\" content=\"Antidopage - Lacrosse Canada\" \/>\n<meta property=\"og:description\" content=\"Lacrosse Canada s&#039;engage \u00e0 promouvoir un sport sans drogue en appuyant pleinement le Programme canadien antidopage (PCA) et le Code mondial antidopage. Le PCA garantit que les athl\u00e8tes ont acc\u00e8s \u00e0 une \u00e9ducation, \u00e0 des tests et \u00e0 des ressources appropri\u00e9s pour maintenir un environnement comp\u00e9titif propre et \u00e9quitable. Ce programme, qui s\u2019applique \u00e0 tous les athl\u00e8tes et au personnel de soutien impliqu\u00e9s dans des activit\u00e9s sanctionn\u00e9es par Lacrosse Canada, comprend des lignes directrices sur la v\u00e9rification des m\u00e9dicaments, la compr\u00e9hension des exemptions m\u00e9dicales et l\u2019\u00e9vitement des risques de dopage li\u00e9s aux suppl\u00e9ments. Lacrosse Canada encourage les athl\u00e8tes \u00e0 vivre selon les principes du sport propre et \u00e0 rester inform\u00e9s de leurs droits et responsabilit\u00e9s en mati\u00e8re de pr\u00e9vention des violations des r\u00e8gles antidopage.\" \/>\n<meta property=\"og:url\" content=\"https:\/\/lacrosse.ca\/fr\/developpement\/athletes\/antidopage\/\" \/>\n<meta property=\"og:site_name\" content=\"Lacrosse Canada\" \/>\n<meta property=\"article:modified_time\" content=\"2025-03-20T20:41:54+00:00\" \/>\n<meta name=\"twitter:card\" content=\"summary_large_image\" \/>\n<meta name=\"twitter:label1\" content=\"Est. reading time\" \/>\n\t<meta name=\"twitter:data1\" content=\"5 minutes\" \/>\n<script type=\"application\/ld+json\" class=\"yoast-schema-graph\">{\"@context\":\"https:\/\/schema.org\",\"@graph\":[{\"@type\":\"WebPage\",\"@id\":\"https:\/\/lacrosse.ca\/fr\/developpement\/athletes\/antidopage\/\",\"url\":\"https:\/\/lacrosse.ca\/fr\/developpement\/athletes\/antidopage\/\",\"name\":\"Antidopage - Lacrosse Canada\",\"isPartOf\":{\"@id\":\"https:\/\/lacrosse.ca\/fr\/#website\"},\"datePublished\":\"2025-02-20T17:18:32+00:00\",\"dateModified\":\"2025-03-20T20:41:54+00:00\",\"description\":\"Lacrosse Canada s'engage \u00e0 promouvoir un sport sans drogue en appuyant pleinement le Programme canadien antidopage (PCA) et le Code mondial antidopage. Le PCA garantit que les athl\u00e8tes ont acc\u00e8s \u00e0 une \u00e9ducation, \u00e0 des tests et \u00e0 des ressources appropri\u00e9s pour maintenir un environnement comp\u00e9titif propre et \u00e9quitable. Ce programme, qui s\u2019applique \u00e0 tous les athl\u00e8tes et au personnel de soutien impliqu\u00e9s dans des activit\u00e9s sanctionn\u00e9es par Lacrosse Canada, comprend des lignes directrices sur la v\u00e9rification des m\u00e9dicaments, la compr\u00e9hension des exemptions m\u00e9dicales et l\u2019\u00e9vitement des risques de dopage li\u00e9s aux suppl\u00e9ments. Lacrosse Canada encourage les athl\u00e8tes \u00e0 vivre selon les principes du sport propre et \u00e0 rester inform\u00e9s de leurs droits et responsabilit\u00e9s en mati\u00e8re de pr\u00e9vention des violations des r\u00e8gles antidopage.\",\"breadcrumb\":{\"@id\":\"https:\/\/lacrosse.ca\/fr\/developpement\/athletes\/antidopage\/#breadcrumb\"},\"inLanguage\":\"fr-FR\",\"potentialAction\":[{\"@type\":\"ReadAction\",\"target\":[\"https:\/\/lacrosse.ca\/fr\/developpement\/athletes\/antidopage\/\"]}]},{\"@type\":\"BreadcrumbList\",\"@id\":\"https:\/\/lacrosse.ca\/fr\/developpement\/athletes\/antidopage\/#breadcrumb\",\"itemListElement\":[{\"@type\":\"ListItem\",\"position\":1,\"name\":\"Home\",\"item\":\"https:\/\/lacrosse.ca\/fr\/maison-2\/\"},{\"@type\":\"ListItem\",\"position\":2,\"name\":\"D\u00e9veloppement\",\"item\":\"https:\/\/lacrosse.ca\/fr\/developpement\/\"},{\"@type\":\"ListItem\",\"position\":3,\"name\":\"Athl\u00e8tes\",\"item\":\"https:\/\/lacrosse.ca\/fr\/developpement\/athletes\/\"},{\"@type\":\"ListItem\",\"position\":4,\"name\":\"Antidopage\"}]},{\"@type\":\"WebSite\",\"@id\":\"https:\/\/lacrosse.ca\/fr\/#website\",\"url\":\"https:\/\/lacrosse.ca\/fr\/\",\"name\":\"Lacrosse Canada\",\"description\":\"The World&#039;s Leading Lacrosse Program\",\"publisher\":{\"@id\":\"https:\/\/lacrosse.ca\/fr\/#organization\"},\"potentialAction\":[{\"@type\":\"SearchAction\",\"target\":{\"@type\":\"EntryPoint\",\"urlTemplate\":\"https:\/\/lacrosse.ca\/fr\/?s={search_term_string}\"},\"query-input\":{\"@type\":\"PropertyValueSpecification\",\"valueRequired\":true,\"valueName\":\"search_term_string\"}}],\"inLanguage\":\"fr-FR\"},{\"@type\":\"Organization\",\"@id\":\"https:\/\/lacrosse.ca\/fr\/#organization\",\"name\":\"Lacrosse Canada\",\"url\":\"https:\/\/lacrosse.ca\/fr\/\",\"logo\":{\"@type\":\"ImageObject\",\"inLanguage\":\"fr-FR\",\"@id\":\"https:\/\/lacrosse.ca\/fr\/#\/schema\/logo\/image\/\",\"url\":\"https:\/\/lacrosse.ca\/wp-content\/uploads\/2025\/01\/Lacrosse-Canada-Seal-Favicon.gif\",\"contentUrl\":\"https:\/\/lacrosse.ca\/wp-content\/uploads\/2025\/01\/Lacrosse-Canada-Seal-Favicon.gif\",\"width\":512,\"height\":512,\"caption\":\"Lacrosse Canada\"},\"image\":{\"@id\":\"https:\/\/lacrosse.ca\/fr\/#\/schema\/logo\/image\/\"}}]}<\/script>\n<!-- \/ Yoast SEO plugin. -->","yoast_head_json":{"title":"Antidopage - Lacrosse Canada","description":"Lacrosse Canada s'engage \u00e0 promouvoir un sport sans drogue en appuyant pleinement le Programme canadien antidopage (PCA) et le Code mondial antidopage. Le PCA garantit que les athl\u00e8tes ont acc\u00e8s \u00e0 une \u00e9ducation, \u00e0 des tests et \u00e0 des ressources appropri\u00e9s pour maintenir un environnement comp\u00e9titif propre et \u00e9quitable. Ce programme, qui s\u2019applique \u00e0 tous les athl\u00e8tes et au personnel de soutien impliqu\u00e9s dans des activit\u00e9s sanctionn\u00e9es par Lacrosse Canada, comprend des lignes directrices sur la v\u00e9rification des m\u00e9dicaments, la compr\u00e9hension des exemptions m\u00e9dicales et l\u2019\u00e9vitement des risques de dopage li\u00e9s aux suppl\u00e9ments. Lacrosse Canada encourage les athl\u00e8tes \u00e0 vivre selon les principes du sport propre et \u00e0 rester inform\u00e9s de leurs droits et responsabilit\u00e9s en mati\u00e8re de pr\u00e9vention des violations des r\u00e8gles antidopage.","robots":{"index":"index","follow":"follow","max-snippet":"max-snippet:-1","max-image-preview":"max-image-preview:large","max-video-preview":"max-video-preview:-1"},"canonical":"https:\/\/lacrosse.ca\/fr\/developpement\/athletes\/antidopage\/","og_locale":"fr_FR","og_type":"article","og_title":"Antidopage - Lacrosse Canada","og_description":"Lacrosse Canada s'engage \u00e0 promouvoir un sport sans drogue en appuyant pleinement le Programme canadien antidopage (PCA) et le Code mondial antidopage. Le PCA garantit que les athl\u00e8tes ont acc\u00e8s \u00e0 une \u00e9ducation, \u00e0 des tests et \u00e0 des ressources appropri\u00e9s pour maintenir un environnement comp\u00e9titif propre et \u00e9quitable. Ce programme, qui s\u2019applique \u00e0 tous les athl\u00e8tes et au personnel de soutien impliqu\u00e9s dans des activit\u00e9s sanctionn\u00e9es par Lacrosse Canada, comprend des lignes directrices sur la v\u00e9rification des m\u00e9dicaments, la compr\u00e9hension des exemptions m\u00e9dicales et l\u2019\u00e9vitement des risques de dopage li\u00e9s aux suppl\u00e9ments. Lacrosse Canada encourage les athl\u00e8tes \u00e0 vivre selon les principes du sport propre et \u00e0 rester inform\u00e9s de leurs droits et responsabilit\u00e9s en mati\u00e8re de pr\u00e9vention des violations des r\u00e8gles antidopage.","og_url":"https:\/\/lacrosse.ca\/fr\/developpement\/athletes\/antidopage\/","og_site_name":"Lacrosse Canada","article_modified_time":"2025-03-20T20:41:54+00:00","twitter_card":"summary_large_image","twitter_misc":{"Est. reading time":"5 minutes"},"schema":{"@context":"https:\/\/schema.org","@graph":[{"@type":"WebPage","@id":"https:\/\/lacrosse.ca\/fr\/developpement\/athletes\/antidopage\/","url":"https:\/\/lacrosse.ca\/fr\/developpement\/athletes\/antidopage\/","name":"Antidopage - Lacrosse Canada","isPartOf":{"@id":"https:\/\/lacrosse.ca\/fr\/#website"},"datePublished":"2025-02-20T17:18:32+00:00","dateModified":"2025-03-20T20:41:54+00:00","description":"Lacrosse Canada s'engage \u00e0 promouvoir un sport sans drogue en appuyant pleinement le Programme canadien antidopage (PCA) et le Code mondial antidopage. Le PCA garantit que les athl\u00e8tes ont acc\u00e8s \u00e0 une \u00e9ducation, \u00e0 des tests et \u00e0 des ressources appropri\u00e9s pour maintenir un environnement comp\u00e9titif propre et \u00e9quitable. Ce programme, qui s\u2019applique \u00e0 tous les athl\u00e8tes et au personnel de soutien impliqu\u00e9s dans des activit\u00e9s sanctionn\u00e9es par Lacrosse Canada, comprend des lignes directrices sur la v\u00e9rification des m\u00e9dicaments, la compr\u00e9hension des exemptions m\u00e9dicales et l\u2019\u00e9vitement des risques de dopage li\u00e9s aux suppl\u00e9ments. Lacrosse Canada encourage les athl\u00e8tes \u00e0 vivre selon les principes du sport propre et \u00e0 rester inform\u00e9s de leurs droits et responsabilit\u00e9s en mati\u00e8re de pr\u00e9vention des violations des r\u00e8gles antidopage.","breadcrumb":{"@id":"https:\/\/lacrosse.ca\/fr\/developpement\/athletes\/antidopage\/#breadcrumb"},"inLanguage":"fr-FR","potentialAction":[{"@type":"ReadAction","target":["https:\/\/lacrosse.ca\/fr\/developpement\/athletes\/antidopage\/"]}]},{"@type":"BreadcrumbList","@id":"https:\/\/lacrosse.ca\/fr\/developpement\/athletes\/antidopage\/#breadcrumb","itemListElement":[{"@type":"ListItem","position":1,"name":"Home","item":"https:\/\/lacrosse.ca\/fr\/maison-2\/"},{"@type":"ListItem","position":2,"name":"D\u00e9veloppement","item":"https:\/\/lacrosse.ca\/fr\/developpement\/"},{"@type":"ListItem","position":3,"name":"Athl\u00e8tes","item":"https:\/\/lacrosse.ca\/fr\/developpement\/athletes\/"},{"@type":"ListItem","position":4,"name":"Antidopage"}]},{"@type":"WebSite","@id":"https:\/\/lacrosse.ca\/fr\/#website","url":"https:\/\/lacrosse.ca\/fr\/","name":"Lacrosse Canada","description":"The World&#039;s Leading Lacrosse Program","publisher":{"@id":"https:\/\/lacrosse.ca\/fr\/#organization"},"potentialAction":[{"@type":"SearchAction","target":{"@type":"EntryPoint","urlTemplate":"https:\/\/lacrosse.ca\/fr\/?s={search_term_string}"},"query-input":{"@type":"PropertyValueSpecification","valueRequired":true,"valueName":"search_term_string"}}],"inLanguage":"fr-FR"},{"@type":"Organization","@id":"https:\/\/lacrosse.ca\/fr\/#organization","name":"Lacrosse Canada","url":"https:\/\/lacrosse.ca\/fr\/","logo":{"@type":"ImageObject","inLanguage":"fr-FR","@id":"https:\/\/lacrosse.ca\/fr\/#\/schema\/logo\/image\/","url":"https:\/\/lacrosse.ca\/wp-content\/uploads\/2025\/01\/Lacrosse-Canada-Seal-Favicon.gif","contentUrl":"https:\/\/lacrosse.ca\/wp-content\/uploads\/2025\/01\/Lacrosse-Canada-Seal-Favicon.gif","width":512,"height":512,"caption":"Lacrosse Canada"},"image":{"@id":"https:\/\/lacrosse.ca\/fr\/#\/schema\/logo\/image\/"}}]}},"_links":{"self":[{"href":"https:\/\/lacrosse.ca\/fr\/wp-json\/wp\/v2\/pages\/2477","targetHints":{"allow":["GET"]}}],"collection":[{"href":"https:\/\/lacrosse.ca\/fr\/wp-json\/wp\/v2\/pages"}],"about":[{"href":"https:\/\/lacrosse.ca\/fr\/wp-json\/wp\/v2\/types\/page"}],"author":[{"embeddable":true,"href":"https:\/\/lacrosse.ca\/fr\/wp-json\/wp\/v2\/users\/3"}],"replies":[{"embeddable":true,"href":"https:\/\/lacrosse.ca\/fr\/wp-json\/wp\/v2\/comments?post=2477"}],"version-history":[{"count":0,"href":"https:\/\/lacrosse.ca\/fr\/wp-json\/wp\/v2\/pages\/2477\/revisions"}],"up":[{"embeddable":true,"href":"https:\/\/lacrosse.ca\/fr\/wp-json\/wp\/v2\/pages\/2480"}],"wp:attachment":[{"href":"https:\/\/lacrosse.ca\/fr\/wp-json\/wp\/v2\/media?parent=2477"}],"curies":[{"name":"wp","href":"https:\/\/api.w.org\/{rel}","templated":true}]}}