{"id":2479,"date":"2025-02-20T17:17:51","date_gmt":"2025-02-20T17:17:51","guid":{"rendered":"https:\/\/lacrosscanada.wpenginepowered.com\/dlta\/"},"modified":"2025-03-20T20:41:53","modified_gmt":"2025-03-20T20:41:53","slug":"dlta","status":"publish","type":"page","link":"https:\/\/lacrosse.ca\/fr\/developpement\/athletes\/dlta\/","title":{"rendered":"DLTA"},"content":{"rendered":"\n<h3 class=\"wp-block-heading has-large-font-size\">D\u00e9veloppement \u00e0 long terme de l&rsquo;athl\u00e8te<\/h3>\n\n<p><strong>Qu&rsquo;est-ce que le DLTA?<\/strong><br\/>Le DLTA est un cadre permettant d\u2019entra\u00eener et de d\u00e9velopper syst\u00e9matiquement les capacit\u00e9s physiques, mentales et \u00e9motionnelles des athl\u00e8tes selon des principes et des stades de d\u00e9veloppement humain scientifiquement reconnus. En tant que mod\u00e8le d&rsquo;entra\u00eenement, de comp\u00e9tition et de r\u00e9cup\u00e9ration, il respecte les \u00e9tapes naturelles du d\u00e9veloppement physique, mental et \u00e9motionnel des athl\u00e8tes. <\/p>\n\n<p><strong>Comment?<\/strong><br\/>Selon les \u00e9tapes de d\u00e9veloppement clairement d\u00e9finies, le DLTA fournit des recommandations sur les ratios d\u2019heures d\u2019entra\u00eenement et de comp\u00e9tition, les points sur lesquels mettre l\u2019accent dans l\u2019entra\u00eenement des comp\u00e9tences, les formats de comp\u00e9tition, et plus encore. Lorsqu&rsquo;il est adapt\u00e9 \u00e0 un sport sp\u00e9cifique comme la crosse, il fournit aux entra\u00eeneurs et aux administrateurs des lignes directrices claires pour concevoir des programmes d&rsquo;entra\u00eenement et de comp\u00e9tition \u00e0 chaque \u00e9tape du d\u00e9veloppement afin d&rsquo;optimiser l&rsquo;acquisition de comp\u00e9tences et le rendement \u00e0 long terme. <\/p>\n\n<p><strong>Pourquoi?<\/strong><br\/>Il est important de noter que le DLTA offre aux athl\u00e8tes la flexibilit\u00e9 de passer d\u2019un domaine comp\u00e9titif \u00e0 un domaine r\u00e9cr\u00e9atif de leur sport \u00e0 presque n\u2019importe quel moment de leur vie. Apr\u00e8s le d\u00e9veloppement pr\u00e9coce des athl\u00e8tes au cours des premi\u00e8res \u00e9tapes de l&rsquo;entra\u00eenement, et en fonction de leur talent, les athl\u00e8tes peuvent choisir de poursuivre une comp\u00e9tition d&rsquo;\u00e9lite ou de se joindre \u00e0 un programme r\u00e9cr\u00e9atif pour le plaisir et le bien-\u00eatre. De cette fa\u00e7on, le DLTA favorise le bien-\u00eatre tout au long de la vie du plus grand nombre de participants, tout en favorisant les performances m\u00e9daill\u00e9es.  <\/p>\n\n<p>Pour en savoir plus sur le d\u00e9veloppement \u00e0 long terme des athl\u00e8tes, visitez <a href=\"https:\/\/sportforlife.ca\/long-term-development\/\" target=\"_blank\" rel=\"noreferrer noopener\">sportforlife.ca<\/a><\/p>\n\n<p>Pour plus d&rsquo;informations, veuillez contacter notre Rachael McKinnon : technicalcoordinator@lacrosse.ca<\/p>\n\n<h3 class=\"wp-block-heading\">Programme d&rsquo;\u00e9ducation antidopage de Lacrosse Canada<\/h3>\n\n<p>Afin d&rsquo;\u00eatre admissibles \u00e0 participer \u00e0 un Championnat national de Lacrosse Canada, tous les athl\u00e8tes et les membres du personnel de l&rsquo;\u00e9quipe (p. ex. entra\u00eeneurs, soigneurs, g\u00e9rants, etc.) figurant sur la liste doivent suivre le cours de formation en ligne<a href=\"http:\/\/bit.ly\/CLA_AntiDopingCourse\" target=\"_blank\" rel=\"noreferrer noopener\"> Sport pur 101 (sans suivi) du CCES<\/a> et soumettre le formulaire de d\u00e9claration \u00e9lectronique. Ces exigences s&rsquo;appliquent aux cat\u00e9gories d&rsquo;\u00e2ge suivantes : <\/p>\n\n<ul class=\"wp-block-list\">\n<li><strong>Crosse en bo\u00eete<\/strong> : U15 et plus <\/li>\n\n\n\n<li><strong>Crosse sur le terrain :<\/strong> U15 et plus<\/li>\n<\/ul>\n\n<p><\/p>\n\n<p>Tous les athl\u00e8tes et les membres du personnel de l&rsquo;\u00e9quipe doivent suivre le cours en ligne avant le d\u00e9but de leur championnat national respectif de Lacrosse Canada. Ceux qui ne le compl\u00e8tent pas avant la date limite de leur \u00e9v\u00e9nement se verront facturer des frais d&rsquo;administration de 50 $ (\u00e0 facturer \u00e0 l&rsquo;AM que l&rsquo;athl\u00e8te ou le membre du personnel de l&rsquo;\u00e9quipe repr\u00e9sente). <\/p>\n\n<p>Cela doit \u00eatre compl\u00e9t\u00e9 chaque ann\u00e9e, car de nouvelles politiques arrivent chaque ann\u00e9e.<\/p>\n\n<hr class=\"wp-block-separator has-alpha-channel-opacity\"\/>\n\n<p><\/p>\n\n<p>Le nouveau cours a \u00e9t\u00e9 cr\u00e9\u00e9 par le Centre canadien pour l&rsquo;\u00e9thique dans le sport (CCES) et s&rsquo;assurera que nos membres re\u00e7oivent les informations antidopage les plus pr\u00e9cises disponibles. Le contenu est plus complet que celui du cours antidopage pr\u00e9c\u00e9dent de Lacrosse Canada, il faudra donc que les athl\u00e8tes et les entra\u00eeneurs consacrent un peu plus de temps et d\u2019efforts pour le terminer et r\u00e9ussir le questionnaire. <\/p>\n\n<p>Le cours comprend huit (8) modules et un (1) quiz. \u00c7a va prendre environ une (1) heure pour le terminer. <\/p>\n\n<p><strong>Comment puis-je suivre le cours de formation antidopage en ligne ?<\/strong><\/p>\n\n<ol class=\"wp-block-list\">\n<li>Acc\u00e9der au cours.\n<ul class=\"wp-block-list\">\n<li>Visitez <a href=\"http:\/\/bit.ly\/CLA_AntiDopingCourse\" target=\"_blank\" rel=\"noreferrer noopener\">http:\/\/bit.ly\/CLA_AntiDopingCourse<\/a> pour acc\u00e9der au cours True Sport Clean 101 (non suivi).<\/li>\n<\/ul>\n<\/li>\n\n\n\n<li>Compl\u00e9tez les modules du cours.\n<ul class=\"wp-block-list\">\n<li>Les modules peuvent \u00eatre compl\u00e9t\u00e9s dans n&rsquo;importe quel ordre et ne doivent pas tous \u00eatre effectu\u00e9s en m\u00eame temps.<\/li>\n\n\n\n<li>Si vous quittez le module avant qu&rsquo;il ne soit termin\u00e9, votre progression ne sera pas enregistr\u00e9e.<\/li>\n\n\n\n<li>Certains modules sont interactifs, alors assurez-vous de suivre les instructions \u00e0 l&rsquo;\u00e9cran et de cliquer.<\/li>\n\n\n\n<li>Chaque module comporte quelques questions \u00e0 la fin et ces r\u00e9ponses peuvent \u00eatre utiles pour r\u00e9pondre au quiz final, alors faites attention. <\/li>\n<\/ul>\n<\/li>\n\n\n\n<li>Remplissez le questionnaire Pure Sport Clean.\n<ul class=\"wp-block-list\">\n<li>Avant de commencer le quiz final, assurez-vous d&rsquo;entrer votre nom complet et votre association membre dans les cases correspondantes.<\/li>\n\n\n\n<li>Le questionnaire comporte six (6) sections. Vous devez obtenir 100 % dans chaque section pour r\u00e9ussir. <\/li>\n\n\n\n<li>Si vous ne r\u00e9ussissez pas l&rsquo;une des sections lors de votre premi\u00e8re tentative, vous pouvez refaire ce quiz imm\u00e9diatement.<\/li>\n<\/ul>\n<\/li>\n\n\n\n<li>Sauvegardez une copie \u00e9lectronique de votre certificat de cours.\n<ul class=\"wp-block-list\">\n<li>Une fois que vous avez r\u00e9ussi le questionnaire Pure Sport Clean, suivez les instructions pour imprimer et\/ou enregistrer une copie de votre certificat.<\/li>\n\n\n\n<li>Vous pouvez soit prendre une capture d&rsquo;\u00e9cran de votre certificat et l&rsquo;enregistrer sous forme de fichier photo, soit imprimer la page Web et l&rsquo;enregistrer en format PDF.<\/li>\n\n\n\n<li>Sans le certificat, Lacrosse Canada n&rsquo;a aucun moyen de savoir que vous avez termin\u00e9 le cours avec succ\u00e8s, alors ne fermez pas la page tant que le certificat n&rsquo;est pas enregistr\u00e9.<\/li>\n<\/ul>\n<\/li>\n\n\n\n<li>Envoyez une copie de votre certificat de cours \u00e0 Lacrosse Canada.\n<ul class=\"wp-block-list\">\n<li>Visitez <a href=\"http:\/\/bit.ly\/CLA_AntiDopingDatabase\" target=\"_blank\" rel=\"noreferrer noopener\">http:\/\/bit.ly\/CLA_AntiDopingDatabase<\/a> pour acc\u00e9der au formulaire en ligne.<\/li>\n\n\n\n<li>Entrez vos renseignements personnels et t\u00e9l\u00e9chargez une capture d&rsquo;\u00e9cran ou une version PDF de votre certificat.<\/li>\n\n\n\n<li>Soumettez le formulaire et conservez le courriel de confirmation dans vos dossiers.<\/li>\n<\/ul>\n<\/li>\n<\/ol>\n\n<p><\/p>\n\n<p><strong>Qui dois-je contacter si j&rsquo;ai des questions ?<\/strong><\/p>\n\n<ul class=\"wp-block-list\">\n<li>Si vous souhaitez savoir si vous devez suivre ce cours de formation antidopage, veuillez communiquer avec votre association membre.<\/li>\n\n\n\n<li>Si vous \u00e9prouvez des difficult\u00e9s techniques avec le cours ou le questionnaire en ligne, veuillez communiquer avec <a href=\"https:\/\/mail.google.com\/mail\/?view=cm&amp;fs=1&amp;tf=1&amp;to=education@cces.ca\" target=\"_blank\" rel=\"noreferrer noopener\">education@cces.ca<\/a>.<\/li>\n\n\n\n<li>Si vous \u00e9prouvez des difficult\u00e9s \u00e0 soumettre votre certificat, veuillez communiquer avec : technicalcoordinator@lacrosse.ca<\/li>\n<\/ul>\n\n<p><\/p>\n","protected":false},"excerpt":{"rendered":"<p>D\u00e9veloppement \u00e0 long terme de l&rsquo;athl\u00e8te Qu&rsquo;est-ce que le DLTA?Le DLTA est un cadre permettant d\u2019entra\u00eener et de d\u00e9velopper syst\u00e9matiquement les capacit\u00e9s physiques, mentales et \u00e9motionnelles des athl\u00e8tes selon des principes et des stades de d\u00e9veloppement humain scientifiquement reconnus. En tant que mod\u00e8le d&rsquo;entra\u00eenement, de comp\u00e9tition et de r\u00e9cup\u00e9ration, il respecte les \u00e9tapes naturelles du [&hellip;]<\/p>\n","protected":false},"author":3,"featured_media":0,"parent":2480,"menu_order":0,"comment_status":"closed","ping_status":"closed","template":"","meta":{"_acf_changed":false,"_bbp_topic_count":0,"_bbp_reply_count":0,"_bbp_total_topic_count":0,"_bbp_total_reply_count":0,"_bbp_voice_count":0,"_bbp_anonymous_reply_count":0,"_bbp_topic_count_hidden":0,"_bbp_reply_count_hidden":0,"_bbp_forum_subforum_count":0,"footnotes":""},"class_list":["post-2479","page","type-page","status-publish","hentry"],"acf":[],"yoast_head":"<!-- This site is optimized with the Yoast SEO plugin v27.2 - https:\/\/yoast.com\/product\/yoast-seo-wordpress\/ -->\n<title>DLTA - Lacrosse Canada<\/title>\n<meta name=\"robots\" content=\"index, follow, max-snippet:-1, max-image-preview:large, max-video-preview:-1\" \/>\n<link rel=\"canonical\" href=\"https:\/\/lacrosse.ca\/fr\/developpement\/athletes\/dlta\/\" \/>\n<meta property=\"og:locale\" content=\"fr_FR\" \/>\n<meta property=\"og:type\" content=\"article\" \/>\n<meta property=\"og:title\" content=\"DLTA - Lacrosse Canada\" \/>\n<meta property=\"og:description\" content=\"D\u00e9veloppement \u00e0 long terme de l&rsquo;athl\u00e8te Qu&rsquo;est-ce que le DLTA?Le DLTA est un cadre permettant d\u2019entra\u00eener et de d\u00e9velopper syst\u00e9matiquement les capacit\u00e9s physiques, mentales et \u00e9motionnelles des athl\u00e8tes selon des principes et des stades de d\u00e9veloppement humain scientifiquement reconnus. En tant que mod\u00e8le d&rsquo;entra\u00eenement, de comp\u00e9tition et de r\u00e9cup\u00e9ration, il respecte les \u00e9tapes naturelles du [&hellip;]\" \/>\n<meta property=\"og:url\" content=\"https:\/\/lacrosse.ca\/fr\/developpement\/athletes\/dlta\/\" \/>\n<meta property=\"og:site_name\" content=\"Lacrosse Canada\" \/>\n<meta property=\"article:modified_time\" content=\"2025-03-20T20:41:53+00:00\" \/>\n<meta name=\"twitter:card\" content=\"summary_large_image\" \/>\n<meta name=\"twitter:label1\" content=\"Est. reading time\" \/>\n\t<meta name=\"twitter:data1\" content=\"5 minutes\" \/>\n<script type=\"application\/ld+json\" class=\"yoast-schema-graph\">{\"@context\":\"https:\/\/schema.org\",\"@graph\":[{\"@type\":\"WebPage\",\"@id\":\"https:\/\/lacrosse.ca\/fr\/developpement\/athletes\/dlta\/\",\"url\":\"https:\/\/lacrosse.ca\/fr\/developpement\/athletes\/dlta\/\",\"name\":\"DLTA - Lacrosse Canada\",\"isPartOf\":{\"@id\":\"https:\/\/lacrosse.ca\/fr\/#website\"},\"datePublished\":\"2025-02-20T17:17:51+00:00\",\"dateModified\":\"2025-03-20T20:41:53+00:00\",\"breadcrumb\":{\"@id\":\"https:\/\/lacrosse.ca\/fr\/developpement\/athletes\/dlta\/#breadcrumb\"},\"inLanguage\":\"fr-FR\",\"potentialAction\":[{\"@type\":\"ReadAction\",\"target\":[\"https:\/\/lacrosse.ca\/fr\/developpement\/athletes\/dlta\/\"]}]},{\"@type\":\"BreadcrumbList\",\"@id\":\"https:\/\/lacrosse.ca\/fr\/developpement\/athletes\/dlta\/#breadcrumb\",\"itemListElement\":[{\"@type\":\"ListItem\",\"position\":1,\"name\":\"Home\",\"item\":\"https:\/\/lacrosse.ca\/fr\/maison-2\/\"},{\"@type\":\"ListItem\",\"position\":2,\"name\":\"D\u00e9veloppement\",\"item\":\"https:\/\/lacrosse.ca\/fr\/developpement\/\"},{\"@type\":\"ListItem\",\"position\":3,\"name\":\"Athl\u00e8tes\",\"item\":\"https:\/\/lacrosse.ca\/fr\/developpement\/athletes\/\"},{\"@type\":\"ListItem\",\"position\":4,\"name\":\"DLTA\"}]},{\"@type\":\"WebSite\",\"@id\":\"https:\/\/lacrosse.ca\/fr\/#website\",\"url\":\"https:\/\/lacrosse.ca\/fr\/\",\"name\":\"Lacrosse Canada\",\"description\":\"The World&#039;s Leading Lacrosse Program\",\"publisher\":{\"@id\":\"https:\/\/lacrosse.ca\/fr\/#organization\"},\"potentialAction\":[{\"@type\":\"SearchAction\",\"target\":{\"@type\":\"EntryPoint\",\"urlTemplate\":\"https:\/\/lacrosse.ca\/fr\/?s={search_term_string}\"},\"query-input\":{\"@type\":\"PropertyValueSpecification\",\"valueRequired\":true,\"valueName\":\"search_term_string\"}}],\"inLanguage\":\"fr-FR\"},{\"@type\":\"Organization\",\"@id\":\"https:\/\/lacrosse.ca\/fr\/#organization\",\"name\":\"Lacrosse Canada\",\"url\":\"https:\/\/lacrosse.ca\/fr\/\",\"logo\":{\"@type\":\"ImageObject\",\"inLanguage\":\"fr-FR\",\"@id\":\"https:\/\/lacrosse.ca\/fr\/#\/schema\/logo\/image\/\",\"url\":\"https:\/\/lacrosse.ca\/wp-content\/uploads\/2025\/01\/Lacrosse-Canada-Seal-Favicon.gif\",\"contentUrl\":\"https:\/\/lacrosse.ca\/wp-content\/uploads\/2025\/01\/Lacrosse-Canada-Seal-Favicon.gif\",\"width\":512,\"height\":512,\"caption\":\"Lacrosse Canada\"},\"image\":{\"@id\":\"https:\/\/lacrosse.ca\/fr\/#\/schema\/logo\/image\/\"}}]}<\/script>\n<!-- \/ Yoast SEO plugin. -->","yoast_head_json":{"title":"DLTA - Lacrosse Canada","robots":{"index":"index","follow":"follow","max-snippet":"max-snippet:-1","max-image-preview":"max-image-preview:large","max-video-preview":"max-video-preview:-1"},"canonical":"https:\/\/lacrosse.ca\/fr\/developpement\/athletes\/dlta\/","og_locale":"fr_FR","og_type":"article","og_title":"DLTA - Lacrosse Canada","og_description":"D\u00e9veloppement \u00e0 long terme de l&rsquo;athl\u00e8te Qu&rsquo;est-ce que le DLTA?Le DLTA est un cadre permettant d\u2019entra\u00eener et de d\u00e9velopper syst\u00e9matiquement les capacit\u00e9s physiques, mentales et \u00e9motionnelles des athl\u00e8tes selon des principes et des stades de d\u00e9veloppement humain scientifiquement reconnus. En tant que mod\u00e8le d&rsquo;entra\u00eenement, de comp\u00e9tition et de r\u00e9cup\u00e9ration, il respecte les \u00e9tapes naturelles du [&hellip;]","og_url":"https:\/\/lacrosse.ca\/fr\/developpement\/athletes\/dlta\/","og_site_name":"Lacrosse Canada","article_modified_time":"2025-03-20T20:41:53+00:00","twitter_card":"summary_large_image","twitter_misc":{"Est. reading time":"5 minutes"},"schema":{"@context":"https:\/\/schema.org","@graph":[{"@type":"WebPage","@id":"https:\/\/lacrosse.ca\/fr\/developpement\/athletes\/dlta\/","url":"https:\/\/lacrosse.ca\/fr\/developpement\/athletes\/dlta\/","name":"DLTA - Lacrosse Canada","isPartOf":{"@id":"https:\/\/lacrosse.ca\/fr\/#website"},"datePublished":"2025-02-20T17:17:51+00:00","dateModified":"2025-03-20T20:41:53+00:00","breadcrumb":{"@id":"https:\/\/lacrosse.ca\/fr\/developpement\/athletes\/dlta\/#breadcrumb"},"inLanguage":"fr-FR","potentialAction":[{"@type":"ReadAction","target":["https:\/\/lacrosse.ca\/fr\/developpement\/athletes\/dlta\/"]}]},{"@type":"BreadcrumbList","@id":"https:\/\/lacrosse.ca\/fr\/developpement\/athletes\/dlta\/#breadcrumb","itemListElement":[{"@type":"ListItem","position":1,"name":"Home","item":"https:\/\/lacrosse.ca\/fr\/maison-2\/"},{"@type":"ListItem","position":2,"name":"D\u00e9veloppement","item":"https:\/\/lacrosse.ca\/fr\/developpement\/"},{"@type":"ListItem","position":3,"name":"Athl\u00e8tes","item":"https:\/\/lacrosse.ca\/fr\/developpement\/athletes\/"},{"@type":"ListItem","position":4,"name":"DLTA"}]},{"@type":"WebSite","@id":"https:\/\/lacrosse.ca\/fr\/#website","url":"https:\/\/lacrosse.ca\/fr\/","name":"Lacrosse Canada","description":"The World&#039;s Leading Lacrosse Program","publisher":{"@id":"https:\/\/lacrosse.ca\/fr\/#organization"},"potentialAction":[{"@type":"SearchAction","target":{"@type":"EntryPoint","urlTemplate":"https:\/\/lacrosse.ca\/fr\/?s={search_term_string}"},"query-input":{"@type":"PropertyValueSpecification","valueRequired":true,"valueName":"search_term_string"}}],"inLanguage":"fr-FR"},{"@type":"Organization","@id":"https:\/\/lacrosse.ca\/fr\/#organization","name":"Lacrosse Canada","url":"https:\/\/lacrosse.ca\/fr\/","logo":{"@type":"ImageObject","inLanguage":"fr-FR","@id":"https:\/\/lacrosse.ca\/fr\/#\/schema\/logo\/image\/","url":"https:\/\/lacrosse.ca\/wp-content\/uploads\/2025\/01\/Lacrosse-Canada-Seal-Favicon.gif","contentUrl":"https:\/\/lacrosse.ca\/wp-content\/uploads\/2025\/01\/Lacrosse-Canada-Seal-Favicon.gif","width":512,"height":512,"caption":"Lacrosse Canada"},"image":{"@id":"https:\/\/lacrosse.ca\/fr\/#\/schema\/logo\/image\/"}}]}},"_links":{"self":[{"href":"https:\/\/lacrosse.ca\/fr\/wp-json\/wp\/v2\/pages\/2479","targetHints":{"allow":["GET"]}}],"collection":[{"href":"https:\/\/lacrosse.ca\/fr\/wp-json\/wp\/v2\/pages"}],"about":[{"href":"https:\/\/lacrosse.ca\/fr\/wp-json\/wp\/v2\/types\/page"}],"author":[{"embeddable":true,"href":"https:\/\/lacrosse.ca\/fr\/wp-json\/wp\/v2\/users\/3"}],"replies":[{"embeddable":true,"href":"https:\/\/lacrosse.ca\/fr\/wp-json\/wp\/v2\/comments?post=2479"}],"version-history":[{"count":0,"href":"https:\/\/lacrosse.ca\/fr\/wp-json\/wp\/v2\/pages\/2479\/revisions"}],"up":[{"embeddable":true,"href":"https:\/\/lacrosse.ca\/fr\/wp-json\/wp\/v2\/pages\/2480"}],"wp:attachment":[{"href":"https:\/\/lacrosse.ca\/fr\/wp-json\/wp\/v2\/media?parent=2479"}],"curies":[{"name":"wp","href":"https:\/\/api.w.org\/{rel}","templated":true}]}}