{"id":2482,"date":"2025-02-20T17:16:02","date_gmt":"2025-02-20T17:16:02","guid":{"rendered":"https:\/\/lacrosscanada.wpenginepowered.com\/developpement\/fonctionnaires\/formulaires-pour-les-fonctionnaires\/"},"modified":"2025-03-20T20:49:31","modified_gmt":"2025-03-20T20:49:31","slug":"formulaires-pour-les-fonctionnaires","status":"publish","type":"page","link":"https:\/\/lacrosse.ca\/fr\/developpement\/fonctionnaires\/formulaires-pour-les-fonctionnaires\/","title":{"rendered":"Formulaires pour les fonctionnaires"},"content":{"rendered":"\n<h3 class=\"wp-block-heading\"><strong>Formulaires et formulaires des fonctionnaires Ressources<\/strong><\/h3>\n\n<p>Lacrosse Canada fournit aux officiels des formulaires et des ressources essentiels pour soutenir la gestion du jeu, l&rsquo;application des r\u00e8gles et le perfectionnement professionnel. Ces documents sont con\u00e7us pour aider les arbitres \u00e0 assumer efficacement leurs responsabilit\u00e9s, assurant ainsi un environnement de jeu s\u00fbr, \u00e9quitable et bien r\u00e9glement\u00e9. <\/p>\n\n<p>Ci-dessous, vous trouverez un acc\u00e8s rapide aux principaux formulaires d\u2019arbitrage, notamment aux outils d\u2019\u00e9valuation, aux rapports d\u2019incident, aux guides de positionnement et aux ressources de gestion des abus.<\/p>\n\n<hr class=\"wp-block-separator has-alpha-channel-opacity\"\/>\n\n<h3 class=\"wp-block-heading\"><strong>Formulaires essentiels pour les fonctionnaires<\/strong><\/h3>\n\n<h4 class=\"wp-block-heading\"><strong>Gestion et rapports de jeu<\/strong><\/h4>\n\n<ul class=\"wp-block-list\">\n<li><a href=\"https:\/\/lacrosse.ca\/wp-content\/uploads\/2025\/03\/LC_Official_Referee_Incident.pdf\" target=\"_blank\" rel=\"noreferrer noopener\">Rapport d&rsquo;incident d&rsquo;arbitre<\/a> \u2013 Utilis\u00e9 pour documenter les incidents de jeu, les inconduites et les p\u00e9nalit\u00e9s majeures.<\/li>\n\n\n\n<li><a href=\"https:\/\/lacrosse.ca\/wp-content\/uploads\/2025\/03\/LC_Officials_Evaluation_Form.pdf\" target=\"_blank\" rel=\"noreferrer noopener\">Formulaire d&rsquo;\u00e9valuation des officiels de Lacrosse Canada <\/a>\u2013 Outil d&rsquo;\u00e9valuation pour \u00e9valuer le rendement des arbitres et fournir une r\u00e9troaction constructive.<\/li>\n<\/ul>\n\n<h4 class=\"wp-block-heading\"><strong>Positionnement et m\u00e9canique<\/strong><\/h4>\n\n<ul class=\"wp-block-list\">\n<li><a href=\"https:\/\/lacrosse.ca\/wp-content\/uploads\/2025\/03\/Referee-Floor-Diagrams.pdf\">Diagramme de positionnement de l&rsquo;arbitre au sol<\/a> \u2013 Un guide visuel du positionnement appropri\u00e9 pour que les officiels puissent maintenir la meilleure vue du jeu.<\/li>\n\n\n\n<li><a href=\"https:\/\/lacrosse.ca\/wp-content\/uploads\/2025\/03\/penalty_option__2022.pdf\" target=\"_blank\" rel=\"noreferrer noopener\">Tableau des options de p\u00e9nalit\u00e9 de Lacrosse Canada<\/a> \u2013 Tableau de r\u00e9f\u00e9rence rapide d\u00e9crivant les classifications de p\u00e9nalit\u00e9s et leur application.<\/li>\n<\/ul>\n\n<h4 class=\"wp-block-heading\"><strong>Sport s\u00e9curitaire et perfectionnement professionnel<\/strong><\/h4>\n\n<ul class=\"wp-block-list\">\n<li><a href=\"https:\/\/lacrosse.ca\/wp-content\/uploads\/2025\/03\/Officials-Abuse-and-Management.pdf\" target=\"_blank\" rel=\"noreferrer noopener\">Abus et gestion des abus <\/a>\u2013 Une ressource pour identifier, g\u00e9rer et signaler les abus dans le sport.<\/li>\n\n\n\n<li><a href=\"https:\/\/lacrosse.ca\/wp-content\/uploads\/2025\/03\/2022_LC_Standby_Referee_Workbook-3.docx\">Cahier de travail des officiels de r\u00e9serve de Lacrosse Canada<\/a> \u2013 Un guide d\u00e9crivant le r\u00f4le et les responsabilit\u00e9s des officiels de r\u00e9serve.<\/li>\n<\/ul>\n\n<p><\/p>\n\n<hr class=\"wp-block-separator has-alpha-channel-opacity\"\/>\n\n<h3 class=\"wp-block-heading\"><strong>Restez inform\u00e9 et pr\u00e9par\u00e9<\/strong><\/h3>\n\n<p>Les officiels jouent un r\u00f4le essentiel dans le sport, et avoir les bonnes ressources assure la pr\u00e9cision, la confiance et le professionnalisme sur le terrain. Assurez-vous de consulter ces formulaires r\u00e9guli\u00e8rement et de rester au courant des meilleures pratiques d\u2019arbitrage. <\/p>\n\n<p>Pour toute question ou assistance suppl\u00e9mentaire, contactez <a href=\"mailto:technicalcoordinator@lacrosse.ca\" target=\"_blank\" rel=\"noreferrer noopener\">technicalcoordinator@lacrosse.ca<\/a><\/p>\n\n<p><\/p>\n","protected":false},"excerpt":{"rendered":"<p>Formulaires et formulaires des fonctionnaires Ressources Lacrosse Canada fournit aux officiels des formulaires et des ressources essentiels pour soutenir la gestion du jeu, l&rsquo;application des r\u00e8gles et le perfectionnement professionnel. Ces documents sont con\u00e7us pour aider les arbitres \u00e0 assumer efficacement leurs responsabilit\u00e9s, assurant ainsi un environnement de jeu s\u00fbr, \u00e9quitable et bien r\u00e9glement\u00e9. Ci-dessous, [&hellip;]<\/p>\n","protected":false},"author":3,"featured_media":0,"parent":2481,"menu_order":0,"comment_status":"closed","ping_status":"closed","template":"","meta":{"_acf_changed":false,"_bbp_topic_count":0,"_bbp_reply_count":0,"_bbp_total_topic_count":0,"_bbp_total_reply_count":0,"_bbp_voice_count":0,"_bbp_anonymous_reply_count":0,"_bbp_topic_count_hidden":0,"_bbp_reply_count_hidden":0,"_bbp_forum_subforum_count":0,"footnotes":""},"class_list":["post-2482","page","type-page","status-publish","hentry"],"acf":[],"yoast_head":"<!-- This site is optimized with the Yoast SEO plugin v27.2 - https:\/\/yoast.com\/product\/yoast-seo-wordpress\/ -->\n<title>Formulaires pour les fonctionnaires - Lacrosse Canada<\/title>\n<meta name=\"robots\" content=\"index, follow, max-snippet:-1, max-image-preview:large, max-video-preview:-1\" \/>\n<link rel=\"canonical\" href=\"https:\/\/lacrosse.ca\/fr\/developpement\/fonctionnaires\/formulaires-pour-les-fonctionnaires\/\" \/>\n<meta property=\"og:locale\" content=\"fr_FR\" \/>\n<meta property=\"og:type\" content=\"article\" \/>\n<meta property=\"og:title\" content=\"Formulaires pour les fonctionnaires - Lacrosse Canada\" \/>\n<meta property=\"og:description\" content=\"Formulaires et formulaires des fonctionnaires Ressources Lacrosse Canada fournit aux officiels des formulaires et des ressources essentiels pour soutenir la gestion du jeu, l&rsquo;application des r\u00e8gles et le perfectionnement professionnel. Ces documents sont con\u00e7us pour aider les arbitres \u00e0 assumer efficacement leurs responsabilit\u00e9s, assurant ainsi un environnement de jeu s\u00fbr, \u00e9quitable et bien r\u00e9glement\u00e9. Ci-dessous, [&hellip;]\" \/>\n<meta property=\"og:url\" content=\"https:\/\/lacrosse.ca\/fr\/developpement\/fonctionnaires\/formulaires-pour-les-fonctionnaires\/\" \/>\n<meta property=\"og:site_name\" content=\"Lacrosse Canada\" \/>\n<meta property=\"article:modified_time\" content=\"2025-03-20T20:49:31+00:00\" \/>\n<meta name=\"twitter:card\" content=\"summary_large_image\" \/>\n<meta name=\"twitter:label1\" content=\"Est. reading time\" \/>\n\t<meta name=\"twitter:data1\" content=\"2 minutes\" \/>\n<script type=\"application\/ld+json\" class=\"yoast-schema-graph\">{\"@context\":\"https:\/\/schema.org\",\"@graph\":[{\"@type\":\"WebPage\",\"@id\":\"https:\/\/lacrosse.ca\/fr\/developpement\/fonctionnaires\/formulaires-pour-les-fonctionnaires\/\",\"url\":\"https:\/\/lacrosse.ca\/fr\/developpement\/fonctionnaires\/formulaires-pour-les-fonctionnaires\/\",\"name\":\"Formulaires pour les fonctionnaires - Lacrosse Canada\",\"isPartOf\":{\"@id\":\"https:\/\/lacrosse.ca\/fr\/#website\"},\"datePublished\":\"2025-02-20T17:16:02+00:00\",\"dateModified\":\"2025-03-20T20:49:31+00:00\",\"breadcrumb\":{\"@id\":\"https:\/\/lacrosse.ca\/fr\/developpement\/fonctionnaires\/formulaires-pour-les-fonctionnaires\/#breadcrumb\"},\"inLanguage\":\"fr-FR\",\"potentialAction\":[{\"@type\":\"ReadAction\",\"target\":[\"https:\/\/lacrosse.ca\/fr\/developpement\/fonctionnaires\/formulaires-pour-les-fonctionnaires\/\"]}]},{\"@type\":\"BreadcrumbList\",\"@id\":\"https:\/\/lacrosse.ca\/fr\/developpement\/fonctionnaires\/formulaires-pour-les-fonctionnaires\/#breadcrumb\",\"itemListElement\":[{\"@type\":\"ListItem\",\"position\":1,\"name\":\"Home\",\"item\":\"https:\/\/lacrosse.ca\/fr\/maison-2\/\"},{\"@type\":\"ListItem\",\"position\":2,\"name\":\"D\u00e9veloppement\",\"item\":\"https:\/\/lacrosse.ca\/fr\/developpement\/\"},{\"@type\":\"ListItem\",\"position\":3,\"name\":\"Fonctionnaires\",\"item\":\"https:\/\/lacrosse.ca\/fr\/developpement\/fonctionnaires\/\"},{\"@type\":\"ListItem\",\"position\":4,\"name\":\"Formulaires pour les fonctionnaires\"}]},{\"@type\":\"WebSite\",\"@id\":\"https:\/\/lacrosse.ca\/fr\/#website\",\"url\":\"https:\/\/lacrosse.ca\/fr\/\",\"name\":\"Lacrosse Canada\",\"description\":\"The World&#039;s Leading Lacrosse Program\",\"publisher\":{\"@id\":\"https:\/\/lacrosse.ca\/fr\/#organization\"},\"potentialAction\":[{\"@type\":\"SearchAction\",\"target\":{\"@type\":\"EntryPoint\",\"urlTemplate\":\"https:\/\/lacrosse.ca\/fr\/?s={search_term_string}\"},\"query-input\":{\"@type\":\"PropertyValueSpecification\",\"valueRequired\":true,\"valueName\":\"search_term_string\"}}],\"inLanguage\":\"fr-FR\"},{\"@type\":\"Organization\",\"@id\":\"https:\/\/lacrosse.ca\/fr\/#organization\",\"name\":\"Lacrosse Canada\",\"url\":\"https:\/\/lacrosse.ca\/fr\/\",\"logo\":{\"@type\":\"ImageObject\",\"inLanguage\":\"fr-FR\",\"@id\":\"https:\/\/lacrosse.ca\/fr\/#\/schema\/logo\/image\/\",\"url\":\"https:\/\/lacrosse.ca\/wp-content\/uploads\/2025\/01\/Lacrosse-Canada-Seal-Favicon.gif\",\"contentUrl\":\"https:\/\/lacrosse.ca\/wp-content\/uploads\/2025\/01\/Lacrosse-Canada-Seal-Favicon.gif\",\"width\":512,\"height\":512,\"caption\":\"Lacrosse Canada\"},\"image\":{\"@id\":\"https:\/\/lacrosse.ca\/fr\/#\/schema\/logo\/image\/\"}}]}<\/script>\n<!-- \/ Yoast SEO plugin. -->","yoast_head_json":{"title":"Formulaires pour les fonctionnaires - Lacrosse Canada","robots":{"index":"index","follow":"follow","max-snippet":"max-snippet:-1","max-image-preview":"max-image-preview:large","max-video-preview":"max-video-preview:-1"},"canonical":"https:\/\/lacrosse.ca\/fr\/developpement\/fonctionnaires\/formulaires-pour-les-fonctionnaires\/","og_locale":"fr_FR","og_type":"article","og_title":"Formulaires pour les fonctionnaires - Lacrosse Canada","og_description":"Formulaires et formulaires des fonctionnaires Ressources Lacrosse Canada fournit aux officiels des formulaires et des ressources essentiels pour soutenir la gestion du jeu, l&rsquo;application des r\u00e8gles et le perfectionnement professionnel. Ces documents sont con\u00e7us pour aider les arbitres \u00e0 assumer efficacement leurs responsabilit\u00e9s, assurant ainsi un environnement de jeu s\u00fbr, \u00e9quitable et bien r\u00e9glement\u00e9. Ci-dessous, [&hellip;]","og_url":"https:\/\/lacrosse.ca\/fr\/developpement\/fonctionnaires\/formulaires-pour-les-fonctionnaires\/","og_site_name":"Lacrosse Canada","article_modified_time":"2025-03-20T20:49:31+00:00","twitter_card":"summary_large_image","twitter_misc":{"Est. reading time":"2 minutes"},"schema":{"@context":"https:\/\/schema.org","@graph":[{"@type":"WebPage","@id":"https:\/\/lacrosse.ca\/fr\/developpement\/fonctionnaires\/formulaires-pour-les-fonctionnaires\/","url":"https:\/\/lacrosse.ca\/fr\/developpement\/fonctionnaires\/formulaires-pour-les-fonctionnaires\/","name":"Formulaires pour les fonctionnaires - Lacrosse Canada","isPartOf":{"@id":"https:\/\/lacrosse.ca\/fr\/#website"},"datePublished":"2025-02-20T17:16:02+00:00","dateModified":"2025-03-20T20:49:31+00:00","breadcrumb":{"@id":"https:\/\/lacrosse.ca\/fr\/developpement\/fonctionnaires\/formulaires-pour-les-fonctionnaires\/#breadcrumb"},"inLanguage":"fr-FR","potentialAction":[{"@type":"ReadAction","target":["https:\/\/lacrosse.ca\/fr\/developpement\/fonctionnaires\/formulaires-pour-les-fonctionnaires\/"]}]},{"@type":"BreadcrumbList","@id":"https:\/\/lacrosse.ca\/fr\/developpement\/fonctionnaires\/formulaires-pour-les-fonctionnaires\/#breadcrumb","itemListElement":[{"@type":"ListItem","position":1,"name":"Home","item":"https:\/\/lacrosse.ca\/fr\/maison-2\/"},{"@type":"ListItem","position":2,"name":"D\u00e9veloppement","item":"https:\/\/lacrosse.ca\/fr\/developpement\/"},{"@type":"ListItem","position":3,"name":"Fonctionnaires","item":"https:\/\/lacrosse.ca\/fr\/developpement\/fonctionnaires\/"},{"@type":"ListItem","position":4,"name":"Formulaires pour les fonctionnaires"}]},{"@type":"WebSite","@id":"https:\/\/lacrosse.ca\/fr\/#website","url":"https:\/\/lacrosse.ca\/fr\/","name":"Lacrosse Canada","description":"The World&#039;s Leading Lacrosse Program","publisher":{"@id":"https:\/\/lacrosse.ca\/fr\/#organization"},"potentialAction":[{"@type":"SearchAction","target":{"@type":"EntryPoint","urlTemplate":"https:\/\/lacrosse.ca\/fr\/?s={search_term_string}"},"query-input":{"@type":"PropertyValueSpecification","valueRequired":true,"valueName":"search_term_string"}}],"inLanguage":"fr-FR"},{"@type":"Organization","@id":"https:\/\/lacrosse.ca\/fr\/#organization","name":"Lacrosse Canada","url":"https:\/\/lacrosse.ca\/fr\/","logo":{"@type":"ImageObject","inLanguage":"fr-FR","@id":"https:\/\/lacrosse.ca\/fr\/#\/schema\/logo\/image\/","url":"https:\/\/lacrosse.ca\/wp-content\/uploads\/2025\/01\/Lacrosse-Canada-Seal-Favicon.gif","contentUrl":"https:\/\/lacrosse.ca\/wp-content\/uploads\/2025\/01\/Lacrosse-Canada-Seal-Favicon.gif","width":512,"height":512,"caption":"Lacrosse Canada"},"image":{"@id":"https:\/\/lacrosse.ca\/fr\/#\/schema\/logo\/image\/"}}]}},"_links":{"self":[{"href":"https:\/\/lacrosse.ca\/fr\/wp-json\/wp\/v2\/pages\/2482","targetHints":{"allow":["GET"]}}],"collection":[{"href":"https:\/\/lacrosse.ca\/fr\/wp-json\/wp\/v2\/pages"}],"about":[{"href":"https:\/\/lacrosse.ca\/fr\/wp-json\/wp\/v2\/types\/page"}],"author":[{"embeddable":true,"href":"https:\/\/lacrosse.ca\/fr\/wp-json\/wp\/v2\/users\/3"}],"replies":[{"embeddable":true,"href":"https:\/\/lacrosse.ca\/fr\/wp-json\/wp\/v2\/comments?post=2482"}],"version-history":[{"count":0,"href":"https:\/\/lacrosse.ca\/fr\/wp-json\/wp\/v2\/pages\/2482\/revisions"}],"up":[{"embeddable":true,"href":"https:\/\/lacrosse.ca\/fr\/wp-json\/wp\/v2\/pages\/2481"}],"wp:attachment":[{"href":"https:\/\/lacrosse.ca\/fr\/wp-json\/wp\/v2\/media?parent=2482"}],"curies":[{"name":"wp","href":"https:\/\/api.w.org\/{rel}","templated":true}]}}