{"id":2483,"date":"2025-02-20T17:15:34","date_gmt":"2025-02-20T17:15:34","guid":{"rendered":"https:\/\/lacrosscanada.wpenginepowered.com\/developpement\/fonctionnaires\/ressources-pour-les-arbitres\/"},"modified":"2025-03-20T20:53:37","modified_gmt":"2025-03-20T20:53:37","slug":"ressources-pour-les-arbitres","status":"publish","type":"page","link":"https:\/\/lacrosse.ca\/fr\/developpement\/fonctionnaires\/ressources-pour-les-arbitres\/","title":{"rendered":"Ressources pour les arbitres"},"content":{"rendered":"\n<p><strong>Outils et lignes directrices pour un arbitrage efficace<\/strong><\/p>\n\n<p>Les officiels de crosse jouent un r\u00f4le essentiel pour assurer un jeu juste, s\u00e9curitaire et comp\u00e9titif. Pour appuyer les officiels \u00e0 tous les niveaux, Lacrosse Canada fournit des ressources essentielles pour aider \u00e0 la gestion du jeu, au positionnement, \u00e0 l\u2019application des r\u00e8gles et \u00e0 la production de rapports. <\/p>\n\n<p>Que vous d\u00e9butiez ou que vous arbitriez au plus haut niveau, ces ressources vous aideront \u00e0 prendre des d\u00e9cisions \u00e9clair\u00e9es et \u00e0 maintenir l&rsquo;int\u00e9grit\u00e9 du jeu.<\/p>\n\n<hr class=\"wp-block-separator has-alpha-channel-opacity\"\/>\n\n<h2 class=\"wp-block-heading\"><strong>Explorez les ressources essentielles pour l&rsquo;arbitrage<\/strong><\/h2>\n\n<h3 class=\"wp-block-heading\"><strong>Cahier d&rsquo;exercices officiel de r\u00e9serve de Lacrosse Canada<\/strong><\/h3>\n\n<p>Un guide complet pour les gestionnaires en attente, fournissant un aper\u00e7u de leur r\u00f4le, de leurs responsabilit\u00e9s et de leurs meilleures pratiques.<\/p>\n\n<p><a href=\"#\">T\u00e9l\u00e9chargez le manuel officiel de Standby<\/a><\/p>\n\n<h3 class=\"wp-block-heading\"><strong>Rapport d&rsquo;incident d&rsquo;arbitre de Lacrosse Canada<\/strong><\/h3>\n\n<p>Les officiels doivent documenter les incidents de jeu avec pr\u00e9cision et clart\u00e9. Utilisez ce formulaire pour signaler une inconduite, des sanctions et d&rsquo;autres \u00e9v\u00e9nements critiques. <\/p>\n\n<p><a href=\"#\">Access the Referee Incident Report<\/a><\/p>\n\n<h3 class=\"wp-block-heading\"><strong>Diagramme de positionnement des arbitres de Lacrosse Canada<\/strong><\/h3>\n\n<p>Un positionnement appropri\u00e9 est essentiel pour faire des appels pr\u00e9cis. Ce sch\u00e9ma d\u00e9crit les emplacements optimaux pour les arbitres sur le terrain ou sur le sol afin de maintenir la meilleure vue du jeu. <br\/><br\/><a href=\"#\">Voir le diagramme de positionnement de l&rsquo;arbitre<\/a><\/p>\n\n<h3 class=\"wp-block-heading\"><strong>Tableau des options de p\u00e9nalit\u00e9 de Lacrosse Canada<\/strong><\/h3>\n\n<p>Un guide de r\u00e9f\u00e9rence rapide pour les appels de p\u00e9nalit\u00e9, les classifications et l&rsquo;application, aidant les officiels \u00e0 prendre des d\u00e9cisions coh\u00e9rentes sur le terrain.<\/p>\n\n<p><a href=\"#\">Consultez le tableau des options de p\u00e9nalit\u00e9<\/a><\/p>\n\n<h3 class=\"wp-block-heading\"><strong>Formulaires des officiels de Lacrosse Canada<\/strong><\/h3>\n\n<p>Trouvez tous les formulaires d&rsquo;arbitrage n\u00e9cessaires en un seul endroit, y compris les rapports de match, les \u00e9valuations et les documents administratifs.<\/p>\n\n<p><a href=\"#\">Parcourir les formulaires des officiels<\/a><\/p>\n\n<hr class=\"wp-block-separator has-alpha-channel-opacity\"\/>\n","protected":false},"excerpt":{"rendered":"<p>Outils et lignes directrices pour un arbitrage efficace Les officiels de crosse jouent un r\u00f4le essentiel pour assurer un jeu juste, s\u00e9curitaire et comp\u00e9titif. Pour appuyer les officiels \u00e0 tous les niveaux, Lacrosse Canada fournit des ressources essentielles pour aider \u00e0 la gestion du jeu, au positionnement, \u00e0 l\u2019application des r\u00e8gles et \u00e0 la production [&hellip;]<\/p>\n","protected":false},"author":3,"featured_media":0,"parent":2481,"menu_order":0,"comment_status":"closed","ping_status":"closed","template":"","meta":{"_acf_changed":false,"_bbp_topic_count":0,"_bbp_reply_count":0,"_bbp_total_topic_count":0,"_bbp_total_reply_count":0,"_bbp_voice_count":0,"_bbp_anonymous_reply_count":0,"_bbp_topic_count_hidden":0,"_bbp_reply_count_hidden":0,"_bbp_forum_subforum_count":0,"footnotes":""},"class_list":["post-2483","page","type-page","status-publish","hentry"],"acf":[],"yoast_head":"<!-- This site is optimized with the Yoast SEO plugin v27.2 - https:\/\/yoast.com\/product\/yoast-seo-wordpress\/ -->\n<title>Ressources pour les arbitres - Lacrosse Canada<\/title>\n<meta name=\"robots\" content=\"index, follow, max-snippet:-1, max-image-preview:large, max-video-preview:-1\" \/>\n<link rel=\"canonical\" href=\"https:\/\/lacrosse.ca\/fr\/developpement\/fonctionnaires\/ressources-pour-les-arbitres\/\" \/>\n<meta property=\"og:locale\" content=\"fr_FR\" \/>\n<meta property=\"og:type\" content=\"article\" \/>\n<meta property=\"og:title\" content=\"Ressources pour les arbitres - Lacrosse Canada\" \/>\n<meta property=\"og:description\" content=\"Outils et lignes directrices pour un arbitrage efficace Les officiels de crosse jouent un r\u00f4le essentiel pour assurer un jeu juste, s\u00e9curitaire et comp\u00e9titif. Pour appuyer les officiels \u00e0 tous les niveaux, Lacrosse Canada fournit des ressources essentielles pour aider \u00e0 la gestion du jeu, au positionnement, \u00e0 l\u2019application des r\u00e8gles et \u00e0 la production [&hellip;]\" \/>\n<meta property=\"og:url\" content=\"https:\/\/lacrosse.ca\/fr\/developpement\/fonctionnaires\/ressources-pour-les-arbitres\/\" \/>\n<meta property=\"og:site_name\" content=\"Lacrosse Canada\" \/>\n<meta property=\"article:modified_time\" content=\"2025-03-20T20:53:37+00:00\" \/>\n<meta name=\"twitter:card\" content=\"summary_large_image\" \/>\n<meta name=\"twitter:label1\" content=\"Est. reading time\" \/>\n\t<meta name=\"twitter:data1\" content=\"2 minutes\" \/>\n<script type=\"application\/ld+json\" class=\"yoast-schema-graph\">{\"@context\":\"https:\/\/schema.org\",\"@graph\":[{\"@type\":\"WebPage\",\"@id\":\"https:\/\/lacrosse.ca\/fr\/developpement\/fonctionnaires\/ressources-pour-les-arbitres\/\",\"url\":\"https:\/\/lacrosse.ca\/fr\/developpement\/fonctionnaires\/ressources-pour-les-arbitres\/\",\"name\":\"Ressources pour les arbitres - Lacrosse Canada\",\"isPartOf\":{\"@id\":\"https:\/\/lacrosse.ca\/fr\/#website\"},\"datePublished\":\"2025-02-20T17:15:34+00:00\",\"dateModified\":\"2025-03-20T20:53:37+00:00\",\"breadcrumb\":{\"@id\":\"https:\/\/lacrosse.ca\/fr\/developpement\/fonctionnaires\/ressources-pour-les-arbitres\/#breadcrumb\"},\"inLanguage\":\"fr-FR\",\"potentialAction\":[{\"@type\":\"ReadAction\",\"target\":[\"https:\/\/lacrosse.ca\/fr\/developpement\/fonctionnaires\/ressources-pour-les-arbitres\/\"]}]},{\"@type\":\"BreadcrumbList\",\"@id\":\"https:\/\/lacrosse.ca\/fr\/developpement\/fonctionnaires\/ressources-pour-les-arbitres\/#breadcrumb\",\"itemListElement\":[{\"@type\":\"ListItem\",\"position\":1,\"name\":\"Home\",\"item\":\"https:\/\/lacrosse.ca\/fr\/maison-2\/\"},{\"@type\":\"ListItem\",\"position\":2,\"name\":\"D\u00e9veloppement\",\"item\":\"https:\/\/lacrosse.ca\/fr\/developpement\/\"},{\"@type\":\"ListItem\",\"position\":3,\"name\":\"Fonctionnaires\",\"item\":\"https:\/\/lacrosse.ca\/fr\/developpement\/fonctionnaires\/\"},{\"@type\":\"ListItem\",\"position\":4,\"name\":\"Ressources pour les arbitres\"}]},{\"@type\":\"WebSite\",\"@id\":\"https:\/\/lacrosse.ca\/fr\/#website\",\"url\":\"https:\/\/lacrosse.ca\/fr\/\",\"name\":\"Lacrosse Canada\",\"description\":\"The World&#039;s Leading Lacrosse Program\",\"publisher\":{\"@id\":\"https:\/\/lacrosse.ca\/fr\/#organization\"},\"potentialAction\":[{\"@type\":\"SearchAction\",\"target\":{\"@type\":\"EntryPoint\",\"urlTemplate\":\"https:\/\/lacrosse.ca\/fr\/?s={search_term_string}\"},\"query-input\":{\"@type\":\"PropertyValueSpecification\",\"valueRequired\":true,\"valueName\":\"search_term_string\"}}],\"inLanguage\":\"fr-FR\"},{\"@type\":\"Organization\",\"@id\":\"https:\/\/lacrosse.ca\/fr\/#organization\",\"name\":\"Lacrosse Canada\",\"url\":\"https:\/\/lacrosse.ca\/fr\/\",\"logo\":{\"@type\":\"ImageObject\",\"inLanguage\":\"fr-FR\",\"@id\":\"https:\/\/lacrosse.ca\/fr\/#\/schema\/logo\/image\/\",\"url\":\"https:\/\/lacrosse.ca\/wp-content\/uploads\/2025\/01\/Lacrosse-Canada-Seal-Favicon.gif\",\"contentUrl\":\"https:\/\/lacrosse.ca\/wp-content\/uploads\/2025\/01\/Lacrosse-Canada-Seal-Favicon.gif\",\"width\":512,\"height\":512,\"caption\":\"Lacrosse Canada\"},\"image\":{\"@id\":\"https:\/\/lacrosse.ca\/fr\/#\/schema\/logo\/image\/\"}}]}<\/script>\n<!-- \/ Yoast SEO plugin. -->","yoast_head_json":{"title":"Ressources pour les arbitres - Lacrosse Canada","robots":{"index":"index","follow":"follow","max-snippet":"max-snippet:-1","max-image-preview":"max-image-preview:large","max-video-preview":"max-video-preview:-1"},"canonical":"https:\/\/lacrosse.ca\/fr\/developpement\/fonctionnaires\/ressources-pour-les-arbitres\/","og_locale":"fr_FR","og_type":"article","og_title":"Ressources pour les arbitres - Lacrosse Canada","og_description":"Outils et lignes directrices pour un arbitrage efficace Les officiels de crosse jouent un r\u00f4le essentiel pour assurer un jeu juste, s\u00e9curitaire et comp\u00e9titif. Pour appuyer les officiels \u00e0 tous les niveaux, Lacrosse Canada fournit des ressources essentielles pour aider \u00e0 la gestion du jeu, au positionnement, \u00e0 l\u2019application des r\u00e8gles et \u00e0 la production [&hellip;]","og_url":"https:\/\/lacrosse.ca\/fr\/developpement\/fonctionnaires\/ressources-pour-les-arbitres\/","og_site_name":"Lacrosse Canada","article_modified_time":"2025-03-20T20:53:37+00:00","twitter_card":"summary_large_image","twitter_misc":{"Est. reading time":"2 minutes"},"schema":{"@context":"https:\/\/schema.org","@graph":[{"@type":"WebPage","@id":"https:\/\/lacrosse.ca\/fr\/developpement\/fonctionnaires\/ressources-pour-les-arbitres\/","url":"https:\/\/lacrosse.ca\/fr\/developpement\/fonctionnaires\/ressources-pour-les-arbitres\/","name":"Ressources pour les arbitres - Lacrosse Canada","isPartOf":{"@id":"https:\/\/lacrosse.ca\/fr\/#website"},"datePublished":"2025-02-20T17:15:34+00:00","dateModified":"2025-03-20T20:53:37+00:00","breadcrumb":{"@id":"https:\/\/lacrosse.ca\/fr\/developpement\/fonctionnaires\/ressources-pour-les-arbitres\/#breadcrumb"},"inLanguage":"fr-FR","potentialAction":[{"@type":"ReadAction","target":["https:\/\/lacrosse.ca\/fr\/developpement\/fonctionnaires\/ressources-pour-les-arbitres\/"]}]},{"@type":"BreadcrumbList","@id":"https:\/\/lacrosse.ca\/fr\/developpement\/fonctionnaires\/ressources-pour-les-arbitres\/#breadcrumb","itemListElement":[{"@type":"ListItem","position":1,"name":"Home","item":"https:\/\/lacrosse.ca\/fr\/maison-2\/"},{"@type":"ListItem","position":2,"name":"D\u00e9veloppement","item":"https:\/\/lacrosse.ca\/fr\/developpement\/"},{"@type":"ListItem","position":3,"name":"Fonctionnaires","item":"https:\/\/lacrosse.ca\/fr\/developpement\/fonctionnaires\/"},{"@type":"ListItem","position":4,"name":"Ressources pour les arbitres"}]},{"@type":"WebSite","@id":"https:\/\/lacrosse.ca\/fr\/#website","url":"https:\/\/lacrosse.ca\/fr\/","name":"Lacrosse Canada","description":"The World&#039;s Leading Lacrosse Program","publisher":{"@id":"https:\/\/lacrosse.ca\/fr\/#organization"},"potentialAction":[{"@type":"SearchAction","target":{"@type":"EntryPoint","urlTemplate":"https:\/\/lacrosse.ca\/fr\/?s={search_term_string}"},"query-input":{"@type":"PropertyValueSpecification","valueRequired":true,"valueName":"search_term_string"}}],"inLanguage":"fr-FR"},{"@type":"Organization","@id":"https:\/\/lacrosse.ca\/fr\/#organization","name":"Lacrosse Canada","url":"https:\/\/lacrosse.ca\/fr\/","logo":{"@type":"ImageObject","inLanguage":"fr-FR","@id":"https:\/\/lacrosse.ca\/fr\/#\/schema\/logo\/image\/","url":"https:\/\/lacrosse.ca\/wp-content\/uploads\/2025\/01\/Lacrosse-Canada-Seal-Favicon.gif","contentUrl":"https:\/\/lacrosse.ca\/wp-content\/uploads\/2025\/01\/Lacrosse-Canada-Seal-Favicon.gif","width":512,"height":512,"caption":"Lacrosse Canada"},"image":{"@id":"https:\/\/lacrosse.ca\/fr\/#\/schema\/logo\/image\/"}}]}},"_links":{"self":[{"href":"https:\/\/lacrosse.ca\/fr\/wp-json\/wp\/v2\/pages\/2483","targetHints":{"allow":["GET"]}}],"collection":[{"href":"https:\/\/lacrosse.ca\/fr\/wp-json\/wp\/v2\/pages"}],"about":[{"href":"https:\/\/lacrosse.ca\/fr\/wp-json\/wp\/v2\/types\/page"}],"author":[{"embeddable":true,"href":"https:\/\/lacrosse.ca\/fr\/wp-json\/wp\/v2\/users\/3"}],"replies":[{"embeddable":true,"href":"https:\/\/lacrosse.ca\/fr\/wp-json\/wp\/v2\/comments?post=2483"}],"version-history":[{"count":0,"href":"https:\/\/lacrosse.ca\/fr\/wp-json\/wp\/v2\/pages\/2483\/revisions"}],"up":[{"embeddable":true,"href":"https:\/\/lacrosse.ca\/fr\/wp-json\/wp\/v2\/pages\/2481"}],"wp:attachment":[{"href":"https:\/\/lacrosse.ca\/fr\/wp-json\/wp\/v2\/media?parent=2483"}],"curies":[{"name":"wp","href":"https:\/\/api.w.org\/{rel}","templated":true}]}}