{"id":2484,"date":"2025-02-20T17:13:56","date_gmt":"2025-02-20T17:13:56","guid":{"rendered":"https:\/\/lacrosscanada.wpenginepowered.com\/developpement\/fonctionnaires\/devenir-arbitre\/"},"modified":"2025-03-21T15:20:06","modified_gmt":"2025-03-21T15:20:06","slug":"devenir-arbitre","status":"publish","type":"page","link":"https:\/\/lacrosse.ca\/fr\/developpement\/fonctionnaires\/devenir-arbitre\/","title":{"rendered":"devenir arbitre"},"content":{"rendered":"\n<h3 class=\"wp-block-heading\"><strong>Joignez-vous au jeu. Faites les appels. D\u00e9velopper le sport.  <\/strong><\/h3>\n\n<p>L&rsquo;arbitrage est un excellent moyen de rester impliqu\u00e9 dans la crosse, de d\u00e9velopper des comp\u00e9tences en leadership et de jouer un r\u00f4le cl\u00e9 dans le jeu. Que vous d\u00e9butiez ou que vous cherchiez \u00e0 progresser, voici comment vous impliquer. <\/p>\n\n<hr class=\"wp-block-separator has-alpha-channel-opacity\"\/>\n\n<h2 class=\"wp-block-heading\"><strong>1. Comment d\u00e9buter en tant qu&rsquo;arbitre<\/strong><\/h2>\n\n<p>La plupart des officiels commencent au niveau communautaire par l&rsquo;interm\u00e9diaire de leur association <a href=\"https:\/\/lacrosse.ca\/wp-admin\/post.php?post=347&amp;action=edit&amp;lang=en\" target=\"_blank\" rel=\"noreferrer noopener\">provinciale\/territoriale de crosse<\/a>. Connectez-vous avec votre organisme local pour : <\/p>\n\n<ul class=\"wp-block-list\">\n<li>Trouver des occasions d&rsquo;arbitrage<\/li>\n\n\n\n<li>Informez-vous sur les s\u00e9ances de formation \u00e0 venir<\/li>\n\n\n\n<li>\u00catre affect\u00e9 \u00e0 des jeux de travail<\/li>\n<\/ul>\n\n<p>Int\u00e9ress\u00e9? Contactez-nous d\u00e8s aujourd&rsquo;hui. <\/p>\n\n<hr class=\"wp-block-separator has-alpha-channel-opacity\"\/>\n\n<h2 class=\"wp-block-heading\"><strong>2. Conna\u00eetre les r\u00e8gles<\/strong><\/h2>\n\n<p>Un bon arbitre conna\u00eet parfaitement les r\u00e8gles, garantissant un jeu juste et coh\u00e9rent \u00e0 tous les niveaux de comp\u00e9tition. Les r\u00e8gles de la crosse varient selon la discipline (crosse en bo\u00eete, crosse sur le terrain pour hommes, crosse sur le terrain pour femmes et crosse \u00e0 six) et m\u00eame au sein de ces cat\u00e9gories, les directives d\u2019arbitrage peuvent diff\u00e9rer selon le groupe d\u2019\u00e2ge et le niveau de jeu. Il est essentiel de se tenir au courant des derni\u00e8res r\u00e9glementations, car les interpr\u00e9tations des r\u00e8gles, les m\u00e9canismes et les attentes changent souvent. Que vous soyez un arbitre novice ou exp\u00e9riment\u00e9, une bonne compr\u00e9hension du r\u00e8glement et des ressources d&rsquo;arbitrage est essentielle pour prendre des d\u00e9cisions \u00e9clair\u00e9es et en toute confiance sur le terrain.    <br\/><br\/>Explorez les <a href=\"https:\/\/lacrosse.ca\/fr\/developpement\/fonctionnaires\/livres-de-regles\/\">derniers livres de r\u00e8gles et manuels d&rsquo;arbitrage<\/a> pour rester au courant des meilleures pratiques et vous assurer d&rsquo;\u00eatre toujours pr\u00eat pour le jeu. <br\/><\/p>\n\n<hr class=\"wp-block-separator has-alpha-channel-opacity\"\/>\n\n<h2 class=\"wp-block-heading\"><strong>3. Ressources essentielles pour l&rsquo;arbitrage<\/strong><\/h2>\n\n<p>Am\u00e9liorez vos comp\u00e9tences en arbitrage gr\u00e2ce \u00e0 ces ressources cl\u00e9s.<\/p>\n\n<ul class=\"wp-block-list\">\n<li><a href=\"#\">Manuel de l&rsquo;arbitre de r\u00e9serve de Lacrosse Canada <\/a>\u2013 Guide pour les arbitres de r\u00e9serve<br\/><\/li>\n\n\n\n<li><a href=\"#\">Rapport d&rsquo;incident d&rsquo;arbitre de Lacrosse Canada <\/a>\u2013 Signaler les incidents de match avec pr\u00e9cision<br\/><\/li>\n\n\n\n<li><a href=\"#\">Diagramme de positionnement des arbitres de Lacrosse Canada <\/a>\u2013 Apprenez le positionnement optimal sur le terrain ou au sol<br\/><\/li>\n\n\n\n<li><a href=\"#\">Tableau des options de p\u00e9nalit\u00e9 de Lacrosse Canada<\/a> \u2013 R\u00e9f\u00e9rence rapide pour les appels de p\u00e9nalit\u00e9<br\/><\/li>\n\n\n\n<li><a href=\"#\">Formulaires des officiels de Lacrosse Canada<\/a> \u2013 Acc\u00e9dez \u00e0 d&rsquo;importants documents d&rsquo;arbitrage<br\/><\/li>\n<\/ul>\n\n<hr class=\"wp-block-separator has-alpha-channel-opacity\"\/>\n\n<h2 class=\"wp-block-heading\"><strong>4. Pr\u00e9vention des abus et sport s\u00e9curitaire<\/strong><\/h2>\n\n<p>Lacrosse Canada s&rsquo;engage \u00e0 assurer un environnement sportif s\u00e9curitaire et respectueux. Chaque fonctionnaire doit \u00eatre conscient des signes d&rsquo;abus et savoir comment signaler une mauvaise conduite. <\/p>\n\n<ul class=\"wp-block-list\">\n<li><a href=\"#\">Abus et gestion des abus <\/a>\u2013 Apprenez \u00e0 g\u00e9rer les situations d\u2019abus en tant que fonctionnaire<\/li>\n\n\n\n<li><a href=\"#\">Politiques de s\u00e9curit\u00e9 dans le sport <\/a>\u2013 Comprendre les lignes directrices de Crosse Canada pour la protection des athl\u00e8tes et des officiels<\/li>\n<\/ul>\n\n<p>Si vous \u00eates victime ou t\u00e9moin d\u2019une inconduite, signalez-la imm\u00e9diatement.<\/p>\n\n<p><\/p>\n","protected":false},"excerpt":{"rendered":"<p>Joignez-vous au jeu. Faites les appels. D\u00e9velopper le sport. L&rsquo;arbitrage est un excellent moyen de rester impliqu\u00e9 dans la crosse, de d\u00e9velopper des comp\u00e9tences en leadership et de jouer un r\u00f4le cl\u00e9 dans le jeu. Que vous d\u00e9butiez ou que vous cherchiez \u00e0 progresser, voici comment vous impliquer. 1. Comment d\u00e9buter en tant qu&rsquo;arbitre La [&hellip;]<\/p>\n","protected":false},"author":3,"featured_media":1260,"parent":2481,"menu_order":0,"comment_status":"closed","ping_status":"closed","template":"","meta":{"_acf_changed":false,"_bbp_topic_count":0,"_bbp_reply_count":0,"_bbp_total_topic_count":0,"_bbp_total_reply_count":0,"_bbp_voice_count":0,"_bbp_anonymous_reply_count":0,"_bbp_topic_count_hidden":0,"_bbp_reply_count_hidden":0,"_bbp_forum_subforum_count":0,"footnotes":""},"class_list":["post-2484","page","type-page","status-publish","has-post-thumbnail","hentry"],"acf":[],"yoast_head":"<!-- This site is optimized with the Yoast SEO plugin v27.2 - https:\/\/yoast.com\/product\/yoast-seo-wordpress\/ -->\n<title>devenir arbitre - Lacrosse Canada<\/title>\n<meta name=\"robots\" content=\"index, follow, max-snippet:-1, max-image-preview:large, max-video-preview:-1\" \/>\n<link rel=\"canonical\" href=\"https:\/\/lacrosse.ca\/fr\/developpement\/fonctionnaires\/devenir-arbitre\/\" \/>\n<meta property=\"og:locale\" content=\"fr_FR\" \/>\n<meta property=\"og:type\" content=\"article\" \/>\n<meta property=\"og:title\" content=\"devenir arbitre - Lacrosse Canada\" \/>\n<meta property=\"og:description\" content=\"Joignez-vous au jeu. Faites les appels. D\u00e9velopper le sport. L&rsquo;arbitrage est un excellent moyen de rester impliqu\u00e9 dans la crosse, de d\u00e9velopper des comp\u00e9tences en leadership et de jouer un r\u00f4le cl\u00e9 dans le jeu. Que vous d\u00e9butiez ou que vous cherchiez \u00e0 progresser, voici comment vous impliquer. 1. Comment d\u00e9buter en tant qu&rsquo;arbitre La [&hellip;]\" \/>\n<meta property=\"og:url\" content=\"https:\/\/lacrosse.ca\/fr\/developpement\/fonctionnaires\/devenir-arbitre\/\" \/>\n<meta property=\"og:site_name\" content=\"Lacrosse Canada\" \/>\n<meta property=\"article:modified_time\" content=\"2025-03-21T15:20:06+00:00\" \/>\n<meta property=\"og:image\" content=\"https:\/\/lacrosse.ca\/wp-content\/uploads\/2025\/03\/officials-link-featured.jpg\" \/>\n\t<meta property=\"og:image:width\" content=\"1067\" \/>\n\t<meta property=\"og:image:height\" content=\"1140\" \/>\n\t<meta property=\"og:image:type\" content=\"image\/jpeg\" \/>\n<meta name=\"twitter:card\" content=\"summary_large_image\" \/>\n<meta name=\"twitter:label1\" content=\"Est. reading time\" \/>\n\t<meta name=\"twitter:data1\" content=\"2 minutes\" \/>\n<script type=\"application\/ld+json\" class=\"yoast-schema-graph\">{\"@context\":\"https:\/\/schema.org\",\"@graph\":[{\"@type\":\"WebPage\",\"@id\":\"https:\/\/lacrosse.ca\/fr\/developpement\/fonctionnaires\/devenir-arbitre\/\",\"url\":\"https:\/\/lacrosse.ca\/fr\/developpement\/fonctionnaires\/devenir-arbitre\/\",\"name\":\"devenir arbitre - Lacrosse Canada\",\"isPartOf\":{\"@id\":\"https:\/\/lacrosse.ca\/fr\/#website\"},\"primaryImageOfPage\":{\"@id\":\"https:\/\/lacrosse.ca\/fr\/developpement\/fonctionnaires\/devenir-arbitre\/#primaryimage\"},\"image\":{\"@id\":\"https:\/\/lacrosse.ca\/fr\/developpement\/fonctionnaires\/devenir-arbitre\/#primaryimage\"},\"thumbnailUrl\":\"https:\/\/lacrosse.ca\/wp-content\/uploads\/2025\/03\/officials-link-featured.jpg\",\"datePublished\":\"2025-02-20T17:13:56+00:00\",\"dateModified\":\"2025-03-21T15:20:06+00:00\",\"breadcrumb\":{\"@id\":\"https:\/\/lacrosse.ca\/fr\/developpement\/fonctionnaires\/devenir-arbitre\/#breadcrumb\"},\"inLanguage\":\"fr-FR\",\"potentialAction\":[{\"@type\":\"ReadAction\",\"target\":[\"https:\/\/lacrosse.ca\/fr\/developpement\/fonctionnaires\/devenir-arbitre\/\"]}]},{\"@type\":\"ImageObject\",\"inLanguage\":\"fr-FR\",\"@id\":\"https:\/\/lacrosse.ca\/fr\/developpement\/fonctionnaires\/devenir-arbitre\/#primaryimage\",\"url\":\"https:\/\/lacrosse.ca\/wp-content\/uploads\/2025\/03\/officials-link-featured.jpg\",\"contentUrl\":\"https:\/\/lacrosse.ca\/wp-content\/uploads\/2025\/03\/officials-link-featured.jpg\",\"width\":1067,\"height\":1140},{\"@type\":\"BreadcrumbList\",\"@id\":\"https:\/\/lacrosse.ca\/fr\/developpement\/fonctionnaires\/devenir-arbitre\/#breadcrumb\",\"itemListElement\":[{\"@type\":\"ListItem\",\"position\":1,\"name\":\"Home\",\"item\":\"https:\/\/lacrosse.ca\/fr\/maison-2\/\"},{\"@type\":\"ListItem\",\"position\":2,\"name\":\"D\u00e9veloppement\",\"item\":\"https:\/\/lacrosse.ca\/fr\/developpement\/\"},{\"@type\":\"ListItem\",\"position\":3,\"name\":\"Fonctionnaires\",\"item\":\"https:\/\/lacrosse.ca\/fr\/developpement\/fonctionnaires\/\"},{\"@type\":\"ListItem\",\"position\":4,\"name\":\"devenir arbitre\"}]},{\"@type\":\"WebSite\",\"@id\":\"https:\/\/lacrosse.ca\/fr\/#website\",\"url\":\"https:\/\/lacrosse.ca\/fr\/\",\"name\":\"Lacrosse Canada\",\"description\":\"The World&#039;s Leading Lacrosse Program\",\"publisher\":{\"@id\":\"https:\/\/lacrosse.ca\/fr\/#organization\"},\"potentialAction\":[{\"@type\":\"SearchAction\",\"target\":{\"@type\":\"EntryPoint\",\"urlTemplate\":\"https:\/\/lacrosse.ca\/fr\/?s={search_term_string}\"},\"query-input\":{\"@type\":\"PropertyValueSpecification\",\"valueRequired\":true,\"valueName\":\"search_term_string\"}}],\"inLanguage\":\"fr-FR\"},{\"@type\":\"Organization\",\"@id\":\"https:\/\/lacrosse.ca\/fr\/#organization\",\"name\":\"Lacrosse Canada\",\"url\":\"https:\/\/lacrosse.ca\/fr\/\",\"logo\":{\"@type\":\"ImageObject\",\"inLanguage\":\"fr-FR\",\"@id\":\"https:\/\/lacrosse.ca\/fr\/#\/schema\/logo\/image\/\",\"url\":\"https:\/\/lacrosse.ca\/wp-content\/uploads\/2025\/01\/Lacrosse-Canada-Seal-Favicon.gif\",\"contentUrl\":\"https:\/\/lacrosse.ca\/wp-content\/uploads\/2025\/01\/Lacrosse-Canada-Seal-Favicon.gif\",\"width\":512,\"height\":512,\"caption\":\"Lacrosse Canada\"},\"image\":{\"@id\":\"https:\/\/lacrosse.ca\/fr\/#\/schema\/logo\/image\/\"}}]}<\/script>\n<!-- \/ Yoast SEO plugin. -->","yoast_head_json":{"title":"devenir arbitre - Lacrosse Canada","robots":{"index":"index","follow":"follow","max-snippet":"max-snippet:-1","max-image-preview":"max-image-preview:large","max-video-preview":"max-video-preview:-1"},"canonical":"https:\/\/lacrosse.ca\/fr\/developpement\/fonctionnaires\/devenir-arbitre\/","og_locale":"fr_FR","og_type":"article","og_title":"devenir arbitre - Lacrosse Canada","og_description":"Joignez-vous au jeu. Faites les appels. D\u00e9velopper le sport. L&rsquo;arbitrage est un excellent moyen de rester impliqu\u00e9 dans la crosse, de d\u00e9velopper des comp\u00e9tences en leadership et de jouer un r\u00f4le cl\u00e9 dans le jeu. Que vous d\u00e9butiez ou que vous cherchiez \u00e0 progresser, voici comment vous impliquer. 1. Comment d\u00e9buter en tant qu&rsquo;arbitre La [&hellip;]","og_url":"https:\/\/lacrosse.ca\/fr\/developpement\/fonctionnaires\/devenir-arbitre\/","og_site_name":"Lacrosse Canada","article_modified_time":"2025-03-21T15:20:06+00:00","og_image":[{"width":1067,"height":1140,"url":"https:\/\/lacrosse.ca\/wp-content\/uploads\/2025\/03\/officials-link-featured.jpg","type":"image\/jpeg"}],"twitter_card":"summary_large_image","twitter_misc":{"Est. reading time":"2 minutes"},"schema":{"@context":"https:\/\/schema.org","@graph":[{"@type":"WebPage","@id":"https:\/\/lacrosse.ca\/fr\/developpement\/fonctionnaires\/devenir-arbitre\/","url":"https:\/\/lacrosse.ca\/fr\/developpement\/fonctionnaires\/devenir-arbitre\/","name":"devenir arbitre - Lacrosse Canada","isPartOf":{"@id":"https:\/\/lacrosse.ca\/fr\/#website"},"primaryImageOfPage":{"@id":"https:\/\/lacrosse.ca\/fr\/developpement\/fonctionnaires\/devenir-arbitre\/#primaryimage"},"image":{"@id":"https:\/\/lacrosse.ca\/fr\/developpement\/fonctionnaires\/devenir-arbitre\/#primaryimage"},"thumbnailUrl":"https:\/\/lacrosse.ca\/wp-content\/uploads\/2025\/03\/officials-link-featured.jpg","datePublished":"2025-02-20T17:13:56+00:00","dateModified":"2025-03-21T15:20:06+00:00","breadcrumb":{"@id":"https:\/\/lacrosse.ca\/fr\/developpement\/fonctionnaires\/devenir-arbitre\/#breadcrumb"},"inLanguage":"fr-FR","potentialAction":[{"@type":"ReadAction","target":["https:\/\/lacrosse.ca\/fr\/developpement\/fonctionnaires\/devenir-arbitre\/"]}]},{"@type":"ImageObject","inLanguage":"fr-FR","@id":"https:\/\/lacrosse.ca\/fr\/developpement\/fonctionnaires\/devenir-arbitre\/#primaryimage","url":"https:\/\/lacrosse.ca\/wp-content\/uploads\/2025\/03\/officials-link-featured.jpg","contentUrl":"https:\/\/lacrosse.ca\/wp-content\/uploads\/2025\/03\/officials-link-featured.jpg","width":1067,"height":1140},{"@type":"BreadcrumbList","@id":"https:\/\/lacrosse.ca\/fr\/developpement\/fonctionnaires\/devenir-arbitre\/#breadcrumb","itemListElement":[{"@type":"ListItem","position":1,"name":"Home","item":"https:\/\/lacrosse.ca\/fr\/maison-2\/"},{"@type":"ListItem","position":2,"name":"D\u00e9veloppement","item":"https:\/\/lacrosse.ca\/fr\/developpement\/"},{"@type":"ListItem","position":3,"name":"Fonctionnaires","item":"https:\/\/lacrosse.ca\/fr\/developpement\/fonctionnaires\/"},{"@type":"ListItem","position":4,"name":"devenir arbitre"}]},{"@type":"WebSite","@id":"https:\/\/lacrosse.ca\/fr\/#website","url":"https:\/\/lacrosse.ca\/fr\/","name":"Lacrosse Canada","description":"The World&#039;s Leading Lacrosse Program","publisher":{"@id":"https:\/\/lacrosse.ca\/fr\/#organization"},"potentialAction":[{"@type":"SearchAction","target":{"@type":"EntryPoint","urlTemplate":"https:\/\/lacrosse.ca\/fr\/?s={search_term_string}"},"query-input":{"@type":"PropertyValueSpecification","valueRequired":true,"valueName":"search_term_string"}}],"inLanguage":"fr-FR"},{"@type":"Organization","@id":"https:\/\/lacrosse.ca\/fr\/#organization","name":"Lacrosse Canada","url":"https:\/\/lacrosse.ca\/fr\/","logo":{"@type":"ImageObject","inLanguage":"fr-FR","@id":"https:\/\/lacrosse.ca\/fr\/#\/schema\/logo\/image\/","url":"https:\/\/lacrosse.ca\/wp-content\/uploads\/2025\/01\/Lacrosse-Canada-Seal-Favicon.gif","contentUrl":"https:\/\/lacrosse.ca\/wp-content\/uploads\/2025\/01\/Lacrosse-Canada-Seal-Favicon.gif","width":512,"height":512,"caption":"Lacrosse Canada"},"image":{"@id":"https:\/\/lacrosse.ca\/fr\/#\/schema\/logo\/image\/"}}]}},"_links":{"self":[{"href":"https:\/\/lacrosse.ca\/fr\/wp-json\/wp\/v2\/pages\/2484","targetHints":{"allow":["GET"]}}],"collection":[{"href":"https:\/\/lacrosse.ca\/fr\/wp-json\/wp\/v2\/pages"}],"about":[{"href":"https:\/\/lacrosse.ca\/fr\/wp-json\/wp\/v2\/types\/page"}],"author":[{"embeddable":true,"href":"https:\/\/lacrosse.ca\/fr\/wp-json\/wp\/v2\/users\/3"}],"replies":[{"embeddable":true,"href":"https:\/\/lacrosse.ca\/fr\/wp-json\/wp\/v2\/comments?post=2484"}],"version-history":[{"count":0,"href":"https:\/\/lacrosse.ca\/fr\/wp-json\/wp\/v2\/pages\/2484\/revisions"}],"up":[{"embeddable":true,"href":"https:\/\/lacrosse.ca\/fr\/wp-json\/wp\/v2\/pages\/2481"}],"wp:featuredmedia":[{"embeddable":true,"href":"https:\/\/lacrosse.ca\/fr\/wp-json\/wp\/v2\/media\/1260"}],"wp:attachment":[{"href":"https:\/\/lacrosse.ca\/fr\/wp-json\/wp\/v2\/media?parent=2484"}],"curies":[{"name":"wp","href":"https:\/\/api.w.org\/{rel}","templated":true}]}}