{"id":2537,"date":"2025-02-19T20:07:50","date_gmt":"2025-02-19T20:07:50","guid":{"rendered":"https:\/\/lacrosscanada.wpenginepowered.com\/essayer-la-crosse\/"},"modified":"2025-03-21T18:34:58","modified_gmt":"2025-03-21T18:34:58","slug":"essayer-la-crosse","status":"publish","type":"page","link":"https:\/\/lacrosse.ca\/fr\/joueurs-et-parents\/essayer-la-crosse\/","title":{"rendered":"Essayer la crosse"},"content":{"rendered":"\n<p><strong>La crosse pour tous : \u00e9largir l&rsquo;acc\u00e8s gr\u00e2ce au projet pilote Try Lacrosse<\/strong><\/p>\n\n<p>Lanc\u00e9e en 2024, l&rsquo;initiative Try Lacrosse de Lacrosse Canada a contribu\u00e9 \u00e0 introduire ce sport dans les communaut\u00e9s mal desservies en dotant les associations membres locales des ressources n\u00e9cessaires pour ex\u00e9cuter de nouveaux programmes. Contrairement aux s\u00e9ances traditionnelles Try Lacrosse ouvertes \u00e0 tous les d\u00e9butants, cette initiative visait \u00e0 impliquer les filles, les jeunes autochtones, les nouveaux arrivants au Canada et les athl\u00e8tes BIPOC pour rendre la crosse plus inclusive et accessible. <\/p>\n\n<p>Le programme a permis de pr\u00e9senter 350 nouvelles athl\u00e8tes f\u00e9minines dans 12 lieux, tout en s&rsquo;\u00e9tendant aux programmes mixtes pour les nouveaux arrivants, aux initiatives ax\u00e9es sur les BIPOC et aux programmes communautaires autochtones. Ces s\u00e9ances sont devenues plus qu&rsquo;une simple introduction au jeu : elles ont favoris\u00e9 les liens communautaires, les \u00e9changes culturels et la participation \u00e0 long terme. De nombreux participants se sont depuis joints aux programmes de crosse en cours de saison, prouvant le succ\u00e8s de cette initiative dans la cr\u00e9ation de voies durables pour jouer.  <\/p>\n\n<p>Dans le cadre de cet effort, nous avons d\u00e9velopp\u00e9 une vid\u00e9o Try Lacrosse, couvrant les rudiments du jeu et connectant les joueurs aux opportunit\u00e9s locales. Cette vid\u00e9o met en valeur les comp\u00e9tences cl\u00e9s, pr\u00e9sente la crosse \u00e0 diverses communaut\u00e9s et fournit des contacts directs aux associations membres. <\/p>\n\n<p>Bien que ce soit la premi\u00e8re initiative nationale Try Lacrosse de Lacrosse Canada, de nombreuses associations membres locales g\u00e8rent leurs propres programmes Try Lacrosse tout au long de l\u2019ann\u00e9e. Consultez votre organisation provinciale ou territoriale de crosse pour trouver une s\u00e9ance pr\u00e8s de chez vous. <\/p>\n\n<p>Pour plus d&rsquo;informations, contactez <a href=\"mailto:admin@lacrosse.ca\" target=\"_blank\" rel=\"noreferrer noopener\">admin@lacrosse.ca.<\/a><\/p>\n\n<p><strong>Ressources t\u00e9l\u00e9chargeables<\/strong><\/p>\n\n<p><a href=\"https:\/\/lacrosse.ca\/wp-content\/uploads\/2025\/03\/Try-Lacrosse-1.pdf\" target=\"_blank\" rel=\"noreferrer noopener\">Essayez la crosse &#8211; Ensemble d&rsquo;exercices n\u00b0 1 <\/a>(PDF)<br\/><a href=\"http:\/\/osse\/files\/Try%20Lacrosse%20PDF%202.pdfhttps:\/\/lacrosse.ca\/wp-content\/uploads\/2025\/03\/Try-Lacrosse-2.pdf\" target=\"_blank\" rel=\"noreferrer noopener\">Essayez la crosse &#8211; S\u00e9rie d&rsquo;exercices n\u00b0 2<\/a> (PDF)<br\/><a href=\"https:\/\/lacrosse.ca\/wp-content\/uploads\/2025\/03\/Try-Lacrosse-3.pdf\" target=\"_blank\" rel=\"noreferrer noopener\">Essayez la crosse &#8211; S\u00e9rie d&rsquo;exercices n\u00b0 3<\/a> (PDF) <\/p>\n\n<p class=\"has-medium-font-size\"><\/p>\n\n<p><\/p>\n\n<figure class=\"wp-block-embed is-type-video is-provider-youtube wp-block-embed-youtube wp-embed-aspect-16-9 wp-has-aspect-ratio\"><div class=\"wp-block-embed__wrapper\">\n<iframe title=\"Lacrosse Canada Try Lacrosse Video\" width=\"800\" height=\"450\" src=\"https:\/\/www.youtube.com\/embed\/zjHcjdB3xEs?feature=oembed\" frameborder=\"0\" allow=\"accelerometer; autoplay; clipboard-write; encrypted-media; gyroscope; picture-in-picture; web-share\" referrerpolicy=\"strict-origin-when-cross-origin\" allowfullscreen><\/iframe>\n<\/div><\/figure>\n","protected":false},"excerpt":{"rendered":"<p>La crosse pour tous : \u00e9largir l&rsquo;acc\u00e8s gr\u00e2ce au projet pilote Try Lacrosse Lanc\u00e9e en 2024, l&rsquo;initiative Try Lacrosse de Lacrosse Canada a contribu\u00e9 \u00e0 introduire ce sport dans les communaut\u00e9s mal desservies en dotant les associations membres locales des ressources n\u00e9cessaires pour ex\u00e9cuter de nouveaux programmes. Contrairement aux s\u00e9ances traditionnelles Try Lacrosse ouvertes \u00e0 [&hellip;]<\/p>\n","protected":false},"author":3,"featured_media":1307,"parent":2543,"menu_order":0,"comment_status":"closed","ping_status":"closed","template":"","meta":{"_acf_changed":false,"_bbp_topic_count":0,"_bbp_reply_count":0,"_bbp_total_topic_count":0,"_bbp_total_reply_count":0,"_bbp_voice_count":0,"_bbp_anonymous_reply_count":0,"_bbp_topic_count_hidden":0,"_bbp_reply_count_hidden":0,"_bbp_forum_subforum_count":0,"footnotes":""},"class_list":["post-2537","page","type-page","status-publish","has-post-thumbnail","hentry"],"acf":[],"yoast_head":"<!-- This site is optimized with the Yoast SEO plugin v27.2 - https:\/\/yoast.com\/product\/yoast-seo-wordpress\/ -->\n<title>Essayer la crosse - Lacrosse Canada<\/title>\n<meta name=\"robots\" content=\"index, follow, max-snippet:-1, max-image-preview:large, max-video-preview:-1\" \/>\n<link rel=\"canonical\" href=\"https:\/\/lacrosse.ca\/fr\/joueurs-et-parents\/essayer-la-crosse\/\" \/>\n<meta property=\"og:locale\" content=\"fr_FR\" \/>\n<meta property=\"og:type\" content=\"article\" \/>\n<meta property=\"og:title\" content=\"Essayer la crosse - Lacrosse Canada\" \/>\n<meta property=\"og:description\" content=\"La crosse pour tous : \u00e9largir l&rsquo;acc\u00e8s gr\u00e2ce au projet pilote Try Lacrosse Lanc\u00e9e en 2024, l&rsquo;initiative Try Lacrosse de Lacrosse Canada a contribu\u00e9 \u00e0 introduire ce sport dans les communaut\u00e9s mal desservies en dotant les associations membres locales des ressources n\u00e9cessaires pour ex\u00e9cuter de nouveaux programmes. Contrairement aux s\u00e9ances traditionnelles Try Lacrosse ouvertes \u00e0 [&hellip;]\" \/>\n<meta property=\"og:url\" content=\"https:\/\/lacrosse.ca\/fr\/joueurs-et-parents\/essayer-la-crosse\/\" \/>\n<meta property=\"og:site_name\" content=\"Lacrosse Canada\" \/>\n<meta property=\"article:modified_time\" content=\"2025-03-21T18:34:58+00:00\" \/>\n<meta property=\"og:image\" content=\"https:\/\/lacrosse.ca\/wp-content\/uploads\/2025\/03\/national-development-teams-featured.webp\" \/>\n\t<meta property=\"og:image:width\" content=\"1400\" \/>\n\t<meta property=\"og:image:height\" content=\"933\" \/>\n\t<meta property=\"og:image:type\" content=\"image\/webp\" \/>\n<meta name=\"twitter:card\" content=\"summary_large_image\" \/>\n<meta name=\"twitter:label1\" content=\"Est. reading time\" \/>\n\t<meta name=\"twitter:data1\" content=\"2 minutes\" \/>\n<script type=\"application\/ld+json\" class=\"yoast-schema-graph\">{\"@context\":\"https:\/\/schema.org\",\"@graph\":[{\"@type\":\"WebPage\",\"@id\":\"https:\/\/lacrosse.ca\/fr\/joueurs-et-parents\/essayer-la-crosse\/\",\"url\":\"https:\/\/lacrosse.ca\/fr\/joueurs-et-parents\/essayer-la-crosse\/\",\"name\":\"Essayer la crosse - Lacrosse Canada\",\"isPartOf\":{\"@id\":\"https:\/\/lacrosse.ca\/fr\/#website\"},\"primaryImageOfPage\":{\"@id\":\"https:\/\/lacrosse.ca\/fr\/joueurs-et-parents\/essayer-la-crosse\/#primaryimage\"},\"image\":{\"@id\":\"https:\/\/lacrosse.ca\/fr\/joueurs-et-parents\/essayer-la-crosse\/#primaryimage\"},\"thumbnailUrl\":\"https:\/\/lacrosse.ca\/wp-content\/uploads\/2025\/03\/national-development-teams-featured.webp\",\"datePublished\":\"2025-02-19T20:07:50+00:00\",\"dateModified\":\"2025-03-21T18:34:58+00:00\",\"breadcrumb\":{\"@id\":\"https:\/\/lacrosse.ca\/fr\/joueurs-et-parents\/essayer-la-crosse\/#breadcrumb\"},\"inLanguage\":\"fr-FR\",\"potentialAction\":[{\"@type\":\"ReadAction\",\"target\":[\"https:\/\/lacrosse.ca\/fr\/joueurs-et-parents\/essayer-la-crosse\/\"]}]},{\"@type\":\"ImageObject\",\"inLanguage\":\"fr-FR\",\"@id\":\"https:\/\/lacrosse.ca\/fr\/joueurs-et-parents\/essayer-la-crosse\/#primaryimage\",\"url\":\"https:\/\/lacrosse.ca\/wp-content\/uploads\/2025\/03\/national-development-teams-featured.webp\",\"contentUrl\":\"https:\/\/lacrosse.ca\/wp-content\/uploads\/2025\/03\/national-development-teams-featured.webp\",\"width\":1400,\"height\":933},{\"@type\":\"BreadcrumbList\",\"@id\":\"https:\/\/lacrosse.ca\/fr\/joueurs-et-parents\/essayer-la-crosse\/#breadcrumb\",\"itemListElement\":[{\"@type\":\"ListItem\",\"position\":1,\"name\":\"Home\",\"item\":\"https:\/\/lacrosse.ca\/fr\/maison-2\/\"},{\"@type\":\"ListItem\",\"position\":2,\"name\":\"D\u00e9couvrir La Crosse\",\"item\":\"https:\/\/lacrosse.ca\/fr\/joueurs-et-parents\/\"},{\"@type\":\"ListItem\",\"position\":3,\"name\":\"Essayer la crosse\"}]},{\"@type\":\"WebSite\",\"@id\":\"https:\/\/lacrosse.ca\/fr\/#website\",\"url\":\"https:\/\/lacrosse.ca\/fr\/\",\"name\":\"Lacrosse Canada\",\"description\":\"The World&#039;s Leading Lacrosse Program\",\"publisher\":{\"@id\":\"https:\/\/lacrosse.ca\/fr\/#organization\"},\"potentialAction\":[{\"@type\":\"SearchAction\",\"target\":{\"@type\":\"EntryPoint\",\"urlTemplate\":\"https:\/\/lacrosse.ca\/fr\/?s={search_term_string}\"},\"query-input\":{\"@type\":\"PropertyValueSpecification\",\"valueRequired\":true,\"valueName\":\"search_term_string\"}}],\"inLanguage\":\"fr-FR\"},{\"@type\":\"Organization\",\"@id\":\"https:\/\/lacrosse.ca\/fr\/#organization\",\"name\":\"Lacrosse Canada\",\"url\":\"https:\/\/lacrosse.ca\/fr\/\",\"logo\":{\"@type\":\"ImageObject\",\"inLanguage\":\"fr-FR\",\"@id\":\"https:\/\/lacrosse.ca\/fr\/#\/schema\/logo\/image\/\",\"url\":\"https:\/\/lacrosse.ca\/wp-content\/uploads\/2025\/01\/Lacrosse-Canada-Seal-Favicon.gif\",\"contentUrl\":\"https:\/\/lacrosse.ca\/wp-content\/uploads\/2025\/01\/Lacrosse-Canada-Seal-Favicon.gif\",\"width\":512,\"height\":512,\"caption\":\"Lacrosse Canada\"},\"image\":{\"@id\":\"https:\/\/lacrosse.ca\/fr\/#\/schema\/logo\/image\/\"}}]}<\/script>\n<!-- \/ Yoast SEO plugin. -->","yoast_head_json":{"title":"Essayer la crosse - Lacrosse Canada","robots":{"index":"index","follow":"follow","max-snippet":"max-snippet:-1","max-image-preview":"max-image-preview:large","max-video-preview":"max-video-preview:-1"},"canonical":"https:\/\/lacrosse.ca\/fr\/joueurs-et-parents\/essayer-la-crosse\/","og_locale":"fr_FR","og_type":"article","og_title":"Essayer la crosse - Lacrosse Canada","og_description":"La crosse pour tous : \u00e9largir l&rsquo;acc\u00e8s gr\u00e2ce au projet pilote Try Lacrosse Lanc\u00e9e en 2024, l&rsquo;initiative Try Lacrosse de Lacrosse Canada a contribu\u00e9 \u00e0 introduire ce sport dans les communaut\u00e9s mal desservies en dotant les associations membres locales des ressources n\u00e9cessaires pour ex\u00e9cuter de nouveaux programmes. Contrairement aux s\u00e9ances traditionnelles Try Lacrosse ouvertes \u00e0 [&hellip;]","og_url":"https:\/\/lacrosse.ca\/fr\/joueurs-et-parents\/essayer-la-crosse\/","og_site_name":"Lacrosse Canada","article_modified_time":"2025-03-21T18:34:58+00:00","og_image":[{"width":1400,"height":933,"url":"https:\/\/lacrosse.ca\/wp-content\/uploads\/2025\/03\/national-development-teams-featured.webp","type":"image\/webp"}],"twitter_card":"summary_large_image","twitter_misc":{"Est. reading time":"2 minutes"},"schema":{"@context":"https:\/\/schema.org","@graph":[{"@type":"WebPage","@id":"https:\/\/lacrosse.ca\/fr\/joueurs-et-parents\/essayer-la-crosse\/","url":"https:\/\/lacrosse.ca\/fr\/joueurs-et-parents\/essayer-la-crosse\/","name":"Essayer la crosse - Lacrosse Canada","isPartOf":{"@id":"https:\/\/lacrosse.ca\/fr\/#website"},"primaryImageOfPage":{"@id":"https:\/\/lacrosse.ca\/fr\/joueurs-et-parents\/essayer-la-crosse\/#primaryimage"},"image":{"@id":"https:\/\/lacrosse.ca\/fr\/joueurs-et-parents\/essayer-la-crosse\/#primaryimage"},"thumbnailUrl":"https:\/\/lacrosse.ca\/wp-content\/uploads\/2025\/03\/national-development-teams-featured.webp","datePublished":"2025-02-19T20:07:50+00:00","dateModified":"2025-03-21T18:34:58+00:00","breadcrumb":{"@id":"https:\/\/lacrosse.ca\/fr\/joueurs-et-parents\/essayer-la-crosse\/#breadcrumb"},"inLanguage":"fr-FR","potentialAction":[{"@type":"ReadAction","target":["https:\/\/lacrosse.ca\/fr\/joueurs-et-parents\/essayer-la-crosse\/"]}]},{"@type":"ImageObject","inLanguage":"fr-FR","@id":"https:\/\/lacrosse.ca\/fr\/joueurs-et-parents\/essayer-la-crosse\/#primaryimage","url":"https:\/\/lacrosse.ca\/wp-content\/uploads\/2025\/03\/national-development-teams-featured.webp","contentUrl":"https:\/\/lacrosse.ca\/wp-content\/uploads\/2025\/03\/national-development-teams-featured.webp","width":1400,"height":933},{"@type":"BreadcrumbList","@id":"https:\/\/lacrosse.ca\/fr\/joueurs-et-parents\/essayer-la-crosse\/#breadcrumb","itemListElement":[{"@type":"ListItem","position":1,"name":"Home","item":"https:\/\/lacrosse.ca\/fr\/maison-2\/"},{"@type":"ListItem","position":2,"name":"D\u00e9couvrir La Crosse","item":"https:\/\/lacrosse.ca\/fr\/joueurs-et-parents\/"},{"@type":"ListItem","position":3,"name":"Essayer la crosse"}]},{"@type":"WebSite","@id":"https:\/\/lacrosse.ca\/fr\/#website","url":"https:\/\/lacrosse.ca\/fr\/","name":"Lacrosse Canada","description":"The World&#039;s Leading Lacrosse Program","publisher":{"@id":"https:\/\/lacrosse.ca\/fr\/#organization"},"potentialAction":[{"@type":"SearchAction","target":{"@type":"EntryPoint","urlTemplate":"https:\/\/lacrosse.ca\/fr\/?s={search_term_string}"},"query-input":{"@type":"PropertyValueSpecification","valueRequired":true,"valueName":"search_term_string"}}],"inLanguage":"fr-FR"},{"@type":"Organization","@id":"https:\/\/lacrosse.ca\/fr\/#organization","name":"Lacrosse Canada","url":"https:\/\/lacrosse.ca\/fr\/","logo":{"@type":"ImageObject","inLanguage":"fr-FR","@id":"https:\/\/lacrosse.ca\/fr\/#\/schema\/logo\/image\/","url":"https:\/\/lacrosse.ca\/wp-content\/uploads\/2025\/01\/Lacrosse-Canada-Seal-Favicon.gif","contentUrl":"https:\/\/lacrosse.ca\/wp-content\/uploads\/2025\/01\/Lacrosse-Canada-Seal-Favicon.gif","width":512,"height":512,"caption":"Lacrosse Canada"},"image":{"@id":"https:\/\/lacrosse.ca\/fr\/#\/schema\/logo\/image\/"}}]}},"_links":{"self":[{"href":"https:\/\/lacrosse.ca\/fr\/wp-json\/wp\/v2\/pages\/2537","targetHints":{"allow":["GET"]}}],"collection":[{"href":"https:\/\/lacrosse.ca\/fr\/wp-json\/wp\/v2\/pages"}],"about":[{"href":"https:\/\/lacrosse.ca\/fr\/wp-json\/wp\/v2\/types\/page"}],"author":[{"embeddable":true,"href":"https:\/\/lacrosse.ca\/fr\/wp-json\/wp\/v2\/users\/3"}],"replies":[{"embeddable":true,"href":"https:\/\/lacrosse.ca\/fr\/wp-json\/wp\/v2\/comments?post=2537"}],"version-history":[{"count":0,"href":"https:\/\/lacrosse.ca\/fr\/wp-json\/wp\/v2\/pages\/2537\/revisions"}],"up":[{"embeddable":true,"href":"https:\/\/lacrosse.ca\/fr\/wp-json\/wp\/v2\/pages\/2543"}],"wp:featuredmedia":[{"embeddable":true,"href":"https:\/\/lacrosse.ca\/fr\/wp-json\/wp\/v2\/media\/1307"}],"wp:attachment":[{"href":"https:\/\/lacrosse.ca\/fr\/wp-json\/wp\/v2\/media?parent=2537"}],"curies":[{"name":"wp","href":"https:\/\/api.w.org\/{rel}","templated":true}]}}