{"id":2538,"date":"2025-02-19T20:05:48","date_gmt":"2025-02-19T20:05:48","guid":{"rendered":"https:\/\/lacrosscanada.wpenginepowered.com\/equipement\/equipement-de-boite\/"},"modified":"2025-03-21T14:35:56","modified_gmt":"2025-03-21T14:35:56","slug":"equipement-de-boite","status":"publish","type":"page","link":"https:\/\/lacrosse.ca\/fr\/joueurs-et-parents\/equipement\/equipement-de-boite\/","title":{"rendered":"\u00c9quipement de bo\u00eete"},"content":{"rendered":"\n<p class=\"has-large-font-size\"><strong>Casque<\/strong><\/p>\n\n<figure class=\"wp-block-image size-large is-resized\"><img fetchpriority=\"high\" decoding=\"async\" width=\"1024\" height=\"1024\" src=\"https:\/\/lacrosse.ca\/wp-content\/uploads\/2025\/03\/NLL_National-Lacrosse-League_SG-CMYK-02a-shield-eng.ai-9-1024x1024.png\" alt=\"Photo d'une combinaison l&#xE9;gale d'un casque et d'une cage de crosse en bo&#xEE;te\" class=\"wp-image-1482\" style=\"width:178px;height:auto\" srcset=\"https:\/\/lacrosse.ca\/wp-content\/uploads\/2025\/03\/NLL_National-Lacrosse-League_SG-CMYK-02a-shield-eng.ai-9-1024x1024.png 1024w, https:\/\/lacrosse.ca\/wp-content\/uploads\/2025\/03\/NLL_National-Lacrosse-League_SG-CMYK-02a-shield-eng.ai-9-300x300.png 300w, https:\/\/lacrosse.ca\/wp-content\/uploads\/2025\/03\/NLL_National-Lacrosse-League_SG-CMYK-02a-shield-eng.ai-9-150x150.png 150w, https:\/\/lacrosse.ca\/wp-content\/uploads\/2025\/03\/NLL_National-Lacrosse-League_SG-CMYK-02a-shield-eng.ai-9-768x768.png 768w, https:\/\/lacrosse.ca\/wp-content\/uploads\/2025\/03\/NLL_National-Lacrosse-League_SG-CMYK-02a-shield-eng.ai-9.png 1500w\" sizes=\"(max-width: 1024px) 100vw, 1024px\" \/><\/figure>\n\n<p>Un casque est la pi\u00e8ce d&rsquo;\u00e9quipement de protection principale pour tout joueur de crosse. Le casque de crosse en bo\u00eete le plus courant est un casque de hockey approuv\u00e9 par la CSA (que l&rsquo;on peut trouver dans tous les magasins de sport), ainsi qu&rsquo;une cage de crosse approuv\u00e9e par la CSA. Il existe trois options de casque qu&rsquo;un joueur de crosse peut utiliser :  <\/p>\n\n<ol class=\"wp-block-list\">\n<li>Casque de crosse sur terrain approuv\u00e9 par la NOCSAE<\/li>\n\n\n\n<li>Casque de hockey et masque facial de hockey approuv\u00e9s par la CSA<\/li>\n\n\n\n<li>Casque de hockey et masque de crosse homologu\u00e9s CSA<\/li>\n<\/ol>\n\n<p class=\"has-large-font-size\"><strong>Gants<\/strong><\/p>\n\n<figure class=\"wp-block-image size-large is-resized\"><img decoding=\"async\" width=\"1024\" height=\"1024\" src=\"https:\/\/lacrosse.ca\/wp-content\/uploads\/2025\/03\/NLL_National-Lacrosse-League_SG-CMYK-02a-shield-eng.ai-14-2-1024x1024.png\" alt=\"\" class=\"wp-image-1504\" style=\"width:198px;height:auto\" srcset=\"https:\/\/lacrosse.ca\/wp-content\/uploads\/2025\/03\/NLL_National-Lacrosse-League_SG-CMYK-02a-shield-eng.ai-14-2-1024x1024.png 1024w, https:\/\/lacrosse.ca\/wp-content\/uploads\/2025\/03\/NLL_National-Lacrosse-League_SG-CMYK-02a-shield-eng.ai-14-2-300x300.png 300w, https:\/\/lacrosse.ca\/wp-content\/uploads\/2025\/03\/NLL_National-Lacrosse-League_SG-CMYK-02a-shield-eng.ai-14-2-150x150.png 150w, https:\/\/lacrosse.ca\/wp-content\/uploads\/2025\/03\/NLL_National-Lacrosse-League_SG-CMYK-02a-shield-eng.ai-14-2-768x768.png 768w, https:\/\/lacrosse.ca\/wp-content\/uploads\/2025\/03\/NLL_National-Lacrosse-League_SG-CMYK-02a-shield-eng.ai-14-2.png 1500w\" sizes=\"(max-width: 1024px) 100vw, 1024px\" \/><\/figure>\n\n<p>Les gants sont un \u00e9l\u00e9ment essentiel de l&rsquo;\u00e9quipement de protection dans la crosse en salle, con\u00e7us pour prot\u00e9ger les mains et les doigts tout en offrant la dext\u00e9rit\u00e9 n\u00e9cessaire pour manipuler efficacement le b\u00e2ton. Ils permettent aux joueurs de tenir fermement leurs b\u00e2tons tout en minimisant le risque de blessure due aux contr\u00f4les, aux entailles et aux chutes.  <\/p>\n\n<p class=\"has-large-font-size\"><strong>\u00c9paulettes<\/strong><\/p>\n\n<figure class=\"wp-block-image size-large is-resized\"><img decoding=\"async\" width=\"1024\" height=\"1024\" src=\"https:\/\/lacrosse.ca\/wp-content\/uploads\/2025\/03\/NLL_National-Lacrosse-League_SG-CMYK-02a-shield-eng.ai-10-1024x1024.png\" alt=\"\" class=\"wp-image-1490\" style=\"width:186px;height:auto\" srcset=\"https:\/\/lacrosse.ca\/wp-content\/uploads\/2025\/03\/NLL_National-Lacrosse-League_SG-CMYK-02a-shield-eng.ai-10-1024x1024.png 1024w, https:\/\/lacrosse.ca\/wp-content\/uploads\/2025\/03\/NLL_National-Lacrosse-League_SG-CMYK-02a-shield-eng.ai-10-300x300.png 300w, https:\/\/lacrosse.ca\/wp-content\/uploads\/2025\/03\/NLL_National-Lacrosse-League_SG-CMYK-02a-shield-eng.ai-10-150x150.png 150w, https:\/\/lacrosse.ca\/wp-content\/uploads\/2025\/03\/NLL_National-Lacrosse-League_SG-CMYK-02a-shield-eng.ai-10-768x768.png 768w, https:\/\/lacrosse.ca\/wp-content\/uploads\/2025\/03\/NLL_National-Lacrosse-League_SG-CMYK-02a-shield-eng.ai-10.png 1500w\" sizes=\"(max-width: 1024px) 100vw, 1024px\" \/><\/figure>\n\n<p>Les \u00e9paulettes sont un \u00e9l\u00e9ment essentiel de l&rsquo;\u00e9quipement de protection en crosse en salle, con\u00e7ues pour prot\u00e9ger les joueurs des impacts lors des jeux \u00e0 grande vitesse et des confrontations physiques. Les \u00e9paulettes les plus courantes pour la crosse en bo\u00eete pr\u00e9sentent une combinaison de mat\u00e9riaux l\u00e9gers et durables et une protection renforc\u00e9e pour prot\u00e9ger les \u00e9paules, la poitrine et le dos. Ces coussinets sont sp\u00e9cialement con\u00e7us pour permettre une mobilit\u00e9 totale tout en maintenant un niveau de protection \u00e9lev\u00e9.  <\/p>\n\n<p class=\"has-large-font-size\"><strong>Coussinets pour biceps <\/strong><\/p>\n\n<figure class=\"wp-block-image size-large is-resized\"><img loading=\"lazy\" decoding=\"async\" width=\"1024\" height=\"1024\" src=\"https:\/\/lacrosse.ca\/wp-content\/uploads\/2025\/03\/NLL_National-Lacrosse-League_SG-CMYK-02a-shield-eng.ai-13-1024x1024.png\" alt=\"\" class=\"wp-image-1501\" style=\"width:183px;height:auto\" srcset=\"https:\/\/lacrosse.ca\/wp-content\/uploads\/2025\/03\/NLL_National-Lacrosse-League_SG-CMYK-02a-shield-eng.ai-13-1024x1024.png 1024w, https:\/\/lacrosse.ca\/wp-content\/uploads\/2025\/03\/NLL_National-Lacrosse-League_SG-CMYK-02a-shield-eng.ai-13-300x300.png 300w, https:\/\/lacrosse.ca\/wp-content\/uploads\/2025\/03\/NLL_National-Lacrosse-League_SG-CMYK-02a-shield-eng.ai-13-150x150.png 150w, https:\/\/lacrosse.ca\/wp-content\/uploads\/2025\/03\/NLL_National-Lacrosse-League_SG-CMYK-02a-shield-eng.ai-13-768x768.png 768w, https:\/\/lacrosse.ca\/wp-content\/uploads\/2025\/03\/NLL_National-Lacrosse-League_SG-CMYK-02a-shield-eng.ai-13.png 1500w\" sizes=\"(max-width: 1024px) 100vw, 1024px\" \/><\/figure>\n\n<p>Les coussinets pour biceps sont un ajout important \u00e0 l&rsquo;\u00e9quipement de protection d&rsquo;un joueur de crosse en bo\u00eete, con\u00e7us pour prot\u00e9ger le haut des bras des coups, des contr\u00f4les et des collisions. Positionn\u00e9s autour des biceps, ces coussinets aident \u00e0 absorber les impacts tout en permettant une amplitude de mouvement compl\u00e8te, garantissant que les joueurs peuvent maintenir leur vitesse et leur agilit\u00e9 sur le terrain. Fabriqu\u00e9s avec un m\u00e9lange de mat\u00e9riaux l\u00e9gers et flexibles et un rembourrage suppl\u00e9mentaire pour une protection suppl\u00e9mentaire, les coussinets pour biceps offrent un confort sans limiter les mouvements. Les coussinets pour biceps sont essentiels pour tout joueur de crosse en bo\u00eete, peu importe son \u00e2ge, car ils couvrent la zone la plus sollicit\u00e9e pendant un match.   <\/p>\n\n<p class=\"has-large-font-size\"><strong>Coudi\u00e8res<\/strong><\/p>\n\n<figure class=\"wp-block-image size-large is-resized\"><img loading=\"lazy\" decoding=\"async\" width=\"1024\" height=\"1024\" src=\"https:\/\/lacrosse.ca\/wp-content\/uploads\/2025\/03\/NLL_National-Lacrosse-League_SG-CMYK-02a-shield-eng.ai-12-1024x1024.png\" alt=\"\" class=\"wp-image-1493\" style=\"width:172px;height:auto\" srcset=\"https:\/\/lacrosse.ca\/wp-content\/uploads\/2025\/03\/NLL_National-Lacrosse-League_SG-CMYK-02a-shield-eng.ai-12-1024x1024.png 1024w, https:\/\/lacrosse.ca\/wp-content\/uploads\/2025\/03\/NLL_National-Lacrosse-League_SG-CMYK-02a-shield-eng.ai-12-300x300.png 300w, https:\/\/lacrosse.ca\/wp-content\/uploads\/2025\/03\/NLL_National-Lacrosse-League_SG-CMYK-02a-shield-eng.ai-12-150x150.png 150w, https:\/\/lacrosse.ca\/wp-content\/uploads\/2025\/03\/NLL_National-Lacrosse-League_SG-CMYK-02a-shield-eng.ai-12-768x768.png 768w, https:\/\/lacrosse.ca\/wp-content\/uploads\/2025\/03\/NLL_National-Lacrosse-League_SG-CMYK-02a-shield-eng.ai-12.png 1500w\" sizes=\"(max-width: 1024px) 100vw, 1024px\" \/><\/figure>\n\n<p>Les coudi\u00e8res sont un \u00e9l\u00e9ment essentiel de l&rsquo;\u00e9quipement de protection en crosse en salle, con\u00e7ues pour prot\u00e9ger les coudes et les avant-bras des impacts lors des contr\u00f4les, des chutes et des collisions. Ces coussinets sont con\u00e7us pour offrir un \u00e9quilibre entre mobilit\u00e9 et protection, permettant aux joueurs de se d\u00e9placer librement tout en r\u00e9duisant le risque de blessure. G\u00e9n\u00e9ralement fabriqu\u00e9s avec une combinaison de plastique dur et de rembourrage en mousse, ils offrent un amorti tout en absorbant les impacts. Les joueurs doivent savoir que de nombreuses coudi\u00e8res de crosse sur terrain n&rsquo;offrent pas la protection ad\u00e9quate pour la crosse en salle.   <\/p>\n\n<p class=\"has-large-font-size\"><strong>Coussinets r\u00e9naux<\/strong><\/p>\n\n<figure class=\"wp-block-image size-large is-resized\"><img loading=\"lazy\" decoding=\"async\" width=\"1024\" height=\"1024\" src=\"https:\/\/lacrosse.ca\/wp-content\/uploads\/2025\/03\/NLL_National-Lacrosse-League_SG-CMYK-02a-shield-eng.ai-11-1024x1024.png\" alt=\"\" class=\"wp-image-1499\" style=\"width:186px;height:auto\" srcset=\"https:\/\/lacrosse.ca\/wp-content\/uploads\/2025\/03\/NLL_National-Lacrosse-League_SG-CMYK-02a-shield-eng.ai-11-1024x1024.png 1024w, https:\/\/lacrosse.ca\/wp-content\/uploads\/2025\/03\/NLL_National-Lacrosse-League_SG-CMYK-02a-shield-eng.ai-11-300x300.png 300w, https:\/\/lacrosse.ca\/wp-content\/uploads\/2025\/03\/NLL_National-Lacrosse-League_SG-CMYK-02a-shield-eng.ai-11-150x150.png 150w, https:\/\/lacrosse.ca\/wp-content\/uploads\/2025\/03\/NLL_National-Lacrosse-League_SG-CMYK-02a-shield-eng.ai-11-768x768.png 768w, https:\/\/lacrosse.ca\/wp-content\/uploads\/2025\/03\/NLL_National-Lacrosse-League_SG-CMYK-02a-shield-eng.ai-11.png 1500w\" sizes=\"(max-width: 1024px) 100vw, 1024px\" \/><\/figure>\n\n<p>Les prot\u00e8ge-reins sont un \u00e9l\u00e9ment important de l&rsquo;\u00e9quipement de protection dans la crosse en salle, con\u00e7us pour prot\u00e9ger le bas du dos et les c\u00f4t\u00e9s des coups et des coupures. Positionn\u00e9s autour des reins du joueur, ces coussinets aident \u00e0 absorber les impacts des contr\u00f4les, des chutes et des collisions, r\u00e9duisant ainsi le risque de blessure dans cette zone vuln\u00e9rable. Fabriqu\u00e9s avec une combinaison de mousse l\u00e9g\u00e8re et de mat\u00e9riaux \u00e0 coque dure, les coussinets r\u00e9naux offrent confort et mobilit\u00e9 sans sacrifier la protection.   <\/p>\n","protected":false},"excerpt":{"rendered":"<p>Casque Un casque est la pi\u00e8ce d&rsquo;\u00e9quipement de protection principale pour tout joueur de crosse. Le casque de crosse en bo\u00eete le plus courant est un casque de hockey approuv\u00e9 par la CSA (que l&rsquo;on peut trouver dans tous les magasins de sport), ainsi qu&rsquo;une cage de crosse approuv\u00e9e par la CSA. Il existe trois [&hellip;]<\/p>\n","protected":false},"author":3,"featured_media":1515,"parent":2431,"menu_order":0,"comment_status":"closed","ping_status":"closed","template":"elementor_theme","meta":{"_acf_changed":false,"_bbp_topic_count":0,"_bbp_reply_count":0,"_bbp_total_topic_count":0,"_bbp_total_reply_count":0,"_bbp_voice_count":0,"_bbp_anonymous_reply_count":0,"_bbp_topic_count_hidden":0,"_bbp_reply_count_hidden":0,"_bbp_forum_subforum_count":0,"footnotes":""},"class_list":["post-2538","page","type-page","status-publish","has-post-thumbnail","hentry"],"acf":[],"yoast_head":"<!-- This site is optimized with the Yoast SEO plugin v27.2 - https:\/\/yoast.com\/product\/yoast-seo-wordpress\/ -->\n<title>\u00c9quipement de bo\u00eete - Lacrosse Canada<\/title>\n<meta name=\"description\" content=\"D\u00e9couvrez tout ce que vous devez savoir sur l&#039;\u00e9quipement essentiel de crosse en bo\u00eete dans notre guide complet. Des casques et \u00e9paulettes aux gants et b\u00e2tons, nous fournissons des renseignements d\u00e9taill\u00e9s sur l&#039;\u00e9quipement de protection requis pour les joueurs de tous les niveaux. Informez-vous sur les diff\u00e9rents types d\u2019\u00e9quipement, notamment les coudi\u00e8res, les prot\u00e8ge-reins et les prot\u00e8ge-biceps, et comprenez leur r\u00f4le pour assurer votre s\u00e9curit\u00e9 pendant les jeux d\u2019int\u00e9rieur rapides. Que vous soyez nouveau dans ce sport ou un joueur chevronn\u00e9, notre section \u00c9quipement de crosse en salle est l\u00e0 pour vous aider \u00e0 comprendre quel \u00e9quipement est n\u00e9cessaire pour donner le meilleur de vous-m\u00eame.\" \/>\n<meta name=\"robots\" content=\"index, follow, max-snippet:-1, max-image-preview:large, max-video-preview:-1\" \/>\n<link rel=\"canonical\" href=\"https:\/\/lacrosse.ca\/fr\/joueurs-et-parents\/equipement\/equipement-de-boite\/\" \/>\n<meta property=\"og:locale\" content=\"fr_FR\" \/>\n<meta property=\"og:type\" content=\"article\" \/>\n<meta property=\"og:title\" content=\"\u00c9quipement de bo\u00eete - Lacrosse Canada\" \/>\n<meta property=\"og:description\" content=\"D\u00e9couvrez tout ce que vous devez savoir sur l&#039;\u00e9quipement essentiel de crosse en bo\u00eete dans notre guide complet. Des casques et \u00e9paulettes aux gants et b\u00e2tons, nous fournissons des renseignements d\u00e9taill\u00e9s sur l&#039;\u00e9quipement de protection requis pour les joueurs de tous les niveaux. Informez-vous sur les diff\u00e9rents types d\u2019\u00e9quipement, notamment les coudi\u00e8res, les prot\u00e8ge-reins et les prot\u00e8ge-biceps, et comprenez leur r\u00f4le pour assurer votre s\u00e9curit\u00e9 pendant les jeux d\u2019int\u00e9rieur rapides. Que vous soyez nouveau dans ce sport ou un joueur chevronn\u00e9, notre section \u00c9quipement de crosse en salle est l\u00e0 pour vous aider \u00e0 comprendre quel \u00e9quipement est n\u00e9cessaire pour donner le meilleur de vous-m\u00eame.\" \/>\n<meta property=\"og:url\" content=\"https:\/\/lacrosse.ca\/fr\/joueurs-et-parents\/equipement\/equipement-de-boite\/\" \/>\n<meta property=\"og:site_name\" content=\"Lacrosse Canada\" \/>\n<meta property=\"article:modified_time\" content=\"2025-03-21T14:35:56+00:00\" \/>\n<meta property=\"og:image\" content=\"https:\/\/lacrosse.ca\/wp-content\/uploads\/2025\/03\/Can-game-pic-2.jpg\" \/>\n\t<meta property=\"og:image:width\" content=\"800\" \/>\n\t<meta property=\"og:image:height\" content=\"1200\" \/>\n\t<meta property=\"og:image:type\" content=\"image\/jpeg\" \/>\n<meta name=\"twitter:card\" content=\"summary_large_image\" \/>\n<meta name=\"twitter:label1\" content=\"Est. reading time\" \/>\n\t<meta name=\"twitter:data1\" content=\"3 minutes\" \/>\n<script type=\"application\/ld+json\" class=\"yoast-schema-graph\">{\"@context\":\"https:\/\/schema.org\",\"@graph\":[{\"@type\":\"WebPage\",\"@id\":\"https:\/\/lacrosse.ca\/fr\/joueurs-et-parents\/equipement\/equipement-de-boite\/\",\"url\":\"https:\/\/lacrosse.ca\/fr\/joueurs-et-parents\/equipement\/equipement-de-boite\/\",\"name\":\"\u00c9quipement de bo\u00eete - Lacrosse Canada\",\"isPartOf\":{\"@id\":\"https:\/\/lacrosse.ca\/fr\/#website\"},\"primaryImageOfPage\":{\"@id\":\"https:\/\/lacrosse.ca\/fr\/joueurs-et-parents\/equipement\/equipement-de-boite\/#primaryimage\"},\"image\":{\"@id\":\"https:\/\/lacrosse.ca\/fr\/joueurs-et-parents\/equipement\/equipement-de-boite\/#primaryimage\"},\"thumbnailUrl\":\"https:\/\/lacrosse.ca\/wp-content\/uploads\/2025\/03\/Can-game-pic-2.jpg\",\"datePublished\":\"2025-02-19T20:05:48+00:00\",\"dateModified\":\"2025-03-21T14:35:56+00:00\",\"description\":\"D\u00e9couvrez tout ce que vous devez savoir sur l'\u00e9quipement essentiel de crosse en bo\u00eete dans notre guide complet. Des casques et \u00e9paulettes aux gants et b\u00e2tons, nous fournissons des renseignements d\u00e9taill\u00e9s sur l'\u00e9quipement de protection requis pour les joueurs de tous les niveaux. Informez-vous sur les diff\u00e9rents types d\u2019\u00e9quipement, notamment les coudi\u00e8res, les prot\u00e8ge-reins et les prot\u00e8ge-biceps, et comprenez leur r\u00f4le pour assurer votre s\u00e9curit\u00e9 pendant les jeux d\u2019int\u00e9rieur rapides. Que vous soyez nouveau dans ce sport ou un joueur chevronn\u00e9, notre section \u00c9quipement de crosse en salle est l\u00e0 pour vous aider \u00e0 comprendre quel \u00e9quipement est n\u00e9cessaire pour donner le meilleur de vous-m\u00eame.\",\"breadcrumb\":{\"@id\":\"https:\/\/lacrosse.ca\/fr\/joueurs-et-parents\/equipement\/equipement-de-boite\/#breadcrumb\"},\"inLanguage\":\"fr-FR\",\"potentialAction\":[{\"@type\":\"ReadAction\",\"target\":[\"https:\/\/lacrosse.ca\/fr\/joueurs-et-parents\/equipement\/equipement-de-boite\/\"]}]},{\"@type\":\"ImageObject\",\"inLanguage\":\"fr-FR\",\"@id\":\"https:\/\/lacrosse.ca\/fr\/joueurs-et-parents\/equipement\/equipement-de-boite\/#primaryimage\",\"url\":\"https:\/\/lacrosse.ca\/wp-content\/uploads\/2025\/03\/Can-game-pic-2.jpg\",\"contentUrl\":\"https:\/\/lacrosse.ca\/wp-content\/uploads\/2025\/03\/Can-game-pic-2.jpg\",\"width\":800,\"height\":1200,\"caption\":\"Team BC vs Team Alberta in the 2022 Canada Summer Games Women's Division\"},{\"@type\":\"BreadcrumbList\",\"@id\":\"https:\/\/lacrosse.ca\/fr\/joueurs-et-parents\/equipement\/equipement-de-boite\/#breadcrumb\",\"itemListElement\":[{\"@type\":\"ListItem\",\"position\":1,\"name\":\"Home\",\"item\":\"https:\/\/lacrosse.ca\/fr\/maison-2\/\"},{\"@type\":\"ListItem\",\"position\":2,\"name\":\"D\u00e9couvrir La Crosse\",\"item\":\"https:\/\/lacrosse.ca\/fr\/joueurs-et-parents\/\"},{\"@type\":\"ListItem\",\"position\":3,\"name\":\"\u00e9quipement\",\"item\":\"https:\/\/lacrosse.ca\/fr\/joueurs-et-parents\/equipement\/\"},{\"@type\":\"ListItem\",\"position\":4,\"name\":\"\u00c9quipement de bo\u00eete\"}]},{\"@type\":\"WebSite\",\"@id\":\"https:\/\/lacrosse.ca\/fr\/#website\",\"url\":\"https:\/\/lacrosse.ca\/fr\/\",\"name\":\"Lacrosse Canada\",\"description\":\"The World&#039;s Leading Lacrosse Program\",\"publisher\":{\"@id\":\"https:\/\/lacrosse.ca\/fr\/#organization\"},\"potentialAction\":[{\"@type\":\"SearchAction\",\"target\":{\"@type\":\"EntryPoint\",\"urlTemplate\":\"https:\/\/lacrosse.ca\/fr\/?s={search_term_string}\"},\"query-input\":{\"@type\":\"PropertyValueSpecification\",\"valueRequired\":true,\"valueName\":\"search_term_string\"}}],\"inLanguage\":\"fr-FR\"},{\"@type\":\"Organization\",\"@id\":\"https:\/\/lacrosse.ca\/fr\/#organization\",\"name\":\"Lacrosse Canada\",\"url\":\"https:\/\/lacrosse.ca\/fr\/\",\"logo\":{\"@type\":\"ImageObject\",\"inLanguage\":\"fr-FR\",\"@id\":\"https:\/\/lacrosse.ca\/fr\/#\/schema\/logo\/image\/\",\"url\":\"https:\/\/lacrosse.ca\/wp-content\/uploads\/2025\/01\/Lacrosse-Canada-Seal-Favicon.gif\",\"contentUrl\":\"https:\/\/lacrosse.ca\/wp-content\/uploads\/2025\/01\/Lacrosse-Canada-Seal-Favicon.gif\",\"width\":512,\"height\":512,\"caption\":\"Lacrosse Canada\"},\"image\":{\"@id\":\"https:\/\/lacrosse.ca\/fr\/#\/schema\/logo\/image\/\"}}]}<\/script>\n<!-- \/ Yoast SEO plugin. -->","yoast_head_json":{"title":"\u00c9quipement de bo\u00eete - Lacrosse Canada","description":"D\u00e9couvrez tout ce que vous devez savoir sur l'\u00e9quipement essentiel de crosse en bo\u00eete dans notre guide complet. Des casques et \u00e9paulettes aux gants et b\u00e2tons, nous fournissons des renseignements d\u00e9taill\u00e9s sur l'\u00e9quipement de protection requis pour les joueurs de tous les niveaux. Informez-vous sur les diff\u00e9rents types d\u2019\u00e9quipement, notamment les coudi\u00e8res, les prot\u00e8ge-reins et les prot\u00e8ge-biceps, et comprenez leur r\u00f4le pour assurer votre s\u00e9curit\u00e9 pendant les jeux d\u2019int\u00e9rieur rapides. Que vous soyez nouveau dans ce sport ou un joueur chevronn\u00e9, notre section \u00c9quipement de crosse en salle est l\u00e0 pour vous aider \u00e0 comprendre quel \u00e9quipement est n\u00e9cessaire pour donner le meilleur de vous-m\u00eame.","robots":{"index":"index","follow":"follow","max-snippet":"max-snippet:-1","max-image-preview":"max-image-preview:large","max-video-preview":"max-video-preview:-1"},"canonical":"https:\/\/lacrosse.ca\/fr\/joueurs-et-parents\/equipement\/equipement-de-boite\/","og_locale":"fr_FR","og_type":"article","og_title":"\u00c9quipement de bo\u00eete - Lacrosse Canada","og_description":"D\u00e9couvrez tout ce que vous devez savoir sur l'\u00e9quipement essentiel de crosse en bo\u00eete dans notre guide complet. Des casques et \u00e9paulettes aux gants et b\u00e2tons, nous fournissons des renseignements d\u00e9taill\u00e9s sur l'\u00e9quipement de protection requis pour les joueurs de tous les niveaux. Informez-vous sur les diff\u00e9rents types d\u2019\u00e9quipement, notamment les coudi\u00e8res, les prot\u00e8ge-reins et les prot\u00e8ge-biceps, et comprenez leur r\u00f4le pour assurer votre s\u00e9curit\u00e9 pendant les jeux d\u2019int\u00e9rieur rapides. Que vous soyez nouveau dans ce sport ou un joueur chevronn\u00e9, notre section \u00c9quipement de crosse en salle est l\u00e0 pour vous aider \u00e0 comprendre quel \u00e9quipement est n\u00e9cessaire pour donner le meilleur de vous-m\u00eame.","og_url":"https:\/\/lacrosse.ca\/fr\/joueurs-et-parents\/equipement\/equipement-de-boite\/","og_site_name":"Lacrosse Canada","article_modified_time":"2025-03-21T14:35:56+00:00","og_image":[{"width":800,"height":1200,"url":"https:\/\/lacrosse.ca\/wp-content\/uploads\/2025\/03\/Can-game-pic-2.jpg","type":"image\/jpeg"}],"twitter_card":"summary_large_image","twitter_misc":{"Est. reading time":"3 minutes"},"schema":{"@context":"https:\/\/schema.org","@graph":[{"@type":"WebPage","@id":"https:\/\/lacrosse.ca\/fr\/joueurs-et-parents\/equipement\/equipement-de-boite\/","url":"https:\/\/lacrosse.ca\/fr\/joueurs-et-parents\/equipement\/equipement-de-boite\/","name":"\u00c9quipement de bo\u00eete - Lacrosse Canada","isPartOf":{"@id":"https:\/\/lacrosse.ca\/fr\/#website"},"primaryImageOfPage":{"@id":"https:\/\/lacrosse.ca\/fr\/joueurs-et-parents\/equipement\/equipement-de-boite\/#primaryimage"},"image":{"@id":"https:\/\/lacrosse.ca\/fr\/joueurs-et-parents\/equipement\/equipement-de-boite\/#primaryimage"},"thumbnailUrl":"https:\/\/lacrosse.ca\/wp-content\/uploads\/2025\/03\/Can-game-pic-2.jpg","datePublished":"2025-02-19T20:05:48+00:00","dateModified":"2025-03-21T14:35:56+00:00","description":"D\u00e9couvrez tout ce que vous devez savoir sur l'\u00e9quipement essentiel de crosse en bo\u00eete dans notre guide complet. Des casques et \u00e9paulettes aux gants et b\u00e2tons, nous fournissons des renseignements d\u00e9taill\u00e9s sur l'\u00e9quipement de protection requis pour les joueurs de tous les niveaux. Informez-vous sur les diff\u00e9rents types d\u2019\u00e9quipement, notamment les coudi\u00e8res, les prot\u00e8ge-reins et les prot\u00e8ge-biceps, et comprenez leur r\u00f4le pour assurer votre s\u00e9curit\u00e9 pendant les jeux d\u2019int\u00e9rieur rapides. Que vous soyez nouveau dans ce sport ou un joueur chevronn\u00e9, notre section \u00c9quipement de crosse en salle est l\u00e0 pour vous aider \u00e0 comprendre quel \u00e9quipement est n\u00e9cessaire pour donner le meilleur de vous-m\u00eame.","breadcrumb":{"@id":"https:\/\/lacrosse.ca\/fr\/joueurs-et-parents\/equipement\/equipement-de-boite\/#breadcrumb"},"inLanguage":"fr-FR","potentialAction":[{"@type":"ReadAction","target":["https:\/\/lacrosse.ca\/fr\/joueurs-et-parents\/equipement\/equipement-de-boite\/"]}]},{"@type":"ImageObject","inLanguage":"fr-FR","@id":"https:\/\/lacrosse.ca\/fr\/joueurs-et-parents\/equipement\/equipement-de-boite\/#primaryimage","url":"https:\/\/lacrosse.ca\/wp-content\/uploads\/2025\/03\/Can-game-pic-2.jpg","contentUrl":"https:\/\/lacrosse.ca\/wp-content\/uploads\/2025\/03\/Can-game-pic-2.jpg","width":800,"height":1200,"caption":"Team BC vs Team Alberta in the 2022 Canada Summer Games Women's Division"},{"@type":"BreadcrumbList","@id":"https:\/\/lacrosse.ca\/fr\/joueurs-et-parents\/equipement\/equipement-de-boite\/#breadcrumb","itemListElement":[{"@type":"ListItem","position":1,"name":"Home","item":"https:\/\/lacrosse.ca\/fr\/maison-2\/"},{"@type":"ListItem","position":2,"name":"D\u00e9couvrir La Crosse","item":"https:\/\/lacrosse.ca\/fr\/joueurs-et-parents\/"},{"@type":"ListItem","position":3,"name":"\u00e9quipement","item":"https:\/\/lacrosse.ca\/fr\/joueurs-et-parents\/equipement\/"},{"@type":"ListItem","position":4,"name":"\u00c9quipement de bo\u00eete"}]},{"@type":"WebSite","@id":"https:\/\/lacrosse.ca\/fr\/#website","url":"https:\/\/lacrosse.ca\/fr\/","name":"Lacrosse Canada","description":"The World&#039;s Leading Lacrosse Program","publisher":{"@id":"https:\/\/lacrosse.ca\/fr\/#organization"},"potentialAction":[{"@type":"SearchAction","target":{"@type":"EntryPoint","urlTemplate":"https:\/\/lacrosse.ca\/fr\/?s={search_term_string}"},"query-input":{"@type":"PropertyValueSpecification","valueRequired":true,"valueName":"search_term_string"}}],"inLanguage":"fr-FR"},{"@type":"Organization","@id":"https:\/\/lacrosse.ca\/fr\/#organization","name":"Lacrosse Canada","url":"https:\/\/lacrosse.ca\/fr\/","logo":{"@type":"ImageObject","inLanguage":"fr-FR","@id":"https:\/\/lacrosse.ca\/fr\/#\/schema\/logo\/image\/","url":"https:\/\/lacrosse.ca\/wp-content\/uploads\/2025\/01\/Lacrosse-Canada-Seal-Favicon.gif","contentUrl":"https:\/\/lacrosse.ca\/wp-content\/uploads\/2025\/01\/Lacrosse-Canada-Seal-Favicon.gif","width":512,"height":512,"caption":"Lacrosse Canada"},"image":{"@id":"https:\/\/lacrosse.ca\/fr\/#\/schema\/logo\/image\/"}}]}},"_links":{"self":[{"href":"https:\/\/lacrosse.ca\/fr\/wp-json\/wp\/v2\/pages\/2538","targetHints":{"allow":["GET"]}}],"collection":[{"href":"https:\/\/lacrosse.ca\/fr\/wp-json\/wp\/v2\/pages"}],"about":[{"href":"https:\/\/lacrosse.ca\/fr\/wp-json\/wp\/v2\/types\/page"}],"author":[{"embeddable":true,"href":"https:\/\/lacrosse.ca\/fr\/wp-json\/wp\/v2\/users\/3"}],"replies":[{"embeddable":true,"href":"https:\/\/lacrosse.ca\/fr\/wp-json\/wp\/v2\/comments?post=2538"}],"version-history":[{"count":0,"href":"https:\/\/lacrosse.ca\/fr\/wp-json\/wp\/v2\/pages\/2538\/revisions"}],"up":[{"embeddable":true,"href":"https:\/\/lacrosse.ca\/fr\/wp-json\/wp\/v2\/pages\/2431"}],"wp:featuredmedia":[{"embeddable":true,"href":"https:\/\/lacrosse.ca\/fr\/wp-json\/wp\/v2\/media\/1515"}],"wp:attachment":[{"href":"https:\/\/lacrosse.ca\/fr\/wp-json\/wp\/v2\/media?parent=2538"}],"curies":[{"name":"wp","href":"https:\/\/api.w.org\/{rel}","templated":true}]}}