{"id":2539,"date":"2025-02-20T17:14:56","date_gmt":"2025-02-20T17:14:56","guid":{"rendered":"https:\/\/lacrosscanada.wpenginepowered.com\/developpement\/fonctionnaires\/livres-de-regles\/"},"modified":"2025-03-21T15:28:39","modified_gmt":"2025-03-21T15:28:39","slug":"livres-de-regles","status":"publish","type":"page","link":"https:\/\/lacrosse.ca\/fr\/livres-de-regles\/","title":{"rendered":"Livres de r\u00e8gles"},"content":{"rendered":"\n<h3 class=\"wp-block-heading\"><strong>R\u00e8glements et livres de r\u00e8gles<\/strong><\/h3>\n\n<p>Les r\u00e8glements officiels de Lacrosse Canada garantissent la coh\u00e9rence, l&rsquo;\u00e9quit\u00e9 et la s\u00e9curit\u00e9 \u00e0 tous les niveaux de jeu. Ces livres de r\u00e8gles fournissent des directives compl\u00e8tes pour la crosse en bo\u00eete, sur le terrain et \u00e0 six, couvrant tout, des r\u00e8glements du jeu aux m\u00e9canismes d&rsquo;arbitrage. <\/p>\n\n<p>Nous r\u00e9visons et mettons continuellement \u00e0 jour nos r\u00e8glements en fonction des normes de World Lacrosse afin de refl\u00e9ter la nature \u00e9volutive du jeu. Rester au courant des changements de r\u00e8gles est essentiel pour les joueurs, les entra\u00eeneurs et les officiels afin de maintenir l&rsquo;int\u00e9grit\u00e9 et la qualit\u00e9 du jeu. <\/p>\n\n<p>Explorez les derniers r\u00e8glements et restez au courant des r\u00e9glementations les plus r\u00e9centes pour votre discipline.<\/p>\n\n<h3 class=\"wp-block-heading\"><strong>R\u00e8gles et ressources du Box Lacrosse<\/strong><\/h3>\n\n<ul class=\"wp-block-list\">\n<li><a href=\"https:\/\/lacrosse.ca\/wp-content\/uploads\/2025\/03\/WL-Box-Rulebook.pdf\" target=\"_blank\" rel=\"noreferrer noopener\">R\u00e8glement de la crosse en bo\u00eete du World Lacrosse<\/a><\/li>\n<\/ul>\n\n<h3 class=\"wp-block-heading\"><strong>R\u00e8gles et ressources de la crosse au champ masculin<\/strong><\/h3>\n\n<ul class=\"wp-block-list\">\n<li><a href=\"https:\/\/lacrosse.ca\/wp-content\/uploads\/2025\/03\/WL-Mens-Field-Rules-.pdf\" target=\"_blank\" rel=\"noreferrer noopener\">R\u00e8glement de crosse au champ masculin de World Lacrosse<\/a><\/li>\n\n\n\n<li><a href=\"https:\/\/lacrosse.ca\/wp-content\/uploads\/2025\/03\/WL-Mens-Field-Officiating-Manual.pdf\" target=\"_blank\" rel=\"noreferrer noopener\">Manuel d&rsquo;arbitrage de l&rsquo;\u00e9quipe masculine de crosse mondiale<\/a><\/li>\n\n\n\n<li><a href=\"https:\/\/lacrosse.ca\/wp-content\/uploads\/2025\/03\/Mens-Field-Minor-Officials-Guide.pdf\" target=\"_blank\" rel=\"noreferrer noopener\">Guide des officiels de la division masculine de crosse au champ de Lacrosse Canada<\/a><\/li>\n<\/ul>\n\n<h3 class=\"wp-block-heading\"><strong>R\u00e8gles et ressources de la crosse au champ f\u00e9minin<\/strong><\/h3>\n\n<ul class=\"wp-block-list\">\n<li><a href=\"https:\/\/lacrosse.ca\/wp-content\/uploads\/2025\/03\/WL-Womens-Field-Rulebook.pdf\" target=\"_blank\" rel=\"noreferrer noopener\">R\u00e8glement de crosse au champ f\u00e9minine de World Lacrosse<\/a><\/li>\n\n\n\n<li><a href=\"https:\/\/lacrosse.ca\/wp-content\/uploads\/2025\/03\/WL-Womens-Field-Rulebook.pdf\" target=\"_blank\" rel=\"noreferrer noopener\">Manuel d&rsquo;arbitrage de l&rsquo;\u00e9quipe f\u00e9minine de crosse mondiale<\/a><\/li>\n\n\n\n<li><a href=\"https:\/\/lacrosse.ca\/wp-content\/uploads\/2025\/03\/Lacrosse-Canada-WF-Rules-Summary-2024-2024-04-09.pdf\" target=\"_blank\" rel=\"noreferrer noopener\">R\u00e9sum\u00e9 des r\u00e8gles de crosse f\u00e9minine au champ de Lacrosse Canada<\/a><\/li>\n<\/ul>\n\n<h3 class=\"wp-block-heading\"><strong>R\u00e8gles et ressources des Sixes<\/strong><\/h3>\n\n<ul class=\"wp-block-list\">\n<li><a href=\"https:\/\/worldlacrosse.thinkific.com\/courses\/Officiating-world-lacrosse-sixes\">Cours d&rsquo;introduction au World Lacrosse Sixes<\/a><\/li>\n<\/ul>\n\n<p><\/p>\n","protected":false},"excerpt":{"rendered":"<p>R\u00e8glements et livres de r\u00e8gles Les r\u00e8glements officiels de Lacrosse Canada garantissent la coh\u00e9rence, l&rsquo;\u00e9quit\u00e9 et la s\u00e9curit\u00e9 \u00e0 tous les niveaux de jeu. Ces livres de r\u00e8gles fournissent des directives compl\u00e8tes pour la crosse en bo\u00eete, sur le terrain et \u00e0 six, couvrant tout, des r\u00e8glements du jeu aux m\u00e9canismes d&rsquo;arbitrage. Nous r\u00e9visons et [&hellip;]<\/p>\n","protected":false},"author":3,"featured_media":1260,"parent":0,"menu_order":0,"comment_status":"closed","ping_status":"closed","template":"","meta":{"_acf_changed":false,"_bbp_topic_count":0,"_bbp_reply_count":0,"_bbp_total_topic_count":0,"_bbp_total_reply_count":0,"_bbp_voice_count":0,"_bbp_anonymous_reply_count":0,"_bbp_topic_count_hidden":0,"_bbp_reply_count_hidden":0,"_bbp_forum_subforum_count":0,"footnotes":""},"class_list":["post-2539","page","type-page","status-publish","has-post-thumbnail","hentry"],"acf":[],"yoast_head":"<!-- This site is optimized with the Yoast SEO plugin v27.2 - https:\/\/yoast.com\/product\/yoast-seo-wordpress\/ -->\n<title>Livres de r\u00e8gles - Lacrosse Canada<\/title>\n<meta name=\"robots\" content=\"index, follow, max-snippet:-1, max-image-preview:large, max-video-preview:-1\" \/>\n<link rel=\"canonical\" href=\"https:\/\/lacrosse.ca\/fr\/livres-de-regles\/\" \/>\n<meta property=\"og:locale\" content=\"fr_FR\" \/>\n<meta property=\"og:type\" content=\"article\" \/>\n<meta property=\"og:title\" content=\"Livres de r\u00e8gles - Lacrosse Canada\" \/>\n<meta property=\"og:description\" content=\"R\u00e8glements et livres de r\u00e8gles Les r\u00e8glements officiels de Lacrosse Canada garantissent la coh\u00e9rence, l&rsquo;\u00e9quit\u00e9 et la s\u00e9curit\u00e9 \u00e0 tous les niveaux de jeu. Ces livres de r\u00e8gles fournissent des directives compl\u00e8tes pour la crosse en bo\u00eete, sur le terrain et \u00e0 six, couvrant tout, des r\u00e8glements du jeu aux m\u00e9canismes d&rsquo;arbitrage. Nous r\u00e9visons et [&hellip;]\" \/>\n<meta property=\"og:url\" content=\"https:\/\/lacrosse.ca\/fr\/livres-de-regles\/\" \/>\n<meta property=\"og:site_name\" content=\"Lacrosse Canada\" \/>\n<meta property=\"article:modified_time\" content=\"2025-03-21T15:28:39+00:00\" \/>\n<meta property=\"og:image\" content=\"https:\/\/lacrosse.ca\/wp-content\/uploads\/2025\/03\/officials-link-featured.jpg\" \/>\n\t<meta property=\"og:image:width\" content=\"1067\" \/>\n\t<meta property=\"og:image:height\" content=\"1140\" \/>\n\t<meta property=\"og:image:type\" content=\"image\/jpeg\" \/>\n<meta name=\"twitter:card\" content=\"summary_large_image\" \/>\n<meta name=\"twitter:label1\" content=\"Est. reading time\" \/>\n\t<meta name=\"twitter:data1\" content=\"1 minute\" \/>\n<script type=\"application\/ld+json\" class=\"yoast-schema-graph\">{\"@context\":\"https:\/\/schema.org\",\"@graph\":[{\"@type\":\"WebPage\",\"@id\":\"https:\/\/lacrosse.ca\/fr\/livres-de-regles\/\",\"url\":\"https:\/\/lacrosse.ca\/fr\/livres-de-regles\/\",\"name\":\"Livres de r\u00e8gles - Lacrosse Canada\",\"isPartOf\":{\"@id\":\"https:\/\/lacrosse.ca\/fr\/#website\"},\"primaryImageOfPage\":{\"@id\":\"https:\/\/lacrosse.ca\/fr\/livres-de-regles\/#primaryimage\"},\"image\":{\"@id\":\"https:\/\/lacrosse.ca\/fr\/livres-de-regles\/#primaryimage\"},\"thumbnailUrl\":\"https:\/\/lacrosse.ca\/wp-content\/uploads\/2025\/03\/officials-link-featured.jpg\",\"datePublished\":\"2025-02-20T17:14:56+00:00\",\"dateModified\":\"2025-03-21T15:28:39+00:00\",\"breadcrumb\":{\"@id\":\"https:\/\/lacrosse.ca\/fr\/livres-de-regles\/#breadcrumb\"},\"inLanguage\":\"fr-FR\",\"potentialAction\":[{\"@type\":\"ReadAction\",\"target\":[\"https:\/\/lacrosse.ca\/fr\/livres-de-regles\/\"]}]},{\"@type\":\"ImageObject\",\"inLanguage\":\"fr-FR\",\"@id\":\"https:\/\/lacrosse.ca\/fr\/livres-de-regles\/#primaryimage\",\"url\":\"https:\/\/lacrosse.ca\/wp-content\/uploads\/2025\/03\/officials-link-featured.jpg\",\"contentUrl\":\"https:\/\/lacrosse.ca\/wp-content\/uploads\/2025\/03\/officials-link-featured.jpg\",\"width\":1067,\"height\":1140},{\"@type\":\"BreadcrumbList\",\"@id\":\"https:\/\/lacrosse.ca\/fr\/livres-de-regles\/#breadcrumb\",\"itemListElement\":[{\"@type\":\"ListItem\",\"position\":1,\"name\":\"Home\",\"item\":\"https:\/\/lacrosse.ca\/fr\/maison-2\/\"},{\"@type\":\"ListItem\",\"position\":2,\"name\":\"D\u00e9veloppement\",\"item\":\"https:\/\/lacrosse.ca\/fr\/developpement\/\"},{\"@type\":\"ListItem\",\"position\":3,\"name\":\"Fonctionnaires\",\"item\":\"https:\/\/lacrosse.ca\/fr\/developpement\/fonctionnaires\/\"},{\"@type\":\"ListItem\",\"position\":4,\"name\":\"Livres de r\u00e8gles\"}]},{\"@type\":\"WebSite\",\"@id\":\"https:\/\/lacrosse.ca\/fr\/#website\",\"url\":\"https:\/\/lacrosse.ca\/fr\/\",\"name\":\"Lacrosse Canada\",\"description\":\"The World&#039;s Leading Lacrosse Program\",\"publisher\":{\"@id\":\"https:\/\/lacrosse.ca\/fr\/#organization\"},\"potentialAction\":[{\"@type\":\"SearchAction\",\"target\":{\"@type\":\"EntryPoint\",\"urlTemplate\":\"https:\/\/lacrosse.ca\/fr\/?s={search_term_string}\"},\"query-input\":{\"@type\":\"PropertyValueSpecification\",\"valueRequired\":true,\"valueName\":\"search_term_string\"}}],\"inLanguage\":\"fr-FR\"},{\"@type\":\"Organization\",\"@id\":\"https:\/\/lacrosse.ca\/fr\/#organization\",\"name\":\"Lacrosse Canada\",\"url\":\"https:\/\/lacrosse.ca\/fr\/\",\"logo\":{\"@type\":\"ImageObject\",\"inLanguage\":\"fr-FR\",\"@id\":\"https:\/\/lacrosse.ca\/fr\/#\/schema\/logo\/image\/\",\"url\":\"https:\/\/lacrosse.ca\/wp-content\/uploads\/2025\/01\/Lacrosse-Canada-Seal-Favicon.gif\",\"contentUrl\":\"https:\/\/lacrosse.ca\/wp-content\/uploads\/2025\/01\/Lacrosse-Canada-Seal-Favicon.gif\",\"width\":512,\"height\":512,\"caption\":\"Lacrosse Canada\"},\"image\":{\"@id\":\"https:\/\/lacrosse.ca\/fr\/#\/schema\/logo\/image\/\"}}]}<\/script>\n<!-- \/ Yoast SEO plugin. -->","yoast_head_json":{"title":"Livres de r\u00e8gles - Lacrosse Canada","robots":{"index":"index","follow":"follow","max-snippet":"max-snippet:-1","max-image-preview":"max-image-preview:large","max-video-preview":"max-video-preview:-1"},"canonical":"https:\/\/lacrosse.ca\/fr\/livres-de-regles\/","og_locale":"fr_FR","og_type":"article","og_title":"Livres de r\u00e8gles - Lacrosse Canada","og_description":"R\u00e8glements et livres de r\u00e8gles Les r\u00e8glements officiels de Lacrosse Canada garantissent la coh\u00e9rence, l&rsquo;\u00e9quit\u00e9 et la s\u00e9curit\u00e9 \u00e0 tous les niveaux de jeu. Ces livres de r\u00e8gles fournissent des directives compl\u00e8tes pour la crosse en bo\u00eete, sur le terrain et \u00e0 six, couvrant tout, des r\u00e8glements du jeu aux m\u00e9canismes d&rsquo;arbitrage. Nous r\u00e9visons et [&hellip;]","og_url":"https:\/\/lacrosse.ca\/fr\/livres-de-regles\/","og_site_name":"Lacrosse Canada","article_modified_time":"2025-03-21T15:28:39+00:00","og_image":[{"width":1067,"height":1140,"url":"https:\/\/lacrosse.ca\/wp-content\/uploads\/2025\/03\/officials-link-featured.jpg","type":"image\/jpeg"}],"twitter_card":"summary_large_image","twitter_misc":{"Est. reading time":"1 minute"},"schema":{"@context":"https:\/\/schema.org","@graph":[{"@type":"WebPage","@id":"https:\/\/lacrosse.ca\/fr\/livres-de-regles\/","url":"https:\/\/lacrosse.ca\/fr\/livres-de-regles\/","name":"Livres de r\u00e8gles - Lacrosse Canada","isPartOf":{"@id":"https:\/\/lacrosse.ca\/fr\/#website"},"primaryImageOfPage":{"@id":"https:\/\/lacrosse.ca\/fr\/livres-de-regles\/#primaryimage"},"image":{"@id":"https:\/\/lacrosse.ca\/fr\/livres-de-regles\/#primaryimage"},"thumbnailUrl":"https:\/\/lacrosse.ca\/wp-content\/uploads\/2025\/03\/officials-link-featured.jpg","datePublished":"2025-02-20T17:14:56+00:00","dateModified":"2025-03-21T15:28:39+00:00","breadcrumb":{"@id":"https:\/\/lacrosse.ca\/fr\/livres-de-regles\/#breadcrumb"},"inLanguage":"fr-FR","potentialAction":[{"@type":"ReadAction","target":["https:\/\/lacrosse.ca\/fr\/livres-de-regles\/"]}]},{"@type":"ImageObject","inLanguage":"fr-FR","@id":"https:\/\/lacrosse.ca\/fr\/livres-de-regles\/#primaryimage","url":"https:\/\/lacrosse.ca\/wp-content\/uploads\/2025\/03\/officials-link-featured.jpg","contentUrl":"https:\/\/lacrosse.ca\/wp-content\/uploads\/2025\/03\/officials-link-featured.jpg","width":1067,"height":1140},{"@type":"BreadcrumbList","@id":"https:\/\/lacrosse.ca\/fr\/livres-de-regles\/#breadcrumb","itemListElement":[{"@type":"ListItem","position":1,"name":"Home","item":"https:\/\/lacrosse.ca\/fr\/maison-2\/"},{"@type":"ListItem","position":2,"name":"D\u00e9veloppement","item":"https:\/\/lacrosse.ca\/fr\/developpement\/"},{"@type":"ListItem","position":3,"name":"Fonctionnaires","item":"https:\/\/lacrosse.ca\/fr\/developpement\/fonctionnaires\/"},{"@type":"ListItem","position":4,"name":"Livres de r\u00e8gles"}]},{"@type":"WebSite","@id":"https:\/\/lacrosse.ca\/fr\/#website","url":"https:\/\/lacrosse.ca\/fr\/","name":"Lacrosse Canada","description":"The World&#039;s Leading Lacrosse Program","publisher":{"@id":"https:\/\/lacrosse.ca\/fr\/#organization"},"potentialAction":[{"@type":"SearchAction","target":{"@type":"EntryPoint","urlTemplate":"https:\/\/lacrosse.ca\/fr\/?s={search_term_string}"},"query-input":{"@type":"PropertyValueSpecification","valueRequired":true,"valueName":"search_term_string"}}],"inLanguage":"fr-FR"},{"@type":"Organization","@id":"https:\/\/lacrosse.ca\/fr\/#organization","name":"Lacrosse Canada","url":"https:\/\/lacrosse.ca\/fr\/","logo":{"@type":"ImageObject","inLanguage":"fr-FR","@id":"https:\/\/lacrosse.ca\/fr\/#\/schema\/logo\/image\/","url":"https:\/\/lacrosse.ca\/wp-content\/uploads\/2025\/01\/Lacrosse-Canada-Seal-Favicon.gif","contentUrl":"https:\/\/lacrosse.ca\/wp-content\/uploads\/2025\/01\/Lacrosse-Canada-Seal-Favicon.gif","width":512,"height":512,"caption":"Lacrosse Canada"},"image":{"@id":"https:\/\/lacrosse.ca\/fr\/#\/schema\/logo\/image\/"}}]}},"_links":{"self":[{"href":"https:\/\/lacrosse.ca\/fr\/wp-json\/wp\/v2\/pages\/2539","targetHints":{"allow":["GET"]}}],"collection":[{"href":"https:\/\/lacrosse.ca\/fr\/wp-json\/wp\/v2\/pages"}],"about":[{"href":"https:\/\/lacrosse.ca\/fr\/wp-json\/wp\/v2\/types\/page"}],"author":[{"embeddable":true,"href":"https:\/\/lacrosse.ca\/fr\/wp-json\/wp\/v2\/users\/3"}],"replies":[{"embeddable":true,"href":"https:\/\/lacrosse.ca\/fr\/wp-json\/wp\/v2\/comments?post=2539"}],"version-history":[{"count":0,"href":"https:\/\/lacrosse.ca\/fr\/wp-json\/wp\/v2\/pages\/2539\/revisions"}],"wp:featuredmedia":[{"embeddable":true,"href":"https:\/\/lacrosse.ca\/fr\/wp-json\/wp\/v2\/media\/1260"}],"wp:attachment":[{"href":"https:\/\/lacrosse.ca\/fr\/wp-json\/wp\/v2\/media?parent=2539"}],"curies":[{"name":"wp","href":"https:\/\/api.w.org\/{rel}","templated":true}]}}