{"id":2541,"date":"2025-02-20T17:06:59","date_gmt":"2025-02-20T17:06:59","guid":{"rendered":"https:\/\/lacrosscanada.wpenginepowered.com\/developpement\/entraineurs\/ressources-pour-les-entraineurs\/"},"modified":"2025-03-21T15:40:21","modified_gmt":"2025-03-21T15:40:21","slug":"ressources-pour-les-entraineurs","status":"publish","type":"page","link":"https:\/\/lacrosse.ca\/fr\/developpement\/entraineurs\/ressources-pour-les-entraineurs\/","title":{"rendered":"Ressources pour les entra\u00eeneurs"},"content":{"rendered":"\n<h3 class=\"wp-block-heading\"><\/h3>\n\n<hr class=\"wp-block-separator has-alpha-channel-opacity\"\/>\n\n<h3 class=\"wp-block-heading\"><strong>Les s\u00e9ances du Playbook : D\u00e9veloppement du coaching<\/strong><\/h3>\n\n<p>Lacrosse Canada\u2019s\u00a0Playbook Sessions\u00a0are designed to help coaches at all levels refine their skills and expand their knowledge of the game. These sessions provide valuable insights into practice planning, offensive and defensive strategies, player development, and recruitment techniques. Whether you coach box, field, or women\u2019s lacrosse, these sessions will equip you with the tools to enhance your team&rsquo;s performance.<br\/><br\/>Explore the Sessions<\/p>\n\n<ul class=\"wp-block-list\">\n<li><a href=\"https:\/\/youtu.be\/NdHNAOyNmHI\">Session 1:<\/a>\u00a0Creating an Engaging Practice &amp; Honouring the Game\u2019s Indigenous Roots &#8211; All Disciplines<\/li>\n\n\n\n<li><a href=\"https:\/\/youtu.be\/u2uYprWxdKA\">Session 2:<\/a>\u00a0Offensive &amp; Defensive Strategies &#8211; Box &amp; Women&rsquo;s Field<\/li>\n\n\n\n<li><a href=\"https:\/\/youtu.be\/eFUKOFHICxY\">Session 3:<\/a>\u00a0Transitioning Between Box &amp; Field &amp; Recruiting Tips &#8211; Box &amp; Women&rsquo;s Field<\/li>\n\n\n\n<li><a href=\"https:\/\/youtu.be\/5i76GtkFN7k\">Session 4<\/a>:\u00a0Advanced Field and Box Lacrosse Tactics &#8211; Box &amp; Men&rsquo;s Field<\/li>\n<\/ul>\n\n<p><\/p>\n\n<hr class=\"wp-block-separator has-alpha-channel-opacity\"\/>\n\n<h3 class=\"wp-block-heading\"><strong>Symposium de Lacrosse Canada sur les commotions c\u00e9r\u00e9brales et la sant\u00e9 mentale<\/strong><\/h3>\n\n<p>Understanding concussions and prioritizing mental health are essential for both coaches and athletes. Our recorded\u00a0Lacrosse Canada Concussion and Mental Health Symposium\u00a0provides key insights into recognizing and managing concussions, as well as strategies for supporting mental well-being in the lacrosse community.<\/p>\n\n<p>\u25b6\u00a0<a href=\"#https:\/\/www.youtube.com\/watch?v=3xkUKeelFKM\" target=\"_blank\" rel=\"noreferrer noopener\">Watch the Symposium<\/a><br\/><\/p>\n\n<hr class=\"wp-block-separator has-alpha-channel-opacity\"\/>\n\n<h3 class=\"wp-block-heading\"><strong>Ressources en sant\u00e9 mentale pour les entra\u00eeneurs et les athl\u00e8tes<\/strong><\/h3>\n\n<p>Coaching and playing lacrosse come with both physical and mental challenges. It\u2019s important to support mental well-being on and off the field.\u00a0<a href=\"https:\/\/coach.ca\/mental-health-hub\/resources\">Visit Coach.ca<\/a>\u00a0for valuable mental health resources tailored to coaches and athletes.<\/p>\n\n<p><\/p>\n\n<hr class=\"wp-block-separator has-alpha-channel-opacity\"\/>\n\n<h3 class=\"wp-block-heading\"><strong>Outils de coaching : maximisez votre formation avec CoachThem<\/strong><\/h3>\n\n<p>Effective coaching starts with proper planning, and\u00a0<a href=\"https:\/\/coachthem.com\/sports\/lacrosse\">CoachThem<\/a>\u00a0is the ultimate digital tool to help design drills, build structured practice plans, and elevate team performance. With an intuitive interface, CoachThem allows coaches to customize drills, visually map out plays, and develop progressive practice plans tailored to their athletes&rsquo; needs. Whether coaching box, field, or women\u2019s lacrosse, this platform provides an efficient way to create and share coaching strategies, ensuring a seamless approach to player development. Looking for inspiration? Check out our\u00a0<a href=\"https:\/\/www.instagram.com\/lacrossecanada\/?hl=en\">Instagram<\/a>\u00a0for featured CoachThem drills and expert coaching insights to keep your practices fresh and engaging.<\/p>\n\n<p><br\/><br\/><\/p>\n\n<p><\/p>\n","protected":false},"excerpt":{"rendered":"<p>Les s\u00e9ances du Playbook : D\u00e9veloppement du coaching Lacrosse Canada\u2019s\u00a0Playbook Sessions\u00a0are designed to help coaches at all levels refine their skills and expand their knowledge of the game. These sessions provide valuable insights into practice planning, offensive and defensive strategies, player development, and recruitment techniques. Whether you coach box, field, or women\u2019s lacrosse, these sessions [&hellip;]<\/p>\n","protected":false},"author":3,"featured_media":1265,"parent":2423,"menu_order":0,"comment_status":"closed","ping_status":"closed","template":"","meta":{"_acf_changed":false,"_bbp_topic_count":0,"_bbp_reply_count":0,"_bbp_total_topic_count":0,"_bbp_total_reply_count":0,"_bbp_voice_count":0,"_bbp_anonymous_reply_count":0,"_bbp_topic_count_hidden":0,"_bbp_reply_count_hidden":0,"_bbp_forum_subforum_count":0,"footnotes":""},"class_list":["post-2541","page","type-page","status-publish","has-post-thumbnail","hentry"],"acf":[],"yoast_head":"<!-- This site is optimized with the Yoast SEO plugin v27.2 - https:\/\/yoast.com\/product\/yoast-seo-wordpress\/ -->\n<title>Ressources pour les entra\u00eeneurs - Lacrosse Canada<\/title>\n<meta name=\"robots\" content=\"index, follow, max-snippet:-1, max-image-preview:large, max-video-preview:-1\" \/>\n<link rel=\"canonical\" href=\"https:\/\/lacrosse.ca\/fr\/developpement\/entraineurs\/ressources-pour-les-entraineurs\/\" \/>\n<meta property=\"og:locale\" content=\"fr_FR\" \/>\n<meta property=\"og:type\" content=\"article\" \/>\n<meta property=\"og:title\" content=\"Ressources pour les entra\u00eeneurs - Lacrosse Canada\" \/>\n<meta property=\"og:description\" content=\"Les s\u00e9ances du Playbook : D\u00e9veloppement du coaching Lacrosse Canada\u2019s\u00a0Playbook Sessions\u00a0are designed to help coaches at all levels refine their skills and expand their knowledge of the game. These sessions provide valuable insights into practice planning, offensive and defensive strategies, player development, and recruitment techniques. Whether you coach box, field, or women\u2019s lacrosse, these sessions [&hellip;]\" \/>\n<meta property=\"og:url\" content=\"https:\/\/lacrosse.ca\/fr\/developpement\/entraineurs\/ressources-pour-les-entraineurs\/\" \/>\n<meta property=\"og:site_name\" content=\"Lacrosse Canada\" \/>\n<meta property=\"article:modified_time\" content=\"2025-03-21T15:40:21+00:00\" \/>\n<meta property=\"og:image\" content=\"https:\/\/lacrosse.ca\/wp-content\/uploads\/2025\/03\/playbook.webp\" \/>\n\t<meta property=\"og:image:width\" content=\"800\" \/>\n\t<meta property=\"og:image:height\" content=\"570\" \/>\n\t<meta property=\"og:image:type\" content=\"image\/webp\" \/>\n<meta name=\"twitter:card\" content=\"summary_large_image\" \/>\n<meta name=\"twitter:label1\" content=\"Est. reading time\" \/>\n\t<meta name=\"twitter:data1\" content=\"2 minutes\" \/>\n<script type=\"application\/ld+json\" class=\"yoast-schema-graph\">{\"@context\":\"https:\/\/schema.org\",\"@graph\":[{\"@type\":\"WebPage\",\"@id\":\"https:\/\/lacrosse.ca\/fr\/developpement\/entraineurs\/ressources-pour-les-entraineurs\/\",\"url\":\"https:\/\/lacrosse.ca\/fr\/developpement\/entraineurs\/ressources-pour-les-entraineurs\/\",\"name\":\"Ressources pour les entra\u00eeneurs - Lacrosse Canada\",\"isPartOf\":{\"@id\":\"https:\/\/lacrosse.ca\/fr\/#website\"},\"primaryImageOfPage\":{\"@id\":\"https:\/\/lacrosse.ca\/fr\/developpement\/entraineurs\/ressources-pour-les-entraineurs\/#primaryimage\"},\"image\":{\"@id\":\"https:\/\/lacrosse.ca\/fr\/developpement\/entraineurs\/ressources-pour-les-entraineurs\/#primaryimage\"},\"thumbnailUrl\":\"https:\/\/lacrosse.ca\/wp-content\/uploads\/2025\/03\/playbook.webp\",\"datePublished\":\"2025-02-20T17:06:59+00:00\",\"dateModified\":\"2025-03-21T15:40:21+00:00\",\"breadcrumb\":{\"@id\":\"https:\/\/lacrosse.ca\/fr\/developpement\/entraineurs\/ressources-pour-les-entraineurs\/#breadcrumb\"},\"inLanguage\":\"fr-FR\",\"potentialAction\":[{\"@type\":\"ReadAction\",\"target\":[\"https:\/\/lacrosse.ca\/fr\/developpement\/entraineurs\/ressources-pour-les-entraineurs\/\"]}]},{\"@type\":\"ImageObject\",\"inLanguage\":\"fr-FR\",\"@id\":\"https:\/\/lacrosse.ca\/fr\/developpement\/entraineurs\/ressources-pour-les-entraineurs\/#primaryimage\",\"url\":\"https:\/\/lacrosse.ca\/wp-content\/uploads\/2025\/03\/playbook.webp\",\"contentUrl\":\"https:\/\/lacrosse.ca\/wp-content\/uploads\/2025\/03\/playbook.webp\",\"width\":800,\"height\":570},{\"@type\":\"BreadcrumbList\",\"@id\":\"https:\/\/lacrosse.ca\/fr\/developpement\/entraineurs\/ressources-pour-les-entraineurs\/#breadcrumb\",\"itemListElement\":[{\"@type\":\"ListItem\",\"position\":1,\"name\":\"Home\",\"item\":\"https:\/\/lacrosse.ca\/fr\/maison-2\/\"},{\"@type\":\"ListItem\",\"position\":2,\"name\":\"D\u00e9veloppement\",\"item\":\"https:\/\/lacrosse.ca\/fr\/developpement\/\"},{\"@type\":\"ListItem\",\"position\":3,\"name\":\"entra\u00eeneurs\",\"item\":\"https:\/\/lacrosse.ca\/fr\/developpement\/entraineurs\/\"},{\"@type\":\"ListItem\",\"position\":4,\"name\":\"Ressources pour les entra\u00eeneurs\"}]},{\"@type\":\"WebSite\",\"@id\":\"https:\/\/lacrosse.ca\/fr\/#website\",\"url\":\"https:\/\/lacrosse.ca\/fr\/\",\"name\":\"Lacrosse Canada\",\"description\":\"The World&#039;s Leading Lacrosse Program\",\"publisher\":{\"@id\":\"https:\/\/lacrosse.ca\/fr\/#organization\"},\"potentialAction\":[{\"@type\":\"SearchAction\",\"target\":{\"@type\":\"EntryPoint\",\"urlTemplate\":\"https:\/\/lacrosse.ca\/fr\/?s={search_term_string}\"},\"query-input\":{\"@type\":\"PropertyValueSpecification\",\"valueRequired\":true,\"valueName\":\"search_term_string\"}}],\"inLanguage\":\"fr-FR\"},{\"@type\":\"Organization\",\"@id\":\"https:\/\/lacrosse.ca\/fr\/#organization\",\"name\":\"Lacrosse Canada\",\"url\":\"https:\/\/lacrosse.ca\/fr\/\",\"logo\":{\"@type\":\"ImageObject\",\"inLanguage\":\"fr-FR\",\"@id\":\"https:\/\/lacrosse.ca\/fr\/#\/schema\/logo\/image\/\",\"url\":\"https:\/\/lacrosse.ca\/wp-content\/uploads\/2025\/01\/Lacrosse-Canada-Seal-Favicon.gif\",\"contentUrl\":\"https:\/\/lacrosse.ca\/wp-content\/uploads\/2025\/01\/Lacrosse-Canada-Seal-Favicon.gif\",\"width\":512,\"height\":512,\"caption\":\"Lacrosse Canada\"},\"image\":{\"@id\":\"https:\/\/lacrosse.ca\/fr\/#\/schema\/logo\/image\/\"}}]}<\/script>\n<!-- \/ Yoast SEO plugin. -->","yoast_head_json":{"title":"Ressources pour les entra\u00eeneurs - Lacrosse Canada","robots":{"index":"index","follow":"follow","max-snippet":"max-snippet:-1","max-image-preview":"max-image-preview:large","max-video-preview":"max-video-preview:-1"},"canonical":"https:\/\/lacrosse.ca\/fr\/developpement\/entraineurs\/ressources-pour-les-entraineurs\/","og_locale":"fr_FR","og_type":"article","og_title":"Ressources pour les entra\u00eeneurs - Lacrosse Canada","og_description":"Les s\u00e9ances du Playbook : D\u00e9veloppement du coaching Lacrosse Canada\u2019s\u00a0Playbook Sessions\u00a0are designed to help coaches at all levels refine their skills and expand their knowledge of the game. These sessions provide valuable insights into practice planning, offensive and defensive strategies, player development, and recruitment techniques. Whether you coach box, field, or women\u2019s lacrosse, these sessions [&hellip;]","og_url":"https:\/\/lacrosse.ca\/fr\/developpement\/entraineurs\/ressources-pour-les-entraineurs\/","og_site_name":"Lacrosse Canada","article_modified_time":"2025-03-21T15:40:21+00:00","og_image":[{"width":800,"height":570,"url":"https:\/\/lacrosse.ca\/wp-content\/uploads\/2025\/03\/playbook.webp","type":"image\/webp"}],"twitter_card":"summary_large_image","twitter_misc":{"Est. reading time":"2 minutes"},"schema":{"@context":"https:\/\/schema.org","@graph":[{"@type":"WebPage","@id":"https:\/\/lacrosse.ca\/fr\/developpement\/entraineurs\/ressources-pour-les-entraineurs\/","url":"https:\/\/lacrosse.ca\/fr\/developpement\/entraineurs\/ressources-pour-les-entraineurs\/","name":"Ressources pour les entra\u00eeneurs - Lacrosse Canada","isPartOf":{"@id":"https:\/\/lacrosse.ca\/fr\/#website"},"primaryImageOfPage":{"@id":"https:\/\/lacrosse.ca\/fr\/developpement\/entraineurs\/ressources-pour-les-entraineurs\/#primaryimage"},"image":{"@id":"https:\/\/lacrosse.ca\/fr\/developpement\/entraineurs\/ressources-pour-les-entraineurs\/#primaryimage"},"thumbnailUrl":"https:\/\/lacrosse.ca\/wp-content\/uploads\/2025\/03\/playbook.webp","datePublished":"2025-02-20T17:06:59+00:00","dateModified":"2025-03-21T15:40:21+00:00","breadcrumb":{"@id":"https:\/\/lacrosse.ca\/fr\/developpement\/entraineurs\/ressources-pour-les-entraineurs\/#breadcrumb"},"inLanguage":"fr-FR","potentialAction":[{"@type":"ReadAction","target":["https:\/\/lacrosse.ca\/fr\/developpement\/entraineurs\/ressources-pour-les-entraineurs\/"]}]},{"@type":"ImageObject","inLanguage":"fr-FR","@id":"https:\/\/lacrosse.ca\/fr\/developpement\/entraineurs\/ressources-pour-les-entraineurs\/#primaryimage","url":"https:\/\/lacrosse.ca\/wp-content\/uploads\/2025\/03\/playbook.webp","contentUrl":"https:\/\/lacrosse.ca\/wp-content\/uploads\/2025\/03\/playbook.webp","width":800,"height":570},{"@type":"BreadcrumbList","@id":"https:\/\/lacrosse.ca\/fr\/developpement\/entraineurs\/ressources-pour-les-entraineurs\/#breadcrumb","itemListElement":[{"@type":"ListItem","position":1,"name":"Home","item":"https:\/\/lacrosse.ca\/fr\/maison-2\/"},{"@type":"ListItem","position":2,"name":"D\u00e9veloppement","item":"https:\/\/lacrosse.ca\/fr\/developpement\/"},{"@type":"ListItem","position":3,"name":"entra\u00eeneurs","item":"https:\/\/lacrosse.ca\/fr\/developpement\/entraineurs\/"},{"@type":"ListItem","position":4,"name":"Ressources pour les entra\u00eeneurs"}]},{"@type":"WebSite","@id":"https:\/\/lacrosse.ca\/fr\/#website","url":"https:\/\/lacrosse.ca\/fr\/","name":"Lacrosse Canada","description":"The World&#039;s Leading Lacrosse Program","publisher":{"@id":"https:\/\/lacrosse.ca\/fr\/#organization"},"potentialAction":[{"@type":"SearchAction","target":{"@type":"EntryPoint","urlTemplate":"https:\/\/lacrosse.ca\/fr\/?s={search_term_string}"},"query-input":{"@type":"PropertyValueSpecification","valueRequired":true,"valueName":"search_term_string"}}],"inLanguage":"fr-FR"},{"@type":"Organization","@id":"https:\/\/lacrosse.ca\/fr\/#organization","name":"Lacrosse Canada","url":"https:\/\/lacrosse.ca\/fr\/","logo":{"@type":"ImageObject","inLanguage":"fr-FR","@id":"https:\/\/lacrosse.ca\/fr\/#\/schema\/logo\/image\/","url":"https:\/\/lacrosse.ca\/wp-content\/uploads\/2025\/01\/Lacrosse-Canada-Seal-Favicon.gif","contentUrl":"https:\/\/lacrosse.ca\/wp-content\/uploads\/2025\/01\/Lacrosse-Canada-Seal-Favicon.gif","width":512,"height":512,"caption":"Lacrosse Canada"},"image":{"@id":"https:\/\/lacrosse.ca\/fr\/#\/schema\/logo\/image\/"}}]}},"_links":{"self":[{"href":"https:\/\/lacrosse.ca\/fr\/wp-json\/wp\/v2\/pages\/2541","targetHints":{"allow":["GET"]}}],"collection":[{"href":"https:\/\/lacrosse.ca\/fr\/wp-json\/wp\/v2\/pages"}],"about":[{"href":"https:\/\/lacrosse.ca\/fr\/wp-json\/wp\/v2\/types\/page"}],"author":[{"embeddable":true,"href":"https:\/\/lacrosse.ca\/fr\/wp-json\/wp\/v2\/users\/3"}],"replies":[{"embeddable":true,"href":"https:\/\/lacrosse.ca\/fr\/wp-json\/wp\/v2\/comments?post=2541"}],"version-history":[{"count":0,"href":"https:\/\/lacrosse.ca\/fr\/wp-json\/wp\/v2\/pages\/2541\/revisions"}],"up":[{"embeddable":true,"href":"https:\/\/lacrosse.ca\/fr\/wp-json\/wp\/v2\/pages\/2423"}],"wp:featuredmedia":[{"embeddable":true,"href":"https:\/\/lacrosse.ca\/fr\/wp-json\/wp\/v2\/media\/1265"}],"wp:attachment":[{"href":"https:\/\/lacrosse.ca\/fr\/wp-json\/wp\/v2\/media?parent=2541"}],"curies":[{"name":"wp","href":"https:\/\/api.w.org\/{rel}","templated":true}]}}