{"id":2843,"date":"2025-04-02T18:17:57","date_gmt":"2025-04-02T18:17:57","guid":{"rendered":"https:\/\/lacrosse.ca\/carrieres-a-lacrosse-canada\/"},"modified":"2025-10-21T14:38:30","modified_gmt":"2025-10-21T14:38:30","slug":"carrieres-a-lacrosse-canada","status":"publish","type":"page","link":"https:\/\/lacrosse.ca\/fr\/carrieres-a-lacrosse-canada\/","title":{"rendered":"Carri\u00e8res\/B\u00e9n\u00e9volat"},"content":{"rendered":"\t\t<div data-elementor-type=\"wp-page\" data-elementor-id=\"2843\" class=\"elementor elementor-2843 elementor-2815\" data-elementor-post-type=\"page\">\n\t\t\t\t<div class=\"elementor-element elementor-element-630c742e e-con-full e-flex e-con e-child\" data-id=\"630c742e\" data-element_type=\"container\" data-e-type=\"container\" data-settings=\"{&quot;background_background&quot;:&quot;classic&quot;,&quot;jet_parallax_layout_list&quot;:[]}\">\n\t\t<div class=\"elementor-element elementor-element-3d2c0c8f e-con-full e-flex e-con e-child\" data-id=\"3d2c0c8f\" data-element_type=\"container\" data-e-type=\"container\" data-settings=\"{&quot;background_background&quot;:&quot;classic&quot;,&quot;jet_parallax_layout_list&quot;:[]}\">\n\t\t<div class=\"elementor-element elementor-element-737b3f45 e-con-full e-flex e-con e-child\" data-id=\"737b3f45\" data-element_type=\"container\" data-e-type=\"container\" data-settings=\"{&quot;background_background&quot;:&quot;classic&quot;,&quot;jet_parallax_layout_list&quot;:[]}\">\n\t\t<div class=\"elementor-element elementor-element-2c070c9a e-con-full e-flex e-con e-child\" data-id=\"2c070c9a\" data-element_type=\"container\" data-e-type=\"container\" data-settings=\"{&quot;jet_parallax_layout_list&quot;:[]}\">\n\t\t<div class=\"elementor-element elementor-element-304f2b59 e-con-full e-flex e-con e-child\" data-id=\"304f2b59\" data-element_type=\"container\" data-e-type=\"container\" data-settings=\"{&quot;background_background&quot;:&quot;classic&quot;,&quot;jet_parallax_layout_list&quot;:[]}\">\n\t\t\t\t<\/div>\n\t\t<div class=\"elementor-element elementor-element-2d3e5769 e-con-full e-flex e-con e-child\" data-id=\"2d3e5769\" data-element_type=\"container\" data-e-type=\"container\" data-settings=\"{&quot;jet_parallax_layout_list&quot;:[]}\">\n\t\t\t\t<div class=\"elementor-element elementor-element-3a62d380 elementor-widget elementor-widget-heading\" data-id=\"3a62d380\" data-element_type=\"widget\" data-e-type=\"widget\" data-widget_type=\"heading.default\">\n\t\t\t\t<div class=\"elementor-widget-container\">\n\t\t\t\t\t<h1 class=\"elementor-heading-title elementor-size-default\">Crosse Canada<\/h1>\t\t\t\t<\/div>\n\t\t\t\t<\/div>\n\t\t\t\t<div class=\"elementor-element elementor-element-880668b elementor-widget-divider--view-line elementor-widget elementor-widget-divider\" data-id=\"880668b\" data-element_type=\"widget\" data-e-type=\"widget\" data-widget_type=\"divider.default\">\n\t\t\t\t<div class=\"elementor-widget-container\">\n\t\t\t\t\t\t\t<div class=\"elementor-divider\">\n\t\t\t<span class=\"elementor-divider-separator\">\n\t\t\t\t\t\t<\/span>\n\t\t<\/div>\n\t\t\t\t\t\t<\/div>\n\t\t\t\t<\/div>\n\t\t\t\t<\/div>\n\t\t\t\t<\/div>\n\t\t<div class=\"elementor-element elementor-element-716852b4 e-con-full e-flex e-con e-child\" data-id=\"716852b4\" data-element_type=\"container\" data-e-type=\"container\" data-settings=\"{&quot;background_background&quot;:&quot;classic&quot;,&quot;jet_parallax_layout_list&quot;:[]}\">\n\t\t<div class=\"elementor-element elementor-element-78880575 e-con-full e-flex e-con e-child\" data-id=\"78880575\" data-element_type=\"container\" data-e-type=\"container\" data-settings=\"{&quot;background_background&quot;:&quot;classic&quot;,&quot;jet_parallax_layout_list&quot;:[]}\">\n\t\t\t\t<\/div>\n\t\t\t\t<\/div>\n\t\t\t\t<\/div>\n\t\t\t\t<\/div>\n\t\t<div class=\"elementor-element elementor-element-1877047a e-con-full elementor-hidden-mobile e-flex e-con e-child\" data-id=\"1877047a\" data-element_type=\"container\" data-e-type=\"container\" data-settings=\"{&quot;background_background&quot;:&quot;classic&quot;,&quot;jet_parallax_layout_list&quot;:[]}\">\n\t\t<div class=\"elementor-element elementor-element-31342355 e-con-full e-flex e-con e-child\" data-id=\"31342355\" data-element_type=\"container\" data-e-type=\"container\" data-settings=\"{&quot;background_background&quot;:&quot;classic&quot;,&quot;jet_parallax_layout_list&quot;:[]}\">\n\t\t<div class=\"elementor-element elementor-element-4259aa8c e-con-full e-flex e-con e-child\" data-id=\"4259aa8c\" data-element_type=\"container\" data-e-type=\"container\" data-settings=\"{&quot;jet_parallax_layout_list&quot;:[]}\">\n\t\t\t\t<\/div>\n\t\t<div class=\"elementor-element elementor-element-69166224 e-con-full elementor-hidden-tablet e-flex e-con e-child\" data-id=\"69166224\" data-element_type=\"container\" data-e-type=\"container\" data-settings=\"{&quot;background_background&quot;:&quot;classic&quot;,&quot;jet_parallax_layout_list&quot;:[]}\">\n\t\t\t\t<\/div>\n\t\t\t\t<\/div>\n\t\t\t\t<\/div>\n\t\t\t\t<\/div>\n\t\t<div class=\"elementor-element elementor-element-6cf9ff40 e-flex e-con-boxed e-con e-parent\" data-id=\"6cf9ff40\" data-element_type=\"container\" data-e-type=\"container\" id=\"more\" data-settings=\"{&quot;background_background&quot;:&quot;classic&quot;,&quot;jet_parallax_layout_list&quot;:[]}\">\n\t\t\t\t\t<div class=\"e-con-inner\">\n\t\t<div class=\"elementor-element elementor-element-7c840d8c e-con-full e-flex e-con e-child\" data-id=\"7c840d8c\" data-element_type=\"container\" data-e-type=\"container\" data-settings=\"{&quot;jet_parallax_layout_list&quot;:[]}\">\n\t\t\t\t<div class=\"elementor-element elementor-element-a6c4a17 elementor-widget elementor-widget-text-editor\" data-id=\"a6c4a17\" data-element_type=\"widget\" data-e-type=\"widget\" data-widget_type=\"text-editor.default\">\n\t\t\t\t<div class=\"elementor-widget-container\">\n\t\t\t\t\t\t\t\t\t<h2 data-start=\"0\" data-end=\"35\"><strong data-start=\"0\" data-end=\"33\">Joignez-vous \u00e0 l&rsquo;\u00e9quipe de Lacrosse Canada<\/strong><\/h2><p data-start=\"37\" data-end=\"325\">Lacrosse Canada est l&rsquo;organisme directeur national de la crosse, vou\u00e9 \u00e0 la croissance du sport \u00e0 travers le pays et au soutien des athl\u00e8tes, de la base jusqu&rsquo;\u00e0 la sc\u00e8ne mondiale. Nous sommes passionn\u00e9s par le d\u00e9veloppement du sport, l&rsquo;engagement de nos communaut\u00e9s et la mise en \u0153uvre de programmes et d&rsquo;\u00e9v\u00e9nements de premier ordre. <\/p><p data-start=\"327\" data-end=\"435\">Explorez les possibilit\u00e9s de carri\u00e8re qui s&rsquo;offrent \u00e0 vous et faites partie d&rsquo;une \u00e9quipe dynamique qui fa\u00e7onne l&rsquo;avenir de la crosse au Canada.<\/p><h3 data-start=\"327\" data-end=\"435\">Offres d&#8217;emploi actuelles:<\/h3><p><a href=\"https:\/\/lacrosse.ca\/join-the-lacrosse-canada-board-of-directors\/\">Membres du conseil d\u2019administration de Lacrosse Canada<\/a><\/p><p><a href=\"https:\/\/lacrosse.ca\/lacrosse-canada-opens-applications-for-steering-group-lead-role\/\">Responsable principal du pilotage<\/a><\/p>\t\t\t\t\t\t\t\t<\/div>\n\t\t\t\t<\/div>\n\t\t\t\t<\/div>\n\t\t<div class=\"elementor-element elementor-element-3656dad3 e-con-full e-flex e-con e-child\" data-id=\"3656dad3\" data-element_type=\"container\" data-e-type=\"container\" data-settings=\"{&quot;background_background&quot;:&quot;classic&quot;,&quot;jet_parallax_layout_list&quot;:[]}\">\n\t\t\t\t<\/div>\n\t\t\t\t\t<\/div>\n\t\t\t\t<\/div>\n\t\t<div class=\"elementor-element elementor-element-717b56b5 e-con-full e-flex e-con e-child\" data-id=\"717b56b5\" data-element_type=\"container\" data-e-type=\"container\" data-settings=\"{&quot;jet_parallax_layout_list&quot;:[]}\">\n\t\t\t\t<\/div>\n\t\t\t\t<\/div>\n\t\t","protected":false},"excerpt":{"rendered":"<p>Crosse Canada Joignez-vous \u00e0 l&rsquo;\u00e9quipe de Lacrosse Canada Lacrosse Canada est l&rsquo;organisme directeur national de la crosse, vou\u00e9 \u00e0 la croissance du sport \u00e0 travers le pays et au soutien des athl\u00e8tes, de la base jusqu&rsquo;\u00e0 la sc\u00e8ne mondiale. Nous sommes passionn\u00e9s par le d\u00e9veloppement du sport, l&rsquo;engagement de nos communaut\u00e9s et la mise en [&hellip;]<\/p>\n","protected":false},"author":4,"featured_media":0,"parent":0,"menu_order":0,"comment_status":"closed","ping_status":"closed","template":"","meta":{"_acf_changed":false,"_bbp_topic_count":0,"_bbp_reply_count":0,"_bbp_total_topic_count":0,"_bbp_total_reply_count":0,"_bbp_voice_count":0,"_bbp_anonymous_reply_count":0,"_bbp_topic_count_hidden":0,"_bbp_reply_count_hidden":0,"_bbp_forum_subforum_count":0,"footnotes":""},"class_list":["post-2843","page","type-page","status-publish","hentry"],"acf":[],"yoast_head":"<!-- This site is optimized with the Yoast SEO plugin v27.2 - https:\/\/yoast.com\/product\/yoast-seo-wordpress\/ -->\n<title>Carri\u00e8res\/B\u00e9n\u00e9volat - Lacrosse Canada<\/title>\n<meta name=\"description\" content=\"Explorez les possibilit\u00e9s de carri\u00e8re au sein de Lacrosse Canada, l&#039;organisme directeur national qui se consacre \u00e0 la croissance du jeu et au soutien des athl\u00e8tes dans tout le pays.\" \/>\n<meta name=\"robots\" content=\"index, follow, max-snippet:-1, max-image-preview:large, max-video-preview:-1\" \/>\n<link rel=\"canonical\" href=\"https:\/\/lacrosse.ca\/fr\/carrieres-a-lacrosse-canada\/\" \/>\n<meta property=\"og:locale\" content=\"fr_FR\" \/>\n<meta property=\"og:type\" content=\"article\" \/>\n<meta property=\"og:title\" content=\"Carri\u00e8res\/B\u00e9n\u00e9volat - Lacrosse Canada\" \/>\n<meta property=\"og:description\" content=\"Explorez les possibilit\u00e9s de carri\u00e8re au sein de Lacrosse Canada, l&#039;organisme directeur national qui se consacre \u00e0 la croissance du jeu et au soutien des athl\u00e8tes dans tout le pays.\" \/>\n<meta property=\"og:url\" content=\"https:\/\/lacrosse.ca\/fr\/carrieres-a-lacrosse-canada\/\" \/>\n<meta property=\"og:site_name\" content=\"Lacrosse Canada\" \/>\n<meta property=\"article:modified_time\" content=\"2025-10-21T14:38:30+00:00\" \/>\n<meta name=\"twitter:card\" content=\"summary_large_image\" \/>\n<meta name=\"twitter:label1\" content=\"Est. reading time\" \/>\n\t<meta name=\"twitter:data1\" content=\"1 minute\" \/>\n<script type=\"application\/ld+json\" class=\"yoast-schema-graph\">{\"@context\":\"https:\/\/schema.org\",\"@graph\":[{\"@type\":\"WebPage\",\"@id\":\"https:\/\/lacrosse.ca\/fr\/carrieres-a-lacrosse-canada\/\",\"url\":\"https:\/\/lacrosse.ca\/fr\/carrieres-a-lacrosse-canada\/\",\"name\":\"Carri\u00e8res\/B\u00e9n\u00e9volat - Lacrosse Canada\",\"isPartOf\":{\"@id\":\"https:\/\/lacrosse.ca\/fr\/#website\"},\"datePublished\":\"2025-04-02T18:17:57+00:00\",\"dateModified\":\"2025-10-21T14:38:30+00:00\",\"description\":\"Explorez les possibilit\u00e9s de carri\u00e8re au sein de Lacrosse Canada, l'organisme directeur national qui se consacre \u00e0 la croissance du jeu et au soutien des athl\u00e8tes dans tout le pays.\",\"breadcrumb\":{\"@id\":\"https:\/\/lacrosse.ca\/fr\/carrieres-a-lacrosse-canada\/#breadcrumb\"},\"inLanguage\":\"fr-FR\",\"potentialAction\":[{\"@type\":\"ReadAction\",\"target\":[\"https:\/\/lacrosse.ca\/fr\/carrieres-a-lacrosse-canada\/\"]}]},{\"@type\":\"BreadcrumbList\",\"@id\":\"https:\/\/lacrosse.ca\/fr\/carrieres-a-lacrosse-canada\/#breadcrumb\",\"itemListElement\":[{\"@type\":\"ListItem\",\"position\":1,\"name\":\"Home\",\"item\":\"https:\/\/lacrosse.ca\/fr\/maison-2\/\"},{\"@type\":\"ListItem\",\"position\":2,\"name\":\"Carri\u00e8res\/B\u00e9n\u00e9volat\"}]},{\"@type\":\"WebSite\",\"@id\":\"https:\/\/lacrosse.ca\/fr\/#website\",\"url\":\"https:\/\/lacrosse.ca\/fr\/\",\"name\":\"Lacrosse Canada\",\"description\":\"The World&#039;s Leading Lacrosse Program\",\"publisher\":{\"@id\":\"https:\/\/lacrosse.ca\/fr\/#organization\"},\"potentialAction\":[{\"@type\":\"SearchAction\",\"target\":{\"@type\":\"EntryPoint\",\"urlTemplate\":\"https:\/\/lacrosse.ca\/fr\/?s={search_term_string}\"},\"query-input\":{\"@type\":\"PropertyValueSpecification\",\"valueRequired\":true,\"valueName\":\"search_term_string\"}}],\"inLanguage\":\"fr-FR\"},{\"@type\":\"Organization\",\"@id\":\"https:\/\/lacrosse.ca\/fr\/#organization\",\"name\":\"Lacrosse Canada\",\"url\":\"https:\/\/lacrosse.ca\/fr\/\",\"logo\":{\"@type\":\"ImageObject\",\"inLanguage\":\"fr-FR\",\"@id\":\"https:\/\/lacrosse.ca\/fr\/#\/schema\/logo\/image\/\",\"url\":\"https:\/\/lacrosse.ca\/wp-content\/uploads\/2025\/01\/Lacrosse-Canada-Seal-Favicon.gif\",\"contentUrl\":\"https:\/\/lacrosse.ca\/wp-content\/uploads\/2025\/01\/Lacrosse-Canada-Seal-Favicon.gif\",\"width\":512,\"height\":512,\"caption\":\"Lacrosse Canada\"},\"image\":{\"@id\":\"https:\/\/lacrosse.ca\/fr\/#\/schema\/logo\/image\/\"}}]}<\/script>\n<!-- \/ Yoast SEO plugin. -->","yoast_head_json":{"title":"Carri\u00e8res\/B\u00e9n\u00e9volat - Lacrosse Canada","description":"Explorez les possibilit\u00e9s de carri\u00e8re au sein de Lacrosse Canada, l'organisme directeur national qui se consacre \u00e0 la croissance du jeu et au soutien des athl\u00e8tes dans tout le pays.","robots":{"index":"index","follow":"follow","max-snippet":"max-snippet:-1","max-image-preview":"max-image-preview:large","max-video-preview":"max-video-preview:-1"},"canonical":"https:\/\/lacrosse.ca\/fr\/carrieres-a-lacrosse-canada\/","og_locale":"fr_FR","og_type":"article","og_title":"Carri\u00e8res\/B\u00e9n\u00e9volat - Lacrosse Canada","og_description":"Explorez les possibilit\u00e9s de carri\u00e8re au sein de Lacrosse Canada, l'organisme directeur national qui se consacre \u00e0 la croissance du jeu et au soutien des athl\u00e8tes dans tout le pays.","og_url":"https:\/\/lacrosse.ca\/fr\/carrieres-a-lacrosse-canada\/","og_site_name":"Lacrosse Canada","article_modified_time":"2025-10-21T14:38:30+00:00","twitter_card":"summary_large_image","twitter_misc":{"Est. reading time":"1 minute"},"schema":{"@context":"https:\/\/schema.org","@graph":[{"@type":"WebPage","@id":"https:\/\/lacrosse.ca\/fr\/carrieres-a-lacrosse-canada\/","url":"https:\/\/lacrosse.ca\/fr\/carrieres-a-lacrosse-canada\/","name":"Carri\u00e8res\/B\u00e9n\u00e9volat - Lacrosse Canada","isPartOf":{"@id":"https:\/\/lacrosse.ca\/fr\/#website"},"datePublished":"2025-04-02T18:17:57+00:00","dateModified":"2025-10-21T14:38:30+00:00","description":"Explorez les possibilit\u00e9s de carri\u00e8re au sein de Lacrosse Canada, l'organisme directeur national qui se consacre \u00e0 la croissance du jeu et au soutien des athl\u00e8tes dans tout le pays.","breadcrumb":{"@id":"https:\/\/lacrosse.ca\/fr\/carrieres-a-lacrosse-canada\/#breadcrumb"},"inLanguage":"fr-FR","potentialAction":[{"@type":"ReadAction","target":["https:\/\/lacrosse.ca\/fr\/carrieres-a-lacrosse-canada\/"]}]},{"@type":"BreadcrumbList","@id":"https:\/\/lacrosse.ca\/fr\/carrieres-a-lacrosse-canada\/#breadcrumb","itemListElement":[{"@type":"ListItem","position":1,"name":"Home","item":"https:\/\/lacrosse.ca\/fr\/maison-2\/"},{"@type":"ListItem","position":2,"name":"Carri\u00e8res\/B\u00e9n\u00e9volat"}]},{"@type":"WebSite","@id":"https:\/\/lacrosse.ca\/fr\/#website","url":"https:\/\/lacrosse.ca\/fr\/","name":"Lacrosse Canada","description":"The World&#039;s Leading Lacrosse Program","publisher":{"@id":"https:\/\/lacrosse.ca\/fr\/#organization"},"potentialAction":[{"@type":"SearchAction","target":{"@type":"EntryPoint","urlTemplate":"https:\/\/lacrosse.ca\/fr\/?s={search_term_string}"},"query-input":{"@type":"PropertyValueSpecification","valueRequired":true,"valueName":"search_term_string"}}],"inLanguage":"fr-FR"},{"@type":"Organization","@id":"https:\/\/lacrosse.ca\/fr\/#organization","name":"Lacrosse Canada","url":"https:\/\/lacrosse.ca\/fr\/","logo":{"@type":"ImageObject","inLanguage":"fr-FR","@id":"https:\/\/lacrosse.ca\/fr\/#\/schema\/logo\/image\/","url":"https:\/\/lacrosse.ca\/wp-content\/uploads\/2025\/01\/Lacrosse-Canada-Seal-Favicon.gif","contentUrl":"https:\/\/lacrosse.ca\/wp-content\/uploads\/2025\/01\/Lacrosse-Canada-Seal-Favicon.gif","width":512,"height":512,"caption":"Lacrosse Canada"},"image":{"@id":"https:\/\/lacrosse.ca\/fr\/#\/schema\/logo\/image\/"}}]}},"_links":{"self":[{"href":"https:\/\/lacrosse.ca\/fr\/wp-json\/wp\/v2\/pages\/2843","targetHints":{"allow":["GET"]}}],"collection":[{"href":"https:\/\/lacrosse.ca\/fr\/wp-json\/wp\/v2\/pages"}],"about":[{"href":"https:\/\/lacrosse.ca\/fr\/wp-json\/wp\/v2\/types\/page"}],"author":[{"embeddable":true,"href":"https:\/\/lacrosse.ca\/fr\/wp-json\/wp\/v2\/users\/4"}],"replies":[{"embeddable":true,"href":"https:\/\/lacrosse.ca\/fr\/wp-json\/wp\/v2\/comments?post=2843"}],"version-history":[{"count":0,"href":"https:\/\/lacrosse.ca\/fr\/wp-json\/wp\/v2\/pages\/2843\/revisions"}],"wp:attachment":[{"href":"https:\/\/lacrosse.ca\/fr\/wp-json\/wp\/v2\/media?parent=2843"}],"curies":[{"name":"wp","href":"https:\/\/api.w.org\/{rel}","templated":true}]}}