{"id":2935,"date":"2025-03-21T17:24:44","date_gmt":"2025-03-21T17:24:44","guid":{"rendered":"https:\/\/lacrosse.ca\/crosse-en-boite\/"},"modified":"2025-04-09T19:31:06","modified_gmt":"2025-04-09T19:31:06","slug":"crosse-en-boite","status":"publish","type":"page","link":"https:\/\/lacrosse.ca\/fr\/crosse-en-boite\/","title":{"rendered":"Crosse en bo\u00eete"},"content":{"rendered":"\t\t<div data-elementor-type=\"wp-page\" data-elementor-id=\"2935\" class=\"elementor elementor-2935 elementor-2553\" data-elementor-post-type=\"page\">\n\t\t\t\t<div class=\"elementor-element elementor-element-7e501068 e-con-full e-flex e-con e-child\" data-id=\"7e501068\" data-element_type=\"container\" data-e-type=\"container\" data-settings=\"{&quot;background_background&quot;:&quot;classic&quot;,&quot;jet_parallax_layout_list&quot;:[]}\">\n\t\t<div class=\"elementor-element elementor-element-4acf62b e-con-full e-flex e-con e-child\" data-id=\"4acf62b\" data-element_type=\"container\" data-e-type=\"container\" data-settings=\"{&quot;background_background&quot;:&quot;classic&quot;,&quot;jet_parallax_layout_list&quot;:[]}\">\n\t\t<div class=\"elementor-element elementor-element-15882915 e-con-full e-flex e-con e-child\" data-id=\"15882915\" data-element_type=\"container\" data-e-type=\"container\" data-settings=\"{&quot;background_background&quot;:&quot;classic&quot;,&quot;jet_parallax_layout_list&quot;:[]}\">\n\t\t<div class=\"elementor-element elementor-element-22cd9f65 e-con-full e-flex e-con e-child\" data-id=\"22cd9f65\" data-element_type=\"container\" data-e-type=\"container\" data-settings=\"{&quot;jet_parallax_layout_list&quot;:[]}\">\n\t\t<div class=\"elementor-element elementor-element-43da3f0 e-con-full e-flex e-con e-child\" data-id=\"43da3f0\" data-element_type=\"container\" data-e-type=\"container\" data-settings=\"{&quot;background_background&quot;:&quot;classic&quot;,&quot;jet_parallax_layout_list&quot;:[]}\">\n\t\t\t\t<\/div>\n\t\t<div class=\"elementor-element elementor-element-79df7a2f e-con-full e-flex e-con e-child\" data-id=\"79df7a2f\" data-element_type=\"container\" data-e-type=\"container\" data-settings=\"{&quot;jet_parallax_layout_list&quot;:[]}\">\n\t\t\t\t<div class=\"elementor-element elementor-element-adad46e elementor-widget elementor-widget-heading\" data-id=\"adad46e\" data-element_type=\"widget\" data-e-type=\"widget\" data-widget_type=\"heading.default\">\n\t\t\t\t<div class=\"elementor-widget-container\">\n\t\t\t\t\t<h1 class=\"elementor-heading-title elementor-size-default\">Crosse Canada<\/h1>\t\t\t\t<\/div>\n\t\t\t\t<\/div>\n\t\t\t\t<div class=\"elementor-element elementor-element-35329fb3 elementor-widget-divider--view-line elementor-widget elementor-widget-divider\" data-id=\"35329fb3\" data-element_type=\"widget\" data-e-type=\"widget\" data-widget_type=\"divider.default\">\n\t\t\t\t<div class=\"elementor-widget-container\">\n\t\t\t\t\t\t\t<div class=\"elementor-divider\">\n\t\t\t<span class=\"elementor-divider-separator\">\n\t\t\t\t\t\t<\/span>\n\t\t<\/div>\n\t\t\t\t\t\t<\/div>\n\t\t\t\t<\/div>\n\t\t\t\t<\/div>\n\t\t\t\t<\/div>\n\t\t<div class=\"elementor-element elementor-element-231404f9 e-con-full e-flex e-con e-child\" data-id=\"231404f9\" data-element_type=\"container\" data-e-type=\"container\" data-settings=\"{&quot;background_background&quot;:&quot;classic&quot;,&quot;jet_parallax_layout_list&quot;:[]}\">\n\t\t<div class=\"elementor-element elementor-element-3ddade17 e-con-full e-flex e-con e-child\" data-id=\"3ddade17\" data-element_type=\"container\" data-e-type=\"container\" data-settings=\"{&quot;background_background&quot;:&quot;classic&quot;,&quot;jet_parallax_layout_list&quot;:[]}\">\n\t\t\t\t<\/div>\n\t\t\t\t<\/div>\n\t\t\t\t<\/div>\n\t\t\t\t<\/div>\n\t\t<div class=\"elementor-element elementor-element-1e44903c e-con-full elementor-hidden-mobile e-flex e-con e-child\" data-id=\"1e44903c\" data-element_type=\"container\" data-e-type=\"container\" data-settings=\"{&quot;background_background&quot;:&quot;classic&quot;,&quot;jet_parallax_layout_list&quot;:[]}\">\n\t\t<div class=\"elementor-element elementor-element-4c78f4cc e-con-full e-flex e-con e-child\" data-id=\"4c78f4cc\" data-element_type=\"container\" data-e-type=\"container\" data-settings=\"{&quot;background_background&quot;:&quot;classic&quot;,&quot;jet_parallax_layout_list&quot;:[]}\">\n\t\t<div class=\"elementor-element elementor-element-60c4acd0 e-con-full e-flex e-con e-child\" data-id=\"60c4acd0\" data-element_type=\"container\" data-e-type=\"container\" data-settings=\"{&quot;jet_parallax_layout_list&quot;:[]}\">\n\t\t\t\t<\/div>\n\t\t<div class=\"elementor-element elementor-element-2e53248b e-con-full elementor-hidden-tablet e-flex e-con e-child\" data-id=\"2e53248b\" data-element_type=\"container\" data-e-type=\"container\" data-settings=\"{&quot;background_background&quot;:&quot;classic&quot;,&quot;jet_parallax_layout_list&quot;:[]}\">\n\t\t\t\t<\/div>\n\t\t\t\t<\/div>\n\t\t\t\t<\/div>\n\t\t\t\t<\/div>\n\t\t<div class=\"elementor-element elementor-element-55b937cc e-con-full e-flex e-con e-child\" data-id=\"55b937cc\" data-element_type=\"container\" data-e-type=\"container\" data-settings=\"{&quot;jet_parallax_layout_list&quot;:[]}\">\n\t\t<div class=\"elementor-element elementor-element-7c8d4d04 e-con-full e-flex e-con e-child\" data-id=\"7c8d4d04\" data-element_type=\"container\" data-e-type=\"container\" data-settings=\"{&quot;jet_parallax_layout_list&quot;:[]}\">\n\t\t\t\t<div class=\"elementor-element elementor-element-305ff008 elementor-widget elementor-widget-heading\" data-id=\"305ff008\" data-element_type=\"widget\" data-e-type=\"widget\" data-widget_type=\"heading.default\">\n\t\t\t\t<div class=\"elementor-widget-container\">\n\t\t\t\t\t<h2 class=\"elementor-heading-title elementor-size-default\">Une \u00e9volution canadienne<\/h2>\t\t\t\t<\/div>\n\t\t\t\t<\/div>\n\t\t\t\t<div class=\"elementor-element elementor-element-6de1f178 elementor-widget elementor-widget-text-editor\" data-id=\"6de1f178\" data-element_type=\"widget\" data-e-type=\"widget\" data-widget_type=\"text-editor.default\">\n\t\t\t\t<div class=\"elementor-widget-container\">\n\t\t\t\t\t\t\t\t\t<p>La crosse en enclos, \u00e9galement connue sous le nom de crosse int\u00e9rieure, est une version rapide du sport pratiqu\u00e9 dans un ar\u00e9na ferm\u00e9. D\u00e9velopp\u00e9 au Canada, il a des liens \u00e9troits avec l\u2019histoire du pays et est consid\u00e9r\u00e9 comme l\u2019un des sports nationaux du Canada. <\/p>\n<p>La crosse trouve ses origines dans les cultures indig\u00e8nes, o\u00f9 elle \u00e9tait connue sous le nom de<i> baggataway. <\/i>La crosse en bo\u00eete, en particulier, a \u00e9t\u00e9 cr\u00e9\u00e9e dans les ann\u00e9es 1930 pour permettre aux joueurs de continuer \u00e0 jouer pendant les mois d&rsquo;hiver. Aujourd&rsquo;hui, la crosse est un \u00e9l\u00e9ment important de la culture canadienne, la National Lacrosse League (NLL) \u00e9tant l&rsquo;une des principales ligues professionnelles.  <\/p>\t\t\t\t\t\t\t\t<\/div>\n\t\t\t\t<\/div>\n\t\t\t\t<div class=\"elementor-element elementor-element-6f6baf8b elementor-widget elementor-widget-spacer\" data-id=\"6f6baf8b\" data-element_type=\"widget\" data-e-type=\"widget\" data-widget_type=\"spacer.default\">\n\t\t\t\t<div class=\"elementor-widget-container\">\n\t\t\t\t\t\t\t<div class=\"elementor-spacer\">\n\t\t\t<div class=\"elementor-spacer-inner\"><\/div>\n\t\t<\/div>\n\t\t\t\t\t\t<\/div>\n\t\t\t\t<\/div>\n\t\t<div class=\"elementor-element elementor-element-50482826 e-con-full e-flex e-con e-child\" data-id=\"50482826\" data-element_type=\"container\" data-e-type=\"container\" data-settings=\"{&quot;background_background&quot;:&quot;classic&quot;,&quot;jet_parallax_layout_list&quot;:[]}\">\n\t\t\t\t<div class=\"elementor-element elementor-element-61b4c4fe elementor-widget elementor-widget-button\" data-id=\"61b4c4fe\" data-element_type=\"widget\" data-e-type=\"widget\" id=\"wph-back-button\" data-widget_type=\"button.default\">\n\t\t\t\t<div class=\"elementor-widget-container\">\n\t\t\t\t\t\t\t\t\t<div class=\"elementor-button-wrapper\">\n\t\t\t\t\t<a class=\"elementor-button elementor-button-link elementor-size-sm\" href=\"#more\">\n\t\t\t\t\t\t<span class=\"elementor-button-content-wrapper\">\n\t\t\t\t\t\t<span class=\"elementor-button-icon\">\n\t\t\t\t<svg xmlns=\"http:\/\/www.w3.org\/2000\/svg\" xmlns:xlink=\"http:\/\/www.w3.org\/1999\/xlink\" id=\"a\" x=\"0px\" y=\"0px\" viewBox=\"0 0 10 10\" style=\"enable-background:new 0 0 10 10;\" xml:space=\"preserve\"><style type=\"text\/css\">\t.st0{fill:#FFFFFF;}<\/style><polygon class=\"st0\" points=\"10,0 8,0 8,6.6 1.4,0 0,1.4 6.5,8 0,8 0,10 10,10 \"><\/polygon><\/svg>\t\t\t<\/span>\n\t\t\t\t\t\t\t\t\t<span class=\"elementor-button-text\">Plus<\/span>\n\t\t\t\t\t<\/span>\n\t\t\t\t\t<\/a>\n\t\t\t\t<\/div>\n\t\t\t\t\t\t\t\t<\/div>\n\t\t\t\t<\/div>\n\t\t\t\t<\/div>\n\t\t\t\t<\/div>\n\t\t<div class=\"elementor-element elementor-element-10513690 e-con-full e-flex e-con e-child\" data-id=\"10513690\" data-element_type=\"container\" data-e-type=\"container\" data-settings=\"{&quot;jet_parallax_layout_list&quot;:[]}\">\n\t\t\t\t<div class=\"elementor-element elementor-element-3cbb833f elementor-hidden-tablet elementor-hidden-mobile elementor-widget-divider--view-line elementor-widget elementor-widget-divider\" data-id=\"3cbb833f\" data-element_type=\"widget\" data-e-type=\"widget\" data-widget_type=\"divider.default\">\n\t\t\t\t<div class=\"elementor-widget-container\">\n\t\t\t\t\t\t\t<div class=\"elementor-divider\">\n\t\t\t<span class=\"elementor-divider-separator\">\n\t\t\t\t\t\t<\/span>\n\t\t<\/div>\n\t\t\t\t\t\t<\/div>\n\t\t\t\t<\/div>\n\t\t<div class=\"elementor-element elementor-element-16803c59 e-con-full e-flex e-con e-child\" data-id=\"16803c59\" data-element_type=\"container\" data-e-type=\"container\" data-settings=\"{&quot;background_background&quot;:&quot;classic&quot;,&quot;background_motion_fx_motion_fx_scrolling&quot;:&quot;yes&quot;,&quot;background_motion_fx_translateY_effect&quot;:&quot;yes&quot;,&quot;background_motion_fx_translateY_speed&quot;:{&quot;unit&quot;:&quot;px&quot;,&quot;size&quot;:2,&quot;sizes&quot;:[]},&quot;jet_parallax_layout_list&quot;:[],&quot;background_motion_fx_translateY_affectedRange&quot;:{&quot;unit&quot;:&quot;%&quot;,&quot;size&quot;:&quot;&quot;,&quot;sizes&quot;:{&quot;start&quot;:0,&quot;end&quot;:100}},&quot;background_motion_fx_devices&quot;:[&quot;desktop&quot;,&quot;laptop&quot;,&quot;tablet&quot;,&quot;mobile&quot;]}\">\n\t\t\t\t<div class=\"elementor-element elementor-element-205b3dc elementor-widget elementor-widget-video\" data-id=\"205b3dc\" data-element_type=\"widget\" data-e-type=\"widget\" data-settings=\"{&quot;youtube_url&quot;:&quot;https:\\\/\\\/www.youtube.com\\\/watch?v=oQXi-IT7M7c&quot;,&quot;start&quot;:5,&quot;video_type&quot;:&quot;youtube&quot;,&quot;controls&quot;:&quot;yes&quot;}\" data-widget_type=\"video.default\">\n\t\t\t\t<div class=\"elementor-widget-container\">\n\t\t\t\t\t\t\t<div class=\"elementor-wrapper elementor-open-inline\">\n\t\t\t<div class=\"elementor-video\"><\/div>\t\t<\/div>\n\t\t\t\t\t\t<\/div>\n\t\t\t\t<\/div>\n\t\t\t\t<\/div>\n\t\t\t\t<\/div>\n\t\t\t\t<\/div>\n\t\t<div class=\"elementor-element elementor-element-5ebc8f02 e-flex e-con-boxed e-con e-parent\" data-id=\"5ebc8f02\" data-element_type=\"container\" data-e-type=\"container\" id=\"more\" data-settings=\"{&quot;background_background&quot;:&quot;classic&quot;,&quot;jet_parallax_layout_list&quot;:[]}\">\n\t\t\t\t\t<div class=\"e-con-inner\">\n\t\t<div class=\"elementor-element elementor-element-4f804e5a e-con-full e-flex e-con e-child\" data-id=\"4f804e5a\" data-element_type=\"container\" data-e-type=\"container\" data-settings=\"{&quot;jet_parallax_layout_list&quot;:[]}\">\n\t\t\t\t<div class=\"elementor-element elementor-element-636e98a elementor-widget elementor-widget-text-editor\" data-id=\"636e98a\" data-element_type=\"widget\" data-e-type=\"widget\" data-widget_type=\"text-editor.default\">\n\t\t\t\t<div class=\"elementor-widget-container\">\n\t\t\t\t\t\t\t\t\t<h3><strong>Comment \u00e7a se joue<\/strong><\/h3>\n<p>La crosse en bo\u00eete se joue avec six joueurs par \u00e9quipe, dont un gardien de but, sur une petite patinoire int\u00e9rieure. L&rsquo;objectif est de marquer en tirant une balle en caoutchouc dans le filet de l&rsquo;adversaire \u00e0 l&rsquo;aide d&rsquo;une crosse \u00e0 long manche. Le jeu se d\u00e9roule en quatre quarts-temps de 15 minutes et est r\u00e9put\u00e9 pour sa rapidit\u00e9 et son caract\u00e8re physique.  <\/p>\n<h3><strong>R\u00e8gles de base<\/strong><\/h3>\n<ul>\n<li><strong>Dur\u00e9e du match<\/strong> : Quatre quarts d&rsquo;heure de 15 minutes.<\/li>\n<li><strong>Joueurs<\/strong> : Six par \u00e9quipe, dont un gardien de but.<\/li>\n<li><strong>Possession<\/strong> : Les \u00e9quipes ont 30 secondes pour tirer une fois qu&rsquo;elles ont la possession du ballon.<\/li>\n<li><strong>P\u00e9nalit\u00e9s <\/strong>: Les joueurs passent du temps sur le banc des p\u00e9nalit\u00e9s pour les fautes commises, laissant leur \u00e9quipe \u00e0 court de personnel.<\/li>\n<li><strong>Remplacements<\/strong> : Ils peuvent \u00eatre effectu\u00e9s \u00e0 tout moment, mais les joueurs doivent entrer depuis le banc de touche.<br><br><\/li>\n<\/ul>\n<h3><strong>La s\u00e9curit\u00e9 dans la crosse en bo\u00eete<\/strong><\/h3>\n<p>Bien que la crosse en bo\u00eete soit connue pour son c\u00f4t\u00e9 physique et son rythme rapide, la s\u00e9curit\u00e9 est une priorit\u00e9 absolue. Les joueurs sont tenus de porter des \u00e9quipements de protection, notamment des casques avec masque facial, des \u00e9pauli\u00e8res, des coudi\u00e8res, des gants et des prot\u00e8ge-dents.  <\/p>\n<p>Les entra\u00eeneurs et les officiels sont form\u00e9s pour reconna\u00eetre les signes de blessure, en particulier les traumatismes cr\u00e2niens, et prendre des mesures imm\u00e9diates si n\u00e9cessaire. Comme pour tout sport \u00e0 fort contact, un entra\u00eenement appropri\u00e9, une bonne condition physique et le respect des consignes de s\u00e9curit\u00e9 sont essentiels pour pr\u00e9venir les blessures et faire en sorte que le jeu reste agr\u00e9able pour toutes les personnes impliqu\u00e9es.  <\/p>\t\t\t\t\t\t\t\t<\/div>\n\t\t\t\t<\/div>\n\t\t\t\t<\/div>\n\t\t<div class=\"elementor-element elementor-element-56fa5bcd e-con-full e-flex e-con e-child\" data-id=\"56fa5bcd\" data-element_type=\"container\" data-e-type=\"container\" data-settings=\"{&quot;background_background&quot;:&quot;classic&quot;,&quot;jet_parallax_layout_list&quot;:[]}\">\n\t\t\t\t<\/div>\n\t\t\t\t\t<\/div>\n\t\t\t\t<\/div>\n\t\t<div class=\"elementor-element elementor-element-55c6c686 e-con-full e-flex e-con e-child\" data-id=\"55c6c686\" data-element_type=\"container\" data-e-type=\"container\" data-settings=\"{&quot;background_background&quot;:&quot;classic&quot;,&quot;jet_parallax_layout_list&quot;:[]}\">\n\t\t<div class=\"elementor-element elementor-element-53236014 e-con-full e-flex e-con e-child\" data-id=\"53236014\" data-element_type=\"container\" data-e-type=\"container\" data-settings=\"{&quot;jet_parallax_layout_list&quot;:[]}\">\n\t\t\t\t<\/div>\n\t\t<div class=\"elementor-element elementor-element-145b9f27 e-con-full e-flex e-con e-child\" data-id=\"145b9f27\" data-element_type=\"container\" data-e-type=\"container\" data-settings=\"{&quot;background_background&quot;:&quot;classic&quot;,&quot;jet_parallax_layout_list&quot;:[]}\">\n\t\t\t\t<div class=\"elementor-element elementor-element-476f3868 elementor-widget__width-initial elementor-widget elementor-widget-html\" data-id=\"476f3868\" data-element_type=\"widget\" data-e-type=\"widget\" data-widget_type=\"html.default\">\n\t\t\t\t<div class=\"elementor-widget-container\">\n\t\t\t\t\t<svg xmlns=\"http:\/\/www.w3.org\/2000\/svg\" xmlns:xlink=\"http:\/\/www.w3.org\/1999\/xlink\" version=\"1.1\" id=\"Layer_1\" x=\"0px\" y=\"0px\" viewbox=\"0 0 200 50\" style=\"enable-background:new 0 0 200 50;\" xml:space=\"preserve\">\n<style type=\"text\/css\">\n .st03{fill:#CE0E2D;}\n<\/style>\n<polygon class=\"st03\" points=\"50,0 0,50 200,50 200,0  \"><\/polygon>\n<\/svg>\t\t\t\t<\/div>\n\t\t\t\t<\/div>\n\t\t\t\t<\/div>\n\t\t\t\t<\/div>\n\t\t<div class=\"elementor-element elementor-element-2ef8449 e-flex e-con-boxed e-con e-parent\" data-id=\"2ef8449\" data-element_type=\"container\" data-e-type=\"container\" data-settings=\"{&quot;jet_parallax_layout_list&quot;:[]}\">\n\t\t\t\t\t<div class=\"e-con-inner\">\n\t\t\t\t<div class=\"elementor-element elementor-element-59ef731 elementor-widget elementor-widget-spacer\" data-id=\"59ef731\" data-element_type=\"widget\" data-e-type=\"widget\" data-widget_type=\"spacer.default\">\n\t\t\t\t<div class=\"elementor-widget-container\">\n\t\t\t\t\t\t\t<div class=\"elementor-spacer\">\n\t\t\t<div class=\"elementor-spacer-inner\"><\/div>\n\t\t<\/div>\n\t\t\t\t\t\t<\/div>\n\t\t\t\t<\/div>\n\t\t\t\t\t<\/div>\n\t\t\t\t<\/div>\n\t\t\t\t<\/div>\n\t\t","protected":false},"excerpt":{"rendered":"<p>Crosse Canada Une \u00e9volution canadienne La crosse en enclos, \u00e9galement connue sous le nom de crosse int\u00e9rieure, est une version rapide du sport pratiqu\u00e9 dans un ar\u00e9na ferm\u00e9. D\u00e9velopp\u00e9 au Canada, il a des liens \u00e9troits avec l\u2019histoire du pays et est consid\u00e9r\u00e9 comme l\u2019un des sports nationaux du Canada. La crosse trouve ses origines [&hellip;]<\/p>\n","protected":false},"author":4,"featured_media":0,"parent":0,"menu_order":0,"comment_status":"closed","ping_status":"closed","template":"","meta":{"_acf_changed":false,"_bbp_topic_count":0,"_bbp_reply_count":0,"_bbp_total_topic_count":0,"_bbp_total_reply_count":0,"_bbp_voice_count":0,"_bbp_anonymous_reply_count":0,"_bbp_topic_count_hidden":0,"_bbp_reply_count_hidden":0,"_bbp_forum_subforum_count":0,"footnotes":""},"class_list":["post-2935","page","type-page","status-publish","hentry"],"acf":[],"yoast_head":"<!-- This site is optimized with the Yoast SEO plugin v27.2 - https:\/\/yoast.com\/product\/yoast-seo-wordpress\/ -->\n<title>Crosse en bo\u00eete - Lacrosse Canada<\/title>\n<meta name=\"robots\" content=\"index, follow, max-snippet:-1, max-image-preview:large, max-video-preview:-1\" \/>\n<link rel=\"canonical\" href=\"https:\/\/lacrosse.ca\/fr\/crosse-en-boite\/\" \/>\n<meta property=\"og:locale\" content=\"fr_FR\" \/>\n<meta property=\"og:type\" content=\"article\" \/>\n<meta property=\"og:title\" content=\"Crosse en bo\u00eete - Lacrosse Canada\" \/>\n<meta property=\"og:description\" content=\"Crosse Canada Une \u00e9volution canadienne La crosse en enclos, \u00e9galement connue sous le nom de crosse int\u00e9rieure, est une version rapide du sport pratiqu\u00e9 dans un ar\u00e9na ferm\u00e9. D\u00e9velopp\u00e9 au Canada, il a des liens \u00e9troits avec l\u2019histoire du pays et est consid\u00e9r\u00e9 comme l\u2019un des sports nationaux du Canada. La crosse trouve ses origines [&hellip;]\" \/>\n<meta property=\"og:url\" content=\"https:\/\/lacrosse.ca\/fr\/crosse-en-boite\/\" \/>\n<meta property=\"og:site_name\" content=\"Lacrosse Canada\" \/>\n<meta property=\"article:modified_time\" content=\"2025-04-09T19:31:06+00:00\" \/>\n<meta name=\"twitter:card\" content=\"summary_large_image\" \/>\n<meta name=\"twitter:label1\" content=\"Est. reading time\" \/>\n\t<meta name=\"twitter:data1\" content=\"2 minutes\" \/>\n<script type=\"application\/ld+json\" class=\"yoast-schema-graph\">{\"@context\":\"https:\/\/schema.org\",\"@graph\":[{\"@type\":\"WebPage\",\"@id\":\"https:\/\/lacrosse.ca\/fr\/crosse-en-boite\/\",\"url\":\"https:\/\/lacrosse.ca\/fr\/crosse-en-boite\/\",\"name\":\"Crosse en bo\u00eete - Lacrosse Canada\",\"isPartOf\":{\"@id\":\"https:\/\/lacrosse.ca\/fr\/#website\"},\"datePublished\":\"2025-03-21T17:24:44+00:00\",\"dateModified\":\"2025-04-09T19:31:06+00:00\",\"breadcrumb\":{\"@id\":\"https:\/\/lacrosse.ca\/fr\/crosse-en-boite\/#breadcrumb\"},\"inLanguage\":\"fr-FR\",\"potentialAction\":[{\"@type\":\"ReadAction\",\"target\":[\"https:\/\/lacrosse.ca\/fr\/crosse-en-boite\/\"]}]},{\"@type\":\"BreadcrumbList\",\"@id\":\"https:\/\/lacrosse.ca\/fr\/crosse-en-boite\/#breadcrumb\",\"itemListElement\":[{\"@type\":\"ListItem\",\"position\":1,\"name\":\"Home\",\"item\":\"https:\/\/lacrosse.ca\/fr\/maison-2\/\"},{\"@type\":\"ListItem\",\"position\":2,\"name\":\"Crosse en bo\u00eete\"}]},{\"@type\":\"WebSite\",\"@id\":\"https:\/\/lacrosse.ca\/fr\/#website\",\"url\":\"https:\/\/lacrosse.ca\/fr\/\",\"name\":\"Lacrosse Canada\",\"description\":\"The World&#039;s Leading Lacrosse Program\",\"publisher\":{\"@id\":\"https:\/\/lacrosse.ca\/fr\/#organization\"},\"potentialAction\":[{\"@type\":\"SearchAction\",\"target\":{\"@type\":\"EntryPoint\",\"urlTemplate\":\"https:\/\/lacrosse.ca\/fr\/?s={search_term_string}\"},\"query-input\":{\"@type\":\"PropertyValueSpecification\",\"valueRequired\":true,\"valueName\":\"search_term_string\"}}],\"inLanguage\":\"fr-FR\"},{\"@type\":\"Organization\",\"@id\":\"https:\/\/lacrosse.ca\/fr\/#organization\",\"name\":\"Lacrosse Canada\",\"url\":\"https:\/\/lacrosse.ca\/fr\/\",\"logo\":{\"@type\":\"ImageObject\",\"inLanguage\":\"fr-FR\",\"@id\":\"https:\/\/lacrosse.ca\/fr\/#\/schema\/logo\/image\/\",\"url\":\"https:\/\/lacrosse.ca\/wp-content\/uploads\/2025\/01\/Lacrosse-Canada-Seal-Favicon.gif\",\"contentUrl\":\"https:\/\/lacrosse.ca\/wp-content\/uploads\/2025\/01\/Lacrosse-Canada-Seal-Favicon.gif\",\"width\":512,\"height\":512,\"caption\":\"Lacrosse Canada\"},\"image\":{\"@id\":\"https:\/\/lacrosse.ca\/fr\/#\/schema\/logo\/image\/\"}}]}<\/script>\n<!-- \/ Yoast SEO plugin. -->","yoast_head_json":{"title":"Crosse en bo\u00eete - Lacrosse Canada","robots":{"index":"index","follow":"follow","max-snippet":"max-snippet:-1","max-image-preview":"max-image-preview:large","max-video-preview":"max-video-preview:-1"},"canonical":"https:\/\/lacrosse.ca\/fr\/crosse-en-boite\/","og_locale":"fr_FR","og_type":"article","og_title":"Crosse en bo\u00eete - Lacrosse Canada","og_description":"Crosse Canada Une \u00e9volution canadienne La crosse en enclos, \u00e9galement connue sous le nom de crosse int\u00e9rieure, est une version rapide du sport pratiqu\u00e9 dans un ar\u00e9na ferm\u00e9. D\u00e9velopp\u00e9 au Canada, il a des liens \u00e9troits avec l\u2019histoire du pays et est consid\u00e9r\u00e9 comme l\u2019un des sports nationaux du Canada. La crosse trouve ses origines [&hellip;]","og_url":"https:\/\/lacrosse.ca\/fr\/crosse-en-boite\/","og_site_name":"Lacrosse Canada","article_modified_time":"2025-04-09T19:31:06+00:00","twitter_card":"summary_large_image","twitter_misc":{"Est. reading time":"2 minutes"},"schema":{"@context":"https:\/\/schema.org","@graph":[{"@type":"WebPage","@id":"https:\/\/lacrosse.ca\/fr\/crosse-en-boite\/","url":"https:\/\/lacrosse.ca\/fr\/crosse-en-boite\/","name":"Crosse en bo\u00eete - Lacrosse Canada","isPartOf":{"@id":"https:\/\/lacrosse.ca\/fr\/#website"},"datePublished":"2025-03-21T17:24:44+00:00","dateModified":"2025-04-09T19:31:06+00:00","breadcrumb":{"@id":"https:\/\/lacrosse.ca\/fr\/crosse-en-boite\/#breadcrumb"},"inLanguage":"fr-FR","potentialAction":[{"@type":"ReadAction","target":["https:\/\/lacrosse.ca\/fr\/crosse-en-boite\/"]}]},{"@type":"BreadcrumbList","@id":"https:\/\/lacrosse.ca\/fr\/crosse-en-boite\/#breadcrumb","itemListElement":[{"@type":"ListItem","position":1,"name":"Home","item":"https:\/\/lacrosse.ca\/fr\/maison-2\/"},{"@type":"ListItem","position":2,"name":"Crosse en bo\u00eete"}]},{"@type":"WebSite","@id":"https:\/\/lacrosse.ca\/fr\/#website","url":"https:\/\/lacrosse.ca\/fr\/","name":"Lacrosse Canada","description":"The World&#039;s Leading Lacrosse Program","publisher":{"@id":"https:\/\/lacrosse.ca\/fr\/#organization"},"potentialAction":[{"@type":"SearchAction","target":{"@type":"EntryPoint","urlTemplate":"https:\/\/lacrosse.ca\/fr\/?s={search_term_string}"},"query-input":{"@type":"PropertyValueSpecification","valueRequired":true,"valueName":"search_term_string"}}],"inLanguage":"fr-FR"},{"@type":"Organization","@id":"https:\/\/lacrosse.ca\/fr\/#organization","name":"Lacrosse Canada","url":"https:\/\/lacrosse.ca\/fr\/","logo":{"@type":"ImageObject","inLanguage":"fr-FR","@id":"https:\/\/lacrosse.ca\/fr\/#\/schema\/logo\/image\/","url":"https:\/\/lacrosse.ca\/wp-content\/uploads\/2025\/01\/Lacrosse-Canada-Seal-Favicon.gif","contentUrl":"https:\/\/lacrosse.ca\/wp-content\/uploads\/2025\/01\/Lacrosse-Canada-Seal-Favicon.gif","width":512,"height":512,"caption":"Lacrosse Canada"},"image":{"@id":"https:\/\/lacrosse.ca\/fr\/#\/schema\/logo\/image\/"}}]}},"_links":{"self":[{"href":"https:\/\/lacrosse.ca\/fr\/wp-json\/wp\/v2\/pages\/2935","targetHints":{"allow":["GET"]}}],"collection":[{"href":"https:\/\/lacrosse.ca\/fr\/wp-json\/wp\/v2\/pages"}],"about":[{"href":"https:\/\/lacrosse.ca\/fr\/wp-json\/wp\/v2\/types\/page"}],"author":[{"embeddable":true,"href":"https:\/\/lacrosse.ca\/fr\/wp-json\/wp\/v2\/users\/4"}],"replies":[{"embeddable":true,"href":"https:\/\/lacrosse.ca\/fr\/wp-json\/wp\/v2\/comments?post=2935"}],"version-history":[{"count":0,"href":"https:\/\/lacrosse.ca\/fr\/wp-json\/wp\/v2\/pages\/2935\/revisions"}],"wp:attachment":[{"href":"https:\/\/lacrosse.ca\/fr\/wp-json\/wp\/v2\/media?parent=2935"}],"curies":[{"name":"wp","href":"https:\/\/api.w.org\/{rel}","templated":true}]}}