{"id":2936,"date":"2025-03-21T17:25:08","date_gmt":"2025-03-21T17:25:08","guid":{"rendered":"https:\/\/lacrosse.ca\/crosse-sur-gazon\/"},"modified":"2025-04-09T19:37:20","modified_gmt":"2025-04-09T19:37:20","slug":"crosse-sur-gazon","status":"publish","type":"page","link":"https:\/\/lacrosse.ca\/fr\/crosse-sur-gazon\/","title":{"rendered":"Crosse sur gazon"},"content":{"rendered":"\t\t<div data-elementor-type=\"wp-page\" data-elementor-id=\"2936\" class=\"elementor elementor-2936 elementor-2554\" data-elementor-post-type=\"page\">\n\t\t\t\t<div class=\"elementor-element elementor-element-7b94ca2e e-con-full e-flex e-con e-child\" data-id=\"7b94ca2e\" data-element_type=\"container\" data-e-type=\"container\" data-settings=\"{&quot;background_background&quot;:&quot;classic&quot;,&quot;jet_parallax_layout_list&quot;:[]}\">\n\t\t<div class=\"elementor-element elementor-element-3cde10 e-con-full e-flex e-con e-child\" data-id=\"3cde10\" data-element_type=\"container\" data-e-type=\"container\" data-settings=\"{&quot;background_background&quot;:&quot;classic&quot;,&quot;jet_parallax_layout_list&quot;:[]}\">\n\t\t<div class=\"elementor-element elementor-element-674e3f7a e-con-full e-flex e-con e-child\" data-id=\"674e3f7a\" data-element_type=\"container\" data-e-type=\"container\" data-settings=\"{&quot;background_background&quot;:&quot;classic&quot;,&quot;jet_parallax_layout_list&quot;:[]}\">\n\t\t<div class=\"elementor-element elementor-element-2f4796ab e-con-full e-flex e-con e-child\" data-id=\"2f4796ab\" data-element_type=\"container\" data-e-type=\"container\" data-settings=\"{&quot;jet_parallax_layout_list&quot;:[]}\">\n\t\t<div class=\"elementor-element elementor-element-362be0e7 e-con-full e-flex e-con e-child\" data-id=\"362be0e7\" data-element_type=\"container\" data-e-type=\"container\" data-settings=\"{&quot;background_background&quot;:&quot;classic&quot;,&quot;jet_parallax_layout_list&quot;:[]}\">\n\t\t\t\t<\/div>\n\t\t<div class=\"elementor-element elementor-element-7b665ce2 e-con-full e-flex e-con e-child\" data-id=\"7b665ce2\" data-element_type=\"container\" data-e-type=\"container\" data-settings=\"{&quot;jet_parallax_layout_list&quot;:[]}\">\n\t\t\t\t<div class=\"elementor-element elementor-element-5d0a92c3 elementor-widget elementor-widget-heading\" data-id=\"5d0a92c3\" data-element_type=\"widget\" data-e-type=\"widget\" data-widget_type=\"heading.default\">\n\t\t\t\t<div class=\"elementor-widget-container\">\n\t\t\t\t\t<h1 class=\"elementor-heading-title elementor-size-default\">Crosse Canada<\/h1>\t\t\t\t<\/div>\n\t\t\t\t<\/div>\n\t\t\t\t<div class=\"elementor-element elementor-element-7b07ba2d elementor-widget-divider--view-line elementor-widget elementor-widget-divider\" data-id=\"7b07ba2d\" data-element_type=\"widget\" data-e-type=\"widget\" data-widget_type=\"divider.default\">\n\t\t\t\t<div class=\"elementor-widget-container\">\n\t\t\t\t\t\t\t<div class=\"elementor-divider\">\n\t\t\t<span class=\"elementor-divider-separator\">\n\t\t\t\t\t\t<\/span>\n\t\t<\/div>\n\t\t\t\t\t\t<\/div>\n\t\t\t\t<\/div>\n\t\t\t\t<\/div>\n\t\t\t\t<\/div>\n\t\t<div class=\"elementor-element elementor-element-4bad765c e-con-full e-flex e-con e-child\" data-id=\"4bad765c\" data-element_type=\"container\" data-e-type=\"container\" data-settings=\"{&quot;background_background&quot;:&quot;classic&quot;,&quot;jet_parallax_layout_list&quot;:[]}\">\n\t\t<div class=\"elementor-element elementor-element-3a791036 e-con-full e-flex e-con e-child\" data-id=\"3a791036\" data-element_type=\"container\" data-e-type=\"container\" data-settings=\"{&quot;background_background&quot;:&quot;classic&quot;,&quot;jet_parallax_layout_list&quot;:[]}\">\n\t\t\t\t<\/div>\n\t\t\t\t<\/div>\n\t\t\t\t<\/div>\n\t\t\t\t<\/div>\n\t\t<div class=\"elementor-element elementor-element-31e4ff97 e-con-full elementor-hidden-mobile e-flex e-con e-child\" data-id=\"31e4ff97\" data-element_type=\"container\" data-e-type=\"container\" data-settings=\"{&quot;background_background&quot;:&quot;classic&quot;,&quot;jet_parallax_layout_list&quot;:[]}\">\n\t\t<div class=\"elementor-element elementor-element-5f43507e e-con-full e-flex e-con e-child\" data-id=\"5f43507e\" data-element_type=\"container\" data-e-type=\"container\" data-settings=\"{&quot;background_background&quot;:&quot;classic&quot;,&quot;jet_parallax_layout_list&quot;:[]}\">\n\t\t<div class=\"elementor-element elementor-element-76dccb05 e-con-full e-flex e-con e-child\" data-id=\"76dccb05\" data-element_type=\"container\" data-e-type=\"container\" data-settings=\"{&quot;jet_parallax_layout_list&quot;:[]}\">\n\t\t\t\t<\/div>\n\t\t<div class=\"elementor-element elementor-element-509bf30d e-con-full elementor-hidden-tablet e-flex e-con e-child\" data-id=\"509bf30d\" data-element_type=\"container\" data-e-type=\"container\" data-settings=\"{&quot;background_background&quot;:&quot;classic&quot;,&quot;jet_parallax_layout_list&quot;:[]}\">\n\t\t\t\t<\/div>\n\t\t\t\t<\/div>\n\t\t\t\t<\/div>\n\t\t\t\t<\/div>\n\t\t<div class=\"elementor-element elementor-element-6539403d e-con-full e-flex e-con e-child\" data-id=\"6539403d\" data-element_type=\"container\" data-e-type=\"container\" data-settings=\"{&quot;jet_parallax_layout_list&quot;:[]}\">\n\t\t<div class=\"elementor-element elementor-element-21506910 e-con-full e-flex e-con e-child\" data-id=\"21506910\" data-element_type=\"container\" data-e-type=\"container\" data-settings=\"{&quot;jet_parallax_layout_list&quot;:[]}\">\n\t\t\t\t<div class=\"elementor-element elementor-element-2834bb9e elementor-widget elementor-widget-heading\" data-id=\"2834bb9e\" data-element_type=\"widget\" data-e-type=\"widget\" data-widget_type=\"heading.default\">\n\t\t\t\t<div class=\"elementor-widget-container\">\n\t\t\t\t\t<h2 class=\"elementor-heading-title elementor-size-default\">\u00c0 PROPOS DE LACROSSE SUR LE TERRAIN<\/h2>\t\t\t\t<\/div>\n\t\t\t\t<\/div>\n\t\t\t\t<div class=\"elementor-element elementor-element-4f00ada5 elementor-widget elementor-widget-text-editor\" data-id=\"4f00ada5\" data-element_type=\"widget\" data-e-type=\"widget\" data-widget_type=\"text-editor.default\">\n\t\t\t\t<div class=\"elementor-widget-container\">\n\t\t\t\t\t\t\t\t\t<p>La crosse est un sport de plein air rapide qui se joue avec une petite balle en caoutchouc et une crosse \u00e0 long manche. C&rsquo;est l&rsquo;un des plus anciens sports d&rsquo;\u00e9quipe en Am\u00e9rique du Nord, dont les origines remontent aux cultures indig\u00e8nes, o\u00f9 il \u00e9tait pratiqu\u00e9 comme un jeu spirituel et c\u00e9r\u00e9moniel. Aujourd&rsquo;hui, la crosse est pratiqu\u00e9e \u00e0 diff\u00e9rents niveaux, des ligues de jeunes aux comp\u00e9titions professionnelles, avec de fortes traditions au Canada.  <\/p>\n\n<p>Avec sa riche histoire et son rythme de jeu rapide, la crosse sur gazon offre une exp\u00e9rience passionnante et strat\u00e9gique pour les hommes et les femmes. Bien que les jeux masculins et f\u00e9minins diff\u00e8rent par leurs r\u00e8gles et leur aspect physique, les deux versions mettent en \u00e9vidence les comp\u00e9tences, le travail d&rsquo;\u00e9quipe et les qualit\u00e9s athl\u00e9tiques n\u00e9cessaires pour r\u00e9ussir. <\/p>\t\t\t\t\t\t\t\t<\/div>\n\t\t\t\t<\/div>\n\t\t\t\t<div class=\"elementor-element elementor-element-24fe2bb0 elementor-widget elementor-widget-spacer\" data-id=\"24fe2bb0\" data-element_type=\"widget\" data-e-type=\"widget\" data-widget_type=\"spacer.default\">\n\t\t\t\t<div class=\"elementor-widget-container\">\n\t\t\t\t\t\t\t<div class=\"elementor-spacer\">\n\t\t\t<div class=\"elementor-spacer-inner\"><\/div>\n\t\t<\/div>\n\t\t\t\t\t\t<\/div>\n\t\t\t\t<\/div>\n\t\t<div class=\"elementor-element elementor-element-2a79d961 e-con-full e-flex e-con e-child\" data-id=\"2a79d961\" data-element_type=\"container\" data-e-type=\"container\" data-settings=\"{&quot;background_background&quot;:&quot;classic&quot;,&quot;jet_parallax_layout_list&quot;:[]}\">\n\t\t\t\t<div class=\"elementor-element elementor-element-cec8366 elementor-widget elementor-widget-button\" data-id=\"cec8366\" data-element_type=\"widget\" data-e-type=\"widget\" id=\"wph-back-button\" data-widget_type=\"button.default\">\n\t\t\t\t<div class=\"elementor-widget-container\">\n\t\t\t\t\t\t\t\t\t<div class=\"elementor-button-wrapper\">\n\t\t\t\t\t<a class=\"elementor-button elementor-button-link elementor-size-sm\" href=\"#more\">\n\t\t\t\t\t\t<span class=\"elementor-button-content-wrapper\">\n\t\t\t\t\t\t<span class=\"elementor-button-icon\">\n\t\t\t\t<svg xmlns=\"http:\/\/www.w3.org\/2000\/svg\" xmlns:xlink=\"http:\/\/www.w3.org\/1999\/xlink\" id=\"a\" x=\"0px\" y=\"0px\" viewBox=\"0 0 10 10\" style=\"enable-background:new 0 0 10 10;\" xml:space=\"preserve\"><style type=\"text\/css\">\t.st0{fill:#FFFFFF;}<\/style><polygon class=\"st0\" points=\"10,0 8,0 8,6.6 1.4,0 0,1.4 6.5,8 0,8 0,10 10,10 \"><\/polygon><\/svg>\t\t\t<\/span>\n\t\t\t\t\t\t\t\t\t<span class=\"elementor-button-text\">Plus<\/span>\n\t\t\t\t\t<\/span>\n\t\t\t\t\t<\/a>\n\t\t\t\t<\/div>\n\t\t\t\t\t\t\t\t<\/div>\n\t\t\t\t<\/div>\n\t\t\t\t<\/div>\n\t\t\t\t<\/div>\n\t\t<div class=\"elementor-element elementor-element-5b20f7f0 e-con-full e-flex e-con e-child\" data-id=\"5b20f7f0\" data-element_type=\"container\" data-e-type=\"container\" data-settings=\"{&quot;jet_parallax_layout_list&quot;:[]}\">\n\t\t\t\t<div class=\"elementor-element elementor-element-2b170898 elementor-hidden-tablet elementor-hidden-mobile elementor-widget-divider--view-line elementor-widget elementor-widget-divider\" data-id=\"2b170898\" data-element_type=\"widget\" data-e-type=\"widget\" data-widget_type=\"divider.default\">\n\t\t\t\t<div class=\"elementor-widget-container\">\n\t\t\t\t\t\t\t<div class=\"elementor-divider\">\n\t\t\t<span class=\"elementor-divider-separator\">\n\t\t\t\t\t\t<\/span>\n\t\t<\/div>\n\t\t\t\t\t\t<\/div>\n\t\t\t\t<\/div>\n\t\t<div class=\"elementor-element elementor-element-264d86e3 e-con-full e-flex e-con e-child\" data-id=\"264d86e3\" data-element_type=\"container\" data-e-type=\"container\" data-settings=\"{&quot;background_background&quot;:&quot;classic&quot;,&quot;background_motion_fx_motion_fx_scrolling&quot;:&quot;yes&quot;,&quot;background_motion_fx_translateY_effect&quot;:&quot;yes&quot;,&quot;background_motion_fx_translateY_speed&quot;:{&quot;unit&quot;:&quot;px&quot;,&quot;size&quot;:2,&quot;sizes&quot;:[]},&quot;jet_parallax_layout_list&quot;:[],&quot;background_motion_fx_translateY_affectedRange&quot;:{&quot;unit&quot;:&quot;%&quot;,&quot;size&quot;:&quot;&quot;,&quot;sizes&quot;:{&quot;start&quot;:0,&quot;end&quot;:100}},&quot;background_motion_fx_devices&quot;:[&quot;desktop&quot;,&quot;laptop&quot;,&quot;tablet&quot;,&quot;mobile&quot;]}\">\n\t\t\t\t<div class=\"elementor-element elementor-element-87f3695 elementor-widget elementor-widget-video\" data-id=\"87f3695\" data-element_type=\"widget\" data-e-type=\"widget\" data-settings=\"{&quot;youtube_url&quot;:&quot;https:\\\/\\\/www.youtube.com\\\/shorts\\\/-pzPT-KtBpA&quot;,&quot;video_type&quot;:&quot;youtube&quot;,&quot;controls&quot;:&quot;yes&quot;}\" data-widget_type=\"video.default\">\n\t\t\t\t<div class=\"elementor-widget-container\">\n\t\t\t\t\t\t\t<div class=\"elementor-wrapper elementor-open-inline\">\n\t\t\t<div class=\"elementor-video\"><\/div>\t\t<\/div>\n\t\t\t\t\t\t<\/div>\n\t\t\t\t<\/div>\n\t\t\t\t<\/div>\n\t\t\t\t<\/div>\n\t\t\t\t<\/div>\n\t\t<div class=\"elementor-element elementor-element-1bbdeb3b e-flex e-con-boxed e-con e-parent\" data-id=\"1bbdeb3b\" data-element_type=\"container\" data-e-type=\"container\" id=\"more\" data-settings=\"{&quot;background_background&quot;:&quot;classic&quot;,&quot;jet_parallax_layout_list&quot;:[]}\">\n\t\t\t\t\t<div class=\"e-con-inner\">\n\t\t<div class=\"elementor-element elementor-element-5d9d6c40 e-con-full e-flex e-con e-child\" data-id=\"5d9d6c40\" data-element_type=\"container\" data-e-type=\"container\" data-settings=\"{&quot;jet_parallax_layout_list&quot;:[]}\">\n\t\t\t\t<div class=\"elementor-element elementor-element-741e130 elementor-widget elementor-widget-text-editor\" data-id=\"741e130\" data-element_type=\"widget\" data-e-type=\"widget\" data-widget_type=\"text-editor.default\">\n\t\t\t\t<div class=\"elementor-widget-container\">\n\t\t\t\t\t\t\t\t\t<p><strong>Crosse en salle hommes vs. femmes<\/strong><\/p>\n<p><\/p>\n<p>Bien que la crosse soit jou\u00e9e par les hommes et les femmes, il existe des diff\u00e9rences essentielles entre les deux versions du jeu. Dans la crosse masculine, le jeu se caract\u00e9rise par des contacts physiques, notamment des mises en \u00e9chec et une d\u00e9fense agressive. Par cons\u00e9quent, les joueurs masculins portent un \u00e9quipement de protection complet, notamment des casques, des \u00e9paulettes, des gants, etc. Le jeu se caract\u00e9rise par un style de jeu plus rapide et plus exigeant sur le plan physique, les joueurs utilisant souvent des tactiques plus agressives pour s&#8217;emparer de la balle.   <\/p>\n<p><\/p>\n<p>En revanche, la crosse f\u00e9minine se joue avec moins de contacts physiques. Les mises en \u00e9chec ne sont pas autoris\u00e9es et les joueurs font davantage appel \u00e0 leurs comp\u00e9tences, \u00e0 leur agilit\u00e9 et \u00e0 leur strat\u00e9gie. Les joueurs de crosse f\u00e9minine portent moins d&rsquo;\u00e9quipement de protection, g\u00e9n\u00e9ralement des lunettes, des gants et des prot\u00e8ge-dents, car l&rsquo;accent est mis sur la finesse et le travail d&rsquo;\u00e9quipe plut\u00f4t que sur l&rsquo;affrontement physique. Les r\u00e8gles diff\u00e8rent \u00e9galement, le terrain de jeu des femmes \u00e9tant plus petit et la configuration des contr\u00f4les de tirage au sort et des p\u00e9nalit\u00e9s de hors-jeu \u00e9tant l\u00e9g\u00e8rement diff\u00e9rente.   <\/p>\n<p><\/p>\n<p><strong>Comment \u00e7a se joue<\/strong><\/p>\n<p><\/p>\n<p>La crosse sur le terrain se joue avec deux \u00e9quipes de 10 joueurs chacune (en crosse masculine) ou de 12 joueurs (en crosse f\u00e9minine). L&rsquo;objectif est de marquer des buts en tirant la balle dans le filet adverse \u00e0 l&rsquo;aide de la crosse. Le jeu est divis\u00e9 en quatre quarts, chaque \u00e9quipe essayant de prendre possession de la balle et de la faire avancer sur le terrain tout en \u00e9vitant la d\u00e9fense de l&rsquo;\u00e9quipe adverse. Les joueurs utilisent leur crosse pour passer, porter et tirer la balle, tandis que le gardien d\u00e9fend le filet.   <\/p>\n<p><\/p>\n<p><strong>R\u00e8gles de base<\/strong><\/p>\n<p><\/p>\n<ul class=\"wp-block-list\">\n<li><strong>Dur\u00e9e du match<\/strong> : Quatre quarts-temps, d&rsquo;une dur\u00e9e typique de 15 minutes chacun (avec quelques variations selon les ligues).<\/li>\n\n<li><strong>Joueurs <\/strong>: Les \u00e9quipes masculines sont compos\u00e9es de 10 joueurs, dont un gardien de but, tandis que les \u00e9quipes f\u00e9minines sont compos\u00e9es de 12 joueurs.<\/li>\n\n<li><strong>Possession<\/strong> : Les \u00e9quipes doivent faire avancer le ballon sur le terrain dans un laps de temps d\u00e9termin\u00e9 (g\u00e9n\u00e9ralement 20 secondes) apr\u00e8s avoir obtenu la possession du ballon.<\/li>\n\n<li><strong>P\u00e9nalit\u00e9s<\/strong> : Les joueurs peuvent \u00eatre p\u00e9nalis\u00e9s pour des actions telles que le slash, le tr\u00e9buchement ou l&rsquo;interf\u00e9rence. En crosse masculine, les p\u00e9nalit\u00e9s entra\u00eenent un passage au banc des p\u00e9nalit\u00e9s, tandis qu&rsquo;en crosse f\u00e9minine, les joueurs doivent souvent se tenir en dehors de la surface de jeu pendant la dur\u00e9e de la p\u00e9nalit\u00e9. <\/li>\n<\/ul>\n<p><\/p>\n<ul class=\"wp-block-list\"><\/ul>\n<p><\/p>\n<p><strong>La s\u00e9curit\u00e9 dans lacrosse de campagne<\/strong><\/p>\n<p><\/p>\n<p>La s\u00e9curit\u00e9 dans le domaine de la crosse est une priorit\u00e9, en particulier en raison de la nature physique de la crosse masculine et de la vitesse du jeu. Les joueurs sont tenus de porter des \u00e9quipements de protection, notamment des casques, des \u00e9paulettes, des gants et des prot\u00e8ge-dents, afin de minimiser le risque de blessure. Le sport est r\u00e9gi par des r\u00e8gles strictes concernant les actions dangereuses telles que les coups de couteaux ou les croisements de jambes, et des sanctions sont pr\u00e9vues pour prot\u00e9ger les joueurs.  <\/p>\n<p><\/p>\n<p>Dans la crosse f\u00e9minine, l&rsquo;accent mis sur le jeu sans contact r\u00e9duit le risque de blessure, mais la s\u00e9curit\u00e9 reste une consid\u00e9ration essentielle, les joueurs devant porter des lunettes et des prot\u00e8ge-dents pour se prot\u00e9ger contre les blessures oculaires et les l\u00e9sions dentaires.<\/p>\n<p><\/p>\n<p> <\/p>\t\t\t\t\t\t\t\t<\/div>\n\t\t\t\t<\/div>\n\t\t\t\t<\/div>\n\t\t<div class=\"elementor-element elementor-element-6df6db02 e-con-full e-flex e-con e-child\" data-id=\"6df6db02\" data-element_type=\"container\" data-e-type=\"container\" data-settings=\"{&quot;background_background&quot;:&quot;classic&quot;,&quot;jet_parallax_layout_list&quot;:[]}\">\n\t\t\t\t<\/div>\n\t\t\t\t\t<\/div>\n\t\t\t\t<\/div>\n\t\t<div class=\"elementor-element elementor-element-5c886ff1 e-con-full e-flex e-con e-child\" data-id=\"5c886ff1\" data-element_type=\"container\" data-e-type=\"container\" data-settings=\"{&quot;background_background&quot;:&quot;classic&quot;,&quot;jet_parallax_layout_list&quot;:[]}\">\n\t\t<div class=\"elementor-element elementor-element-76b97293 e-con-full e-flex e-con e-child\" data-id=\"76b97293\" data-element_type=\"container\" data-e-type=\"container\" data-settings=\"{&quot;jet_parallax_layout_list&quot;:[]}\">\n\t\t\t\t<\/div>\n\t\t<div class=\"elementor-element elementor-element-4b952bf1 e-con-full e-flex e-con e-child\" data-id=\"4b952bf1\" data-element_type=\"container\" data-e-type=\"container\" data-settings=\"{&quot;background_background&quot;:&quot;classic&quot;,&quot;jet_parallax_layout_list&quot;:[]}\">\n\t\t\t\t<div class=\"elementor-element elementor-element-572dde22 elementor-widget__width-initial elementor-widget elementor-widget-html\" data-id=\"572dde22\" data-element_type=\"widget\" data-e-type=\"widget\" data-widget_type=\"html.default\">\n\t\t\t\t<div class=\"elementor-widget-container\">\n\t\t\t\t\t<svg xmlns=\"http:\/\/www.w3.org\/2000\/svg\" xmlns:xlink=\"http:\/\/www.w3.org\/1999\/xlink\" version=\"1.1\" id=\"Layer_1\" x=\"0px\" y=\"0px\" viewbox=\"0 0 200 50\" style=\"enable-background:new 0 0 200 50;\" xml:space=\"preserve\">\n<style type=\"text\/css\">\n .st03{fill:#CE0E2D;}\n<\/style>\n<polygon class=\"st03\" points=\"50,0 0,50 200,50 200,0  \"><\/polygon>\n<\/svg>\t\t\t\t<\/div>\n\t\t\t\t<\/div>\n\t\t\t\t<\/div>\n\t\t\t\t<\/div>\n\t\t\t\t<\/div>\n\t\t","protected":false},"excerpt":{"rendered":"<p>Crosse Canada \u00c0 PROPOS DE LACROSSE SUR LE TERRAIN La crosse est un sport de plein air rapide qui se joue avec une petite balle en caoutchouc et une crosse \u00e0 long manche. C&rsquo;est l&rsquo;un des plus anciens sports d&rsquo;\u00e9quipe en Am\u00e9rique du Nord, dont les origines remontent aux cultures indig\u00e8nes, o\u00f9 il \u00e9tait pratiqu\u00e9 [&hellip;]<\/p>\n","protected":false},"author":4,"featured_media":0,"parent":0,"menu_order":0,"comment_status":"closed","ping_status":"closed","template":"","meta":{"_acf_changed":false,"_bbp_topic_count":0,"_bbp_reply_count":0,"_bbp_total_topic_count":0,"_bbp_total_reply_count":0,"_bbp_voice_count":0,"_bbp_anonymous_reply_count":0,"_bbp_topic_count_hidden":0,"_bbp_reply_count_hidden":0,"_bbp_forum_subforum_count":0,"footnotes":""},"class_list":["post-2936","page","type-page","status-publish","hentry"],"acf":[],"yoast_head":"<!-- This site is optimized with the Yoast SEO plugin v27.2 - https:\/\/yoast.com\/product\/yoast-seo-wordpress\/ -->\n<title>Crosse sur gazon - Lacrosse Canada<\/title>\n<meta name=\"robots\" content=\"index, follow, max-snippet:-1, max-image-preview:large, max-video-preview:-1\" \/>\n<link rel=\"canonical\" href=\"https:\/\/lacrosse.ca\/fr\/crosse-sur-gazon\/\" \/>\n<meta property=\"og:locale\" content=\"fr_FR\" \/>\n<meta property=\"og:type\" content=\"article\" \/>\n<meta property=\"og:title\" content=\"Crosse sur gazon - Lacrosse Canada\" \/>\n<meta property=\"og:description\" content=\"Crosse Canada \u00c0 PROPOS DE LACROSSE SUR LE TERRAIN La crosse est un sport de plein air rapide qui se joue avec une petite balle en caoutchouc et une crosse \u00e0 long manche. C&rsquo;est l&rsquo;un des plus anciens sports d&rsquo;\u00e9quipe en Am\u00e9rique du Nord, dont les origines remontent aux cultures indig\u00e8nes, o\u00f9 il \u00e9tait pratiqu\u00e9 [&hellip;]\" \/>\n<meta property=\"og:url\" content=\"https:\/\/lacrosse.ca\/fr\/crosse-sur-gazon\/\" \/>\n<meta property=\"og:site_name\" content=\"Lacrosse Canada\" \/>\n<meta property=\"article:modified_time\" content=\"2025-04-09T19:37:20+00:00\" \/>\n<meta name=\"twitter:card\" content=\"summary_large_image\" \/>\n<meta name=\"twitter:label1\" content=\"Est. reading time\" \/>\n\t<meta name=\"twitter:data1\" content=\"4 minutes\" \/>\n<script type=\"application\/ld+json\" class=\"yoast-schema-graph\">{\"@context\":\"https:\/\/schema.org\",\"@graph\":[{\"@type\":\"WebPage\",\"@id\":\"https:\/\/lacrosse.ca\/fr\/crosse-sur-gazon\/\",\"url\":\"https:\/\/lacrosse.ca\/fr\/crosse-sur-gazon\/\",\"name\":\"Crosse sur gazon - Lacrosse Canada\",\"isPartOf\":{\"@id\":\"https:\/\/lacrosse.ca\/fr\/#website\"},\"datePublished\":\"2025-03-21T17:25:08+00:00\",\"dateModified\":\"2025-04-09T19:37:20+00:00\",\"breadcrumb\":{\"@id\":\"https:\/\/lacrosse.ca\/fr\/crosse-sur-gazon\/#breadcrumb\"},\"inLanguage\":\"fr-FR\",\"potentialAction\":[{\"@type\":\"ReadAction\",\"target\":[\"https:\/\/lacrosse.ca\/fr\/crosse-sur-gazon\/\"]}]},{\"@type\":\"BreadcrumbList\",\"@id\":\"https:\/\/lacrosse.ca\/fr\/crosse-sur-gazon\/#breadcrumb\",\"itemListElement\":[{\"@type\":\"ListItem\",\"position\":1,\"name\":\"Home\",\"item\":\"https:\/\/lacrosse.ca\/fr\/maison-2\/\"},{\"@type\":\"ListItem\",\"position\":2,\"name\":\"Crosse sur gazon\"}]},{\"@type\":\"WebSite\",\"@id\":\"https:\/\/lacrosse.ca\/fr\/#website\",\"url\":\"https:\/\/lacrosse.ca\/fr\/\",\"name\":\"Lacrosse Canada\",\"description\":\"The World&#039;s Leading Lacrosse Program\",\"publisher\":{\"@id\":\"https:\/\/lacrosse.ca\/fr\/#organization\"},\"potentialAction\":[{\"@type\":\"SearchAction\",\"target\":{\"@type\":\"EntryPoint\",\"urlTemplate\":\"https:\/\/lacrosse.ca\/fr\/?s={search_term_string}\"},\"query-input\":{\"@type\":\"PropertyValueSpecification\",\"valueRequired\":true,\"valueName\":\"search_term_string\"}}],\"inLanguage\":\"fr-FR\"},{\"@type\":\"Organization\",\"@id\":\"https:\/\/lacrosse.ca\/fr\/#organization\",\"name\":\"Lacrosse Canada\",\"url\":\"https:\/\/lacrosse.ca\/fr\/\",\"logo\":{\"@type\":\"ImageObject\",\"inLanguage\":\"fr-FR\",\"@id\":\"https:\/\/lacrosse.ca\/fr\/#\/schema\/logo\/image\/\",\"url\":\"https:\/\/lacrosse.ca\/wp-content\/uploads\/2025\/01\/Lacrosse-Canada-Seal-Favicon.gif\",\"contentUrl\":\"https:\/\/lacrosse.ca\/wp-content\/uploads\/2025\/01\/Lacrosse-Canada-Seal-Favicon.gif\",\"width\":512,\"height\":512,\"caption\":\"Lacrosse Canada\"},\"image\":{\"@id\":\"https:\/\/lacrosse.ca\/fr\/#\/schema\/logo\/image\/\"}}]}<\/script>\n<!-- \/ Yoast SEO plugin. -->","yoast_head_json":{"title":"Crosse sur gazon - Lacrosse Canada","robots":{"index":"index","follow":"follow","max-snippet":"max-snippet:-1","max-image-preview":"max-image-preview:large","max-video-preview":"max-video-preview:-1"},"canonical":"https:\/\/lacrosse.ca\/fr\/crosse-sur-gazon\/","og_locale":"fr_FR","og_type":"article","og_title":"Crosse sur gazon - Lacrosse Canada","og_description":"Crosse Canada \u00c0 PROPOS DE LACROSSE SUR LE TERRAIN La crosse est un sport de plein air rapide qui se joue avec une petite balle en caoutchouc et une crosse \u00e0 long manche. C&rsquo;est l&rsquo;un des plus anciens sports d&rsquo;\u00e9quipe en Am\u00e9rique du Nord, dont les origines remontent aux cultures indig\u00e8nes, o\u00f9 il \u00e9tait pratiqu\u00e9 [&hellip;]","og_url":"https:\/\/lacrosse.ca\/fr\/crosse-sur-gazon\/","og_site_name":"Lacrosse Canada","article_modified_time":"2025-04-09T19:37:20+00:00","twitter_card":"summary_large_image","twitter_misc":{"Est. reading time":"4 minutes"},"schema":{"@context":"https:\/\/schema.org","@graph":[{"@type":"WebPage","@id":"https:\/\/lacrosse.ca\/fr\/crosse-sur-gazon\/","url":"https:\/\/lacrosse.ca\/fr\/crosse-sur-gazon\/","name":"Crosse sur gazon - Lacrosse Canada","isPartOf":{"@id":"https:\/\/lacrosse.ca\/fr\/#website"},"datePublished":"2025-03-21T17:25:08+00:00","dateModified":"2025-04-09T19:37:20+00:00","breadcrumb":{"@id":"https:\/\/lacrosse.ca\/fr\/crosse-sur-gazon\/#breadcrumb"},"inLanguage":"fr-FR","potentialAction":[{"@type":"ReadAction","target":["https:\/\/lacrosse.ca\/fr\/crosse-sur-gazon\/"]}]},{"@type":"BreadcrumbList","@id":"https:\/\/lacrosse.ca\/fr\/crosse-sur-gazon\/#breadcrumb","itemListElement":[{"@type":"ListItem","position":1,"name":"Home","item":"https:\/\/lacrosse.ca\/fr\/maison-2\/"},{"@type":"ListItem","position":2,"name":"Crosse sur gazon"}]},{"@type":"WebSite","@id":"https:\/\/lacrosse.ca\/fr\/#website","url":"https:\/\/lacrosse.ca\/fr\/","name":"Lacrosse Canada","description":"The World&#039;s Leading Lacrosse Program","publisher":{"@id":"https:\/\/lacrosse.ca\/fr\/#organization"},"potentialAction":[{"@type":"SearchAction","target":{"@type":"EntryPoint","urlTemplate":"https:\/\/lacrosse.ca\/fr\/?s={search_term_string}"},"query-input":{"@type":"PropertyValueSpecification","valueRequired":true,"valueName":"search_term_string"}}],"inLanguage":"fr-FR"},{"@type":"Organization","@id":"https:\/\/lacrosse.ca\/fr\/#organization","name":"Lacrosse Canada","url":"https:\/\/lacrosse.ca\/fr\/","logo":{"@type":"ImageObject","inLanguage":"fr-FR","@id":"https:\/\/lacrosse.ca\/fr\/#\/schema\/logo\/image\/","url":"https:\/\/lacrosse.ca\/wp-content\/uploads\/2025\/01\/Lacrosse-Canada-Seal-Favicon.gif","contentUrl":"https:\/\/lacrosse.ca\/wp-content\/uploads\/2025\/01\/Lacrosse-Canada-Seal-Favicon.gif","width":512,"height":512,"caption":"Lacrosse Canada"},"image":{"@id":"https:\/\/lacrosse.ca\/fr\/#\/schema\/logo\/image\/"}}]}},"_links":{"self":[{"href":"https:\/\/lacrosse.ca\/fr\/wp-json\/wp\/v2\/pages\/2936","targetHints":{"allow":["GET"]}}],"collection":[{"href":"https:\/\/lacrosse.ca\/fr\/wp-json\/wp\/v2\/pages"}],"about":[{"href":"https:\/\/lacrosse.ca\/fr\/wp-json\/wp\/v2\/types\/page"}],"author":[{"embeddable":true,"href":"https:\/\/lacrosse.ca\/fr\/wp-json\/wp\/v2\/users\/4"}],"replies":[{"embeddable":true,"href":"https:\/\/lacrosse.ca\/fr\/wp-json\/wp\/v2\/comments?post=2936"}],"version-history":[{"count":0,"href":"https:\/\/lacrosse.ca\/fr\/wp-json\/wp\/v2\/pages\/2936\/revisions"}],"wp:attachment":[{"href":"https:\/\/lacrosse.ca\/fr\/wp-json\/wp\/v2\/media?parent=2936"}],"curies":[{"name":"wp","href":"https:\/\/api.w.org\/{rel}","templated":true}]}}