{"id":3574,"date":"2025-09-16T17:19:35","date_gmt":"2025-09-16T17:19:35","guid":{"rendered":"https:\/\/lacrosse.ca\/?page_id=3574"},"modified":"2025-09-18T21:13:23","modified_gmt":"2025-09-18T21:13:23","slug":"manuel-des-operations-3","status":"publish","type":"page","link":"https:\/\/lacrosse.ca\/fr\/manuel-des-operations-3\/","title":{"rendered":"LISTES HOMMES"},"content":{"rendered":"\n<p>D\u00e9couvrez les listes officielles masculines de toutes les nations participant \u00e0 la World Lacrosse Super Sixes \u00e0 Oshawa.<\/p>\n\n<p class=\"has-medium-font-size\"><strong>Division Premier Hommes<\/strong><\/p>\n\n<p class=\"has-medium-font-size\"><strong>Team Canada<\/strong>: #16 Dyson Williams, #17 Jake Stevens, #19 Adam Poitras, #21 Grayson Manning (G), #22 Latrell Harris, #23 Latrell Harris, #24 Ian MacKay, #25 Jake Boudreau, #26 Sam English, #27 Owen Hiltz, #29 Jon Donville, #30 Cam Sterritt (G)<\/p>\n\n<p class=\"has-medium-font-size\"><strong>USA<\/strong>: #4 Pat Kavanagh, #7 TJ Malone, #9 Sam King, #10 Blaze Riorden (G), #15 CJ Kirst, #16 Grant Ament, #20 Matt Campbell, #24 Brennan O&rsquo;Neill, #40 Liam Entenmann (G), #41 Matt Brandau, #44 Connor Kirst, #50 Chris Kavanagh<\/p>\n\n<p class=\"has-medium-font-size\"><strong>Australia: <\/strong>#1 Sean Aaron, #2 Ryan Hockey, #3 Ashby Dennis, #4 Cal Gibson, #6 Thomas Graham, #7 Thomas Richards, #11 Jack Price, #12 Mitchell Baker, #13 Marcus Wertheim, #17 Marcus Arambatzis, #20 Dylan Harari, #23 Jaesaya Bidwell-Barton, #24 Lachlan Walker, #43 Donn Howard, #96 Lucas Parsons Quintiao<\/p>\n\n<p class=\"has-medium-font-size\"><strong>Germany: <\/strong>Mikhail Zinoviev, Benedikt Mildenberger, Soren Spiegel, Moritz Spiegel, Felix Kins, Kai Sontowski, Paul Leonard Noring, David Beckmann, Justin Wismer, Lasse Vollquardsen, Wynton Bastian, Leon Bohm<\/p>\n\n<p class=\"has-medium-font-size\"><strong>Great Britain: <\/strong>#1 Hal Dwobeng (G), #2 Will Baxter (G), #3 Ben Page Laycock, #4 Tom Bracegirdle, #5 Alex Russell, #6 Dan Jones, #7 Dan Flisk, #8 Will Prescott, #9 Tom Roper, #10 Nick DeCaprio, #11 Will Shirt, #12 Tommy Kirkland<\/p>\n\n<p class=\"has-medium-font-size\"><strong>Haudenosaunee: <\/strong>#1 Tehoka Nanticoke, #2 Warren Hill (G), #3 Taka Thompson, #17 Jakob Patterson, #19 Nonkon Thompson, #23 Trey Deere, #24 Justin Martin, #42 Stone Jacobs, #47 Kyle Jackson, #83 Trayon Sunday, #88 Jake Piseno<\/p>\n\n<p class=\"has-medium-font-size\"><strong>Ireland: <\/strong>#1 Joe Walsh (G), #2 Kevin Whitty, #3 Mike McDonnell, #5 Boomer Staunton, #7 Robert Hudson, #8 Ronan Jacoby, #9 Matt Duncan, #10 Luke Moloney, #11 Stephen Keogh, #12 Michael Triolo, #14 Jake Saunders, #15 Conor Foley <\/p>\n\n<p class=\"has-medium-font-size\"><strong>Mexico: <\/strong>#0 Charlie Fratini, #2 Derek Zacatenco, #3 Will de la Garza, #4 Jake Larrumbide, #7 Matt Murakami (G), #8 Matt Hernandez, #17 Mike Hernandez, #21 Fernando Garcia, #27 Taylor Fialkowski, #33 Carlos Fuentes, #35 Frederico Serrano, #45 Enrique Molero<\/p>\n\n<p class=\"has-medium-font-size\"><strong>Poland: <\/strong>#1 Preston Stewart, #3 Hunter Jaronski, #4 Luke Okupski, #9 Patrick Atkins, #17 Steven Sloma, #23 Sean Brennan, #31 Alex Zborowski (G), # 33 Christian Dzwilewski, #34 Tyler Borko, #45 Lucas Hucal, #54 Jack Stahanczyk, #88 Chris Crapanzano<\/p>\n\n<p class=\"has-medium-font-size\">Cette programmation a \u00e9t\u00e9 rendue possible en partie gr\u00e2ce au gouvernement du Canada<\/p>\n\n<figure class=\"wp-block-image is-resized\"><img fetchpriority=\"high\" decoding=\"async\" width=\"1024\" height=\"256\" src=\"https:\/\/lacrosse.ca\/wp-content\/uploads\/2025\/09\/Untitled-design-16-1024x256.png\" alt=\"\" class=\"wp-image-3598\" style=\"width:191px;height:auto\" srcset=\"https:\/\/lacrosse.ca\/wp-content\/uploads\/2025\/09\/Untitled-design-16-1024x256.png 1024w, https:\/\/lacrosse.ca\/wp-content\/uploads\/2025\/09\/Untitled-design-16-300x75.png 300w, https:\/\/lacrosse.ca\/wp-content\/uploads\/2025\/09\/Untitled-design-16-768x192.png 768w, https:\/\/lacrosse.ca\/wp-content\/uploads\/2025\/09\/Untitled-design-16-1536x384.png 1536w, https:\/\/lacrosse.ca\/wp-content\/uploads\/2025\/09\/Untitled-design-16.png 1584w\" sizes=\"(max-width: 1024px) 100vw, 1024px\" \/><\/figure>\n\n<p class=\"has-medium-font-size\"><\/p>\n\n<p><\/p>\n\n<p><\/p>\n","protected":false},"excerpt":{"rendered":"<p>D\u00e9couvrez les listes officielles masculines de toutes les nations participant \u00e0 la World Lacrosse Super Sixes \u00e0 Oshawa. Division Premier Hommes Team Canada: #16 Dyson Williams, #17 Jake Stevens, #19 Adam Poitras, #21 Grayson Manning (G), #22 Latrell Harris, #23 Latrell Harris, #24 Ian MacKay, #25 Jake Boudreau, #26 Sam English, #27 Owen Hiltz, #29 [&hellip;]<\/p>\n","protected":false},"author":5,"featured_media":3506,"parent":0,"menu_order":0,"comment_status":"closed","ping_status":"closed","template":"","meta":{"_acf_changed":false,"_bbp_topic_count":0,"_bbp_reply_count":0,"_bbp_total_topic_count":0,"_bbp_total_reply_count":0,"_bbp_voice_count":0,"_bbp_anonymous_reply_count":0,"_bbp_topic_count_hidden":0,"_bbp_reply_count_hidden":0,"_bbp_forum_subforum_count":0,"footnotes":""},"class_list":["post-3574","page","type-page","status-publish","has-post-thumbnail","hentry"],"acf":[],"yoast_head":"<!-- This site is optimized with the Yoast SEO plugin v27.2 - https:\/\/yoast.com\/product\/yoast-seo-wordpress\/ -->\n<title>LISTES HOMMES - Lacrosse Canada<\/title>\n<meta name=\"description\" content=\"D\u00e9couvrez les listes officielles masculines pour la World Lacrosse Super Sixes \u00e0 Oshawa, Canada. Faites la connaissance des meilleurs athl\u00e8tes participant au dynamique format Olympic Sixes. D\u00e9couvrez les profils des joueurs, leurs postes et les nations repr\u00e9sent\u00e9es alors que les meilleurs talents mondiaux du lacrosse se rassemblent du 10 au 12 octobre 2025.\" \/>\n<meta name=\"robots\" content=\"index, follow, max-snippet:-1, max-image-preview:large, max-video-preview:-1\" \/>\n<link rel=\"canonical\" href=\"https:\/\/lacrosse.ca\/fr\/manuel-des-operations-3\/\" \/>\n<meta property=\"og:locale\" content=\"fr_FR\" \/>\n<meta property=\"og:type\" content=\"article\" \/>\n<meta property=\"og:title\" content=\"LISTES HOMMES - Lacrosse Canada\" \/>\n<meta property=\"og:description\" content=\"D\u00e9couvrez les listes officielles masculines pour la World Lacrosse Super Sixes \u00e0 Oshawa, Canada. Faites la connaissance des meilleurs athl\u00e8tes participant au dynamique format Olympic Sixes. D\u00e9couvrez les profils des joueurs, leurs postes et les nations repr\u00e9sent\u00e9es alors que les meilleurs talents mondiaux du lacrosse se rassemblent du 10 au 12 octobre 2025.\" \/>\n<meta property=\"og:url\" content=\"https:\/\/lacrosse.ca\/fr\/manuel-des-operations-3\/\" \/>\n<meta property=\"og:site_name\" content=\"Lacrosse Canada\" \/>\n<meta property=\"article:modified_time\" content=\"2025-09-18T21:13:23+00:00\" \/>\n<meta property=\"og:image\" content=\"https:\/\/lacrosse.ca\/wp-content\/uploads\/2025\/09\/IMG_2255-scaled-e1757713153321.jpg\" \/>\n\t<meta property=\"og:image:width\" content=\"1835\" \/>\n\t<meta property=\"og:image:height\" content=\"2560\" \/>\n\t<meta property=\"og:image:type\" content=\"image\/jpeg\" \/>\n<meta name=\"twitter:card\" content=\"summary_large_image\" \/>\n<meta name=\"twitter:label1\" content=\"Est. reading time\" \/>\n\t<meta name=\"twitter:data1\" content=\"1 minute\" \/>\n<script type=\"application\/ld+json\" class=\"yoast-schema-graph\">{\"@context\":\"https:\/\/schema.org\",\"@graph\":[{\"@type\":\"WebPage\",\"@id\":\"https:\/\/lacrosse.ca\/fr\/manuel-des-operations-3\/\",\"url\":\"https:\/\/lacrosse.ca\/fr\/manuel-des-operations-3\/\",\"name\":\"LISTES HOMMES - Lacrosse Canada\",\"isPartOf\":{\"@id\":\"https:\/\/lacrosse.ca\/fr\/#website\"},\"primaryImageOfPage\":{\"@id\":\"https:\/\/lacrosse.ca\/fr\/manuel-des-operations-3\/#primaryimage\"},\"image\":{\"@id\":\"https:\/\/lacrosse.ca\/fr\/manuel-des-operations-3\/#primaryimage\"},\"thumbnailUrl\":\"https:\/\/lacrosse.ca\/wp-content\/uploads\/2025\/09\/IMG_2255-scaled-e1757713153321.jpg\",\"datePublished\":\"2025-09-16T17:19:35+00:00\",\"dateModified\":\"2025-09-18T21:13:23+00:00\",\"description\":\"D\u00e9couvrez les listes officielles masculines pour la World Lacrosse Super Sixes \u00e0 Oshawa, Canada. Faites la connaissance des meilleurs athl\u00e8tes participant au dynamique format Olympic Sixes. D\u00e9couvrez les profils des joueurs, leurs postes et les nations repr\u00e9sent\u00e9es alors que les meilleurs talents mondiaux du lacrosse se rassemblent du 10 au 12 octobre 2025.\",\"breadcrumb\":{\"@id\":\"https:\/\/lacrosse.ca\/fr\/manuel-des-operations-3\/#breadcrumb\"},\"inLanguage\":\"fr-FR\",\"potentialAction\":[{\"@type\":\"ReadAction\",\"target\":[\"https:\/\/lacrosse.ca\/fr\/manuel-des-operations-3\/\"]}]},{\"@type\":\"ImageObject\",\"inLanguage\":\"fr-FR\",\"@id\":\"https:\/\/lacrosse.ca\/fr\/manuel-des-operations-3\/#primaryimage\",\"url\":\"https:\/\/lacrosse.ca\/wp-content\/uploads\/2025\/09\/IMG_2255-scaled-e1757713153321.jpg\",\"contentUrl\":\"https:\/\/lacrosse.ca\/wp-content\/uploads\/2025\/09\/IMG_2255-scaled-e1757713153321.jpg\",\"width\":1835,\"height\":2560},{\"@type\":\"BreadcrumbList\",\"@id\":\"https:\/\/lacrosse.ca\/fr\/manuel-des-operations-3\/#breadcrumb\",\"itemListElement\":[{\"@type\":\"ListItem\",\"position\":1,\"name\":\"Home\",\"item\":\"https:\/\/lacrosse.ca\/fr\/maison-2\/\"},{\"@type\":\"ListItem\",\"position\":2,\"name\":\"LISTES HOMMES\"}]},{\"@type\":\"WebSite\",\"@id\":\"https:\/\/lacrosse.ca\/fr\/#website\",\"url\":\"https:\/\/lacrosse.ca\/fr\/\",\"name\":\"Lacrosse Canada\",\"description\":\"The World&#039;s Leading Lacrosse Program\",\"publisher\":{\"@id\":\"https:\/\/lacrosse.ca\/fr\/#organization\"},\"potentialAction\":[{\"@type\":\"SearchAction\",\"target\":{\"@type\":\"EntryPoint\",\"urlTemplate\":\"https:\/\/lacrosse.ca\/fr\/?s={search_term_string}\"},\"query-input\":{\"@type\":\"PropertyValueSpecification\",\"valueRequired\":true,\"valueName\":\"search_term_string\"}}],\"inLanguage\":\"fr-FR\"},{\"@type\":\"Organization\",\"@id\":\"https:\/\/lacrosse.ca\/fr\/#organization\",\"name\":\"Lacrosse Canada\",\"url\":\"https:\/\/lacrosse.ca\/fr\/\",\"logo\":{\"@type\":\"ImageObject\",\"inLanguage\":\"fr-FR\",\"@id\":\"https:\/\/lacrosse.ca\/fr\/#\/schema\/logo\/image\/\",\"url\":\"https:\/\/lacrosse.ca\/wp-content\/uploads\/2025\/01\/Lacrosse-Canada-Seal-Favicon.gif\",\"contentUrl\":\"https:\/\/lacrosse.ca\/wp-content\/uploads\/2025\/01\/Lacrosse-Canada-Seal-Favicon.gif\",\"width\":512,\"height\":512,\"caption\":\"Lacrosse Canada\"},\"image\":{\"@id\":\"https:\/\/lacrosse.ca\/fr\/#\/schema\/logo\/image\/\"}}]}<\/script>\n<!-- \/ Yoast SEO plugin. -->","yoast_head_json":{"title":"LISTES HOMMES - Lacrosse Canada","description":"D\u00e9couvrez les listes officielles masculines pour la World Lacrosse Super Sixes \u00e0 Oshawa, Canada. Faites la connaissance des meilleurs athl\u00e8tes participant au dynamique format Olympic Sixes. D\u00e9couvrez les profils des joueurs, leurs postes et les nations repr\u00e9sent\u00e9es alors que les meilleurs talents mondiaux du lacrosse se rassemblent du 10 au 12 octobre 2025.","robots":{"index":"index","follow":"follow","max-snippet":"max-snippet:-1","max-image-preview":"max-image-preview:large","max-video-preview":"max-video-preview:-1"},"canonical":"https:\/\/lacrosse.ca\/fr\/manuel-des-operations-3\/","og_locale":"fr_FR","og_type":"article","og_title":"LISTES HOMMES - Lacrosse Canada","og_description":"D\u00e9couvrez les listes officielles masculines pour la World Lacrosse Super Sixes \u00e0 Oshawa, Canada. Faites la connaissance des meilleurs athl\u00e8tes participant au dynamique format Olympic Sixes. D\u00e9couvrez les profils des joueurs, leurs postes et les nations repr\u00e9sent\u00e9es alors que les meilleurs talents mondiaux du lacrosse se rassemblent du 10 au 12 octobre 2025.","og_url":"https:\/\/lacrosse.ca\/fr\/manuel-des-operations-3\/","og_site_name":"Lacrosse Canada","article_modified_time":"2025-09-18T21:13:23+00:00","og_image":[{"width":1835,"height":2560,"url":"https:\/\/lacrosse.ca\/wp-content\/uploads\/2025\/09\/IMG_2255-scaled-e1757713153321.jpg","type":"image\/jpeg"}],"twitter_card":"summary_large_image","twitter_misc":{"Est. reading time":"1 minute"},"schema":{"@context":"https:\/\/schema.org","@graph":[{"@type":"WebPage","@id":"https:\/\/lacrosse.ca\/fr\/manuel-des-operations-3\/","url":"https:\/\/lacrosse.ca\/fr\/manuel-des-operations-3\/","name":"LISTES HOMMES - Lacrosse Canada","isPartOf":{"@id":"https:\/\/lacrosse.ca\/fr\/#website"},"primaryImageOfPage":{"@id":"https:\/\/lacrosse.ca\/fr\/manuel-des-operations-3\/#primaryimage"},"image":{"@id":"https:\/\/lacrosse.ca\/fr\/manuel-des-operations-3\/#primaryimage"},"thumbnailUrl":"https:\/\/lacrosse.ca\/wp-content\/uploads\/2025\/09\/IMG_2255-scaled-e1757713153321.jpg","datePublished":"2025-09-16T17:19:35+00:00","dateModified":"2025-09-18T21:13:23+00:00","description":"D\u00e9couvrez les listes officielles masculines pour la World Lacrosse Super Sixes \u00e0 Oshawa, Canada. Faites la connaissance des meilleurs athl\u00e8tes participant au dynamique format Olympic Sixes. D\u00e9couvrez les profils des joueurs, leurs postes et les nations repr\u00e9sent\u00e9es alors que les meilleurs talents mondiaux du lacrosse se rassemblent du 10 au 12 octobre 2025.","breadcrumb":{"@id":"https:\/\/lacrosse.ca\/fr\/manuel-des-operations-3\/#breadcrumb"},"inLanguage":"fr-FR","potentialAction":[{"@type":"ReadAction","target":["https:\/\/lacrosse.ca\/fr\/manuel-des-operations-3\/"]}]},{"@type":"ImageObject","inLanguage":"fr-FR","@id":"https:\/\/lacrosse.ca\/fr\/manuel-des-operations-3\/#primaryimage","url":"https:\/\/lacrosse.ca\/wp-content\/uploads\/2025\/09\/IMG_2255-scaled-e1757713153321.jpg","contentUrl":"https:\/\/lacrosse.ca\/wp-content\/uploads\/2025\/09\/IMG_2255-scaled-e1757713153321.jpg","width":1835,"height":2560},{"@type":"BreadcrumbList","@id":"https:\/\/lacrosse.ca\/fr\/manuel-des-operations-3\/#breadcrumb","itemListElement":[{"@type":"ListItem","position":1,"name":"Home","item":"https:\/\/lacrosse.ca\/fr\/maison-2\/"},{"@type":"ListItem","position":2,"name":"LISTES HOMMES"}]},{"@type":"WebSite","@id":"https:\/\/lacrosse.ca\/fr\/#website","url":"https:\/\/lacrosse.ca\/fr\/","name":"Lacrosse Canada","description":"The World&#039;s Leading Lacrosse Program","publisher":{"@id":"https:\/\/lacrosse.ca\/fr\/#organization"},"potentialAction":[{"@type":"SearchAction","target":{"@type":"EntryPoint","urlTemplate":"https:\/\/lacrosse.ca\/fr\/?s={search_term_string}"},"query-input":{"@type":"PropertyValueSpecification","valueRequired":true,"valueName":"search_term_string"}}],"inLanguage":"fr-FR"},{"@type":"Organization","@id":"https:\/\/lacrosse.ca\/fr\/#organization","name":"Lacrosse Canada","url":"https:\/\/lacrosse.ca\/fr\/","logo":{"@type":"ImageObject","inLanguage":"fr-FR","@id":"https:\/\/lacrosse.ca\/fr\/#\/schema\/logo\/image\/","url":"https:\/\/lacrosse.ca\/wp-content\/uploads\/2025\/01\/Lacrosse-Canada-Seal-Favicon.gif","contentUrl":"https:\/\/lacrosse.ca\/wp-content\/uploads\/2025\/01\/Lacrosse-Canada-Seal-Favicon.gif","width":512,"height":512,"caption":"Lacrosse Canada"},"image":{"@id":"https:\/\/lacrosse.ca\/fr\/#\/schema\/logo\/image\/"}}]}},"_links":{"self":[{"href":"https:\/\/lacrosse.ca\/fr\/wp-json\/wp\/v2\/pages\/3574","targetHints":{"allow":["GET"]}}],"collection":[{"href":"https:\/\/lacrosse.ca\/fr\/wp-json\/wp\/v2\/pages"}],"about":[{"href":"https:\/\/lacrosse.ca\/fr\/wp-json\/wp\/v2\/types\/page"}],"author":[{"embeddable":true,"href":"https:\/\/lacrosse.ca\/fr\/wp-json\/wp\/v2\/users\/5"}],"replies":[{"embeddable":true,"href":"https:\/\/lacrosse.ca\/fr\/wp-json\/wp\/v2\/comments?post=3574"}],"version-history":[{"count":0,"href":"https:\/\/lacrosse.ca\/fr\/wp-json\/wp\/v2\/pages\/3574\/revisions"}],"wp:featuredmedia":[{"embeddable":true,"href":"https:\/\/lacrosse.ca\/fr\/wp-json\/wp\/v2\/media\/3506"}],"wp:attachment":[{"href":"https:\/\/lacrosse.ca\/fr\/wp-json\/wp\/v2\/media?parent=3574"}],"curies":[{"name":"wp","href":"https:\/\/api.w.org\/{rel}","templated":true}]}}