{"id":3577,"date":"2025-09-16T17:17:51","date_gmt":"2025-09-16T17:17:51","guid":{"rendered":"https:\/\/lacrosse.ca\/?page_id=3577"},"modified":"2025-09-18T21:15:00","modified_gmt":"2025-09-18T21:15:00","slug":"composition-feminine-super-sixes","status":"publish","type":"page","link":"https:\/\/lacrosse.ca\/fr\/composition-feminine-super-sixes\/","title":{"rendered":"LISTES FEMMES"},"content":{"rendered":"\n<p>Parcourez les listes officielles f\u00e9minines de toutes les \u00e9quipes participant \u00e0 la World Lacrosse Super Sixes \u00e0 Oshawa.<\/p>\n\n<p class=\"has-medium-font-size\"><strong>Division Premier Femmes<\/strong><\/p>\n\n<p class=\"has-medium-font-size\"><strong>Canada Rouge:<\/strong> #1 Alecia Nicholas (G), #2 Shonly Wallace, #4 Dacia Cordingley, #5 Maggie Cuddy, #8 Nicole Perroni, #9 Isabella Gaspar, #11 Jordan Dean, #13 Morgan White, #18 Ryan Bionda, #20 Alissa DiGiacinto, #21 Bianca Chevarie, #22 Jill Fenech<\/p>\n\n<p class=\"has-medium-font-size\"><strong>Canada Blanc<\/strong>: #3 Alex Matsuoka, #6 Reese Whiteman, #7 Brooklyn Walker-Welch, #10 Michela Paterson, #12 Kyle Dobson, #14 Brenna Shanahan, #15 Dylana Williams, #16 Emma Torkoff, #17 Giulianna Gaspar, #19 Olivia Bladon, #23 Lexi Jenkins, #30 Teagan Lewis (G)<\/p>\n\n<p class=\"has-medium-font-size\"><strong>Australia: <\/strong>#4 Shannon Mitchell, #6 Kate Hooper, #11 Olivia Parker, #13 Jessica Morrison, #15 Ocean Leavy, #16 Ashytn Hiron, #17 Erin Mitchell, #19 Jordan Watts, #20 Georgia Latch, #21 mim Suares-Jury, #22 Bonnie Yu, #23 Ebony Norman, #27 Olivia Antulov, #33 Holly Dini, #36 Grace Fujinaga<\/p>\n\n<p class=\"has-medium-font-size\"><strong>Dominican Republic: <\/strong>#3 Jamelis German, #4 Sienna Roehrich, #5 Katelyn Laureano-Rikardsen, #6 Corrina Curtis, #8 Chantal Jimenez, #10 Sydney Laureano-Rikardsen, #13 Shania Roehrich, #16 Francheska Moseanko, #17 Rachael Rodriguez, #25 Gabriella Melendez, #28 Emma Curtis, #33 Sophia Nunez<\/p>\n\n<p class=\"has-medium-font-size\"><strong>Germany: <\/strong>#8 Tabea Quilitz, #9 Laura Delker, #12 Theresa Geissinger, #19 Devon Ortman, #20 Marianna Grosse (G), #22 Antonia Garbe, #24 Chole Bednar, #26 Macy Zeilmann, #27 Jenney Markey, #28 Marlene Steyer, #43 Charlotte Sofield, #44 Kady Glynn<\/p>\n\n<p class=\"has-medium-font-size\"><strong>Haudenosaunee: <\/strong>#4 Jalyn Jimerson, #14 Timmia Bomberry, #16 Bean Minerd, #18 Lois Garlow, #19 Paisley Cook, #22 Paige Crandall (G), #33 Allyson Trice, #34 Jordan Coulon, #42 Kimaura Schindler, #43 Sierra Cockerille, #44 Tallis Tarbell, #45 Mia Tarbell<\/p>\n\n<p class=\"has-medium-font-size\"><strong>Mexico: <\/strong>#15 Citlalli Bautista Chavez, #17 Xena Valenzuela, #18 Adriana Williams, #25 Lilliana Rosales, #26 Kat Chavez, #30 Alex Shea, #33 Victoria Shea, #36 Channing Milford D&rsquo;Avino, #46 Juli Ramirez<\/p>\n\n<p class=\"has-medium-font-size\"><strong>Ireland: <\/strong> \u00c0 para\u00eetre sous peu<\/p>\n\n<p class=\"has-medium-font-size\"><\/p>\n\n<p><\/p>\n\n<p><\/p>\n","protected":false},"excerpt":{"rendered":"<p>Parcourez les listes officielles f\u00e9minines de toutes les \u00e9quipes participant \u00e0 la World Lacrosse Super Sixes \u00e0 Oshawa. Division Premier Femmes Canada Rouge: #1 Alecia Nicholas (G), #2 Shonly Wallace, #4 Dacia Cordingley, #5 Maggie Cuddy, #8 Nicole Perroni, #9 Isabella Gaspar, #11 Jordan Dean, #13 Morgan White, #18 Ryan Bionda, #20 Alissa DiGiacinto, #21 [&hellip;]<\/p>\n","protected":false},"author":5,"featured_media":3579,"parent":0,"menu_order":0,"comment_status":"closed","ping_status":"closed","template":"","meta":{"_acf_changed":true,"_bbp_topic_count":0,"_bbp_reply_count":0,"_bbp_total_topic_count":0,"_bbp_total_reply_count":0,"_bbp_voice_count":0,"_bbp_anonymous_reply_count":0,"_bbp_topic_count_hidden":0,"_bbp_reply_count_hidden":0,"_bbp_forum_subforum_count":0,"footnotes":""},"class_list":["post-3577","page","type-page","status-publish","has-post-thumbnail","hentry"],"acf":[],"yoast_head":"<!-- This site is optimized with the Yoast SEO plugin v27.2 - https:\/\/yoast.com\/product\/yoast-seo-wordpress\/ -->\n<title>LISTES FEMMES - Lacrosse Canada<\/title>\n<meta name=\"description\" content=\"D\u00e9couvrez les listes officielles f\u00e9minines pour la World Lacrosse Super Sixes \u00e0 Oshawa, Canada. Faites la connaissance des meilleures athl\u00e8tes repr\u00e9sentant leur pays dans le palpitant format Olympic Sixes. Voyez qui participe \u00e0 cet \u00e9v\u00e9nement international de premier plan, qui se d\u00e9roulera du 10 au 12 octobre 2025.\" \/>\n<meta name=\"robots\" content=\"index, follow, max-snippet:-1, max-image-preview:large, max-video-preview:-1\" \/>\n<link rel=\"canonical\" href=\"https:\/\/lacrosse.ca\/fr\/composition-feminine-super-sixes\/\" \/>\n<meta property=\"og:locale\" content=\"fr_FR\" \/>\n<meta property=\"og:type\" content=\"article\" \/>\n<meta property=\"og:title\" content=\"LISTES FEMMES - Lacrosse Canada\" \/>\n<meta property=\"og:description\" content=\"D\u00e9couvrez les listes officielles f\u00e9minines pour la World Lacrosse Super Sixes \u00e0 Oshawa, Canada. Faites la connaissance des meilleures athl\u00e8tes repr\u00e9sentant leur pays dans le palpitant format Olympic Sixes. Voyez qui participe \u00e0 cet \u00e9v\u00e9nement international de premier plan, qui se d\u00e9roulera du 10 au 12 octobre 2025.\" \/>\n<meta property=\"og:url\" content=\"https:\/\/lacrosse.ca\/fr\/composition-feminine-super-sixes\/\" \/>\n<meta property=\"og:site_name\" content=\"Lacrosse Canada\" \/>\n<meta property=\"article:modified_time\" content=\"2025-09-18T21:15:00+00:00\" \/>\n<meta property=\"og:image\" content=\"https:\/\/lacrosse.ca\/wp-content\/uploads\/2025\/09\/TWG2025_Game_CHNvsCAN_2-6-scaled.jpg\" \/>\n\t<meta property=\"og:image:width\" content=\"2560\" \/>\n\t<meta property=\"og:image:height\" content=\"1707\" \/>\n\t<meta property=\"og:image:type\" content=\"image\/jpeg\" \/>\n<meta name=\"twitter:card\" content=\"summary_large_image\" \/>\n<meta name=\"twitter:label1\" content=\"Est. reading time\" \/>\n\t<meta name=\"twitter:data1\" content=\"2 minutes\" \/>\n<script type=\"application\/ld+json\" class=\"yoast-schema-graph\">{\"@context\":\"https:\/\/schema.org\",\"@graph\":[{\"@type\":\"WebPage\",\"@id\":\"https:\/\/lacrosse.ca\/fr\/composition-feminine-super-sixes\/\",\"url\":\"https:\/\/lacrosse.ca\/fr\/composition-feminine-super-sixes\/\",\"name\":\"LISTES FEMMES - Lacrosse Canada\",\"isPartOf\":{\"@id\":\"https:\/\/lacrosse.ca\/fr\/#website\"},\"primaryImageOfPage\":{\"@id\":\"https:\/\/lacrosse.ca\/fr\/composition-feminine-super-sixes\/#primaryimage\"},\"image\":{\"@id\":\"https:\/\/lacrosse.ca\/fr\/composition-feminine-super-sixes\/#primaryimage\"},\"thumbnailUrl\":\"https:\/\/lacrosse.ca\/wp-content\/uploads\/2025\/09\/TWG2025_Game_CHNvsCAN_2-6-scaled.jpg\",\"datePublished\":\"2025-09-16T17:17:51+00:00\",\"dateModified\":\"2025-09-18T21:15:00+00:00\",\"description\":\"D\u00e9couvrez les listes officielles f\u00e9minines pour la World Lacrosse Super Sixes \u00e0 Oshawa, Canada. Faites la connaissance des meilleures athl\u00e8tes repr\u00e9sentant leur pays dans le palpitant format Olympic Sixes. Voyez qui participe \u00e0 cet \u00e9v\u00e9nement international de premier plan, qui se d\u00e9roulera du 10 au 12 octobre 2025.\",\"breadcrumb\":{\"@id\":\"https:\/\/lacrosse.ca\/fr\/composition-feminine-super-sixes\/#breadcrumb\"},\"inLanguage\":\"fr-FR\",\"potentialAction\":[{\"@type\":\"ReadAction\",\"target\":[\"https:\/\/lacrosse.ca\/fr\/composition-feminine-super-sixes\/\"]}]},{\"@type\":\"ImageObject\",\"inLanguage\":\"fr-FR\",\"@id\":\"https:\/\/lacrosse.ca\/fr\/composition-feminine-super-sixes\/#primaryimage\",\"url\":\"https:\/\/lacrosse.ca\/wp-content\/uploads\/2025\/09\/TWG2025_Game_CHNvsCAN_2-6-scaled.jpg\",\"contentUrl\":\"https:\/\/lacrosse.ca\/wp-content\/uploads\/2025\/09\/TWG2025_Game_CHNvsCAN_2-6-scaled.jpg\",\"width\":2560,\"height\":1707},{\"@type\":\"BreadcrumbList\",\"@id\":\"https:\/\/lacrosse.ca\/fr\/composition-feminine-super-sixes\/#breadcrumb\",\"itemListElement\":[{\"@type\":\"ListItem\",\"position\":1,\"name\":\"Home\",\"item\":\"https:\/\/lacrosse.ca\/fr\/maison-2\/\"},{\"@type\":\"ListItem\",\"position\":2,\"name\":\"LISTES FEMMES\"}]},{\"@type\":\"WebSite\",\"@id\":\"https:\/\/lacrosse.ca\/fr\/#website\",\"url\":\"https:\/\/lacrosse.ca\/fr\/\",\"name\":\"Lacrosse Canada\",\"description\":\"The World&#039;s Leading Lacrosse Program\",\"publisher\":{\"@id\":\"https:\/\/lacrosse.ca\/fr\/#organization\"},\"potentialAction\":[{\"@type\":\"SearchAction\",\"target\":{\"@type\":\"EntryPoint\",\"urlTemplate\":\"https:\/\/lacrosse.ca\/fr\/?s={search_term_string}\"},\"query-input\":{\"@type\":\"PropertyValueSpecification\",\"valueRequired\":true,\"valueName\":\"search_term_string\"}}],\"inLanguage\":\"fr-FR\"},{\"@type\":\"Organization\",\"@id\":\"https:\/\/lacrosse.ca\/fr\/#organization\",\"name\":\"Lacrosse Canada\",\"url\":\"https:\/\/lacrosse.ca\/fr\/\",\"logo\":{\"@type\":\"ImageObject\",\"inLanguage\":\"fr-FR\",\"@id\":\"https:\/\/lacrosse.ca\/fr\/#\/schema\/logo\/image\/\",\"url\":\"https:\/\/lacrosse.ca\/wp-content\/uploads\/2025\/01\/Lacrosse-Canada-Seal-Favicon.gif\",\"contentUrl\":\"https:\/\/lacrosse.ca\/wp-content\/uploads\/2025\/01\/Lacrosse-Canada-Seal-Favicon.gif\",\"width\":512,\"height\":512,\"caption\":\"Lacrosse Canada\"},\"image\":{\"@id\":\"https:\/\/lacrosse.ca\/fr\/#\/schema\/logo\/image\/\"}}]}<\/script>\n<!-- \/ Yoast SEO plugin. -->","yoast_head_json":{"title":"LISTES FEMMES - Lacrosse Canada","description":"D\u00e9couvrez les listes officielles f\u00e9minines pour la World Lacrosse Super Sixes \u00e0 Oshawa, Canada. Faites la connaissance des meilleures athl\u00e8tes repr\u00e9sentant leur pays dans le palpitant format Olympic Sixes. Voyez qui participe \u00e0 cet \u00e9v\u00e9nement international de premier plan, qui se d\u00e9roulera du 10 au 12 octobre 2025.","robots":{"index":"index","follow":"follow","max-snippet":"max-snippet:-1","max-image-preview":"max-image-preview:large","max-video-preview":"max-video-preview:-1"},"canonical":"https:\/\/lacrosse.ca\/fr\/composition-feminine-super-sixes\/","og_locale":"fr_FR","og_type":"article","og_title":"LISTES FEMMES - Lacrosse Canada","og_description":"D\u00e9couvrez les listes officielles f\u00e9minines pour la World Lacrosse Super Sixes \u00e0 Oshawa, Canada. Faites la connaissance des meilleures athl\u00e8tes repr\u00e9sentant leur pays dans le palpitant format Olympic Sixes. Voyez qui participe \u00e0 cet \u00e9v\u00e9nement international de premier plan, qui se d\u00e9roulera du 10 au 12 octobre 2025.","og_url":"https:\/\/lacrosse.ca\/fr\/composition-feminine-super-sixes\/","og_site_name":"Lacrosse Canada","article_modified_time":"2025-09-18T21:15:00+00:00","og_image":[{"width":2560,"height":1707,"url":"https:\/\/lacrosse.ca\/wp-content\/uploads\/2025\/09\/TWG2025_Game_CHNvsCAN_2-6-scaled.jpg","type":"image\/jpeg"}],"twitter_card":"summary_large_image","twitter_misc":{"Est. reading time":"2 minutes"},"schema":{"@context":"https:\/\/schema.org","@graph":[{"@type":"WebPage","@id":"https:\/\/lacrosse.ca\/fr\/composition-feminine-super-sixes\/","url":"https:\/\/lacrosse.ca\/fr\/composition-feminine-super-sixes\/","name":"LISTES FEMMES - Lacrosse Canada","isPartOf":{"@id":"https:\/\/lacrosse.ca\/fr\/#website"},"primaryImageOfPage":{"@id":"https:\/\/lacrosse.ca\/fr\/composition-feminine-super-sixes\/#primaryimage"},"image":{"@id":"https:\/\/lacrosse.ca\/fr\/composition-feminine-super-sixes\/#primaryimage"},"thumbnailUrl":"https:\/\/lacrosse.ca\/wp-content\/uploads\/2025\/09\/TWG2025_Game_CHNvsCAN_2-6-scaled.jpg","datePublished":"2025-09-16T17:17:51+00:00","dateModified":"2025-09-18T21:15:00+00:00","description":"D\u00e9couvrez les listes officielles f\u00e9minines pour la World Lacrosse Super Sixes \u00e0 Oshawa, Canada. Faites la connaissance des meilleures athl\u00e8tes repr\u00e9sentant leur pays dans le palpitant format Olympic Sixes. Voyez qui participe \u00e0 cet \u00e9v\u00e9nement international de premier plan, qui se d\u00e9roulera du 10 au 12 octobre 2025.","breadcrumb":{"@id":"https:\/\/lacrosse.ca\/fr\/composition-feminine-super-sixes\/#breadcrumb"},"inLanguage":"fr-FR","potentialAction":[{"@type":"ReadAction","target":["https:\/\/lacrosse.ca\/fr\/composition-feminine-super-sixes\/"]}]},{"@type":"ImageObject","inLanguage":"fr-FR","@id":"https:\/\/lacrosse.ca\/fr\/composition-feminine-super-sixes\/#primaryimage","url":"https:\/\/lacrosse.ca\/wp-content\/uploads\/2025\/09\/TWG2025_Game_CHNvsCAN_2-6-scaled.jpg","contentUrl":"https:\/\/lacrosse.ca\/wp-content\/uploads\/2025\/09\/TWG2025_Game_CHNvsCAN_2-6-scaled.jpg","width":2560,"height":1707},{"@type":"BreadcrumbList","@id":"https:\/\/lacrosse.ca\/fr\/composition-feminine-super-sixes\/#breadcrumb","itemListElement":[{"@type":"ListItem","position":1,"name":"Home","item":"https:\/\/lacrosse.ca\/fr\/maison-2\/"},{"@type":"ListItem","position":2,"name":"LISTES FEMMES"}]},{"@type":"WebSite","@id":"https:\/\/lacrosse.ca\/fr\/#website","url":"https:\/\/lacrosse.ca\/fr\/","name":"Lacrosse Canada","description":"The World&#039;s Leading Lacrosse Program","publisher":{"@id":"https:\/\/lacrosse.ca\/fr\/#organization"},"potentialAction":[{"@type":"SearchAction","target":{"@type":"EntryPoint","urlTemplate":"https:\/\/lacrosse.ca\/fr\/?s={search_term_string}"},"query-input":{"@type":"PropertyValueSpecification","valueRequired":true,"valueName":"search_term_string"}}],"inLanguage":"fr-FR"},{"@type":"Organization","@id":"https:\/\/lacrosse.ca\/fr\/#organization","name":"Lacrosse Canada","url":"https:\/\/lacrosse.ca\/fr\/","logo":{"@type":"ImageObject","inLanguage":"fr-FR","@id":"https:\/\/lacrosse.ca\/fr\/#\/schema\/logo\/image\/","url":"https:\/\/lacrosse.ca\/wp-content\/uploads\/2025\/01\/Lacrosse-Canada-Seal-Favicon.gif","contentUrl":"https:\/\/lacrosse.ca\/wp-content\/uploads\/2025\/01\/Lacrosse-Canada-Seal-Favicon.gif","width":512,"height":512,"caption":"Lacrosse Canada"},"image":{"@id":"https:\/\/lacrosse.ca\/fr\/#\/schema\/logo\/image\/"}}]}},"_links":{"self":[{"href":"https:\/\/lacrosse.ca\/fr\/wp-json\/wp\/v2\/pages\/3577","targetHints":{"allow":["GET"]}}],"collection":[{"href":"https:\/\/lacrosse.ca\/fr\/wp-json\/wp\/v2\/pages"}],"about":[{"href":"https:\/\/lacrosse.ca\/fr\/wp-json\/wp\/v2\/types\/page"}],"author":[{"embeddable":true,"href":"https:\/\/lacrosse.ca\/fr\/wp-json\/wp\/v2\/users\/5"}],"replies":[{"embeddable":true,"href":"https:\/\/lacrosse.ca\/fr\/wp-json\/wp\/v2\/comments?post=3577"}],"version-history":[{"count":0,"href":"https:\/\/lacrosse.ca\/fr\/wp-json\/wp\/v2\/pages\/3577\/revisions"}],"wp:featuredmedia":[{"embeddable":true,"href":"https:\/\/lacrosse.ca\/fr\/wp-json\/wp\/v2\/media\/3579"}],"wp:attachment":[{"href":"https:\/\/lacrosse.ca\/fr\/wp-json\/wp\/v2\/media?parent=3577"}],"curies":[{"name":"wp","href":"https:\/\/api.w.org\/{rel}","templated":true}]}}