{"id":3745,"date":"2025-03-21T17:25:28","date_gmt":"2025-03-21T17:25:28","guid":{"rendered":"https:\/\/lacrosse.ca\/crosse-sixes\/"},"modified":"2025-10-21T14:16:48","modified_gmt":"2025-10-21T14:16:48","slug":"crosse-sixes","status":"publish","type":"page","link":"https:\/\/lacrosse.ca\/fr\/crosse-sixes\/","title":{"rendered":"Crosse Sixes"},"content":{"rendered":"\t\t<div data-elementor-type=\"wp-page\" data-elementor-id=\"3745\" class=\"elementor elementor-3745 elementor-2555\" data-elementor-post-type=\"page\">\n\t\t\t\t<div class=\"elementor-element elementor-element-5df0d876 e-con-full e-flex e-con e-child\" data-id=\"5df0d876\" data-element_type=\"container\" data-e-type=\"container\" data-settings=\"{&quot;background_background&quot;:&quot;classic&quot;,&quot;jet_parallax_layout_list&quot;:[]}\">\n\t\t<div class=\"elementor-element elementor-element-484025f e-con-full e-flex e-con e-child\" data-id=\"484025f\" data-element_type=\"container\" data-e-type=\"container\" data-settings=\"{&quot;background_background&quot;:&quot;classic&quot;,&quot;jet_parallax_layout_list&quot;:[]}\">\n\t\t<div class=\"elementor-element elementor-element-1b20c0c5 e-con-full e-flex e-con e-child\" data-id=\"1b20c0c5\" data-element_type=\"container\" data-e-type=\"container\" data-settings=\"{&quot;background_background&quot;:&quot;classic&quot;,&quot;jet_parallax_layout_list&quot;:[]}\">\n\t\t<div class=\"elementor-element elementor-element-3117907 e-con-full e-flex e-con e-child\" data-id=\"3117907\" data-element_type=\"container\" data-e-type=\"container\" data-settings=\"{&quot;jet_parallax_layout_list&quot;:[]}\">\n\t\t<div class=\"elementor-element elementor-element-5fad38e7 e-con-full e-flex e-con e-child\" data-id=\"5fad38e7\" data-element_type=\"container\" data-e-type=\"container\" data-settings=\"{&quot;background_background&quot;:&quot;classic&quot;,&quot;jet_parallax_layout_list&quot;:[]}\">\n\t\t\t\t<\/div>\n\t\t<div class=\"elementor-element elementor-element-44ffbbd8 e-con-full e-flex e-con e-child\" data-id=\"44ffbbd8\" data-element_type=\"container\" data-e-type=\"container\" data-settings=\"{&quot;jet_parallax_layout_list&quot;:[]}\">\n\t\t\t\t<div class=\"elementor-element elementor-element-48ef38e elementor-widget elementor-widget-heading\" data-id=\"48ef38e\" data-element_type=\"widget\" data-e-type=\"widget\" data-widget_type=\"heading.default\">\n\t\t\t\t<div class=\"elementor-widget-container\">\n\t\t\t\t\t<h1 class=\"elementor-heading-title elementor-size-default\">Crosse Canada<\/h1>\t\t\t\t<\/div>\n\t\t\t\t<\/div>\n\t\t\t\t<div class=\"elementor-element elementor-element-570ee9fe elementor-widget-divider--view-line elementor-widget elementor-widget-divider\" data-id=\"570ee9fe\" data-element_type=\"widget\" data-e-type=\"widget\" data-widget_type=\"divider.default\">\n\t\t\t\t<div class=\"elementor-widget-container\">\n\t\t\t\t\t\t\t<div class=\"elementor-divider\">\n\t\t\t<span class=\"elementor-divider-separator\">\n\t\t\t\t\t\t<\/span>\n\t\t<\/div>\n\t\t\t\t\t\t<\/div>\n\t\t\t\t<\/div>\n\t\t\t\t<\/div>\n\t\t\t\t<\/div>\n\t\t<div class=\"elementor-element elementor-element-161a8314 e-con-full e-flex e-con e-child\" data-id=\"161a8314\" data-element_type=\"container\" data-e-type=\"container\" data-settings=\"{&quot;background_background&quot;:&quot;classic&quot;,&quot;jet_parallax_layout_list&quot;:[]}\">\n\t\t<div class=\"elementor-element elementor-element-69c864f1 e-con-full e-flex e-con e-child\" data-id=\"69c864f1\" data-element_type=\"container\" data-e-type=\"container\" data-settings=\"{&quot;background_background&quot;:&quot;classic&quot;,&quot;jet_parallax_layout_list&quot;:[]}\">\n\t\t\t\t<\/div>\n\t\t\t\t<\/div>\n\t\t\t\t<\/div>\n\t\t\t\t<\/div>\n\t\t<div class=\"elementor-element elementor-element-13b604cc e-con-full elementor-hidden-mobile e-flex e-con e-child\" data-id=\"13b604cc\" data-element_type=\"container\" data-e-type=\"container\" data-settings=\"{&quot;background_background&quot;:&quot;classic&quot;,&quot;jet_parallax_layout_list&quot;:[]}\">\n\t\t<div class=\"elementor-element elementor-element-4bf1d7da e-con-full e-flex e-con e-child\" data-id=\"4bf1d7da\" data-element_type=\"container\" data-e-type=\"container\" data-settings=\"{&quot;background_background&quot;:&quot;classic&quot;,&quot;jet_parallax_layout_list&quot;:[]}\">\n\t\t<div class=\"elementor-element elementor-element-23bbe89b e-con-full e-flex e-con e-child\" data-id=\"23bbe89b\" data-element_type=\"container\" data-e-type=\"container\" data-settings=\"{&quot;jet_parallax_layout_list&quot;:[]}\">\n\t\t\t\t<\/div>\n\t\t<div class=\"elementor-element elementor-element-78b6725c e-con-full elementor-hidden-tablet e-flex e-con e-child\" data-id=\"78b6725c\" data-element_type=\"container\" data-e-type=\"container\" data-settings=\"{&quot;background_background&quot;:&quot;classic&quot;,&quot;jet_parallax_layout_list&quot;:[]}\">\n\t\t\t\t<\/div>\n\t\t\t\t<\/div>\n\t\t\t\t<\/div>\n\t\t\t\t<\/div>\n\t\t<div class=\"elementor-element elementor-element-449d578b e-con-full e-flex e-con e-child\" data-id=\"449d578b\" data-element_type=\"container\" data-e-type=\"container\" data-settings=\"{&quot;jet_parallax_layout_list&quot;:[]}\">\n\t\t<div class=\"elementor-element elementor-element-21b0a409 e-con-full e-flex e-con e-child\" data-id=\"21b0a409\" data-element_type=\"container\" data-e-type=\"container\" data-settings=\"{&quot;jet_parallax_layout_list&quot;:[]}\">\n\t\t\t\t<div class=\"elementor-element elementor-element-4c1db8ff elementor-widget elementor-widget-heading\" data-id=\"4c1db8ff\" data-element_type=\"widget\" data-e-type=\"widget\" data-widget_type=\"heading.default\">\n\t\t\t\t<div class=\"elementor-widget-container\">\n\t\t\t\t\t<h2 class=\"elementor-heading-title elementor-size-default\">PR\u00c9SENTATION DE LA CROSSE SIXES <\/h2>\t\t\t\t<\/div>\n\t\t\t\t<\/div>\n\t\t\t\t<div class=\"elementor-element elementor-element-52516825 elementor-widget elementor-widget-text-editor\" data-id=\"52516825\" data-element_type=\"widget\" data-e-type=\"widget\" data-widget_type=\"text-editor.default\">\n\t\t\t\t<div class=\"elementor-widget-container\">\n\t\t\t\t\t\t\t\t\t<p>La crosse Sixes est une version rapide et dynamique de la crosse traditionnelle, mettant l\u2019accent sur la vitesse, les habilet\u00e9s et la prise de d\u00e9cision rapide. Elle a \u00e9t\u00e9 introduite comme une version plus compacte et excitante du jeu, avec moins de joueurs par \u00e9quipe et un terrain plus petit. Ce format est con\u00e7u pour maintenir l\u2019intensit\u00e9 et la fluidit\u00e9 du jeu, offrant une exp\u00e9rience palpitante tant pour les joueurs que pour les spectateurs. D\u00e9velopp\u00e9e pour s\u2019ins\u00e9rer dans un laps de temps plus court tout en mettant en valeur l\u2019athl\u00e9tisme et la strat\u00e9gie du jeu original, la crosse Sixes sera \u00e9galement la version qui fera ses d\u00e9buts aux Jeux olympiques de 2028, portant le Jeu du Cr\u00e9ateur sur la plus grande sc\u00e8ne sportive mondiale.   <\/p>\t\t\t\t\t\t\t\t<\/div>\n\t\t\t\t<\/div>\n\t\t\t\t<div class=\"elementor-element elementor-element-249c349e elementor-widget elementor-widget-spacer\" data-id=\"249c349e\" data-element_type=\"widget\" data-e-type=\"widget\" data-widget_type=\"spacer.default\">\n\t\t\t\t<div class=\"elementor-widget-container\">\n\t\t\t\t\t\t\t<div class=\"elementor-spacer\">\n\t\t\t<div class=\"elementor-spacer-inner\"><\/div>\n\t\t<\/div>\n\t\t\t\t\t\t<\/div>\n\t\t\t\t<\/div>\n\t\t<div class=\"elementor-element elementor-element-5ab360d4 e-con-full e-flex e-con e-child\" data-id=\"5ab360d4\" data-element_type=\"container\" data-e-type=\"container\" data-settings=\"{&quot;background_background&quot;:&quot;classic&quot;,&quot;jet_parallax_layout_list&quot;:[]}\">\n\t\t\t\t<div class=\"elementor-element elementor-element-4398c85a elementor-widget elementor-widget-button\" data-id=\"4398c85a\" data-element_type=\"widget\" data-e-type=\"widget\" id=\"wph-back-button\" data-widget_type=\"button.default\">\n\t\t\t\t<div class=\"elementor-widget-container\">\n\t\t\t\t\t\t\t\t\t<div class=\"elementor-button-wrapper\">\n\t\t\t\t\t<a class=\"elementor-button elementor-button-link elementor-size-sm\" href=\"#more\">\n\t\t\t\t\t\t<span class=\"elementor-button-content-wrapper\">\n\t\t\t\t\t\t<span class=\"elementor-button-icon\">\n\t\t\t\t<svg xmlns=\"http:\/\/www.w3.org\/2000\/svg\" xmlns:xlink=\"http:\/\/www.w3.org\/1999\/xlink\" id=\"a\" x=\"0px\" y=\"0px\" viewBox=\"0 0 10 10\" style=\"enable-background:new 0 0 10 10;\" xml:space=\"preserve\"><style type=\"text\/css\">\t.st0{fill:#FFFFFF;}<\/style><polygon class=\"st0\" points=\"10,0 8,0 8,6.6 1.4,0 0,1.4 6.5,8 0,8 0,10 10,10 \"><\/polygon><\/svg>\t\t\t<\/span>\n\t\t\t\t\t\t\t\t\t<span class=\"elementor-button-text\">Plus<\/span>\n\t\t\t\t\t<\/span>\n\t\t\t\t\t<\/a>\n\t\t\t\t<\/div>\n\t\t\t\t\t\t\t\t<\/div>\n\t\t\t\t<\/div>\n\t\t\t\t<\/div>\n\t\t\t\t<\/div>\n\t\t<div class=\"elementor-element elementor-element-18392db5 e-con-full e-flex e-con e-child\" data-id=\"18392db5\" data-element_type=\"container\" data-e-type=\"container\" data-settings=\"{&quot;jet_parallax_layout_list&quot;:[]}\">\n\t\t\t\t<div class=\"elementor-element elementor-element-36d5b5bf elementor-hidden-tablet elementor-hidden-mobile elementor-widget-divider--view-line elementor-widget elementor-widget-divider\" data-id=\"36d5b5bf\" data-element_type=\"widget\" data-e-type=\"widget\" data-widget_type=\"divider.default\">\n\t\t\t\t<div class=\"elementor-widget-container\">\n\t\t\t\t\t\t\t<div class=\"elementor-divider\">\n\t\t\t<span class=\"elementor-divider-separator\">\n\t\t\t\t\t\t<\/span>\n\t\t<\/div>\n\t\t\t\t\t\t<\/div>\n\t\t\t\t<\/div>\n\t\t<div class=\"elementor-element elementor-element-58cc2128 e-con-full e-flex e-con e-child\" data-id=\"58cc2128\" data-element_type=\"container\" data-e-type=\"container\" data-settings=\"{&quot;background_background&quot;:&quot;classic&quot;,&quot;background_motion_fx_motion_fx_scrolling&quot;:&quot;yes&quot;,&quot;background_motion_fx_translateY_effect&quot;:&quot;yes&quot;,&quot;background_motion_fx_translateY_speed&quot;:{&quot;unit&quot;:&quot;px&quot;,&quot;size&quot;:2,&quot;sizes&quot;:[]},&quot;jet_parallax_layout_list&quot;:[],&quot;background_motion_fx_translateY_affectedRange&quot;:{&quot;unit&quot;:&quot;%&quot;,&quot;size&quot;:&quot;&quot;,&quot;sizes&quot;:{&quot;start&quot;:0,&quot;end&quot;:100}},&quot;background_motion_fx_devices&quot;:[&quot;desktop&quot;,&quot;laptop&quot;,&quot;tablet&quot;,&quot;mobile&quot;]}\">\n\t\t\t\t<div class=\"elementor-element elementor-element-7308191 elementor-widget elementor-widget-video\" data-id=\"7308191\" data-element_type=\"widget\" data-e-type=\"widget\" data-settings=\"{&quot;youtube_url&quot;:&quot;https:\\\/\\\/www.youtube.com\\\/watch?v=aJa_4vA0ZqE&amp;list=PLG7urtQ8JEwvgtKB6FqMtYpER3OTn2QKq&amp;index=2&quot;,&quot;video_type&quot;:&quot;youtube&quot;,&quot;controls&quot;:&quot;yes&quot;}\" data-widget_type=\"video.default\">\n\t\t\t\t<div class=\"elementor-widget-container\">\n\t\t\t\t\t\t\t<div class=\"elementor-wrapper elementor-open-inline\">\n\t\t\t<div class=\"elementor-video\"><\/div>\t\t<\/div>\n\t\t\t\t\t\t<\/div>\n\t\t\t\t<\/div>\n\t\t\t\t<\/div>\n\t\t\t\t<\/div>\n\t\t\t\t<\/div>\n\t\t<div class=\"elementor-element elementor-element-4134e48c e-flex e-con-boxed e-con e-parent\" data-id=\"4134e48c\" data-element_type=\"container\" data-e-type=\"container\" id=\"more\" data-settings=\"{&quot;background_background&quot;:&quot;classic&quot;,&quot;jet_parallax_layout_list&quot;:[]}\">\n\t\t\t\t\t<div class=\"e-con-inner\">\n\t\t<div class=\"elementor-element elementor-element-137eb625 e-con-full e-flex e-con e-child\" data-id=\"137eb625\" data-element_type=\"container\" data-e-type=\"container\" data-settings=\"{&quot;jet_parallax_layout_list&quot;:[]}\">\n\t\t\t\t<div class=\"elementor-element elementor-element-5e35f8a elementor-widget elementor-widget-text-editor\" data-id=\"5e35f8a\" data-element_type=\"widget\" data-e-type=\"widget\" data-widget_type=\"text-editor.default\">\n\t\t\t\t<div class=\"elementor-widget-container\">\n\t\t\t\t\t\t\t\t\t<p> <\/p><p><strong>Crosse Sixes masculine vs f\u00e9minine<\/strong><\/p><p data-start=\"280\" data-end=\"594\">Bien qu\u2019il existe de l\u00e9g\u00e8res diff\u00e9rences au niveau de l\u2019\u00e9quipement, <strong data-start=\"329\" data-end=\"453\">la crosse Sixes masculine et f\u00e9minine est fondamentalement le m\u00eame jeu \u2014 rapide, \u00e0 fort potentiel de points et ax\u00e9 sur la vitesse et les habilet\u00e9s.<\/strong> Les deux se jouent avec six joueurs par \u00e9quipe, incluant un gardien, sur un terrain r\u00e9duit qui favorise le mouvement constant et les transitions rapides.<\/p><p data-start=\"596\" data-end=\"873\"><strong data-start=\"596\" data-end=\"673\">Le contact physique n\u2019est pas permis en crosse Sixes, ni chez les hommes ni chez les femmes.<\/strong> Le jeu met l\u2019accent sur les v\u00e9rifications de crosse propres, l\u2019agilit\u00e9 et la d\u00e9fense de position plut\u00f4t que sur les collisions physiques. Les joueurs doivent \u00eatre rapides sur leurs pieds, pr\u00e9cis dans leurs passes et infatigables lors des transitions. <\/p><p data-start=\"875\" data-end=\"1197\">La principale diff\u00e9rence r\u00e9side dans l\u2019\u00e9quipement de protection : <strong data-start=\"928\" data-end=\"975\">les hommes portent un casque, des gants et un l\u00e9ger rembourrage<\/strong>, tandis que les<strong data-start=\"983\" data-end=\"1021\"> femmes portent des lunettes de protection et un prot\u00e8ge-dents<\/strong>. Cependant, ces diff\u00e9rences d\u2019\u00e9quipement ne modifient pas la fa\u00e7on dont le jeu se d\u00e9roule.  <strong data-start=\"1097\" data-end=\"1197\">La crosse Sixes est con\u00e7ue pour mettre en valeur la vitesse, la cr\u00e9ativit\u00e9 et la finesse de la crosse \u2014 quel que soit le genre.<\/strong><\/p><p><strong>Comment \u00e7a se joue<\/strong><\/p><p>La crosse Sixes se joue avec six joueurs par \u00e9quipe (incluant un gardien), sur un terrain plus petit que celui utilis\u00e9 pour la crosse sur terrain traditionnelle. L\u2019objectif reste le m\u00eame : marquer en lan\u00e7ant la balle dans le but adverse \u00e0 l\u2019aide de la crosse. Le jeu est con\u00e7u pour \u00eatre rapide, avec des transitions rapides entre l\u2019attaque et la d\u00e9fense. Le nombre r\u00e9duit de joueurs ouvre davantage d\u2019espace sur le terrain, cr\u00e9ant plus d\u2019occasions de marquer. Le terrain plus petit et le nombre limit\u00e9 de joueurs rendent le jeu tr\u00e8s dynamique, mettant l\u2019accent sur les habilet\u00e9s individuelles, les passes rapides et les prises de d\u00e9cisions rapides.    <\/p><p><strong>R\u00e8gles de base<\/strong><\/p><ul class=\"wp-block-list\"><li><strong>Dur\u00e9e du match <\/strong>: G\u00e9n\u00e9ralement jou\u00e9 en quatre quarts-temps de 8 minutes chacun.<\/li><li><strong>Joueurs <\/strong>: Six joueurs par \u00e9quipe, incluant un gardien.<\/li><li><strong>Possession<\/strong> : Les \u00e9quipes disposent d\u2019un temps limit\u00e9 pour tirer au but apr\u00e8s avoir pris possession de la balle (g\u00e9n\u00e9ralement environ 30 secondes).<\/li><li><strong>P\u00e9nalit\u00e9s <\/strong>: Comme en crosse traditionnelle, les p\u00e9nalit\u00e9s entra\u00eenent le joueur \u00e0 purger son temps dans le banc des p\u00e9nalit\u00e9s, laissant son \u00e9quipe en inf\u00e9riorit\u00e9 num\u00e9rique pendant la dur\u00e9e de la p\u00e9nalit\u00e9.<\/li><li><strong>Pas de mise au jeu <\/strong>: Apr\u00e8s un but, le jeu reprend avec l\u2019\u00e9quipe ayant conc\u00e9d\u00e9 le but qui effectue une passe depuis derri\u00e8re le but.<\/li><\/ul><p><strong>S\u00e9curit\u00e9 en crosse Sixes<\/strong><\/p><p>La crosse Sixes est con\u00e7ue pour \u00eatre un jeu rapide et dynamique. Chez les hommes, les joueurs doivent porter un casque et des gants, car il n\u2019y a pas de contact physique en Sixes. Pour les femmes, la nature sans contact du jeu n\u00e9cessite moins d\u2019\u00e9quipement, mais les joueuses doivent tout de m\u00eame porter des lunettes de protection et un prot\u00e8ge-dents.  <\/p><p>Les p\u00e9nalit\u00e9s pour jeu dangereux, comme les coups de crosse ou les contacts corporels imprudents, contribuent \u00e0 maintenir la s\u00e9curit\u00e9 pendant le jeu. Comme pour toutes les versions de la crosse, il est recommand\u00e9 aux joueurs de suivre un entra\u00eenement et une pr\u00e9paration physique ad\u00e9quats pour r\u00e9duire le risque de blessures. <\/p>\t\t\t\t\t\t\t\t<\/div>\n\t\t\t\t<\/div>\n\t\t\t\t<\/div>\n\t\t<div class=\"elementor-element elementor-element-2c6a1266 e-con-full e-flex e-con e-child\" data-id=\"2c6a1266\" data-element_type=\"container\" data-e-type=\"container\" data-settings=\"{&quot;background_background&quot;:&quot;classic&quot;,&quot;jet_parallax_layout_list&quot;:[]}\">\n\t\t\t\t<\/div>\n\t\t\t\t\t<\/div>\n\t\t\t\t<\/div>\n\t\t<div class=\"elementor-element elementor-element-73aafd78 e-con-full e-flex e-con e-child\" data-id=\"73aafd78\" data-element_type=\"container\" data-e-type=\"container\" data-settings=\"{&quot;background_background&quot;:&quot;classic&quot;,&quot;jet_parallax_layout_list&quot;:[]}\">\n\t\t<div class=\"elementor-element elementor-element-7e92b9ec e-con-full e-flex e-con e-child\" data-id=\"7e92b9ec\" data-element_type=\"container\" data-e-type=\"container\" data-settings=\"{&quot;jet_parallax_layout_list&quot;:[]}\">\n\t\t\t\t<\/div>\n\t\t<div class=\"elementor-element elementor-element-71ab4ec3 e-con-full e-flex e-con e-child\" data-id=\"71ab4ec3\" data-element_type=\"container\" data-e-type=\"container\" data-settings=\"{&quot;background_background&quot;:&quot;classic&quot;,&quot;jet_parallax_layout_list&quot;:[]}\">\n\t\t\t\t<div class=\"elementor-element elementor-element-123afcfb elementor-widget__width-initial elementor-widget elementor-widget-html\" data-id=\"123afcfb\" data-element_type=\"widget\" data-e-type=\"widget\" data-widget_type=\"html.default\">\n\t\t\t\t<div class=\"elementor-widget-container\">\n\t\t\t\t\t<svg xmlns=\"http:\/\/www.w3.org\/2000\/svg\" xmlns:xlink=\"http:\/\/www.w3.org\/1999\/xlink\" version=\"1.1\" id=\"Layer_1\" x=\"0px\" y=\"0px\" viewbox=\"0 0 200 50\" style=\"enable-background:new 0 0 200 50;\" xml:space=\"preserve\">\n<style type=\"text\/css\">\n .st03{fill:#CE0E2D;}\n<\/style>\n<polygon class=\"st03\" points=\"50,0 0,50 200,50 200,0  \"><\/polygon>\n<\/svg>\t\t\t\t<\/div>\n\t\t\t\t<\/div>\n\t\t\t\t<\/div>\n\t\t\t\t<\/div>\n\t\t\t\t<\/div>\n\t\t","protected":false},"excerpt":{"rendered":"<p>Crosse Canada PR\u00c9SENTATION DE LA CROSSE SIXES La crosse Sixes est une version rapide et dynamique de la crosse traditionnelle, mettant l\u2019accent sur la vitesse, les habilet\u00e9s et la prise de d\u00e9cision rapide. Elle a \u00e9t\u00e9 introduite comme une version plus compacte et excitante du jeu, avec moins de joueurs par \u00e9quipe et un terrain [&hellip;]<\/p>\n","protected":false},"author":4,"featured_media":0,"parent":0,"menu_order":0,"comment_status":"closed","ping_status":"closed","template":"","meta":{"_acf_changed":false,"_bbp_topic_count":0,"_bbp_reply_count":0,"_bbp_total_topic_count":0,"_bbp_total_reply_count":0,"_bbp_voice_count":0,"_bbp_anonymous_reply_count":0,"_bbp_topic_count_hidden":0,"_bbp_reply_count_hidden":0,"_bbp_forum_subforum_count":0,"footnotes":""},"class_list":["post-3745","page","type-page","status-publish","hentry"],"acf":[],"yoast_head":"<!-- This site is optimized with the Yoast SEO plugin v27.2 - https:\/\/yoast.com\/product\/yoast-seo-wordpress\/ -->\n<title>Crosse Sixes - Lacrosse Canada<\/title>\n<meta name=\"robots\" content=\"index, follow, max-snippet:-1, max-image-preview:large, max-video-preview:-1\" \/>\n<link rel=\"canonical\" href=\"https:\/\/lacrosse.ca\/fr\/crosse-sixes\/\" \/>\n<meta property=\"og:locale\" content=\"fr_FR\" \/>\n<meta property=\"og:type\" content=\"article\" \/>\n<meta property=\"og:title\" content=\"Crosse Sixes - Lacrosse Canada\" \/>\n<meta property=\"og:description\" content=\"Crosse Canada PR\u00c9SENTATION DE LA CROSSE SIXES La crosse Sixes est une version rapide et dynamique de la crosse traditionnelle, mettant l\u2019accent sur la vitesse, les habilet\u00e9s et la prise de d\u00e9cision rapide. Elle a \u00e9t\u00e9 introduite comme une version plus compacte et excitante du jeu, avec moins de joueurs par \u00e9quipe et un terrain [&hellip;]\" \/>\n<meta property=\"og:url\" content=\"https:\/\/lacrosse.ca\/fr\/crosse-sixes\/\" \/>\n<meta property=\"og:site_name\" content=\"Lacrosse Canada\" \/>\n<meta property=\"article:modified_time\" content=\"2025-10-21T14:16:48+00:00\" \/>\n<meta name=\"twitter:card\" content=\"summary_large_image\" \/>\n<meta name=\"twitter:label1\" content=\"Est. reading time\" \/>\n\t<meta name=\"twitter:data1\" content=\"4 minutes\" \/>\n<script type=\"application\/ld+json\" class=\"yoast-schema-graph\">{\"@context\":\"https:\/\/schema.org\",\"@graph\":[{\"@type\":\"WebPage\",\"@id\":\"https:\/\/lacrosse.ca\/fr\/crosse-sixes\/\",\"url\":\"https:\/\/lacrosse.ca\/fr\/crosse-sixes\/\",\"name\":\"Crosse Sixes - Lacrosse Canada\",\"isPartOf\":{\"@id\":\"https:\/\/lacrosse.ca\/fr\/#website\"},\"datePublished\":\"2025-03-21T17:25:28+00:00\",\"dateModified\":\"2025-10-21T14:16:48+00:00\",\"breadcrumb\":{\"@id\":\"https:\/\/lacrosse.ca\/fr\/crosse-sixes\/#breadcrumb\"},\"inLanguage\":\"fr-FR\",\"potentialAction\":[{\"@type\":\"ReadAction\",\"target\":[\"https:\/\/lacrosse.ca\/fr\/crosse-sixes\/\"]}]},{\"@type\":\"BreadcrumbList\",\"@id\":\"https:\/\/lacrosse.ca\/fr\/crosse-sixes\/#breadcrumb\",\"itemListElement\":[{\"@type\":\"ListItem\",\"position\":1,\"name\":\"Home\",\"item\":\"https:\/\/lacrosse.ca\/fr\/maison-2\/\"},{\"@type\":\"ListItem\",\"position\":2,\"name\":\"Crosse Sixes\"}]},{\"@type\":\"WebSite\",\"@id\":\"https:\/\/lacrosse.ca\/fr\/#website\",\"url\":\"https:\/\/lacrosse.ca\/fr\/\",\"name\":\"Lacrosse Canada\",\"description\":\"The World&#039;s Leading Lacrosse Program\",\"publisher\":{\"@id\":\"https:\/\/lacrosse.ca\/fr\/#organization\"},\"potentialAction\":[{\"@type\":\"SearchAction\",\"target\":{\"@type\":\"EntryPoint\",\"urlTemplate\":\"https:\/\/lacrosse.ca\/fr\/?s={search_term_string}\"},\"query-input\":{\"@type\":\"PropertyValueSpecification\",\"valueRequired\":true,\"valueName\":\"search_term_string\"}}],\"inLanguage\":\"fr-FR\"},{\"@type\":\"Organization\",\"@id\":\"https:\/\/lacrosse.ca\/fr\/#organization\",\"name\":\"Lacrosse Canada\",\"url\":\"https:\/\/lacrosse.ca\/fr\/\",\"logo\":{\"@type\":\"ImageObject\",\"inLanguage\":\"fr-FR\",\"@id\":\"https:\/\/lacrosse.ca\/fr\/#\/schema\/logo\/image\/\",\"url\":\"https:\/\/lacrosse.ca\/wp-content\/uploads\/2025\/01\/Lacrosse-Canada-Seal-Favicon.gif\",\"contentUrl\":\"https:\/\/lacrosse.ca\/wp-content\/uploads\/2025\/01\/Lacrosse-Canada-Seal-Favicon.gif\",\"width\":512,\"height\":512,\"caption\":\"Lacrosse Canada\"},\"image\":{\"@id\":\"https:\/\/lacrosse.ca\/fr\/#\/schema\/logo\/image\/\"}}]}<\/script>\n<!-- \/ Yoast SEO plugin. -->","yoast_head_json":{"title":"Crosse Sixes - Lacrosse Canada","robots":{"index":"index","follow":"follow","max-snippet":"max-snippet:-1","max-image-preview":"max-image-preview:large","max-video-preview":"max-video-preview:-1"},"canonical":"https:\/\/lacrosse.ca\/fr\/crosse-sixes\/","og_locale":"fr_FR","og_type":"article","og_title":"Crosse Sixes - Lacrosse Canada","og_description":"Crosse Canada PR\u00c9SENTATION DE LA CROSSE SIXES La crosse Sixes est une version rapide et dynamique de la crosse traditionnelle, mettant l\u2019accent sur la vitesse, les habilet\u00e9s et la prise de d\u00e9cision rapide. Elle a \u00e9t\u00e9 introduite comme une version plus compacte et excitante du jeu, avec moins de joueurs par \u00e9quipe et un terrain [&hellip;]","og_url":"https:\/\/lacrosse.ca\/fr\/crosse-sixes\/","og_site_name":"Lacrosse Canada","article_modified_time":"2025-10-21T14:16:48+00:00","twitter_card":"summary_large_image","twitter_misc":{"Est. reading time":"4 minutes"},"schema":{"@context":"https:\/\/schema.org","@graph":[{"@type":"WebPage","@id":"https:\/\/lacrosse.ca\/fr\/crosse-sixes\/","url":"https:\/\/lacrosse.ca\/fr\/crosse-sixes\/","name":"Crosse Sixes - Lacrosse Canada","isPartOf":{"@id":"https:\/\/lacrosse.ca\/fr\/#website"},"datePublished":"2025-03-21T17:25:28+00:00","dateModified":"2025-10-21T14:16:48+00:00","breadcrumb":{"@id":"https:\/\/lacrosse.ca\/fr\/crosse-sixes\/#breadcrumb"},"inLanguage":"fr-FR","potentialAction":[{"@type":"ReadAction","target":["https:\/\/lacrosse.ca\/fr\/crosse-sixes\/"]}]},{"@type":"BreadcrumbList","@id":"https:\/\/lacrosse.ca\/fr\/crosse-sixes\/#breadcrumb","itemListElement":[{"@type":"ListItem","position":1,"name":"Home","item":"https:\/\/lacrosse.ca\/fr\/maison-2\/"},{"@type":"ListItem","position":2,"name":"Crosse Sixes"}]},{"@type":"WebSite","@id":"https:\/\/lacrosse.ca\/fr\/#website","url":"https:\/\/lacrosse.ca\/fr\/","name":"Lacrosse Canada","description":"The World&#039;s Leading Lacrosse Program","publisher":{"@id":"https:\/\/lacrosse.ca\/fr\/#organization"},"potentialAction":[{"@type":"SearchAction","target":{"@type":"EntryPoint","urlTemplate":"https:\/\/lacrosse.ca\/fr\/?s={search_term_string}"},"query-input":{"@type":"PropertyValueSpecification","valueRequired":true,"valueName":"search_term_string"}}],"inLanguage":"fr-FR"},{"@type":"Organization","@id":"https:\/\/lacrosse.ca\/fr\/#organization","name":"Lacrosse Canada","url":"https:\/\/lacrosse.ca\/fr\/","logo":{"@type":"ImageObject","inLanguage":"fr-FR","@id":"https:\/\/lacrosse.ca\/fr\/#\/schema\/logo\/image\/","url":"https:\/\/lacrosse.ca\/wp-content\/uploads\/2025\/01\/Lacrosse-Canada-Seal-Favicon.gif","contentUrl":"https:\/\/lacrosse.ca\/wp-content\/uploads\/2025\/01\/Lacrosse-Canada-Seal-Favicon.gif","width":512,"height":512,"caption":"Lacrosse Canada"},"image":{"@id":"https:\/\/lacrosse.ca\/fr\/#\/schema\/logo\/image\/"}}]}},"_links":{"self":[{"href":"https:\/\/lacrosse.ca\/fr\/wp-json\/wp\/v2\/pages\/3745","targetHints":{"allow":["GET"]}}],"collection":[{"href":"https:\/\/lacrosse.ca\/fr\/wp-json\/wp\/v2\/pages"}],"about":[{"href":"https:\/\/lacrosse.ca\/fr\/wp-json\/wp\/v2\/types\/page"}],"author":[{"embeddable":true,"href":"https:\/\/lacrosse.ca\/fr\/wp-json\/wp\/v2\/users\/4"}],"replies":[{"embeddable":true,"href":"https:\/\/lacrosse.ca\/fr\/wp-json\/wp\/v2\/comments?post=3745"}],"version-history":[{"count":0,"href":"https:\/\/lacrosse.ca\/fr\/wp-json\/wp\/v2\/pages\/3745\/revisions"}],"wp:attachment":[{"href":"https:\/\/lacrosse.ca\/fr\/wp-json\/wp\/v2\/media?parent=3745"}],"curies":[{"name":"wp","href":"https:\/\/api.w.org\/{rel}","templated":true}]}}