{"id":3747,"date":"2025-03-31T20:38:28","date_gmt":"2025-03-31T20:38:28","guid":{"rendered":"https:\/\/lacrosse.ca\/sante-mentale\/"},"modified":"2025-10-21T14:35:17","modified_gmt":"2025-10-21T14:35:17","slug":"sante-mentale","status":"publish","type":"page","link":"https:\/\/lacrosse.ca\/fr\/sante-mentale\/","title":{"rendered":"Sant\u00e9 mentale"},"content":{"rendered":"\n<p>Nous sommes fiers de pr\u00e9senter notre Plan de sant\u00e9 mentale organisationnel, \u00e9labor\u00e9 en collaboration avec les expertes renomm\u00e9es Dr Pamela Weatherbee et Dr Carla Edwards. Ce plan complet vise \u00e0 prioriser le bien-\u00eatre mental de nos athl\u00e8tes, entra\u00eeneurs et membres du personnel, offrant une approche proactive du soutien en sant\u00e9 mentale. Dr Weatherbee et Dr Edwards ont con\u00e7u une strat\u00e9gie ax\u00e9e sur le d\u00e9veloppement de la r\u00e9silience, la r\u00e9duction de la stigmatisation et la cr\u00e9ation de ressources accessibles pour ceux qui en ont besoin. Gr\u00e2ce \u00e0 leur expertise, nous franchissons des \u00e9tapes importantes pour int\u00e9grer la sant\u00e9 mentale dans tous les aspects de la communaut\u00e9 de la crosse, offrant un environnement s\u00fbr, soutenant et compr\u00e9hensif pour tous. Cliquez ci-dessous pour consulter notre Plan de sant\u00e9 mentale.    <\/p>\n\n<p class=\"has-medium-font-size\"><a href=\"https:\/\/lacrosse.ca\/wp-content\/uploads\/2025\/03\/Lax-CAN-Mental-Health.pdf\" target=\"_blank\" rel=\"noreferrer noopener\">Plan de sant\u00e9 mentale organisationnel de Lacrosse Canada<\/a><\/p>\n\n<p><strong>\u00c0 propos des d\u00e9veloppeurs<\/strong><\/p>\n\n<p><strong>La Dre Pamela Weatherbee<\/strong> est une psychiatre tr\u00e8s respect\u00e9e, poss\u00e9dant une vaste exp\u00e9rience en sant\u00e9 mentale, notamment dans le domaine de la psychologie sportive. Son travail se concentre sur l\u2019aide aux athl\u00e8tes pour d\u00e9velopper leur r\u00e9silience mentale, g\u00e9rer la pression de la performance et ma\u00eetriser le stress de mani\u00e8re efficace. Gr\u00e2ce \u00e0 sa compr\u00e9hension approfondie des d\u00e9fis uniques auxquels font face les athl\u00e8tes, la Dre Weatherbee apporte une expertise pr\u00e9cieuse \u00e0 notre Plan de sant\u00e9 mentale, garantissant qu\u2019il r\u00e9pond aux besoins sp\u00e9cifiques des personnes impliqu\u00e9es dans la crosse.  <\/p>\n\n<p><strong>La Dre Carla Edwards<\/strong> est une psychiatre de premier plan, poss\u00e9dant une solide exp\u00e9rience dans le soutien aux athl\u00e8tes et aux \u00e9quipes de divers sports. Sp\u00e9cialis\u00e9e dans la sensibilisation \u00e0 la sant\u00e9 mentale, la gestion du stress et le bien-\u00eatre \u00e9motionnel, la Dre Edwards a consacr\u00e9 sa carri\u00e8re \u00e0 \u00e9liminer les obstacles \u00e0 l\u2019acc\u00e8s aux soins de sant\u00e9 mentale dans le sport. Ses contributions \u00e0 notre Plan de sant\u00e9 mentale organisationnel reposent sur sa passion pour la cr\u00e9ation d\u2019environnements positifs et soutenants o\u00f9 les athl\u00e8tes peuvent s\u2019\u00e9panouir mentalement et \u00e9motionnellement.  <\/p>\n\n<p><\/p>\n","protected":false},"excerpt":{"rendered":"<p>Nous sommes fiers de pr\u00e9senter notre Plan de sant\u00e9 mentale organisationnel, \u00e9labor\u00e9 en collaboration avec les expertes renomm\u00e9es Dr Pamela Weatherbee et Dr Carla Edwards. Ce plan complet vise \u00e0 prioriser le bien-\u00eatre mental de nos athl\u00e8tes, entra\u00eeneurs et membres du personnel, offrant une approche proactive du soutien en sant\u00e9 mentale. Dr Weatherbee et Dr [&hellip;]<\/p>\n","protected":false},"author":5,"featured_media":1248,"parent":0,"menu_order":0,"comment_status":"closed","ping_status":"closed","template":"","meta":{"_acf_changed":false,"_bbp_topic_count":0,"_bbp_reply_count":0,"_bbp_total_topic_count":0,"_bbp_total_reply_count":0,"_bbp_voice_count":0,"_bbp_anonymous_reply_count":0,"_bbp_topic_count_hidden":0,"_bbp_reply_count_hidden":0,"_bbp_forum_subforum_count":0,"footnotes":""},"class_list":["post-3747","page","type-page","status-publish","has-post-thumbnail","hentry"],"acf":[],"yoast_head":"<!-- This site is optimized with the Yoast SEO plugin v27.2 - https:\/\/yoast.com\/product\/yoast-seo-wordpress\/ -->\n<title>Sant\u00e9 mentale - Lacrosse Canada<\/title>\n<meta name=\"description\" content=\"D\u00e9couvrez l\u2019engagement de Lacrosse Canada envers la sant\u00e9 mentale des athl\u00e8tes gr\u00e2ce \u00e0 notre Plan de sant\u00e9 mentale organisationnel complet, \u00e9labor\u00e9 par la Dre Pamela Weatherbee et la Dre Carla Edwards.\" \/>\n<meta name=\"robots\" content=\"index, follow, max-snippet:-1, max-image-preview:large, max-video-preview:-1\" \/>\n<link rel=\"canonical\" href=\"https:\/\/lacrosse.ca\/fr\/sante-mentale\/\" \/>\n<meta property=\"og:locale\" content=\"fr_FR\" \/>\n<meta property=\"og:type\" content=\"article\" \/>\n<meta property=\"og:title\" content=\"Sant\u00e9 mentale - Lacrosse Canada\" \/>\n<meta property=\"og:description\" content=\"D\u00e9couvrez l\u2019engagement de Lacrosse Canada envers la sant\u00e9 mentale des athl\u00e8tes gr\u00e2ce \u00e0 notre Plan de sant\u00e9 mentale organisationnel complet, \u00e9labor\u00e9 par la Dre Pamela Weatherbee et la Dre Carla Edwards.\" \/>\n<meta property=\"og:url\" content=\"https:\/\/lacrosse.ca\/fr\/sante-mentale\/\" \/>\n<meta property=\"og:site_name\" content=\"Lacrosse Canada\" \/>\n<meta property=\"article:modified_time\" content=\"2025-10-21T14:35:17+00:00\" \/>\n<meta property=\"og:image\" content=\"https:\/\/lacrosse.ca\/wp-content\/uploads\/2025\/03\/womens-sixes-link1.webp\" \/>\n\t<meta property=\"og:image:width\" content=\"800\" \/>\n\t<meta property=\"og:image:height\" content=\"796\" \/>\n\t<meta property=\"og:image:type\" content=\"image\/webp\" \/>\n<meta name=\"twitter:card\" content=\"summary_large_image\" \/>\n<meta name=\"twitter:label1\" content=\"Est. reading time\" \/>\n\t<meta name=\"twitter:data1\" content=\"2 minutes\" \/>\n<script type=\"application\/ld+json\" class=\"yoast-schema-graph\">{\"@context\":\"https:\/\/schema.org\",\"@graph\":[{\"@type\":\"WebPage\",\"@id\":\"https:\/\/lacrosse.ca\/fr\/sante-mentale\/\",\"url\":\"https:\/\/lacrosse.ca\/fr\/sante-mentale\/\",\"name\":\"Sant\u00e9 mentale - Lacrosse Canada\",\"isPartOf\":{\"@id\":\"https:\/\/lacrosse.ca\/fr\/#website\"},\"primaryImageOfPage\":{\"@id\":\"https:\/\/lacrosse.ca\/fr\/sante-mentale\/#primaryimage\"},\"image\":{\"@id\":\"https:\/\/lacrosse.ca\/fr\/sante-mentale\/#primaryimage\"},\"thumbnailUrl\":\"https:\/\/lacrosse.ca\/wp-content\/uploads\/2025\/03\/womens-sixes-link1.webp\",\"datePublished\":\"2025-03-31T20:38:28+00:00\",\"dateModified\":\"2025-10-21T14:35:17+00:00\",\"description\":\"D\u00e9couvrez l\u2019engagement de Lacrosse Canada envers la sant\u00e9 mentale des athl\u00e8tes gr\u00e2ce \u00e0 notre Plan de sant\u00e9 mentale organisationnel complet, \u00e9labor\u00e9 par la Dre Pamela Weatherbee et la Dre Carla Edwards.\",\"breadcrumb\":{\"@id\":\"https:\/\/lacrosse.ca\/fr\/sante-mentale\/#breadcrumb\"},\"inLanguage\":\"fr-FR\",\"potentialAction\":[{\"@type\":\"ReadAction\",\"target\":[\"https:\/\/lacrosse.ca\/fr\/sante-mentale\/\"]}]},{\"@type\":\"ImageObject\",\"inLanguage\":\"fr-FR\",\"@id\":\"https:\/\/lacrosse.ca\/fr\/sante-mentale\/#primaryimage\",\"url\":\"https:\/\/lacrosse.ca\/wp-content\/uploads\/2025\/03\/womens-sixes-link1.webp\",\"contentUrl\":\"https:\/\/lacrosse.ca\/wp-content\/uploads\/2025\/03\/womens-sixes-link1.webp\",\"width\":800,\"height\":796},{\"@type\":\"BreadcrumbList\",\"@id\":\"https:\/\/lacrosse.ca\/fr\/sante-mentale\/#breadcrumb\",\"itemListElement\":[{\"@type\":\"ListItem\",\"position\":1,\"name\":\"Home\",\"item\":\"https:\/\/lacrosse.ca\/fr\/maison-2\/\"},{\"@type\":\"ListItem\",\"position\":2,\"name\":\"Sant\u00e9 mentale\"}]},{\"@type\":\"WebSite\",\"@id\":\"https:\/\/lacrosse.ca\/fr\/#website\",\"url\":\"https:\/\/lacrosse.ca\/fr\/\",\"name\":\"Lacrosse Canada\",\"description\":\"The World&#039;s Leading Lacrosse Program\",\"publisher\":{\"@id\":\"https:\/\/lacrosse.ca\/fr\/#organization\"},\"potentialAction\":[{\"@type\":\"SearchAction\",\"target\":{\"@type\":\"EntryPoint\",\"urlTemplate\":\"https:\/\/lacrosse.ca\/fr\/?s={search_term_string}\"},\"query-input\":{\"@type\":\"PropertyValueSpecification\",\"valueRequired\":true,\"valueName\":\"search_term_string\"}}],\"inLanguage\":\"fr-FR\"},{\"@type\":\"Organization\",\"@id\":\"https:\/\/lacrosse.ca\/fr\/#organization\",\"name\":\"Lacrosse Canada\",\"url\":\"https:\/\/lacrosse.ca\/fr\/\",\"logo\":{\"@type\":\"ImageObject\",\"inLanguage\":\"fr-FR\",\"@id\":\"https:\/\/lacrosse.ca\/fr\/#\/schema\/logo\/image\/\",\"url\":\"https:\/\/lacrosse.ca\/wp-content\/uploads\/2025\/01\/Lacrosse-Canada-Seal-Favicon.gif\",\"contentUrl\":\"https:\/\/lacrosse.ca\/wp-content\/uploads\/2025\/01\/Lacrosse-Canada-Seal-Favicon.gif\",\"width\":512,\"height\":512,\"caption\":\"Lacrosse Canada\"},\"image\":{\"@id\":\"https:\/\/lacrosse.ca\/fr\/#\/schema\/logo\/image\/\"}}]}<\/script>\n<!-- \/ Yoast SEO plugin. -->","yoast_head_json":{"title":"Sant\u00e9 mentale - Lacrosse Canada","description":"D\u00e9couvrez l\u2019engagement de Lacrosse Canada envers la sant\u00e9 mentale des athl\u00e8tes gr\u00e2ce \u00e0 notre Plan de sant\u00e9 mentale organisationnel complet, \u00e9labor\u00e9 par la Dre Pamela Weatherbee et la Dre Carla Edwards.","robots":{"index":"index","follow":"follow","max-snippet":"max-snippet:-1","max-image-preview":"max-image-preview:large","max-video-preview":"max-video-preview:-1"},"canonical":"https:\/\/lacrosse.ca\/fr\/sante-mentale\/","og_locale":"fr_FR","og_type":"article","og_title":"Sant\u00e9 mentale - Lacrosse Canada","og_description":"D\u00e9couvrez l\u2019engagement de Lacrosse Canada envers la sant\u00e9 mentale des athl\u00e8tes gr\u00e2ce \u00e0 notre Plan de sant\u00e9 mentale organisationnel complet, \u00e9labor\u00e9 par la Dre Pamela Weatherbee et la Dre Carla Edwards.","og_url":"https:\/\/lacrosse.ca\/fr\/sante-mentale\/","og_site_name":"Lacrosse Canada","article_modified_time":"2025-10-21T14:35:17+00:00","og_image":[{"width":800,"height":796,"url":"https:\/\/lacrosse.ca\/wp-content\/uploads\/2025\/03\/womens-sixes-link1.webp","type":"image\/webp"}],"twitter_card":"summary_large_image","twitter_misc":{"Est. reading time":"2 minutes"},"schema":{"@context":"https:\/\/schema.org","@graph":[{"@type":"WebPage","@id":"https:\/\/lacrosse.ca\/fr\/sante-mentale\/","url":"https:\/\/lacrosse.ca\/fr\/sante-mentale\/","name":"Sant\u00e9 mentale - Lacrosse Canada","isPartOf":{"@id":"https:\/\/lacrosse.ca\/fr\/#website"},"primaryImageOfPage":{"@id":"https:\/\/lacrosse.ca\/fr\/sante-mentale\/#primaryimage"},"image":{"@id":"https:\/\/lacrosse.ca\/fr\/sante-mentale\/#primaryimage"},"thumbnailUrl":"https:\/\/lacrosse.ca\/wp-content\/uploads\/2025\/03\/womens-sixes-link1.webp","datePublished":"2025-03-31T20:38:28+00:00","dateModified":"2025-10-21T14:35:17+00:00","description":"D\u00e9couvrez l\u2019engagement de Lacrosse Canada envers la sant\u00e9 mentale des athl\u00e8tes gr\u00e2ce \u00e0 notre Plan de sant\u00e9 mentale organisationnel complet, \u00e9labor\u00e9 par la Dre Pamela Weatherbee et la Dre Carla Edwards.","breadcrumb":{"@id":"https:\/\/lacrosse.ca\/fr\/sante-mentale\/#breadcrumb"},"inLanguage":"fr-FR","potentialAction":[{"@type":"ReadAction","target":["https:\/\/lacrosse.ca\/fr\/sante-mentale\/"]}]},{"@type":"ImageObject","inLanguage":"fr-FR","@id":"https:\/\/lacrosse.ca\/fr\/sante-mentale\/#primaryimage","url":"https:\/\/lacrosse.ca\/wp-content\/uploads\/2025\/03\/womens-sixes-link1.webp","contentUrl":"https:\/\/lacrosse.ca\/wp-content\/uploads\/2025\/03\/womens-sixes-link1.webp","width":800,"height":796},{"@type":"BreadcrumbList","@id":"https:\/\/lacrosse.ca\/fr\/sante-mentale\/#breadcrumb","itemListElement":[{"@type":"ListItem","position":1,"name":"Home","item":"https:\/\/lacrosse.ca\/fr\/maison-2\/"},{"@type":"ListItem","position":2,"name":"Sant\u00e9 mentale"}]},{"@type":"WebSite","@id":"https:\/\/lacrosse.ca\/fr\/#website","url":"https:\/\/lacrosse.ca\/fr\/","name":"Lacrosse Canada","description":"The World&#039;s Leading Lacrosse Program","publisher":{"@id":"https:\/\/lacrosse.ca\/fr\/#organization"},"potentialAction":[{"@type":"SearchAction","target":{"@type":"EntryPoint","urlTemplate":"https:\/\/lacrosse.ca\/fr\/?s={search_term_string}"},"query-input":{"@type":"PropertyValueSpecification","valueRequired":true,"valueName":"search_term_string"}}],"inLanguage":"fr-FR"},{"@type":"Organization","@id":"https:\/\/lacrosse.ca\/fr\/#organization","name":"Lacrosse Canada","url":"https:\/\/lacrosse.ca\/fr\/","logo":{"@type":"ImageObject","inLanguage":"fr-FR","@id":"https:\/\/lacrosse.ca\/fr\/#\/schema\/logo\/image\/","url":"https:\/\/lacrosse.ca\/wp-content\/uploads\/2025\/01\/Lacrosse-Canada-Seal-Favicon.gif","contentUrl":"https:\/\/lacrosse.ca\/wp-content\/uploads\/2025\/01\/Lacrosse-Canada-Seal-Favicon.gif","width":512,"height":512,"caption":"Lacrosse Canada"},"image":{"@id":"https:\/\/lacrosse.ca\/fr\/#\/schema\/logo\/image\/"}}]}},"_links":{"self":[{"href":"https:\/\/lacrosse.ca\/fr\/wp-json\/wp\/v2\/pages\/3747","targetHints":{"allow":["GET"]}}],"collection":[{"href":"https:\/\/lacrosse.ca\/fr\/wp-json\/wp\/v2\/pages"}],"about":[{"href":"https:\/\/lacrosse.ca\/fr\/wp-json\/wp\/v2\/types\/page"}],"author":[{"embeddable":true,"href":"https:\/\/lacrosse.ca\/fr\/wp-json\/wp\/v2\/users\/5"}],"replies":[{"embeddable":true,"href":"https:\/\/lacrosse.ca\/fr\/wp-json\/wp\/v2\/comments?post=3747"}],"version-history":[{"count":0,"href":"https:\/\/lacrosse.ca\/fr\/wp-json\/wp\/v2\/pages\/3747\/revisions"}],"wp:featuredmedia":[{"embeddable":true,"href":"https:\/\/lacrosse.ca\/fr\/wp-json\/wp\/v2\/media\/1248"}],"wp:attachment":[{"href":"https:\/\/lacrosse.ca\/fr\/wp-json\/wp\/v2\/media?parent=3747"}],"curies":[{"name":"wp","href":"https:\/\/api.w.org\/{rel}","templated":true}]}}