{"id":3891,"date":"2025-04-08T16:05:45","date_gmt":"2025-04-08T16:05:45","guid":{"rendered":"https:\/\/lacrosse.ca\/sites-web-des-championnats-nationaux\/"},"modified":"2025-12-09T15:44:50","modified_gmt":"2025-12-09T15:44:50","slug":"sites-web-des-championnats-nationaux","status":"publish","type":"page","link":"https:\/\/lacrosse.ca\/fr\/sites-web-des-championnats-nationaux\/","title":{"rendered":"Sites web des championnats nationaux"},"content":{"rendered":"\n<p>Bienvenue sur la page des sites web des championnats nationaux de Lacrosse Canada.<\/p>\n\n<p>Vous trouverez ci-dessous des liens vers les sites web de tous nos championnats nationaux. Cliquez sur le nom de l\u2019\u00e9v\u00e9nement pour acc\u00e9der directement \u00e0 son site. <\/p>\n\n<p class=\"has-medium-font-size\"><strong><a href=\"https:\/\/boxnationals.lacrosse.ca\" target=\"_blank\" rel=\"noreferrer noopener\">Championnats nationaux mineurs de crosse en enclos et de crosse ext\u00e9rieure<\/a><\/strong><\/p>\n\n<p class=\"has-medium-font-size\"><strong><a href=\"https:\/\/boxnationals.lacrosse.ca\" target=\"_blank\" rel=\"noreferrer noopener\">Coupe Jenny Kyle<\/a><\/strong><\/p>\n\n<p class=\"has-medium-font-size\"><strong><a href=\"https:\/\/www.themintocup.com\" target=\"_blank\" rel=\"noreferrer noopener\">Coupe Minto<\/a><\/strong><\/p>\n\n<p class=\"has-medium-font-size\"><strong><a href=\"https:\/\/founderscup.lacrosse.ca\" target=\"_blank\" rel=\"noreferrer noopener\">Coupe des fondateurs<\/a><\/strong><\/p>\n\n<p class=\"has-medium-font-size\"><strong><a href=\"https:\/\/presidentscup.lacrosse.ca\" target=\"_blank\" rel=\"noreferrer noopener\">Coupe des Pr\u00e9sidents<\/a><\/strong><\/p>\n\n<p class=\"has-medium-font-size\"><strong><a href=\"https:\/\/www.majorserieslacrosse.ca\/2024-mann-cup\" target=\"_blank\" rel=\"noreferrer noopener\">Mann Cup<\/a><\/strong><\/p>\n\n<p><\/p>\n","protected":false},"excerpt":{"rendered":"<p>Bienvenue sur la page des sites web des championnats nationaux de Lacrosse Canada. Vous trouverez ci-dessous des liens vers les sites web de tous nos championnats nationaux. Cliquez sur le nom de l\u2019\u00e9v\u00e9nement pour acc\u00e9der directement \u00e0 son site. Championnats nationaux mineurs de crosse en enclos et de crosse ext\u00e9rieure Coupe Jenny Kyle Coupe Minto [&hellip;]<\/p>\n","protected":false},"author":5,"featured_media":1812,"parent":0,"menu_order":0,"comment_status":"closed","ping_status":"closed","template":"","meta":{"_acf_changed":false,"_bbp_topic_count":0,"_bbp_reply_count":0,"_bbp_total_topic_count":0,"_bbp_total_reply_count":0,"_bbp_voice_count":0,"_bbp_anonymous_reply_count":0,"_bbp_topic_count_hidden":0,"_bbp_reply_count_hidden":0,"_bbp_forum_subforum_count":0,"footnotes":""},"class_list":["post-3891","page","type-page","status-publish","has-post-thumbnail","hentry"],"acf":[],"yoast_head":"<!-- This site is optimized with the Yoast SEO plugin v27.2 - https:\/\/yoast.com\/product\/yoast-seo-wordpress\/ -->\n<title>Sites web des championnats nationaux - Lacrosse Canada<\/title>\n<meta name=\"description\" content=\"D\u00e9couvrez tous les liens et ressources essentiels li\u00e9s aux championnats nationaux de Lacrosse Canada, r\u00e9unis en un seul endroit pratique. Des horaires de tournois aux d\u00e9tails des \u00e9v\u00e9nements, en passant par les alignements d\u2019\u00e9quipes et les mises \u00e0 jour en direct, cette page vous offre tout ce dont vous avez besoin pour rester inform\u00e9. Que vous soyez joueur, entra\u00eeneur ou partisan, acc\u00e9dez facilement aux informations importantes et demeurez connect\u00e9 tout au long du championnat. Pr\u00e9parez-vous \u00e0 vivre l\u2019exp\u00e9rience ultime de la crosse et suivez l\u2019action en toute simplicit\u00e9! Visitez d\u00e8s aujourd\u2019hui le Centre des championnats nationaux pour un acc\u00e8s rapide \u00e0 tous les d\u00e9tails et mises \u00e0 jour essentiels.\" \/>\n<meta name=\"robots\" content=\"index, follow, max-snippet:-1, max-image-preview:large, max-video-preview:-1\" \/>\n<link rel=\"canonical\" href=\"https:\/\/lacrosse.ca\/fr\/sites-web-des-championnats-nationaux\/\" \/>\n<meta property=\"og:locale\" content=\"fr_FR\" \/>\n<meta property=\"og:type\" content=\"article\" \/>\n<meta property=\"og:title\" content=\"Sites web des championnats nationaux - Lacrosse Canada\" \/>\n<meta property=\"og:description\" content=\"D\u00e9couvrez tous les liens et ressources essentiels li\u00e9s aux championnats nationaux de Lacrosse Canada, r\u00e9unis en un seul endroit pratique. Des horaires de tournois aux d\u00e9tails des \u00e9v\u00e9nements, en passant par les alignements d\u2019\u00e9quipes et les mises \u00e0 jour en direct, cette page vous offre tout ce dont vous avez besoin pour rester inform\u00e9. Que vous soyez joueur, entra\u00eeneur ou partisan, acc\u00e9dez facilement aux informations importantes et demeurez connect\u00e9 tout au long du championnat. Pr\u00e9parez-vous \u00e0 vivre l\u2019exp\u00e9rience ultime de la crosse et suivez l\u2019action en toute simplicit\u00e9! Visitez d\u00e8s aujourd\u2019hui le Centre des championnats nationaux pour un acc\u00e8s rapide \u00e0 tous les d\u00e9tails et mises \u00e0 jour essentiels.\" \/>\n<meta property=\"og:url\" content=\"https:\/\/lacrosse.ca\/fr\/sites-web-des-championnats-nationaux\/\" \/>\n<meta property=\"og:site_name\" content=\"Lacrosse Canada\" \/>\n<meta property=\"article:modified_time\" content=\"2025-12-09T15:44:50+00:00\" \/>\n<meta property=\"og:image\" content=\"https:\/\/lacrosse.ca\/wp-content\/uploads\/2025\/03\/648086d68a8138f0d60a11ce_080822_VirginiaStranaghan002-scaled.jpg\" \/>\n\t<meta property=\"og:image:width\" content=\"2560\" \/>\n\t<meta property=\"og:image:height\" content=\"1707\" \/>\n\t<meta property=\"og:image:type\" content=\"image\/jpeg\" \/>\n<meta name=\"twitter:card\" content=\"summary_large_image\" \/>\n<script type=\"application\/ld+json\" class=\"yoast-schema-graph\">{\"@context\":\"https:\/\/schema.org\",\"@graph\":[{\"@type\":\"WebPage\",\"@id\":\"https:\/\/lacrosse.ca\/fr\/sites-web-des-championnats-nationaux\/\",\"url\":\"https:\/\/lacrosse.ca\/fr\/sites-web-des-championnats-nationaux\/\",\"name\":\"Sites web des championnats nationaux - Lacrosse Canada\",\"isPartOf\":{\"@id\":\"https:\/\/lacrosse.ca\/fr\/#website\"},\"primaryImageOfPage\":{\"@id\":\"https:\/\/lacrosse.ca\/fr\/sites-web-des-championnats-nationaux\/#primaryimage\"},\"image\":{\"@id\":\"https:\/\/lacrosse.ca\/fr\/sites-web-des-championnats-nationaux\/#primaryimage\"},\"thumbnailUrl\":\"https:\/\/lacrosse.ca\/wp-content\/uploads\/2025\/03\/648086d68a8138f0d60a11ce_080822_VirginiaStranaghan002-scaled.jpg\",\"datePublished\":\"2025-04-08T16:05:45+00:00\",\"dateModified\":\"2025-12-09T15:44:50+00:00\",\"description\":\"D\u00e9couvrez tous les liens et ressources essentiels li\u00e9s aux championnats nationaux de Lacrosse Canada, r\u00e9unis en un seul endroit pratique. Des horaires de tournois aux d\u00e9tails des \u00e9v\u00e9nements, en passant par les alignements d\u2019\u00e9quipes et les mises \u00e0 jour en direct, cette page vous offre tout ce dont vous avez besoin pour rester inform\u00e9. Que vous soyez joueur, entra\u00eeneur ou partisan, acc\u00e9dez facilement aux informations importantes et demeurez connect\u00e9 tout au long du championnat. Pr\u00e9parez-vous \u00e0 vivre l\u2019exp\u00e9rience ultime de la crosse et suivez l\u2019action en toute simplicit\u00e9! Visitez d\u00e8s aujourd\u2019hui le Centre des championnats nationaux pour un acc\u00e8s rapide \u00e0 tous les d\u00e9tails et mises \u00e0 jour essentiels.\",\"breadcrumb\":{\"@id\":\"https:\/\/lacrosse.ca\/fr\/sites-web-des-championnats-nationaux\/#breadcrumb\"},\"inLanguage\":\"fr-FR\",\"potentialAction\":[{\"@type\":\"ReadAction\",\"target\":[\"https:\/\/lacrosse.ca\/fr\/sites-web-des-championnats-nationaux\/\"]}]},{\"@type\":\"ImageObject\",\"inLanguage\":\"fr-FR\",\"@id\":\"https:\/\/lacrosse.ca\/fr\/sites-web-des-championnats-nationaux\/#primaryimage\",\"url\":\"https:\/\/lacrosse.ca\/wp-content\/uploads\/2025\/03\/648086d68a8138f0d60a11ce_080822_VirginiaStranaghan002-scaled.jpg\",\"contentUrl\":\"https:\/\/lacrosse.ca\/wp-content\/uploads\/2025\/03\/648086d68a8138f0d60a11ce_080822_VirginiaStranaghan002-scaled.jpg\",\"width\":2560,\"height\":1707},{\"@type\":\"BreadcrumbList\",\"@id\":\"https:\/\/lacrosse.ca\/fr\/sites-web-des-championnats-nationaux\/#breadcrumb\",\"itemListElement\":[{\"@type\":\"ListItem\",\"position\":1,\"name\":\"Home\",\"item\":\"https:\/\/lacrosse.ca\/fr\/maison-2\/\"},{\"@type\":\"ListItem\",\"position\":2,\"name\":\"Sites web des championnats nationaux\"}]},{\"@type\":\"WebSite\",\"@id\":\"https:\/\/lacrosse.ca\/fr\/#website\",\"url\":\"https:\/\/lacrosse.ca\/fr\/\",\"name\":\"Lacrosse Canada\",\"description\":\"The World&#039;s Leading Lacrosse Program\",\"publisher\":{\"@id\":\"https:\/\/lacrosse.ca\/fr\/#organization\"},\"potentialAction\":[{\"@type\":\"SearchAction\",\"target\":{\"@type\":\"EntryPoint\",\"urlTemplate\":\"https:\/\/lacrosse.ca\/fr\/?s={search_term_string}\"},\"query-input\":{\"@type\":\"PropertyValueSpecification\",\"valueRequired\":true,\"valueName\":\"search_term_string\"}}],\"inLanguage\":\"fr-FR\"},{\"@type\":\"Organization\",\"@id\":\"https:\/\/lacrosse.ca\/fr\/#organization\",\"name\":\"Lacrosse Canada\",\"url\":\"https:\/\/lacrosse.ca\/fr\/\",\"logo\":{\"@type\":\"ImageObject\",\"inLanguage\":\"fr-FR\",\"@id\":\"https:\/\/lacrosse.ca\/fr\/#\/schema\/logo\/image\/\",\"url\":\"https:\/\/lacrosse.ca\/wp-content\/uploads\/2025\/01\/Lacrosse-Canada-Seal-Favicon.gif\",\"contentUrl\":\"https:\/\/lacrosse.ca\/wp-content\/uploads\/2025\/01\/Lacrosse-Canada-Seal-Favicon.gif\",\"width\":512,\"height\":512,\"caption\":\"Lacrosse Canada\"},\"image\":{\"@id\":\"https:\/\/lacrosse.ca\/fr\/#\/schema\/logo\/image\/\"}}]}<\/script>\n<!-- \/ Yoast SEO plugin. -->","yoast_head_json":{"title":"Sites web des championnats nationaux - Lacrosse Canada","description":"D\u00e9couvrez tous les liens et ressources essentiels li\u00e9s aux championnats nationaux de Lacrosse Canada, r\u00e9unis en un seul endroit pratique. Des horaires de tournois aux d\u00e9tails des \u00e9v\u00e9nements, en passant par les alignements d\u2019\u00e9quipes et les mises \u00e0 jour en direct, cette page vous offre tout ce dont vous avez besoin pour rester inform\u00e9. Que vous soyez joueur, entra\u00eeneur ou partisan, acc\u00e9dez facilement aux informations importantes et demeurez connect\u00e9 tout au long du championnat. Pr\u00e9parez-vous \u00e0 vivre l\u2019exp\u00e9rience ultime de la crosse et suivez l\u2019action en toute simplicit\u00e9! Visitez d\u00e8s aujourd\u2019hui le Centre des championnats nationaux pour un acc\u00e8s rapide \u00e0 tous les d\u00e9tails et mises \u00e0 jour essentiels.","robots":{"index":"index","follow":"follow","max-snippet":"max-snippet:-1","max-image-preview":"max-image-preview:large","max-video-preview":"max-video-preview:-1"},"canonical":"https:\/\/lacrosse.ca\/fr\/sites-web-des-championnats-nationaux\/","og_locale":"fr_FR","og_type":"article","og_title":"Sites web des championnats nationaux - Lacrosse Canada","og_description":"D\u00e9couvrez tous les liens et ressources essentiels li\u00e9s aux championnats nationaux de Lacrosse Canada, r\u00e9unis en un seul endroit pratique. Des horaires de tournois aux d\u00e9tails des \u00e9v\u00e9nements, en passant par les alignements d\u2019\u00e9quipes et les mises \u00e0 jour en direct, cette page vous offre tout ce dont vous avez besoin pour rester inform\u00e9. Que vous soyez joueur, entra\u00eeneur ou partisan, acc\u00e9dez facilement aux informations importantes et demeurez connect\u00e9 tout au long du championnat. Pr\u00e9parez-vous \u00e0 vivre l\u2019exp\u00e9rience ultime de la crosse et suivez l\u2019action en toute simplicit\u00e9! Visitez d\u00e8s aujourd\u2019hui le Centre des championnats nationaux pour un acc\u00e8s rapide \u00e0 tous les d\u00e9tails et mises \u00e0 jour essentiels.","og_url":"https:\/\/lacrosse.ca\/fr\/sites-web-des-championnats-nationaux\/","og_site_name":"Lacrosse Canada","article_modified_time":"2025-12-09T15:44:50+00:00","og_image":[{"width":2560,"height":1707,"url":"https:\/\/lacrosse.ca\/wp-content\/uploads\/2025\/03\/648086d68a8138f0d60a11ce_080822_VirginiaStranaghan002-scaled.jpg","type":"image\/jpeg"}],"twitter_card":"summary_large_image","schema":{"@context":"https:\/\/schema.org","@graph":[{"@type":"WebPage","@id":"https:\/\/lacrosse.ca\/fr\/sites-web-des-championnats-nationaux\/","url":"https:\/\/lacrosse.ca\/fr\/sites-web-des-championnats-nationaux\/","name":"Sites web des championnats nationaux - Lacrosse Canada","isPartOf":{"@id":"https:\/\/lacrosse.ca\/fr\/#website"},"primaryImageOfPage":{"@id":"https:\/\/lacrosse.ca\/fr\/sites-web-des-championnats-nationaux\/#primaryimage"},"image":{"@id":"https:\/\/lacrosse.ca\/fr\/sites-web-des-championnats-nationaux\/#primaryimage"},"thumbnailUrl":"https:\/\/lacrosse.ca\/wp-content\/uploads\/2025\/03\/648086d68a8138f0d60a11ce_080822_VirginiaStranaghan002-scaled.jpg","datePublished":"2025-04-08T16:05:45+00:00","dateModified":"2025-12-09T15:44:50+00:00","description":"D\u00e9couvrez tous les liens et ressources essentiels li\u00e9s aux championnats nationaux de Lacrosse Canada, r\u00e9unis en un seul endroit pratique. Des horaires de tournois aux d\u00e9tails des \u00e9v\u00e9nements, en passant par les alignements d\u2019\u00e9quipes et les mises \u00e0 jour en direct, cette page vous offre tout ce dont vous avez besoin pour rester inform\u00e9. Que vous soyez joueur, entra\u00eeneur ou partisan, acc\u00e9dez facilement aux informations importantes et demeurez connect\u00e9 tout au long du championnat. Pr\u00e9parez-vous \u00e0 vivre l\u2019exp\u00e9rience ultime de la crosse et suivez l\u2019action en toute simplicit\u00e9! Visitez d\u00e8s aujourd\u2019hui le Centre des championnats nationaux pour un acc\u00e8s rapide \u00e0 tous les d\u00e9tails et mises \u00e0 jour essentiels.","breadcrumb":{"@id":"https:\/\/lacrosse.ca\/fr\/sites-web-des-championnats-nationaux\/#breadcrumb"},"inLanguage":"fr-FR","potentialAction":[{"@type":"ReadAction","target":["https:\/\/lacrosse.ca\/fr\/sites-web-des-championnats-nationaux\/"]}]},{"@type":"ImageObject","inLanguage":"fr-FR","@id":"https:\/\/lacrosse.ca\/fr\/sites-web-des-championnats-nationaux\/#primaryimage","url":"https:\/\/lacrosse.ca\/wp-content\/uploads\/2025\/03\/648086d68a8138f0d60a11ce_080822_VirginiaStranaghan002-scaled.jpg","contentUrl":"https:\/\/lacrosse.ca\/wp-content\/uploads\/2025\/03\/648086d68a8138f0d60a11ce_080822_VirginiaStranaghan002-scaled.jpg","width":2560,"height":1707},{"@type":"BreadcrumbList","@id":"https:\/\/lacrosse.ca\/fr\/sites-web-des-championnats-nationaux\/#breadcrumb","itemListElement":[{"@type":"ListItem","position":1,"name":"Home","item":"https:\/\/lacrosse.ca\/fr\/maison-2\/"},{"@type":"ListItem","position":2,"name":"Sites web des championnats nationaux"}]},{"@type":"WebSite","@id":"https:\/\/lacrosse.ca\/fr\/#website","url":"https:\/\/lacrosse.ca\/fr\/","name":"Lacrosse Canada","description":"The World&#039;s Leading Lacrosse Program","publisher":{"@id":"https:\/\/lacrosse.ca\/fr\/#organization"},"potentialAction":[{"@type":"SearchAction","target":{"@type":"EntryPoint","urlTemplate":"https:\/\/lacrosse.ca\/fr\/?s={search_term_string}"},"query-input":{"@type":"PropertyValueSpecification","valueRequired":true,"valueName":"search_term_string"}}],"inLanguage":"fr-FR"},{"@type":"Organization","@id":"https:\/\/lacrosse.ca\/fr\/#organization","name":"Lacrosse Canada","url":"https:\/\/lacrosse.ca\/fr\/","logo":{"@type":"ImageObject","inLanguage":"fr-FR","@id":"https:\/\/lacrosse.ca\/fr\/#\/schema\/logo\/image\/","url":"https:\/\/lacrosse.ca\/wp-content\/uploads\/2025\/01\/Lacrosse-Canada-Seal-Favicon.gif","contentUrl":"https:\/\/lacrosse.ca\/wp-content\/uploads\/2025\/01\/Lacrosse-Canada-Seal-Favicon.gif","width":512,"height":512,"caption":"Lacrosse Canada"},"image":{"@id":"https:\/\/lacrosse.ca\/fr\/#\/schema\/logo\/image\/"}}]}},"_links":{"self":[{"href":"https:\/\/lacrosse.ca\/fr\/wp-json\/wp\/v2\/pages\/3891","targetHints":{"allow":["GET"]}}],"collection":[{"href":"https:\/\/lacrosse.ca\/fr\/wp-json\/wp\/v2\/pages"}],"about":[{"href":"https:\/\/lacrosse.ca\/fr\/wp-json\/wp\/v2\/types\/page"}],"author":[{"embeddable":true,"href":"https:\/\/lacrosse.ca\/fr\/wp-json\/wp\/v2\/users\/5"}],"replies":[{"embeddable":true,"href":"https:\/\/lacrosse.ca\/fr\/wp-json\/wp\/v2\/comments?post=3891"}],"version-history":[{"count":0,"href":"https:\/\/lacrosse.ca\/fr\/wp-json\/wp\/v2\/pages\/3891\/revisions"}],"wp:featuredmedia":[{"embeddable":true,"href":"https:\/\/lacrosse.ca\/fr\/wp-json\/wp\/v2\/media\/1812"}],"wp:attachment":[{"href":"https:\/\/lacrosse.ca\/fr\/wp-json\/wp\/v2\/media?parent=3891"}],"curies":[{"name":"wp","href":"https:\/\/api.w.org\/{rel}","templated":true}]}}